{"id":26,"date":"2013-11-21T19:00:33","date_gmt":"2013-11-21T19:00:33","guid":{"rendered":"http:\/\/sites.usp.br\/lgpd\/?page_id=26"},"modified":"2023-08-28T17:46:22","modified_gmt":"2023-08-28T20:46:22","slug":"contato","status":"publish","type":"page","link":"https:\/\/sites.usp.br\/lgpd\/contato\/","title":{"rendered":"Requerimento"},"content":{"rendered":"\n<div class=\"wpcf7 no-js\" id=\"wpcf7-f25-o1\" lang=\"pt-BR\" dir=\"ltr\" data-wpcf7-id=\"25\">\n<div class=\"screen-reader-response\"><p role=\"status\" aria-live=\"polite\" aria-atomic=\"true\"><\/p> <ul><\/ul><\/div>\n<form action=\"\/lgpd\/wp-json\/wp\/v2\/pages\/26#wpcf7-f25-o1\" method=\"post\" class=\"wpcf7-form init\" aria-label=\"Formul\u00e1rios de contato\" enctype=\"multipart\/form-data\" novalidate=\"novalidate\" data-status=\"init\">\n<fieldset class=\"hidden-fields-container\"><input type=\"hidden\" name=\"_wpcf7\" value=\"25\" \/><input type=\"hidden\" name=\"_wpcf7_version\" value=\"6.1.5\" \/><input type=\"hidden\" name=\"_wpcf7_locale\" value=\"pt_BR\" \/><input type=\"hidden\" name=\"_wpcf7_unit_tag\" value=\"wpcf7-f25-o1\" \/><input type=\"hidden\" name=\"_wpcf7_container_post\" value=\"0\" \/><input type=\"hidden\" name=\"_wpcf7_posted_data_hash\" value=\"\" \/><input type=\"hidden\" name=\"_wpcf7_recaptcha_response\" value=\"\" \/>\n<\/fieldset>\n<p>Para solicitar informa\u00e7\u00f5es sobre o tratamento de seus dados pela USP, em conformidade com o Art. 18, da Lei n\u00ba 13.709\/2018, utilize este Registro de Solicita\u00e7\u00e3o.\n<\/p>\n<p><b>Envie sua mensagem:<\/b>\n<\/p>\n<p>Seu nome (obrigat\u00f3rio)\n<\/p>\n<p><span class=\"wpcf7-form-control-wrap\" data-name=\"your-name\"><input size=\"40\" maxlength=\"400\" class=\"wpcf7-form-control wpcf7-text wpcf7-validates-as-required\" aria-required=\"true\" aria-invalid=\"false\" value=\"\" type=\"text\" name=\"your-name\" \/><\/span>\n<\/p>\n<p>Seu e-mail (obrigatorio), de preferencia seu e-mail USP (se disponivel)\n<\/p>\n<p><span class=\"wpcf7-form-control-wrap\" data-name=\"your-email\"><input size=\"40\" maxlength=\"400\" class=\"wpcf7-form-control wpcf7-email wpcf7-validates-as-required wpcf7-text wpcf7-validates-as-email\" aria-required=\"true\" aria-invalid=\"false\" value=\"\" type=\"email\" name=\"your-email\" \/><\/span>\n<\/p>\n<p>Seu CPF (obrigat\u00f3rio)\n<\/p>\n<p><span class=\"wpcf7-form-control-wrap\" data-name=\"your-cpf\"><input size=\"40\" maxlength=\"400\" class=\"wpcf7-form-control wpcf7-text wpcf7-validates-as-required\" aria-required=\"true\" aria-invalid=\"false\" value=\"\" type=\"text\" name=\"your-cpf\" \/><\/span>\n<\/p>\n<p>N\u00famero USP (se disponivel)\n<\/p>\n<p><span class=\"wpcf7-form-control-wrap\" data-name=\"your-numerousp\"><input size=\"40\" maxlength=\"400\" class=\"wpcf7-form-control wpcf7-text\" aria-invalid=\"false\" value=\"\" type=\"text\" name=\"your-numerousp\" \/><\/span>\n<\/p>\n<p>Vinculo com a USP (obrigat\u00f3rio)\n<\/p>\n<p><span class=\"wpcf7-form-control-wrap\" data-name=\"menu-158\"><select class=\"wpcf7-form-control wpcf7-select wpcf7-validates-as-required\" aria-required=\"true\" aria-invalid=\"false\" name=\"menu-158\"><option value=\"\">&#8212;Escolha uma op\u00e7\u00e3o&#8212;<\/option><option value=\"Aluno\">Aluno<\/option><option value=\"Ex-aluno\">Ex-aluno<\/option><option value=\"Docente\">Docente<\/option><option value=\"Docente aposentado\">Docente aposentado<\/option><option value=\"Funcion\u00e1rio\">Funcion\u00e1rio<\/option><option value=\"Funcion\u00e1rio aposentado\">Funcion\u00e1rio aposentado<\/option><option value=\"Funcion\u00e1rio terceirizado\">Funcion\u00e1rio terceirizado<\/option><option value=\"Ex-funcion\u00e1rio\">Ex-funcion\u00e1rio<\/option><option value=\"P\u00fablico externo\">P\u00fablico externo<\/option><\/select><\/span>\n<\/p>\n<p>Unidade (obrigat\u00f3rio)\n<\/p>\n<p><span class=\"wpcf7-form-control-wrap\" data-name=\"menu-99\"><select class=\"wpcf7-form-control wpcf7-select wpcf7-validates-as-required\" aria-required=\"true\" aria-invalid=\"false\" multiple=\"multiple\" name=\"menu-99[]\"><option value=\"P\u00fablico Externo\">P\u00fablico Externo<\/option><option value=\"Centro de Biologia Marinha (CEBIMar)\">Centro de Biologia Marinha (CEBIMar)<\/option><option value=\"Centro de Energia Nuclear na Agricultura (CENA)\">Centro de Energia Nuclear na Agricultura (CENA)<\/option><option value=\"Escola de Artes, Ci\u00eancias e Humanidades (EACH)\">Escola de Artes, Ci\u00eancias e Humanidades (EACH)<\/option><option value=\"Escola de Comunica\u00e7\u00f5es e Artes (ECA)\">Escola de Comunica\u00e7\u00f5es e Artes (ECA)<\/option><option value=\"Escola de Educa\u00e7\u00e3o F\u00edsica e Esporte (EEFE)\">Escola de Educa\u00e7\u00e3o F\u00edsica e Esporte (EEFE)<\/option><option value=\"Escola de Educa\u00e7\u00e3o F\u00edsica e Esporte de Ribeir\u00e3o Preto (EEFERP)\">Escola de Educa\u00e7\u00e3o F\u00edsica e Esporte de Ribeir\u00e3o Preto (EEFERP)<\/option><option value=\"Escola de Enfermagem (EE)\">Escola de Enfermagem (EE)<\/option><option value=\"Escola de Enfermagem de Ribeir\u00e3o Preto (EERP)\">Escola de Enfermagem de Ribeir\u00e3o Preto (EERP)<\/option><option value=\"Escola de Engenharia de Lorena (EEL)\">Escola de Engenharia de Lorena (EEL)<\/option><option value=\"Escola de Engenharia de S\u00e3o Carlos (EESC)\">Escola de Engenharia de S\u00e3o Carlos (EESC)<\/option><option value=\"Escola Polit\u00e9cnica (EP\/Poli)\">Escola Polit\u00e9cnica (EP\/Poli)<\/option><option value=\"Escola Superior de Agricultura \u201cLuiz de Queiroz\u201d (ESALQ)\">Escola Superior de Agricultura \u201cLuiz de Queiroz\u201d (ESALQ)<\/option><option value=\"Faculdade de Arquitetura e Urbanismo (FAU)\">Faculdade de Arquitetura e Urbanismo (FAU)<\/option><option value=\"Faculdade de Ci\u00eancias Farmac\u00eauticas (FCF)\">Faculdade de Ci\u00eancias Farmac\u00eauticas (FCF)<\/option><option value=\"Faculdade de Ci\u00eancias Farmac\u00eauticas de Ribeir\u00e3o Preto (FCFRP)\">Faculdade de Ci\u00eancias Farmac\u00eauticas de Ribeir\u00e3o Preto (FCFRP)<\/option><option value=\"Faculdade de Direito (FD)\">Faculdade de Direito (FD)<\/option><option value=\"Faculdade de Direito de Ribeir\u00e3o Preto (FDRP)\">Faculdade de Direito de Ribeir\u00e3o Preto (FDRP)<\/option><option value=\"Faculdade de Economia, Administra\u00e7\u00e3o e Contabilidade (FEA)\">Faculdade de Economia, Administra\u00e7\u00e3o e Contabilidade (FEA)<\/option><option value=\"Faculdade de Economia, Administra\u00e7\u00e3o e Contabilidade de Ribeir\u00e3o Preto (FEARP)\">Faculdade de Economia, Administra\u00e7\u00e3o e Contabilidade de Ribeir\u00e3o Preto (FEARP)<\/option><option value=\"Faculdade de Educa\u00e7\u00e3o (FE)\">Faculdade de Educa\u00e7\u00e3o (FE)<\/option><option value=\"Faculdade de Filosofia, Ci\u00eancias e Letras de Ribeir\u00e3o Preto (FFCLRP)\">Faculdade de Filosofia, Ci\u00eancias e Letras de Ribeir\u00e3o Preto (FFCLRP)<\/option><option value=\"Faculdade de Filosofia, Letras e Ci\u00eancias Humanas (FFLCH)\">Faculdade de Filosofia, Letras e Ci\u00eancias Humanas (FFLCH)<\/option><option value=\"Faculdade de Medicina (FM)\">Faculdade de Medicina (FM)<\/option><option value=\"Faculdade de Medicina de Ribeir\u00e3o Preto (FMRP)\">Faculdade de Medicina de Ribeir\u00e3o Preto (FMRP)<\/option><option value=\"Faculdade de Medicina Veterin\u00e1ria e Zootecnia (FMVZ)\">Faculdade de Medicina Veterin\u00e1ria e Zootecnia (FMVZ)<\/option><option value=\"Faculdade de Odontologia (FO)\">Faculdade de Odontologia (FO)<\/option><option value=\"Faculdade de Odontologia de Bauru (FOB)\">Faculdade de Odontologia de Bauru (FOB)<\/option><option value=\"Faculdade de Odontologia de Ribeir\u00e3o Preto (FORP)\">Faculdade de Odontologia de Ribeir\u00e3o Preto (FORP)<\/option><option value=\"Faculdade de Sa\u00fade P\u00fablica (FSP)\">Faculdade de Sa\u00fade P\u00fablica (FSP)<\/option><option value=\"Faculdade de Zootecnia e Engenharia de Alimentos (FZEA)\">Faculdade de Zootecnia e Engenharia de Alimentos (FZEA)<\/option><option value=\"Hospital de Reabilita\u00e7\u00e3o de Anomalias Craniofaciais (HRAC\/Centrinho)\">Hospital de Reabilita\u00e7\u00e3o de Anomalias Craniofaciais (HRAC\/Centrinho)<\/option><option value=\"Hospital Universit\u00e1rio (HU)\">Hospital Universit\u00e1rio (HU)<\/option><option value=\"Instituto de Arquitetura e Urbanismo (IAU)\">Instituto de Arquitetura e Urbanismo (IAU)<\/option><option value=\"Instituto de Astronomia, Geof\u00edsica e Ci\u00eancias Atmosf\u00e9ricas (IAG)\">Instituto de Astronomia, Geof\u00edsica e Ci\u00eancias Atmosf\u00e9ricas (IAG)<\/option><option value=\"Instituto de Bioci\u00eancias (IB)\">Instituto de Bioci\u00eancias (IB)<\/option><option value=\"Instituto de Ci\u00eancias Biom\u00e9dicas (ICB)\">Instituto de Ci\u00eancias Biom\u00e9dicas (ICB)<\/option><option value=\"Instituto de Ci\u00eancias Matem\u00e1ticas e de Computa\u00e7\u00e3o (ICMC)\">Instituto de Ci\u00eancias Matem\u00e1ticas e de Computa\u00e7\u00e3o (ICMC)<\/option><option value=\"Instituto de Energia e Ambiente (IEE)\">Instituto de Energia e Ambiente (IEE)<\/option><option value=\"Instituto de Estudos Avan\u00e7ados (IEA)\">Instituto de Estudos Avan\u00e7ados (IEA)<\/option><option value=\"Instituto de Estudos Brasileiros (IEB)\">Instituto de Estudos Brasileiros (IEB)<\/option><option value=\"Instituto de F\u00edsica (IF)\">Instituto de F\u00edsica (IF)<\/option><option value=\"Instituto de F\u00edsica de S\u00e3o Carlos (IFSC)\">Instituto de F\u00edsica de S\u00e3o Carlos (IFSC)<\/option><option value=\"Instituto de Geoci\u00eancias (IGc)\">Instituto de Geoci\u00eancias (IGc)<\/option><option value=\"Instituto de Matem\u00e1tica e Estat\u00edstica (IME)\">Instituto de Matem\u00e1tica e Estat\u00edstica (IME)<\/option><option value=\"Instituto de Medicina Tropical de S\u00e3o Paulo (IMT)\">Instituto de Medicina Tropical de S\u00e3o Paulo (IMT)<\/option><option value=\"Instituto de Psicologia (IP)\">Instituto de Psicologia (IP)<\/option><option value=\"Instituto de Qu\u00edmica (IQ)\">Instituto de Qu\u00edmica (IQ)<\/option><option value=\"Instituto de Qu\u00edmica de S\u00e3o Carlos (IQSC)\">Instituto de Qu\u00edmica de S\u00e3o Carlos (IQSC)<\/option><option value=\"Instituto de Rela\u00e7\u00f5es Internacionais (IRI)\">Instituto de Rela\u00e7\u00f5es Internacionais (IRI)<\/option><option value=\"Instituto Oceanogr\u00e1fico (IO)\">Instituto Oceanogr\u00e1fico (IO)<\/option><option value=\"Museu de Arqueologia e Etnografia (MAE)\">Museu de Arqueologia e Etnografia (MAE)<\/option><option value=\"Museu de Arte Contempor\u00e2nea (MAC)\">Museu de Arte Contempor\u00e2nea (MAC)<\/option><option value=\"Museu de Zoologia (MZ)\">Museu de Zoologia (MZ)<\/option><option value=\"Museu Paulista (MP)\">Museu Paulista (MP)<\/option><option value=\"Prefeitura do Campus de Bauru (PUSP-B)\">Prefeitura do Campus de Bauru (PUSP-B)<\/option><option value=\"Prefeitura do Campus de Lorena (PUSP-L)\">Prefeitura do Campus de Lorena (PUSP-L)<\/option><option value=\"Prefeitura do Campus de Piracicaba (PUSP-LQ)\">Prefeitura do Campus de Piracicaba (PUSP-LQ)<\/option><option value=\"Prefeitura do Campus de Pirassununga (PUSP-FC)\">Prefeitura do Campus de Pirassununga (PUSP-FC)<\/option><option value=\"Prefeitura do Campus de Ribeir\u00e3o Preto (PUSP-RP)\">Prefeitura do Campus de Ribeir\u00e3o Preto (PUSP-RP)<\/option><option value=\"Prefeitura do Campus de S\u00e3o Carlos (PUSP-SC)\">Prefeitura do Campus de S\u00e3o Carlos (PUSP-SC)<\/option><option value=\"Prefeitura do Campus de S\u00e3o Paulo \u2013 Capital (PUSP-C)\">Prefeitura do Campus de S\u00e3o Paulo \u2013 Capital (PUSP-C)<\/option><option value=\"Pr\u00f3-Reitoria de Cultura e Extens\u00e3o Universit\u00e1ria (PRCEU)\">Pr\u00f3-Reitoria de Cultura e Extens\u00e3o Universit\u00e1ria (PRCEU)<\/option><option value=\"Pr\u00f3-Reitoria de Gradua\u00e7\u00e3o (PRG)\">Pr\u00f3-Reitoria de Gradua\u00e7\u00e3o (PRG)<\/option><option value=\"Pr\u00f3-Reitoria de Inclus\u00e3o e Pertencimento (PRIP)\">Pr\u00f3-Reitoria de Inclus\u00e3o e Pertencimento (PRIP)<\/option><option value=\"Pr\u00f3-Reitoria de Pesquisa (PRP)\">Pr\u00f3-Reitoria de Pesquisa (PRP)<\/option><option value=\"Pr\u00f3-Reitoria de P\u00f3s-Gradua\u00e7\u00e3o (PRPG)\">Pr\u00f3-Reitoria de P\u00f3s-Gradua\u00e7\u00e3o (PRPG)<\/option><option value=\"Superintend\u00eancia de Comunica\u00e7\u00e3o Social (SCS)\">Superintend\u00eancia de Comunica\u00e7\u00e3o Social (SCS)<\/option><option value=\"Superintend\u00eancia do Espa\u00e7o F\u00edsico (SEF)\">Superintend\u00eancia do Espa\u00e7o F\u00edsico (SEF)<\/option><option value=\"Superintend\u00eancia de Gest\u00e3o Ambiental (SGA)\">Superintend\u00eancia de Gest\u00e3o Ambiental (SGA)<\/option><option value=\"Superintend\u00eancia Jur\u00eddica (SJUR)\">Superintend\u00eancia Jur\u00eddica (SJUR)<\/option><option value=\"Superintend\u00eancia de Preven\u00e7\u00e3o e Prote\u00e7\u00e3o Universit\u00e1ria (SPPU)\">Superintend\u00eancia de Preven\u00e7\u00e3o e Prote\u00e7\u00e3o Universit\u00e1ria (SPPU)<\/option><option value=\"Superintend\u00eancia de Rela\u00e7\u00f5es Institucionais\">Superintend\u00eancia de Rela\u00e7\u00f5es Institucionais<\/option><option value=\"Superintend\u00eancia de Sa\u00fade (SAU)\">Superintend\u00eancia de Sa\u00fade (SAU)<\/option><option value=\"Superintend\u00eancia de Tecnologia da Informa\u00e7\u00e3o (STI)\">Superintend\u00eancia de Tecnologia da Informa\u00e7\u00e3o (STI)<\/option><\/select><\/span>\n<\/p>\n<p>Assunto (obrigat\u00f3rio)\n<\/p>\n<p><span class=\"wpcf7-form-control-wrap\" data-name=\"menu-168\"><select class=\"wpcf7-form-control wpcf7-select wpcf7-validates-as-required\" aria-required=\"true\" aria-invalid=\"false\" name=\"menu-168\"><option value=\"\">&#8212;Escolha uma op\u00e7\u00e3o&#8212;<\/option><option value=\"Confirma\u00e7\u00e3o de exist\u00eancia de dados pessoais\">Confirma\u00e7\u00e3o de exist\u00eancia de dados pessoais<\/option><option value=\"Acesso a meus dados pessoais\">Acesso a meus dados pessoais<\/option><option value=\"Corre\u00e7\u00e3o de dados incompletos, inexatos ou desatualizados\">Corre\u00e7\u00e3o de dados incompletos, inexatos ou desatualizados<\/option><option value=\"Anonimiza\u00e7\u00e3o, bloqueio ou elimina\u00e7\u00e3o de dados\">Anonimiza\u00e7\u00e3o, bloqueio ou elimina\u00e7\u00e3o de dados<\/option><option value=\"Portabilidade dos dados\">Portabilidade dos dados<\/option><option value=\"Elimina\u00e7\u00e3o dos dados pessoais\">Elimina\u00e7\u00e3o dos dados pessoais<\/option><option value=\"Informa\u00e7\u00f5es sobre compartilhamento de dados\">Informa\u00e7\u00f5es sobre compartilhamento de dados<\/option><option value=\"Revoga\u00e7\u00e3o de consentimento\">Revoga\u00e7\u00e3o de consentimento<\/option><\/select><\/span>\n<\/p>\n<p>Sua mensagem (obrigat\u00f3rio)\n<\/p>\n<p><span class=\"wpcf7-form-control-wrap\" data-name=\"your-message\"><textarea cols=\"40\" rows=\"10\" maxlength=\"2000\" class=\"wpcf7-form-control wpcf7-textarea wpcf7-validates-as-required\" aria-required=\"true\" aria-invalid=\"false\" name=\"your-message\"><\/textarea><\/span>\n<\/p>\n<p>C\u00f3pia do documento de identidade (se n\u00e3o for aluno USP e n\u00e3o tiver solicitado pelo e-mail USP)\n<\/p>\n<p><span class=\"wpcf7-form-control-wrap\" data-name=\"your-documentodeidentidade\"><input size=\"40\" class=\"wpcf7-form-control wpcf7-file\" accept=\"audio\/*,video\/*,image\/*\" aria-invalid=\"false\" type=\"file\" name=\"your-documentodeidentidade\" \/><\/span>\n<\/p>\n\n<p><input class=\"wpcf7-form-control wpcf7-submit has-spinner\" type=\"submit\" value=\"Enviar\" \/>\n<\/p><div class=\"wpcf7-response-output\" aria-hidden=\"true\"><\/div>\n<\/form>\n<\/div>\n\n","protected":false},"excerpt":{"rendered":"","protected":false},"author":1,"featured_media":0,"parent":0,"menu_order":0,"comment_status":"closed","ping_status":"closed","template":"","meta":{"footnotes":"","_links_to":"","_links_to_target":""},"class_list":["post-26","page","type-page","status-publish","hentry"],"_links":{"self":[{"href":"https:\/\/sites.usp.br\/lgpd\/wp-json\/wp\/v2\/pages\/26","targetHints":{"allow":["GET"]}}],"collection":[{"href":"https:\/\/sites.usp.br\/lgpd\/wp-json\/wp\/v2\/pages"}],"about":[{"href":"https:\/\/sites.usp.br\/lgpd\/wp-json\/wp\/v2\/types\/page"}],"author":[{"embeddable":true,"href":"https:\/\/sites.usp.br\/lgpd\/wp-json\/wp\/v2\/users\/1"}],"replies":[{"embeddable":true,"href":"https:\/\/sites.usp.br\/lgpd\/wp-json\/wp\/v2\/comments?post=26"}],"version-history":[{"count":4,"href":"https:\/\/sites.usp.br\/lgpd\/wp-json\/wp\/v2\/pages\/26\/revisions"}],"predecessor-version":[{"id":687,"href":"https:\/\/sites.usp.br\/lgpd\/wp-json\/wp\/v2\/pages\/26\/revisions\/687"}],"wp:attachment":[{"href":"https:\/\/sites.usp.br\/lgpd\/wp-json\/wp\/v2\/media?parent=26"}],"curies":[{"name":"wp","href":"https:\/\/api.w.org\/{rel}","templated":true}]}}