{"id":362,"date":"2023-01-09T20:46:11","date_gmt":"2023-01-09T23:46:11","guid":{"rendered":"https:\/\/sites.usp.br\/lgpd\/?page_id=362"},"modified":"2023-01-09T21:06:09","modified_gmt":"2023-01-10T00:06:09","slug":"guias","status":"publish","type":"page","link":"https:\/\/sites.usp.br\/lgpd\/guias\/","title":{"rendered":"Guias"},"content":{"rendered":"<div id=\"pl-362\"  class=\"panel-layout\" ><div id=\"pg-362-0\"  class=\"panel-grid panel-no-style\" ><div id=\"pgc-362-0-0\"  class=\"panel-grid-cell\" ><div id=\"panel-362-0-0-0\" class=\"so-panel widget widget_sow-editor panel-first-child panel-last-child\" data-index=\"0\" ><div\n\t\t\t\n\t\t\tclass=\"so-widget-sow-editor so-widget-sow-editor-base\"\n\t\t\t\n\t\t>\n<div class=\"siteorigin-widget-tinymce textwidget\">\n\t<p>Publica\u00e7\u00f5s da ANPD<br \/>\n<a href=\"https:\/\/www.gov.br\/anpd\/pt-br\/documentos-e-publicacoes\">https:\/\/www.gov.br\/anpd\/pt-br\/documentos-e-publicacoes<\/a><\/p>\n<p>Guia do Framework de Privacidade e Seguran\u00e7a da Informa\u00e7\u00e3o<br \/>\n<a href=\"https:\/\/www.gov.br\/governodigital\/pt-br\/seguranca-e-protecao-de-dados\/ppsi\/guia_framework_psi.pdf\">https:\/\/www.gov.br\/governodigital\/pt-br\/seguranca-e-protecao-de-dados\/ppsi\/guia_framework_psi.pdf<\/a><\/p>\n<\/div>\n<\/div><\/div><\/div><\/div><\/div>","protected":false},"excerpt":{"rendered":"<p>Publica\u00e7\u00f5s da ANPD https:\/\/www.gov.br\/anpd\/pt-br\/documentos-e-publicacoes Guia do Framework de Privacidade e Seguran\u00e7a da Informa\u00e7\u00e3o https:\/\/www.gov.br\/governodigital\/pt-br\/seguranca-e-protecao-de-dados\/ppsi\/guia_framework_psi.pdf<\/p>\n","protected":false},"author":79,"featured_media":0,"parent":0,"menu_order":0,"comment_status":"closed","ping_status":"closed","template":"","meta":{"footnotes":"","_links_to":"","_links_to_target":""},"class_list":["post-362","page","type-page","status-publish","hentry"],"_links":{"self":[{"href":"https:\/\/sites.usp.br\/lgpd\/wp-json\/wp\/v2\/pages\/362","targetHints":{"allow":["GET"]}}],"collection":[{"href":"https:\/\/sites.usp.br\/lgpd\/wp-json\/wp\/v2\/pages"}],"about":[{"href":"https:\/\/sites.usp.br\/lgpd\/wp-json\/wp\/v2\/types\/page"}],"author":[{"embeddable":true,"href":"https:\/\/sites.usp.br\/lgpd\/wp-json\/wp\/v2\/users\/79"}],"replies":[{"embeddable":true,"href":"https:\/\/sites.usp.br\/lgpd\/wp-json\/wp\/v2\/comments?post=362"}],"version-history":[{"count":3,"href":"https:\/\/sites.usp.br\/lgpd\/wp-json\/wp\/v2\/pages\/362\/revisions"}],"predecessor-version":[{"id":380,"href":"https:\/\/sites.usp.br\/lgpd\/wp-json\/wp\/v2\/pages\/362\/revisions\/380"}],"wp:attachment":[{"href":"https:\/\/sites.usp.br\/lgpd\/wp-json\/wp\/v2\/media?parent=362"}],"curies":[{"name":"wp","href":"https:\/\/api.w.org\/{rel}","templated":true}]}}