{"id":410,"date":"2023-01-10T20:43:28","date_gmt":"2023-01-10T23:43:28","guid":{"rendered":"https:\/\/sites.usp.br\/lgpd\/?page_id=410"},"modified":"2023-08-25T19:11:16","modified_gmt":"2023-08-25T22:11:16","slug":"escritorio","status":"publish","type":"page","link":"https:\/\/sites.usp.br\/lgpd\/escritorio\/","title":{"rendered":"Escrit\u00f3rio de Prote\u00e7\u00e3o de Dados e Informa\u00e7\u00f5es"},"content":{"rendered":"<div id=\"pl-410\"  class=\"panel-layout\" ><div id=\"pg-410-0\"  class=\"panel-grid panel-no-style\" ><div id=\"pgc-410-0-0\"  class=\"panel-grid-cell\" ><div id=\"panel-410-0-0-0\" class=\"so-panel widget widget_sow-editor panel-first-child panel-last-child\" data-index=\"0\" ><div\n\t\t\t\n\t\t\tclass=\"so-widget-sow-editor so-widget-sow-editor-base\"\n\t\t\t\n\t\t>\n<div class=\"siteorigin-widget-tinymce textwidget\">\n\t<p style=\"text-align: justify;\">Criado pela Portaria GR n.\u00b0 7.389, de 21 de novembro de 2022, o Escrit\u00f3rio de Prote\u00e7\u00e3o de Dados e Informa\u00e7\u00f5es (EPDI) \u00e9 um \u00f3rg\u00e3o vinculado ao Gabinete do Reitor que zela pelo cumprimento da LGPD do ponto de vista administrativo e d\u00e1 suporte operacional \u00e0 Universidade de S\u00e3o Paulo, enquanto Controladora, na atividade de tratamento de dados pessoais.<\/p>\n<p style=\"text-align: justify;\">As principais atribui\u00e7\u00f5es do EPDI consistem em:<\/p>\n<ul>\n<li style=\"text-align: justify;\">\u2022 atender os titulares de dados pessoais acerca do exerc\u00edcio do direito \u00e0 autodetermina\u00e7\u00e3o informativa, nos termos do art. 18 da LGPD;<\/li>\n<li style=\"text-align: justify;\">\u2022 cumprir e fazer cumprir a Pol\u00edtica de Prote\u00e7\u00e3o de Dados da Universidade de S\u00e3o Paulo;<\/li>\n<li style=\"text-align: justify;\">\u2022 supervisionar a observ\u00e2ncia rigorosa das medidas t\u00e9cnicas e de seguran\u00e7a na prote\u00e7\u00e3o de dados pessoais;<\/li>\n<li style=\"text-align: justify;\">\u2022 comunicar imediatamente ao Encarregado pelo Tratamento de Dados Pessoais acerca da suspeita ou efetiva ocorr\u00eancia de incidente de seguran\u00e7a de dados;<\/li>\n<li style=\"text-align: justify;\">\u2022 tomar medidas urgentes ou orientar na tomada de medidas de revers\u00e3o e de mitiga\u00e7\u00e3o dos efeitos decorrentes de incidente de seguran\u00e7a de dados;<\/li>\n<li style=\"text-align: justify;\">\u2022 preparar material de comunica\u00e7\u00e3o e promo\u00e7\u00e3o de capacita\u00e7\u00e3o e educa\u00e7\u00e3o continuada sobre a LGPD para as comunidades interna e externa \u00e0 Universidade de S\u00e3o Paulo.<\/li>\n<\/ul>\n<\/div>\n<\/div><\/div><\/div><\/div><\/div>","protected":false},"excerpt":{"rendered":"<p>Criado pela Portaria GR n.\u00b0 7.389, de 21 de novembro de 2022, o Escrit\u00f3rio de Prote\u00e7\u00e3o de Dados e Informa\u00e7\u00f5es (EPDI) \u00e9 um \u00f3rg\u00e3o vinculado ao Gabinete do Reitor que zela pelo cumprimento da LGPD do ponto de vista administrativo e d\u00e1 suporte operacional \u00e0 Universidade de S\u00e3o Paulo, enquanto Controladora, na atividade de tratamento<a href=\"https:\/\/sites.usp.br\/lgpd\/escritorio\/\">[&#8230;]<\/a><\/p>\n","protected":false},"author":79,"featured_media":0,"parent":0,"menu_order":0,"comment_status":"closed","ping_status":"closed","template":"","meta":{"footnotes":"","_links_to":"","_links_to_target":""},"class_list":["post-410","page","type-page","status-publish","hentry"],"_links":{"self":[{"href":"https:\/\/sites.usp.br\/lgpd\/wp-json\/wp\/v2\/pages\/410","targetHints":{"allow":["GET"]}}],"collection":[{"href":"https:\/\/sites.usp.br\/lgpd\/wp-json\/wp\/v2\/pages"}],"about":[{"href":"https:\/\/sites.usp.br\/lgpd\/wp-json\/wp\/v2\/types\/page"}],"author":[{"embeddable":true,"href":"https:\/\/sites.usp.br\/lgpd\/wp-json\/wp\/v2\/users\/79"}],"replies":[{"embeddable":true,"href":"https:\/\/sites.usp.br\/lgpd\/wp-json\/wp\/v2\/comments?post=410"}],"version-history":[{"count":4,"href":"https:\/\/sites.usp.br\/lgpd\/wp-json\/wp\/v2\/pages\/410\/revisions"}],"predecessor-version":[{"id":528,"href":"https:\/\/sites.usp.br\/lgpd\/wp-json\/wp\/v2\/pages\/410\/revisions\/528"}],"wp:attachment":[{"href":"https:\/\/sites.usp.br\/lgpd\/wp-json\/wp\/v2\/media?parent=410"}],"curies":[{"name":"wp","href":"https:\/\/api.w.org\/{rel}","templated":true}]}}