{"id":513,"date":"2023-08-25T18:55:04","date_gmt":"2023-08-25T21:55:04","guid":{"rendered":"https:\/\/sites.usp.br\/lgpd\/?page_id=513"},"modified":"2023-08-28T17:16:00","modified_gmt":"2023-08-28T20:16:00","slug":"localizacao","status":"publish","type":"page","link":"https:\/\/sites.usp.br\/lgpd\/localizacao\/","title":{"rendered":"Localiza\u00e7\u00e3o"},"content":{"rendered":"<div id=\"pl-513\"  class=\"panel-layout\" ><div id=\"pg-513-0\"  class=\"panel-grid panel-no-style\" ><div id=\"pgc-513-0-0\"  class=\"panel-grid-cell\" ><div id=\"panel-513-0-0-0\" class=\"so-panel widget widget_sow-editor panel-first-child panel-last-child\" data-index=\"0\" ><div\n\t\t\t\n\t\t\tclass=\"so-widget-sow-editor so-widget-sow-editor-base\"\n\t\t\t\n\t\t>\n<div class=\"siteorigin-widget-tinymce textwidget\">\n\t<p>&nbsp;<\/p>\n<table style=\"width: 100%; border-collapse: collapse;\" border=\"1\">\n<tbody>\n<tr>\n<td style=\"width: 16.0227%; text-align: left; vertical-align: top;\"><strong>Endere\u00e7o<\/strong>:<\/td>\n<td style=\"width: 83.9773%;\">Av Prof Luciano Gualberto, travessa 3, n. 71<br \/>\n05508-010 - S\u00e3o Paulo - SP<br \/>\nBrasil<\/td>\n<\/tr>\n<tr>\n<td style=\"width: 16.0227%; text-align: left; vertical-align: top;\"><strong>Hor\u00e1rio de funcionamento:<\/strong><\/td>\n<td style=\"width: 83.9773%;\"><\/td>\n<\/tr>\n<tr>\n<td style=\"width: 16.0227%; text-align: left; vertical-align: top;\"><strong>e-mail<\/strong><\/td>\n<td style=\"width: 83.9773%;\"><\/td>\n<\/tr>\n<\/tbody>\n<\/table>\n<p>&nbsp;<\/p>\n<p>&nbsp;<\/p>\n<p>&nbsp;<\/p>\n<p>&nbsp;<\/p>\n<\/div>\n<\/div><\/div><\/div><\/div><\/div>","protected":false},"excerpt":{"rendered":"<p>&nbsp; Endere\u00e7o: Av Prof Luciano Gualberto, travessa 3, n. 71 05508-010 &#8211; S\u00e3o Paulo &#8211; SP Brasil Hor\u00e1rio de funcionamento: e-mail &nbsp; &nbsp; &nbsp; &nbsp;<\/p>\n","protected":false},"author":79,"featured_media":0,"parent":0,"menu_order":0,"comment_status":"closed","ping_status":"closed","template":"","meta":{"footnotes":"","_links_to":"","_links_to_target":""},"class_list":["post-513","page","type-page","status-publish","hentry"],"_links":{"self":[{"href":"https:\/\/sites.usp.br\/lgpd\/wp-json\/wp\/v2\/pages\/513","targetHints":{"allow":["GET"]}}],"collection":[{"href":"https:\/\/sites.usp.br\/lgpd\/wp-json\/wp\/v2\/pages"}],"about":[{"href":"https:\/\/sites.usp.br\/lgpd\/wp-json\/wp\/v2\/types\/page"}],"author":[{"embeddable":true,"href":"https:\/\/sites.usp.br\/lgpd\/wp-json\/wp\/v2\/users\/79"}],"replies":[{"embeddable":true,"href":"https:\/\/sites.usp.br\/lgpd\/wp-json\/wp\/v2\/comments?post=513"}],"version-history":[{"count":2,"href":"https:\/\/sites.usp.br\/lgpd\/wp-json\/wp\/v2\/pages\/513\/revisions"}],"predecessor-version":[{"id":679,"href":"https:\/\/sites.usp.br\/lgpd\/wp-json\/wp\/v2\/pages\/513\/revisions\/679"}],"wp:attachment":[{"href":"https:\/\/sites.usp.br\/lgpd\/wp-json\/wp\/v2\/media?parent=513"}],"curies":[{"name":"wp","href":"https:\/\/api.w.org\/{rel}","templated":true}]}}