{"id":523,"date":"2023-08-25T19:07:49","date_gmt":"2023-08-25T22:07:49","guid":{"rendered":"https:\/\/sites.usp.br\/lgpd\/?page_id=523"},"modified":"2023-09-11T15:42:14","modified_gmt":"2023-09-11T18:42:14","slug":"encarregado-contato","status":"publish","type":"page","link":"https:\/\/sites.usp.br\/lgpd\/encarregado-contato\/","title":{"rendered":"Contato"},"content":{"rendered":"<div id=\"pl-523\"  class=\"panel-layout\" ><div id=\"pg-523-0\"  class=\"panel-grid panel-no-style\" ><div id=\"pgc-523-0-0\"  class=\"panel-grid-cell\" ><div id=\"panel-523-0-0-0\" class=\"so-panel widget widget_sow-editor panel-first-child panel-last-child\" data-index=\"0\" ><div\n\t\t\t\n\t\t\tclass=\"so-widget-sow-editor so-widget-sow-editor-base\"\n\t\t\t\n\t\t>\n<div class=\"siteorigin-widget-tinymce textwidget\">\n\t<p style=\"text-align: justify;\">Para d\u00favidas, cr\u00edticas, sugest\u00f5es e contato da Autoridade Nacional de Prote\u00e7\u00e3o de Dados (ANPD):<br \/>\nencarregado.dados@usp.br<\/p>\n<p style=\"text-align: justify;\">Observa\u00e7\u00f5es:<br \/>\nO Escrit\u00f3rio de Prote\u00e7\u00e3o de Dados e Informa\u00e7\u00f5es fornece informa\u00e7\u00f5es requeridas exclusivamente pela pr\u00f3pria pessoa sobre seus dados pessoais, nos termos do art. 18 da LGPD. Se voc\u00ea deseja saber que dados a USP tem a seu respeito por fazer parte da comunidade USP, acesse nesta p\u00e1gina o item \u201cRequerimentos\u201d.<\/p>\n<p style=\"text-align: justify;\">Dados pessoais e n\u00e3o pessoais, relativos \u00e0 Universidade de S\u00e3o Paulo e suas atividades institucionais, de divulga\u00e7\u00e3o regulamentada pela Lei de Acesso \u00e0 Informa\u00e7\u00e3o, devem ser requeridos no Portal da Transpar\u00eancia da USP. (https:\/\/www5.usp.br\/transparencia)<\/p>\n<\/div>\n<\/div><\/div><\/div><\/div><\/div>","protected":false},"excerpt":{"rendered":"<p>Para d\u00favidas, cr\u00edticas, sugest\u00f5es e contato da Autoridade Nacional de Prote\u00e7\u00e3o de Dados (ANPD): encarregado.dados@usp.br Observa\u00e7\u00f5es: O Escrit\u00f3rio de Prote\u00e7\u00e3o de Dados e Informa\u00e7\u00f5es fornece informa\u00e7\u00f5es requeridas exclusivamente pela pr\u00f3pria pessoa sobre seus dados pessoais, nos termos do art. 18 da LGPD. Se voc\u00ea deseja saber que dados a USP tem a seu respeito por<a href=\"https:\/\/sites.usp.br\/lgpd\/encarregado-contato\/\">[&#8230;]<\/a><\/p>\n","protected":false},"author":79,"featured_media":0,"parent":0,"menu_order":0,"comment_status":"closed","ping_status":"closed","template":"","meta":{"footnotes":"","_links_to":"","_links_to_target":""},"class_list":["post-523","page","type-page","status-publish","hentry"],"_links":{"self":[{"href":"https:\/\/sites.usp.br\/lgpd\/wp-json\/wp\/v2\/pages\/523","targetHints":{"allow":["GET"]}}],"collection":[{"href":"https:\/\/sites.usp.br\/lgpd\/wp-json\/wp\/v2\/pages"}],"about":[{"href":"https:\/\/sites.usp.br\/lgpd\/wp-json\/wp\/v2\/types\/page"}],"author":[{"embeddable":true,"href":"https:\/\/sites.usp.br\/lgpd\/wp-json\/wp\/v2\/users\/79"}],"replies":[{"embeddable":true,"href":"https:\/\/sites.usp.br\/lgpd\/wp-json\/wp\/v2\/comments?post=523"}],"version-history":[{"count":2,"href":"https:\/\/sites.usp.br\/lgpd\/wp-json\/wp\/v2\/pages\/523\/revisions"}],"predecessor-version":[{"id":696,"href":"https:\/\/sites.usp.br\/lgpd\/wp-json\/wp\/v2\/pages\/523\/revisions\/696"}],"wp:attachment":[{"href":"https:\/\/sites.usp.br\/lgpd\/wp-json\/wp\/v2\/media?parent=523"}],"curies":[{"name":"wp","href":"https:\/\/api.w.org\/{rel}","templated":true}]}}