{"id":206,"date":"2020-11-10T15:47:27","date_gmt":"2020-11-10T17:47:27","guid":{"rendered":"https:\/\/sites.usp.br\/liath-rp\/?page_id=206"},"modified":"2021-05-07T10:44:31","modified_gmt":"2021-05-07T12:44:31","slug":"endereco","status":"publish","type":"page","link":"https:\/\/sites.usp.br\/liath-rp\/endereco\/","title":{"rendered":"Endere\u00e7o"},"content":{"rendered":"<h5 class=\"widget-title\" style=\"text-align: center;\"><a href=\"https:\/\/goo.gl\/maps\/M5VyEuwajKKdMuVX9\"><img loading=\"lazy\" decoding=\"async\" class=\"size-medium wp-image-177 aligncenter\" src=\"https:\/\/sites.usp.br\/liath-rp\/wp-content\/uploads\/sites\/798\/2020\/11\/departamento-300x169.jpeg\" alt=\"\" width=\"300\" height=\"169\" srcset=\"https:\/\/sites.usp.br\/liath-rp\/wp-content\/uploads\/sites\/798\/2020\/11\/departamento-300x169.jpeg 300w, https:\/\/sites.usp.br\/liath-rp\/wp-content\/uploads\/sites\/798\/2020\/11\/departamento-768x432.jpeg 768w, https:\/\/sites.usp.br\/liath-rp\/wp-content\/uploads\/sites\/798\/2020\/11\/departamento-310x174.jpeg 310w, https:\/\/sites.usp.br\/liath-rp\/wp-content\/uploads\/sites\/798\/2020\/11\/departamento-400x225.jpeg 400w, https:\/\/sites.usp.br\/liath-rp\/wp-content\/uploads\/sites\/798\/2020\/11\/departamento.jpeg 905w\" sizes=\"auto, (max-width: 300px) 100vw, 300px\" \/><span style=\"color: #003366;\">Clique para abrir a localiza\u00e7\u00e3o<\/span><\/a><\/h5>\n<div class=\"textwidget\">\n<p><strong>Departamento de Ci\u00eancias da Sa\u00fade<\/strong><br \/>\n<strong>Laborat\u00f3rio de Investiga\u00e7\u00e3o\u00a0 sobre a Atividade Humana e Cuidados Paliativos<\/strong><br \/>\nAv: Miguel Covian, 120 \u2013 Campus USP-RP<br \/>\nRibeir\u00e3o Preto- CEP 14049-900<\/p>\n<\/div>\n","protected":false},"excerpt":{"rendered":"<p>Clique para abrir a localiza\u00e7\u00e3o Departamento de Ci\u00eancias da Sa\u00fade Laborat\u00f3rio de Investiga\u00e7\u00e3o\u00a0 sobre a Atividade Humana e Cuidados Paliativos Av: Miguel Covian, 120 \u2013 Campus USP-RP Ribeir\u00e3o Preto- CEP 14049-900<\/p>\n","protected":false},"author":22167,"featured_media":0,"parent":0,"menu_order":0,"comment_status":"closed","ping_status":"closed","template":"","meta":{"footnotes":"","_links_to":"","_links_to_target":""},"class_list":["post-206","page","type-page","status-publish","hentry"],"_links":{"self":[{"href":"https:\/\/sites.usp.br\/liath-rp\/wp-json\/wp\/v2\/pages\/206","targetHints":{"allow":["GET"]}}],"collection":[{"href":"https:\/\/sites.usp.br\/liath-rp\/wp-json\/wp\/v2\/pages"}],"about":[{"href":"https:\/\/sites.usp.br\/liath-rp\/wp-json\/wp\/v2\/types\/page"}],"author":[{"embeddable":true,"href":"https:\/\/sites.usp.br\/liath-rp\/wp-json\/wp\/v2\/users\/22167"}],"replies":[{"embeddable":true,"href":"https:\/\/sites.usp.br\/liath-rp\/wp-json\/wp\/v2\/comments?post=206"}],"version-history":[{"count":4,"href":"https:\/\/sites.usp.br\/liath-rp\/wp-json\/wp\/v2\/pages\/206\/revisions"}],"predecessor-version":[{"id":466,"href":"https:\/\/sites.usp.br\/liath-rp\/wp-json\/wp\/v2\/pages\/206\/revisions\/466"}],"wp:attachment":[{"href":"https:\/\/sites.usp.br\/liath-rp\/wp-json\/wp\/v2\/media?parent=206"}],"curies":[{"name":"wp","href":"https:\/\/api.w.org\/{rel}","templated":true}]}}