{"id":264,"date":"2020-11-10T18:17:37","date_gmt":"2020-11-10T20:17:37","guid":{"rendered":"https:\/\/sites.usp.br\/liath-rp\/?page_id=264"},"modified":"2021-04-12T14:56:46","modified_gmt":"2021-04-12T16:56:46","slug":"concluidos","status":"publish","type":"page","link":"https:\/\/sites.usp.br\/liath-rp\/concluidos\/","title":{"rendered":"Conclu\u00eddos"},"content":{"rendered":"<h6>P\u00f3s-Gradua\u00e7\u00e3o Stricto-Sensu:<\/h6>\n<p><strong><span style=\"color: #003366;\">Mestrado:<\/span><\/strong><\/p>\n<ul>\n<li>Amanda Antunes Fagundes. A dimens\u00e3o espiritual e qualidade de vida relacionada \u00e0 sa\u00fade de pacientes com c\u00e2ncer colorretal avan\u00e7ado. Programa de Mestrado de Enfermagem em Sa\u00fade P\u00fablica da EERP-USP. 2021.<\/li>\n<\/ul>\n<ul>\n<li>Sabrina de Freitas Souza. O efeito do reiki no manejo dos sintomas de pessoas em cuidados paliativos oncol\u00f3gicos. Programa de Mestrado de Enfermagem em Sa\u00fade P\u00fablica da EERP-USP. 2021.<\/li>\n<\/ul>\n<ul>\n<li style=\"list-style-type: none;\"><\/li>\n<li>Milena Sanches Guadanhim. Cuidados paliativos e hist\u00f3rias de vida \u2013 a assist\u00eancia na perspectiva dos usu\u00e1rios. Mestrado em Enfermagem em Sa\u00fade P\u00fablica \u2013 EERP-USP. 2017.<\/li>\n<\/ul>\n<ul>\n<li>Nat\u00e1lia Cintra Faria. Processo de morte e morrer em diferentes contextos de sa\u00fade.\u00a0 Mestrado em Enfermagem em Sa\u00fade P\u00fablica \u2013 EERP-USP. 2017.<\/li>\n<\/ul>\n<ul>\n<li>Cristiane Aparecida Gomes. Qualidade de vida e uso de tecnologia de comunica\u00e7\u00e3o alternativa por portadores de c\u00e2ncer de cabe\u00e7a e pesco\u00e7o. Mestrado em Enfermagem em Sa\u00fade P\u00fablica \u2013 EERP-USP. 2016.<\/li>\n<\/ul>\n<ul>\n<li>Gabriela Rezende. Avalia\u00e7\u00e3o de sobrecarga em cuidadores de pacientes em cuidados paliativos. Mestrado em Enfermagem em Sa\u00fade P\u00fablica \u2013 EERP-USP. 2016.<\/li>\n<\/ul>\n<ul>\n<li>Renata Carvalho Cardoso. Qualidade de vida e fadiga de pacientes com c\u00e2ncer de pulm\u00e3o submetidos a tratamento quimioter\u00e1pico. Mestrado em Enfermagem em Sa\u00fade P\u00fablica \u2013 EERP-USP. 2013.<\/li>\n<\/ul>\n<ul>\n<li>Gisele Brides Prieto. Qualidade de vida de pacientes submetidos \u00e0 ressec\u00e7\u00e3o de tumores musculoesquel\u00e9ticos. Mestrado em Enfermagem em Sa\u00fade P\u00fablica \u2013 EERP-USP. 2012.<\/li>\n<\/ul>\n<ul>\n<li>Fernanda Ribeiro Correia. Tradu\u00e7\u00e3o, adapta\u00e7\u00e3o transcultural e valida\u00e7\u00e3o no brasil do instrumento Palliative Outcome Scale (POS). Mestrado em Enfermagem em Sa\u00fade P\u00fablica \u2013 EERP-USP. 2012.<\/li>\n<\/ul>\n<ul>\n<li>Marcela dos Reis Bigat\u00e3o. A capacidade funcional dos pacientes submetidos a neurocirurgia oncol\u00f3gica: meningiomas e gliomas de alto grau. Mestrado em Cl\u00ednica Cir\u00fargica \u2013 FMRP-USP. 2008.<\/li>\n<\/ul>\n<p><strong><span style=\"color: #003366;\">Doutorado:<\/span><\/strong><\/p>\n<ul>\n<li>Fernanda Capella Rugno. Valida\u00e7\u00e3o da vers\u00e3o adaptada para o Portugu\u00eas do Brasil da PALLIATIVE OUTCOME SCALE (POS). Tese de Doutorado em Enfermagem em Sa\u00fade P\u00fablica da Escola de Enfermagem de Ribeir\u00e3o Preto da Universidade de S\u00e3o Paulo, 138p. 2017.<\/li>\n<\/ul>\n<h6>P\u00f3s-gradua\u00e7\u00e3o Lato-sensu:<\/h6>\n<p><strong><span style=\"color: #003366;\">Resid\u00eancia Multiprofissional:<\/span><\/strong><\/p>\n<ul>\n<li>Let\u00edcia Fernandes de Andrade. Transplante de medula \u00f3ssea e seus reflexos aos cuidadores informais sob a perspectiva dos profissionais de sa\u00fade. Trabalho de Conclus\u00e3o de Resid\u00eancia. 2020.\u00a0\u00a0Orienta\u00e7\u00e3o: Prof\u00aa. Dr\u00aa. Marysia M.R. do Prado De Carlo.<\/li>\n<\/ul>\n<ul>\n<li>Lorena Wanzeler Fortuna. Interven\u00e7\u00f5es de suporte ao luto de familiares\u00a0 ap\u00f3s a morte do parente com c\u00e2ncer: Revis\u00e3o Integrativa Da Literatura. Trabalho de Conclus\u00e3o de Resid\u00eancia. 2020. Orienta\u00e7\u00e3o: Prof. Dr. Leonardo Martins Kebbe.<\/li>\n<\/ul>\n<ul>\n<li>Mariana Cristina Ferraz da Silva.\u00a0 Aplica\u00e7\u00e3o da Palliative Care Outcome Scale &#8211; Revis\u00e3o integrativa. Programa de Resid\u00eancia Multiprofissional de Aten\u00e7\u00e3o ao C\u00e2ncer \u2013 HCFMRP-USP. 2018.<\/li>\n<\/ul>\n<ul>\n<li>Talita Peripato. Avalia\u00e7\u00e3o da Qualidade de Vida e Fadiga em Portadores de C\u00e2ncer Colorretal Submetidos ao Tratamento Cir\u00fargico. Programa de Resid\u00eancia Multiprofissional de Aten\u00e7\u00e3o ao C\u00e2ncer \u2013 HCFMRP-USP. 2018.<\/li>\n<\/ul>\n<p><strong><span style=\"color: #003366;\">Aprimoramento\/Especializa\u00e7\u00e3o:<\/span><\/strong><\/p>\n<ul>\n<li>Jussara Pereira. Terapia ocupacional e cirurgia bari\u00e1trica &#8211; Revis\u00e3o integrativa de literatura. Programa de Aprimoramento Profissional de Terapia Ocupacional Hospitalar \u2013 HCFMRP-USP.2018.<\/li>\n<\/ul>\n<ul>\n<li>Let\u00edcia Fernandes de Andrade. Terapia ocupacional e Transplante de Medula \u00d3ssea &#8211; Revis\u00e3o Integrativa de Literatura. Programa de Aprimoramento Profissional de Terapia Ocupacional Hospitalar \u2013 HCFMRP-USP. 2018.<\/li>\n<\/ul>\n<ul>\n<li>Natasha Pompeu de Oliveira. Quimioterapia Paliativa nos Cuidados de Final de Vida &#8211; Revis\u00e3o Integrativa de Literatura.\u00a0 Programa de Aprimoramento Profissional de Terapia Ocupacional Hospitalar \u2013 HCFMRP-USP. 2015.<\/li>\n<\/ul>\n<ul>\n<li>Nat\u00e1lia Cintra Faria. Mulheres Com C\u00e2ncer De Mama Em Cuidados Paliativos. Programa de Aprimoramento Profissional de Terapia Ocupacional Hospitalar \u2013 HCFMRP-USP. 2014.<\/li>\n<\/ul>\n<ul>\n<li>Francine de Castro Alves Victal. Interna\u00e7\u00f5es de pacientes Oncol\u00f3gicos em Cuidados Paliativos da Unidade de Emerg\u00eancia do Hospital Das Cl\u00ednicas De Ribeir\u00e3o Preto (UE HCFMRP\/USP): Caracteriza\u00e7\u00e3o e Conceitua\u00e7\u00e3o. Programa de Aprimoramento Profissional de Terapia Ocupacional Hospitalar \u2013 HCFMRP-USP. 2010.<\/li>\n<\/ul>\n<ul>\n<li>Leticia Meda Vendrusculo. Caracteriza\u00e7\u00e3o da produ\u00e7\u00e3o bibliogr\u00e1fica em terapia ocupacional com atua\u00e7\u00e3o junto a pacientes oncol\u00f3gicos: Uma revis\u00e3o da literatura de 1999 a 2009. Programa de Aprimoramento Profissional de Terapia Ocupacional Hospitalar \u2013 HCFMRP-USP. 2010.<\/li>\n<\/ul>\n<ul>\n<li>Fernanda Ribeiro Correia. Adapta\u00e7\u00e3o Transcultural E Valida\u00e7\u00e3o No Brasil Do Instrumento Palliative Outcome Scale (POS). Programa de Aprimoramento Profissional de Terapia Ocupacional Hospitalar \u2013 HCFMRP-USP. 2009<\/li>\n<\/ul>\n<p><strong><span style=\"color: #003366;\">Inicia\u00e7\u00e3o Cient\u00edfica \/ TCC:<\/span><\/strong><\/p>\n<ul>\n<li>Adrielli Fernanda de Oliveira e Silva. A espiritualidade na forma\u00e7\u00e3o do terapeuta ocupacional para a pr\u00e1tica profissional em contextos hospitalares. Curso de Gradua\u00e7\u00e3o em Terapia Ocupacional da FMRP-USP. Bolsa: PUB\/USP. 2017.<\/li>\n<\/ul>\n<ul>\n<li>La\u00eds Bernardes Garcia. Percep\u00e7\u00f5es de terapeutas ocupacionais sobre o processo de morte e morrer em cuidados paliativos oncol\u00f3gicos. Curso de Gradua\u00e7\u00e3o em Terapia Ocupacional da FMRP-USP. Bolsa: PUB\/USP. 2017.<\/li>\n<\/ul>\n<ul>\n<li>Bianca Terassi. Qualidade de vida relacionada \u00e0 sa\u00fade de portadores de c\u00e2ncer pulmonar avan\u00e7ado em cuidados paliativos. Trabalho de Conclus\u00e3o de Curso Gradua\u00e7\u00e3o em Terapia Ocupacional &#8211; FMRP-USP, 2017.<\/li>\n<\/ul>\n<ul>\n<li>Talita Peripato. Qualidade De Vida Relacionada \u00c0 Sa\u00fade De Portadores De C\u00e2ncer Colorretal Submetidos A Quimioterapia Paliativa. Trabalho de Conclus\u00e3o de Curso Gradua\u00e7\u00e3o em Terapia Ocupacional &#8211; FMRP-USP, 2015.<\/li>\n<\/ul>\n<ul>\n<li>Mayara de Barros Camargo. Cuidadores Familiares De Idosos Em Cuidados Paliativos. Trabalho de Conclus\u00e3o de Curso Gradua\u00e7\u00e3o em Terapia Ocupacional &#8211; FMRP-USP, 2014.<\/li>\n<\/ul>\n<ul>\n<li>Tha\u00eds Balastreire Forghieri. A dimens\u00e3o da espiritualidade na forma\u00e7\u00e3o do terapeuta ocupacional. Inicia\u00e7\u00e3o Cient\u00edfica &#8211; Graduando em Terapia Ocupacional FMRP-USP, Bolsa CNPQ, 2015.<\/li>\n<\/ul>\n<ul>\n<li>Ana Claudia Raimundo Braga. O Adoecimento Por Esclerose M\u00faltipla E A Dimens\u00e3o Do Bem-Estar Sociofamiliar. Inicia\u00e7\u00e3o Cient\u00edfica &#8211; Graduando em Terapia Ocupacional FMRP-USP, Bolsa CNPQ, 2014.<\/li>\n<\/ul>\n<ul>\n<li>Thais Fernanda Oliveira. O uso da escala Palliative Outcome Scale (POS) com pacientes em Cuidados Paliativos. Inicia\u00e7\u00e3o Cient\u00edfica &#8211; Graduando em Terapia Ocupacional FMRP-USP, Bolsa PUB, 2013.<\/li>\n<\/ul>\n<ul>\n<li>Renata Carvalho Cardoso. Avalia\u00e7\u00e3o De Fadiga De Pacientes Com C\u00e2ncer Submetidos A Tratamento Quimioter\u00e1pico. Inicia\u00e7\u00e3o Cient\u00edfica &#8211; Graduando em Terapia Ocupacional FMRP-USP, Bolsa CNPQ, 2012.<\/li>\n<\/ul>\n<ul>\n<li>Nat\u00e1lia Cintra Faria. Qualidade De Vida De Mulheres P\u00f3s-C\u00e2ncer De Mama. Inicia\u00e7\u00e3o Cient\u00edfica &#8211; Graduando em Terapia Ocupacional FMRP-USP, 2012.<\/li>\n<\/ul>\n<ul>\n<li>Ludmila Gon\u00e7alves Perruci. Dor E Qualidade De Vida De Mulheres Com C\u00e2ncer De Mama \u2013 Contribui\u00e7\u00f5es Da Terapia Ocupacional. Inicia\u00e7\u00e3o Cient\u00edfica &#8211; Graduando em Terapia Ocupacional FMRP-USP, Bolsa FAPESP, 2012.<\/li>\n<\/ul>\n","protected":false},"excerpt":{"rendered":"<p>P\u00f3s-Gradua\u00e7\u00e3o Stricto-Sensu: Mestrado: Amanda Antunes Fagundes. A dimens\u00e3o espiritual e qualidade de vida relacionada \u00e0 sa\u00fade de pacientes com c\u00e2ncer colorretal avan\u00e7ado. Programa de Mestrado de Enfermagem em Sa\u00fade P\u00fablica da EERP-USP. 2021. Sabrina de Freitas Souza. O efeito do reiki no manejo dos sintomas de pessoas em cuidados paliativos oncol\u00f3gicos. Programa de Mestrado de [&hellip;]<\/p>\n","protected":false},"author":22167,"featured_media":0,"parent":0,"menu_order":0,"comment_status":"closed","ping_status":"closed","template":"","meta":{"footnotes":"","_links_to":"","_links_to_target":""},"class_list":["post-264","page","type-page","status-publish","hentry"],"_links":{"self":[{"href":"https:\/\/sites.usp.br\/liath-rp\/wp-json\/wp\/v2\/pages\/264","targetHints":{"allow":["GET"]}}],"collection":[{"href":"https:\/\/sites.usp.br\/liath-rp\/wp-json\/wp\/v2\/pages"}],"about":[{"href":"https:\/\/sites.usp.br\/liath-rp\/wp-json\/wp\/v2\/types\/page"}],"author":[{"embeddable":true,"href":"https:\/\/sites.usp.br\/liath-rp\/wp-json\/wp\/v2\/users\/22167"}],"replies":[{"embeddable":true,"href":"https:\/\/sites.usp.br\/liath-rp\/wp-json\/wp\/v2\/comments?post=264"}],"version-history":[{"count":4,"href":"https:\/\/sites.usp.br\/liath-rp\/wp-json\/wp\/v2\/pages\/264\/revisions"}],"predecessor-version":[{"id":455,"href":"https:\/\/sites.usp.br\/liath-rp\/wp-json\/wp\/v2\/pages\/264\/revisions\/455"}],"wp:attachment":[{"href":"https:\/\/sites.usp.br\/liath-rp\/wp-json\/wp\/v2\/media?parent=264"}],"curies":[{"name":"wp","href":"https:\/\/api.w.org\/{rel}","templated":true}]}}