{"id":265,"date":"2020-11-10T18:17:37","date_gmt":"2020-11-10T20:17:37","guid":{"rendered":"https:\/\/sites.usp.br\/liath-rp\/?page_id=265"},"modified":"2021-04-12T14:53:16","modified_gmt":"2021-04-12T16:53:16","slug":"em-andamento","status":"publish","type":"page","link":"https:\/\/sites.usp.br\/liath-rp\/em-andamento\/","title":{"rendered":"Em Andamento"},"content":{"rendered":"<h6>Mestrado<\/h6>\n<ul>\n<li>Bianca Terassi. Qualidade de vida relacionada \u00e0 sa\u00fade de pessoas com c\u00e2ncer de pulm\u00e3o avan\u00e7ado: um estudo qualitativo. Programa de Mestrado de Enfermagem em Sa\u00fade P\u00fablica da EERP-USP. 2018.<\/li>\n<\/ul>\n<ul>\n<li>Carine Xavier Malaquini. A associa\u00e7\u00e3o entre priva\u00e7\u00e3o ocupacional e a manifesta\u00e7\u00e3o do delirium em pacientes hospitalizados em Centros de Terapia Intensiva, no contexto do Sistema \u00danico de Sa\u00fade. Programa de Mestrado de Enfermagem em Sa\u00fade P\u00fablica da EERP-USP. 2021.<\/li>\n<\/ul>\n<ul>\n<li>Let\u00edcia Fernandes de Andrade. Cuidadores Informais de Transplantados de Medula \u00d3ssea \u2013 Um Estudo Qualitativo Sobre a Vida Ocupacional. Programa de Mestrado de Enfermagem em Sa\u00fade P\u00fablica da EERP-USP. 2021.<\/li>\n<\/ul>\n<ul>\n<li>Mariana Cristina Ferraz da Silva. C\u00e2ncer \u00f3sseo avan\u00e7ado: um estudo quantitativo acerca das demandas para a assist\u00eancia paliativa. Programa de Mestrado de Enfermagem em Sa\u00fade P\u00fablica da EERP-USP. 2020.<\/li>\n<\/ul>\n<h6>Doutorado<\/h6>\n<ul>\n<li>Cristiane Aparecida Gomes-Ferraz. O Conceito de Dor Total e sua Avalia\u00e7\u00e3o em Pessoas com C\u00e2ncer de Pulm\u00e3o Avan\u00e7ado. Programa de Doutorado de Enfermagem em Sa\u00fade P\u00fablica da EERP-USP. 2017.<\/li>\n<\/ul>\n<ul>\n<li>Gabriela Rezende. Cuidados paliativos e reabilita\u00e7\u00e3o ou reabilita\u00e7\u00e3o paliativa? Um estudo multic\u00eantrico com enfermeiros e terapeutas ocupacionais. Programa de Doutorado de Enfermagem em Sa\u00fade P\u00fablica da EERP-USP. 2017. Bolsa Capes Print.<\/li>\n<\/ul>\n<p>&nbsp;<\/p>\n<hr \/>\n<h6>Resid\u00eancia Multiprofissional de Aten\u00e7\u00e3o ao C\u00e2ncer:<\/h6>\n<ul>\n<li>La\u00eds Bernardes Garcia. A priva\u00e7\u00e3o ocupacional da pessoa com c\u00e2ncer: subs\u00eddios para a pr\u00e1tica do terapeuta ocupacional em contextos hospitalares.Trabalho de Conclus\u00e3o de Resid\u00eancia. 2019. Orienta\u00e7\u00e3o: Prof\u00aa. Dr\u00aa. Marysia M.R. do Prado De Carlo. Co-orienta\u00e7\u00e3o: Prof. Dr. Leonardo Martins Kebbe.<\/li>\n<\/ul>\n<ul>\n<li>Manoela Gianini Luiz. Espiritualidade e a Religiosidade na aten\u00e7\u00e3o oncol\u00f3gica e subs\u00eddios para a pr\u00e1tica do Terapeuta Ocupacional: Revis\u00e3o integrativa de literatura. Trabalho de Conclus\u00e3o de Resid\u00eancia. 2020.Orienta\u00e7\u00e3o: Prof. Dr. Leonardo Martins Kebbe.<\/li>\n<\/ul>\n<h6>Inicia\u00e7\u00e3o Cient\u00edfica:<\/h6>\n<ul>\n<li>Ana Clara Tomaz Ad\u00e3o. O Cotidiano e as Estrat\u00e9gias de Enfrentamento de Fam\u00edlias de Crian\u00e7as com C\u00e2ncer &#8211; Contribui\u00e7\u00f5es da Terapia Ocupacional. Trabalho de Conclus\u00e3o de Curso. \u00a0Aluna Terapia Ocupacional &#8211; 3\u00ba ano &#8211; Orienta\u00e7\u00e3o: Prof\u00aa. Dr\u00aa. Marysia M.R. do Prado De Carlo.<\/li>\n<\/ul>\n<ul>\n<li>Manuela Presotto Tano Araujo. O Projeto Terap\u00eautico Singular na forma\u00e7\u00e3o profissional do Terapeuta Ocupacional. Trabalho de Conclus\u00e3o de Curso. Aluna Terapia Ocupacional &#8211; 4\u00ba ano &#8211; Orienta\u00e7\u00e3o: Prof\u00aa. Dr\u00aa. Marysia M.R. do Prado De Carlo.<\/li>\n<\/ul>\n<ul>\n<li>Marina Barbeiro Mella. A Qualidade da Vida Ocupacional de Mulheres com Fibromialgia e as Contribui\u00e7\u00f5es da Terapia Ocupacional. Trabalho de Conclus\u00e3o de Curso. \u00a0Aluna Terapia Ocupacional &#8211; \u00a04\u00ba ano. Orienta\u00e7\u00e3o: Prof\u00aa. Dr\u00aa. Marysia M.R. do Prado De Carlo.<\/li>\n<\/ul>\n<p>&nbsp;<\/p>\n","protected":false},"excerpt":{"rendered":"<p>Mestrado Bianca Terassi. Qualidade de vida relacionada \u00e0 sa\u00fade de pessoas com c\u00e2ncer de pulm\u00e3o avan\u00e7ado: um estudo qualitativo. Programa de Mestrado de Enfermagem em Sa\u00fade P\u00fablica da EERP-USP. 2018. Carine Xavier Malaquini. A associa\u00e7\u00e3o entre priva\u00e7\u00e3o ocupacional e a manifesta\u00e7\u00e3o do delirium em pacientes hospitalizados em Centros de Terapia Intensiva, no contexto do Sistema [&hellip;]<\/p>\n","protected":false},"author":22167,"featured_media":0,"parent":0,"menu_order":0,"comment_status":"closed","ping_status":"closed","template":"","meta":{"footnotes":"","_links_to":"","_links_to_target":""},"class_list":["post-265","page","type-page","status-publish","hentry"],"_links":{"self":[{"href":"https:\/\/sites.usp.br\/liath-rp\/wp-json\/wp\/v2\/pages\/265","targetHints":{"allow":["GET"]}}],"collection":[{"href":"https:\/\/sites.usp.br\/liath-rp\/wp-json\/wp\/v2\/pages"}],"about":[{"href":"https:\/\/sites.usp.br\/liath-rp\/wp-json\/wp\/v2\/types\/page"}],"author":[{"embeddable":true,"href":"https:\/\/sites.usp.br\/liath-rp\/wp-json\/wp\/v2\/users\/22167"}],"replies":[{"embeddable":true,"href":"https:\/\/sites.usp.br\/liath-rp\/wp-json\/wp\/v2\/comments?post=265"}],"version-history":[{"count":4,"href":"https:\/\/sites.usp.br\/liath-rp\/wp-json\/wp\/v2\/pages\/265\/revisions"}],"predecessor-version":[{"id":454,"href":"https:\/\/sites.usp.br\/liath-rp\/wp-json\/wp\/v2\/pages\/265\/revisions\/454"}],"wp:attachment":[{"href":"https:\/\/sites.usp.br\/liath-rp\/wp-json\/wp\/v2\/media?parent=265"}],"curies":[{"name":"wp","href":"https:\/\/api.w.org\/{rel}","templated":true}]}}