{"id":62,"date":"2014-02-12T11:28:30","date_gmt":"2014-02-12T13:28:30","guid":{"rendered":"http:\/\/sites.usp.br\/liath-rp\/?page_id=62"},"modified":"2020-11-10T17:33:06","modified_gmt":"2020-11-10T19:33:06","slug":"linha-pesquisa","status":"publish","type":"page","link":"https:\/\/sites.usp.br\/liath-rp\/linha-pesquisa\/","title":{"rendered":"Linha de Pesquisa"},"content":{"rendered":"<h5>Programa de P\u00f3s Gradua\u00e7\u00e3o Enfermagem em Sa\u00fade P\u00fablica &#8211; EERP-USP<\/h5>\n<p><span style=\"color: #003366;\"><strong>Linha de Pesquisa: Processo sa\u00fade-doen\u00e7a e epidemiologia<\/strong><\/span><\/p>\n<p>Estuda e analisa o processo sa\u00fade-doen\u00e7a no contexto biol\u00f3gico, psicossocial, cultural e epidemiol\u00f3gico, bem como as estrat\u00e9gias das a\u00e7\u00f5es dos servi\u00e7os de sa\u00fade na promo\u00e7\u00e3o, controle e tratamento e reabilita\u00e7\u00e3o.<\/p>\n<p><strong>Projeto:<\/strong> \u201cPromo\u00e7\u00e3o de sa\u00fade e qualidade de vida em condi\u00e7\u00f5es cr\u00f4nico-degenerativas e Cuidados Paliativos e a aten\u00e7\u00e3o multiprofissional em contextos hospitalares\u201d.<\/p>\n<p><strong>Objetivos:<\/strong> Enfatiza os processos de adoecimento cr\u00f4nico e hospitaliza\u00e7\u00e3o, na perspectiva da promo\u00e7\u00e3o de sa\u00fade e qualidade de vida e Cuidados Paliativos, junto a diversas popula\u00e7\u00f5es (oncol\u00f3gicos e n\u00e3o-oncol\u00f3gicos).<\/p>\n<p><span style=\"color: #000000;\"><strong>Link de Acesso:<\/strong><\/span><\/p>\n<p><span style=\"color: #000080;\"><a style=\"color: #000080;\" href=\"http:\/\/www.eerp.usp.br\/ph-nursing-home\/\">PPG Enfermagem em Sa\u00fade P\u00fablica &#8211; EERP-USP<\/a><\/span><\/p>\n<p>&nbsp;<\/p>\n","protected":false},"excerpt":{"rendered":"<p>Programa de P\u00f3s Gradua\u00e7\u00e3o Enfermagem em Sa\u00fade P\u00fablica &#8211; EERP-USP Linha de Pesquisa: Processo sa\u00fade-doen\u00e7a e epidemiologia Estuda e analisa o processo sa\u00fade-doen\u00e7a no contexto biol\u00f3gico, psicossocial, cultural e epidemiol\u00f3gico, bem como as estrat\u00e9gias das a\u00e7\u00f5es dos servi\u00e7os de sa\u00fade na promo\u00e7\u00e3o, controle e tratamento e reabilita\u00e7\u00e3o. Projeto: \u201cPromo\u00e7\u00e3o de sa\u00fade e qualidade de vida [&hellip;]<\/p>\n","protected":false},"author":1,"featured_media":0,"parent":0,"menu_order":0,"comment_status":"closed","ping_status":"closed","template":"","meta":{"footnotes":"","_links_to":"","_links_to_target":""},"class_list":["post-62","page","type-page","status-publish","hentry"],"_links":{"self":[{"href":"https:\/\/sites.usp.br\/liath-rp\/wp-json\/wp\/v2\/pages\/62","targetHints":{"allow":["GET"]}}],"collection":[{"href":"https:\/\/sites.usp.br\/liath-rp\/wp-json\/wp\/v2\/pages"}],"about":[{"href":"https:\/\/sites.usp.br\/liath-rp\/wp-json\/wp\/v2\/types\/page"}],"author":[{"embeddable":true,"href":"https:\/\/sites.usp.br\/liath-rp\/wp-json\/wp\/v2\/users\/1"}],"replies":[{"embeddable":true,"href":"https:\/\/sites.usp.br\/liath-rp\/wp-json\/wp\/v2\/comments?post=62"}],"version-history":[{"count":5,"href":"https:\/\/sites.usp.br\/liath-rp\/wp-json\/wp\/v2\/pages\/62\/revisions"}],"predecessor-version":[{"id":248,"href":"https:\/\/sites.usp.br\/liath-rp\/wp-json\/wp\/v2\/pages\/62\/revisions\/248"}],"wp:attachment":[{"href":"https:\/\/sites.usp.br\/liath-rp\/wp-json\/wp\/v2\/media?parent=62"}],"curies":[{"name":"wp","href":"https:\/\/api.w.org\/{rel}","templated":true}]}}