{"id":64,"date":"2014-02-12T11:28:54","date_gmt":"2014-02-12T13:28:54","guid":{"rendered":"http:\/\/sites.usp.br\/liath-rp\/?page_id=64"},"modified":"2021-04-12T15:15:39","modified_gmt":"2021-04-12T17:15:39","slug":"membros","status":"publish","type":"page","link":"https:\/\/sites.usp.br\/liath-rp\/membros\/","title":{"rendered":"Membros Ativos"},"content":{"rendered":"<p><span style=\"color: #000080;\"><strong>Docente Respons\u00e1vel:<\/strong><\/span><br \/>\n<span style=\"color: #000000;\"><a style=\"color: #000000;\" href=\"http:\/\/lattes.cnpq.br\/1905122040245593\">Marysia Mara Rodrigues do Prado De Carlo<\/a><\/span><\/p>\n<p><span style=\"color: #000080;\"><strong>P\u00f3s-graduandos:<\/strong><\/span><br \/>\n<span style=\"color: #000000;\"><a style=\"color: #000000;\" href=\"http:\/\/lattes.cnpq.br\/8220565830530939\">Bianca Terassi<\/a><\/span><br \/>\n<span style=\"color: #000000;\"><a style=\"color: #000000;\" href=\"http:\/\/lattes.cnpq.br\/4012862647507020\">Carine Xavier Malaquini<\/a><br \/>\n<a style=\"color: #000000;\" href=\"http:\/\/lattes.cnpq.br\/9724370046693297\">Cristiane Aparecida Gomes-Ferraz<\/a><br \/>\n<a style=\"color: #000000;\" href=\"http:\/\/lattes.cnpq.br\/6043861435650782\">Gabriela Rezende<\/a><a style=\"color: #000000;\" href=\"http:\/\/lattes.cnpq.br\/1425458929831090\"><br \/>\nLet\u00edcia Fernandes de Andrade<br \/>\n<\/a><a style=\"color: #000000;\" href=\"http:\/\/lattes.cnpq.br\/6059588932432604\">Mariana Cristina Ferraz da Silva<\/a><\/span><\/p>\n<p><strong><span style=\"color: #000080;\">Graduandos:<\/span><\/strong><br \/>\n<span style=\"color: #000000;\"><a style=\"color: #000000;\" href=\"http:\/\/lattes.cnpq.br\/2769980563362275\">Ana Clara Tomaz Ad\u00e3o<\/a><\/span><br \/>\n<span style=\"color: #000000;\"><a style=\"color: #000000;\" href=\"http:\/\/lattes.cnpq.br\/2122319071727736\">B\u00e1rbara Vencel Paulino de Aguia<\/a>r<\/span><br \/>\n<span style=\"color: #000000;\"><a style=\"color: #000000;\" href=\"http:\/\/lattes.cnpq.br\/4175427438069378\">Manuela Presotto Tano Araujo<\/a><\/span><br \/>\n<span style=\"color: #000000;\"><a style=\"color: #000000;\" href=\"http:\/\/lattes.cnpq.br\/3562971509617395\">Marina Barbeiro Mella<\/a><\/span><\/p>\n<p><strong><span style=\"color: #000080;\">Colaboradores:<\/span><\/strong><br \/>\n<a href=\"http:\/\/lattes.cnpq.br\/2877237633250498\"><span style=\"color: #000000;\">Caroline Godinho Parra<\/span><\/a><br \/>\n<a href=\"http:\/\/lattes.cnpq.br\/5357932067905885\"><span style=\"color: #000000;\">Evelyn Brunorio Salam\u00e3o<\/span><\/a><br \/>\n<span style=\"color: #000000;\"><a style=\"color: #000000;\" href=\"http:\/\/lattes.cnpq.br\/4043416967751528\">La\u00eds\u00a0 Bernardes Garcia<\/a><\/span><br \/>\n<span style=\"color: #000000;\"><a style=\"color: #000000;\" href=\"http:\/\/lattes.cnpq.br\/2352564759089784\">Manoela Gianini Luiz<\/a><\/span><br \/>\n<span style=\"color: #000000;\"><a style=\"color: #000000;\" href=\"http:\/\/lattes.cnpq.br\/2796917933845681\">Sabrina de Freitas Souza<\/a><\/span><\/p>\n<p>&nbsp;<\/p>\n<p>*Clique sobre o nome para acessar o curr\u00edculo lattes.<\/p>\n","protected":false},"excerpt":{"rendered":"<p>Docente Respons\u00e1vel: Marysia Mara Rodrigues do Prado De Carlo P\u00f3s-graduandos: Bianca Terassi Carine Xavier Malaquini Cristiane Aparecida Gomes-Ferraz Gabriela Rezende Let\u00edcia Fernandes de Andrade Mariana Cristina Ferraz da Silva Graduandos: Ana Clara Tomaz Ad\u00e3o B\u00e1rbara Vencel Paulino de Aguiar Manuela Presotto Tano Araujo Marina Barbeiro Mella Colaboradores: Caroline Godinho Parra Evelyn Brunorio Salam\u00e3o La\u00eds\u00a0 Bernardes [&hellip;]<\/p>\n","protected":false},"author":1,"featured_media":0,"parent":0,"menu_order":0,"comment_status":"closed","ping_status":"closed","template":"","meta":{"footnotes":"","_links_to":"","_links_to_target":""},"class_list":["post-64","page","type-page","status-publish","hentry"],"_links":{"self":[{"href":"https:\/\/sites.usp.br\/liath-rp\/wp-json\/wp\/v2\/pages\/64","targetHints":{"allow":["GET"]}}],"collection":[{"href":"https:\/\/sites.usp.br\/liath-rp\/wp-json\/wp\/v2\/pages"}],"about":[{"href":"https:\/\/sites.usp.br\/liath-rp\/wp-json\/wp\/v2\/types\/page"}],"author":[{"embeddable":true,"href":"https:\/\/sites.usp.br\/liath-rp\/wp-json\/wp\/v2\/users\/1"}],"replies":[{"embeddable":true,"href":"https:\/\/sites.usp.br\/liath-rp\/wp-json\/wp\/v2\/comments?post=64"}],"version-history":[{"count":5,"href":"https:\/\/sites.usp.br\/liath-rp\/wp-json\/wp\/v2\/pages\/64\/revisions"}],"predecessor-version":[{"id":460,"href":"https:\/\/sites.usp.br\/liath-rp\/wp-json\/wp\/v2\/pages\/64\/revisions\/460"}],"wp:attachment":[{"href":"https:\/\/sites.usp.br\/liath-rp\/wp-json\/wp\/v2\/media?parent=64"}],"curies":[{"name":"wp","href":"https:\/\/api.w.org\/{rel}","templated":true}]}}