{"id":79,"date":"2014-02-24T16:51:20","date_gmt":"2014-02-24T18:51:20","guid":{"rendered":"http:\/\/sites.usp.br\/liath-rp\/?page_id=79"},"modified":"2021-05-11T14:36:50","modified_gmt":"2021-05-11T16:36:50","slug":"pagina-inicial","status":"publish","type":"page","link":"https:\/\/sites.usp.br\/liath-rp\/","title":{"rendered":"LIATH-CP"},"content":{"rendered":"<h2><strong>Laborat\u00f3rio de Investiga\u00e7\u00e3o sobre a\u00a0<\/strong><strong> Atividade Humana e Cuidados Paliativos<\/strong><\/h2>\n<p><strong>Docente Respons\u00e1vel: <\/strong>Prof\u00aa. Dr\u00aa. Marysia Mara Rodrigues do Prado De Carlo<\/p>\n<p>O grupo de pesquisa <strong>Laborat\u00f3rio de Investiga\u00e7\u00e3o sobre a Atividade Humana e Cuidados Paliativos (LIATH-CP) <\/strong>foi fundado em 2000, pela Profa. Dra. Marysia M.R. Prado De Carlo, junto ao Curso de Terapia Ocupacional da FMUSP. Transferiu-se para a Faculdade de Medicina de Ribeir\u00e3o Preto &#8211; USP em 2005. Est\u00e1 credenciado no Diret\u00f3rio de Grupos de Pesquisa do CNPq desde 2001.<\/p>\n<p>\u00c9 composto por docentes, alunos de gradua\u00e7\u00e3o e de p\u00f3s-gradua\u00e7\u00e3o, residentes e pesquisadores com interesse comum na linha de pesquisa: \u201cProcesso de Sa\u00fade-doen\u00e7a e Epidemiologia\u201d, com \u00eanfase em estudos sobre promo\u00e7\u00e3o de sa\u00fade e qualidade de vida em condi\u00e7\u00f5es cr\u00f4nico-degenerativas e Cuidados Paliativos e a aten\u00e7\u00e3o multiprofissional em contextos hospitalares.<\/p>\n<p>Est\u00e1 vinculado \u00e0 divis\u00e3o de Terapia Ocupacional do Departamento de Ci\u00eancias da Sa\u00fade da FMRP-USP, e realiza reuni\u00f5es quinzenais, no pr\u00e9dio dos Cursos de Fisioterapia e Terapia Ocupacional (sala de reuni\u00f5es do 1\u00ba andar).<\/p>\n<p>As atividades incluem: discuss\u00e3o e desenvolvimento de projetos de pesquisa, leitura e discuss\u00e3o de artigos cient\u00edficos, reuni\u00e3o com pesquisadores e especialistas, aulas e palestras, organiza\u00e7\u00e3o de eventos, dentre outras.<\/p>\n<p>Este laborat\u00f3rio de pesquisa, possibilita o desenvolvimento de:<\/p>\n<ul>\n<li>Modelos te\u00f3ricos e pesquisas em torno da linha de pesquisa;<\/li>\n<li>Interc\u00e2mbios com outros pesquisadores e profissionais de diversas institui\u00e7\u00f5es e servi\u00e7os, nacionais e internacionais, permitindo a cria\u00e7\u00e3o de novas parcerias entre nosso grupo de pesquisa e a comunidade e a gera\u00e7\u00e3o de pesquisas, atividades did\u00e1ticas e grupos de discuss\u00f5es;<\/li>\n<li>Um espa\u00e7o acad\u00eamico e de pesquisa sobre conhecimentos t\u00e9cnico-cient\u00edficos e atua\u00e7\u00e3o da Terapia Ocupacional em Contextos Hospitalares e Cuidados Paliativos.<\/li>\n<\/ul>\n<p>Al\u00e9m dos aspectos acad\u00eamicos e de pesquisa, h\u00e1 a dimens\u00e3o social dos nossos projetos, pela promo\u00e7\u00e3o da Humaniza\u00e7\u00e3o da Assist\u00eancia Hospitalar e da Qualidade de Vida da clientela atendida em diferentes servi\u00e7os hospitalares e de Cuidados Paliativos.<\/p>\n<p>&nbsp;<\/p>\n\r\n\t<div class=\"slideshow_container slideshow_container_style-light\" style=\"height: 292px; \" data-slideshow-id=\"182\" data-style-name=\"style-light\" data-style-version=\"2.3.1\" >\r\n\r\n\t\t\t\t\t<div class=\"slideshow_loading_icon\"><\/div>\r\n\t\t\r\n\t\t<div class=\"slideshow_content\" style=\"display: none;\">\r\n\r\n\t\t\t<div class=\"slideshow_view\">\r\n\t\t\t\t<div class=\"slideshow_slide slideshow_slide_image\">\r\n\t\t\t\t\t\t\t\t\t\t\t<img src=\"https:\/\/sites.usp.br\/liath-rp\/wp-content\/uploads\/sites\/798\/2020\/11\/campus.jpeg\" alt=\"campus\" width=\"1280\" height=\"822\" \/>\r\n\t\t\t\t\t\t\t\t\t\t<div class=\"slideshow_description_box slideshow_transparent\">\r\n\t\t\t\t\t\t<div class=\"slideshow_title\">campus<\/div>\t\t\t\t\t\t\t\t\t\t\t<\/div>\r\n\t\t\t\t<\/div>\r\n\r\n\t\t\t\t\t\t<div style=\"clear: both;\"><\/div><\/div><div class=\"slideshow_view\">\r\n\t\t\t\t<div class=\"slideshow_slide slideshow_slide_image\">\r\n\t\t\t\t\t\t\t\t\t\t\t<img src=\"https:\/\/sites.usp.br\/liath-rp\/wp-content\/uploads\/sites\/798\/2020\/11\/prof-Silvio-Tucci-11.jpg\" alt=\"prof-Silvio-Tucci-11\" width=\"2500\" height=\"1667\" \/>\r\n\t\t\t\t\t\t\t\t\t\t<div class=\"slideshow_description_box slideshow_transparent\">\r\n\t\t\t\t\t\t<div class=\"slideshow_title\">prof-Silvio-Tucci-11<\/div>\t\t\t\t\t\t\t\t\t\t\t<\/div>\r\n\t\t\t\t<\/div>\r\n\r\n\t\t\t\t\t\t<div style=\"clear: both;\"><\/div><\/div><div class=\"slideshow_view\">\r\n\t\t\t\t<div class=\"slideshow_slide slideshow_slide_image\">\r\n\t\t\t\t\t\t\t\t\t\t\t<img src=\"https:\/\/sites.usp.br\/liath-rp\/wp-content\/uploads\/sites\/798\/2020\/11\/prof-Silvio-Tucci-27-scaled-1.jpg\" alt=\"prof-Silvio-Tucci-27-scaled\" width=\"2560\" height=\"1707\" \/>\r\n\t\t\t\t\t\t\t\t\t\t<div class=\"slideshow_description_box slideshow_transparent\">\r\n\t\t\t\t\t\t<div class=\"slideshow_title\">prof-Silvio-Tucci-27-scaled<\/div>\t\t\t\t\t\t\t\t\t\t\t<\/div>\r\n\t\t\t\t<\/div>\r\n\r\n\t\t\t\t\t\t<div style=\"clear: both;\"><\/div><\/div><div class=\"slideshow_view\">\r\n\t\t\t\t<div class=\"slideshow_slide slideshow_slide_image\">\r\n\t\t\t\t\t\t\t\t\t\t\t<img src=\"https:\/\/sites.usp.br\/liath-rp\/wp-content\/uploads\/sites\/798\/2020\/11\/departamento.jpeg\" alt=\"departamento\" width=\"905\" height=\"509\" \/>\r\n\t\t\t\t\t\t\t\t\t\t<div class=\"slideshow_description_box slideshow_transparent\">\r\n\t\t\t\t\t\t<div class=\"slideshow_title\">departamento<\/div>\t\t\t\t\t\t\t\t\t\t\t<\/div>\r\n\t\t\t\t<\/div>\r\n\r\n\t\t\t\t\t\t<div style=\"clear: both;\"><\/div><\/div>\r\n\t\t<\/div>\r\n\r\n\t\t<div class=\"slideshow_controlPanel slideshow_transparent\" style=\"display: none;\"><ul><li class=\"slideshow_togglePlay\" data-play-text=\"Acionar\" data-pause-text=\"Pausar\"><\/li><\/ul><\/div>\r\n\r\n\t\t<div class=\"slideshow_button slideshow_previous slideshow_transparent\" role=\"button\" data-previous-text=\"Anterior\" style=\"display: none;\"><\/div>\r\n\t\t<div class=\"slideshow_button slideshow_next slideshow_transparent\" role=\"button\" data-next-text=\"Pr\u00f3ximo\" style=\"display: none;\"><\/div>\r\n\r\n\t\t<div class=\"slideshow_pagination\" style=\"display: none;\" data-go-to-text=\"Ir para o slide\"><div class=\"slideshow_pagination_center\"><\/div><\/div>\r\n\r\n\t\t<!-- WordPress Slideshow Version 2.3.1 -->\r\n\r\n\t\t\t<\/div>\r\n\r\n\n","protected":false},"excerpt":{"rendered":"<p>Laborat\u00f3rio de Investiga\u00e7\u00e3o sobre a\u00a0 Atividade Humana e Cuidados Paliativos Docente Respons\u00e1vel: Prof\u00aa. Dr\u00aa. Marysia Mara Rodrigues do Prado De Carlo O grupo de pesquisa Laborat\u00f3rio de Investiga\u00e7\u00e3o sobre a Atividade Humana e Cuidados Paliativos (LIATH-CP) foi fundado em 2000, pela Profa. Dra. Marysia M.R. Prado De Carlo, junto ao Curso de Terapia Ocupacional da [&hellip;]<\/p>\n","protected":false},"author":1,"featured_media":0,"parent":0,"menu_order":0,"comment_status":"closed","ping_status":"closed","template":"","meta":{"footnotes":"","_links_to":"","_links_to_target":""},"class_list":["post-79","page","type-page","status-publish","hentry"],"_links":{"self":[{"href":"https:\/\/sites.usp.br\/liath-rp\/wp-json\/wp\/v2\/pages\/79","targetHints":{"allow":["GET"]}}],"collection":[{"href":"https:\/\/sites.usp.br\/liath-rp\/wp-json\/wp\/v2\/pages"}],"about":[{"href":"https:\/\/sites.usp.br\/liath-rp\/wp-json\/wp\/v2\/types\/page"}],"author":[{"embeddable":true,"href":"https:\/\/sites.usp.br\/liath-rp\/wp-json\/wp\/v2\/users\/1"}],"replies":[{"embeddable":true,"href":"https:\/\/sites.usp.br\/liath-rp\/wp-json\/wp\/v2\/comments?post=79"}],"version-history":[{"count":5,"href":"https:\/\/sites.usp.br\/liath-rp\/wp-json\/wp\/v2\/pages\/79\/revisions"}],"predecessor-version":[{"id":473,"href":"https:\/\/sites.usp.br\/liath-rp\/wp-json\/wp\/v2\/pages\/79\/revisions\/473"}],"wp:attachment":[{"href":"https:\/\/sites.usp.br\/liath-rp\/wp-json\/wp\/v2\/media?parent=79"}],"curies":[{"name":"wp","href":"https:\/\/api.w.org\/{rel}","templated":true}]}}