{"id":173,"date":"2020-12-26T11:54:44","date_gmt":"2020-12-26T13:54:44","guid":{"rendered":"https:\/\/sites.usp.br\/lieves\/?page_id=173"},"modified":"2021-05-05T12:04:42","modified_gmt":"2021-05-05T15:04:42","slug":"atividades","status":"publish","type":"page","link":"https:\/\/sites.usp.br\/lieves\/atividades\/","title":{"rendered":"Atividades"},"content":{"rendered":"\t\t<div data-elementor-type=\"wp-page\" data-elementor-id=\"173\" class=\"elementor elementor-173\" data-elementor-post-type=\"page\">\n\t\t\t\t\t\t<section class=\"elementor-section elementor-top-section elementor-element elementor-element-0b4ae3a elementor-section-boxed elementor-section-height-default elementor-section-height-default\" data-id=\"0b4ae3a\" data-element_type=\"section\">\n\t\t\t\t\t\t<div class=\"elementor-container elementor-column-gap-default\">\n\t\t\t\t\t<div class=\"elementor-column elementor-col-100 elementor-top-column elementor-element elementor-element-f639854\" data-id=\"f639854\" data-element_type=\"column\">\n\t\t\t<div class=\"elementor-widget-wrap\">\n\t\t\t\t\t\t\t<\/div>\n\t\t<\/div>\n\t\t\t\t\t<\/div>\n\t\t<\/section>\n\t\t\t\t<section class=\"elementor-section elementor-top-section elementor-element elementor-element-837e8dc elementor-section-boxed elementor-section-height-default elementor-section-height-default\" data-id=\"837e8dc\" data-element_type=\"section\">\n\t\t\t\t\t\t<div class=\"elementor-container elementor-column-gap-default\">\n\t\t\t\t\t<div class=\"elementor-column elementor-col-100 elementor-top-column elementor-element elementor-element-ca67d01\" data-id=\"ca67d01\" data-element_type=\"column\">\n\t\t\t<div class=\"elementor-widget-wrap elementor-element-populated\">\n\t\t\t\t\t\t<div class=\"elementor-element elementor-element-783e8c6 elementor-headline--style-highlight elementor-widget elementor-widget-animated-headline\" data-id=\"783e8c6\" data-element_type=\"widget\" data-settings=\"{&quot;marker&quot;:&quot;underline_zigzag&quot;,&quot;highlighted_text&quot;:&quot;Semin\\u00e1rios de projetos&quot;,&quot;headline_style&quot;:&quot;highlight&quot;,&quot;loop&quot;:&quot;yes&quot;,&quot;highlight_animation_duration&quot;:1200,&quot;highlight_iteration_delay&quot;:8000}\" data-widget_type=\"animated-headline.default\">\n\t\t\t\t<div class=\"elementor-widget-container\">\n\t\t\t\t\t<h3 class=\"elementor-headline\">\n\t\t\t\t<span class=\"elementor-headline-dynamic-wrapper elementor-headline-text-wrapper\">\n\t\t\t\t\t<span class=\"elementor-headline-dynamic-text elementor-headline-text-active\">Semin\u00e1rios de projetos<\/span>\n\t\t\t\t<\/span>\n\t\t\t\t<\/h3>\n\t\t\t\t<\/div>\n\t\t\t\t<\/div>\n\t\t\t\t\t<\/div>\n\t\t<\/div>\n\t\t\t\t\t<\/div>\n\t\t<\/section>\n\t\t\t\t<section class=\"elementor-section elementor-top-section elementor-element elementor-element-9e624b0 elementor-section-boxed elementor-section-height-default elementor-section-height-default\" data-id=\"9e624b0\" data-element_type=\"section\">\n\t\t\t\t\t\t<div class=\"elementor-container elementor-column-gap-default\">\n\t\t\t\t\t<div class=\"elementor-column elementor-col-100 elementor-top-column elementor-element elementor-element-54dc59a\" data-id=\"54dc59a\" data-element_type=\"column\">\n\t\t\t<div class=\"elementor-widget-wrap elementor-element-populated\">\n\t\t\t\t\t\t<div class=\"elementor-element elementor-element-6823974 elementor-widget elementor-widget-text-editor\" data-id=\"6823974\" data-element_type=\"widget\" data-widget_type=\"text-editor.default\">\n\t\t\t\t<div class=\"elementor-widget-container\">\n\t\t\t\t\t\t\t<p>Semin\u00e1rio interno aos membros do LIEVES para apresenta\u00e7\u00e3o e discuss\u00e3o dos projetos\u00a0 em desenvolvimento. A discuss\u00e3o tem como objetivo aprofundar aspectos te\u00f3ricos e metodol\u00f3gicos e refinar as an\u00e1lises realizadas. Os semin\u00e1rios ocorrem em uma frequ\u00eancia mensal.<\/p>\t\t\t\t\t\t<\/div>\n\t\t\t\t<\/div>\n\t\t\t\t\t<\/div>\n\t\t<\/div>\n\t\t\t\t\t<\/div>\n\t\t<\/section>\n\t\t\t\t<section class=\"elementor-section elementor-top-section elementor-element elementor-element-ed72146 elementor-section-boxed elementor-section-height-default elementor-section-height-default\" data-id=\"ed72146\" data-element_type=\"section\">\n\t\t\t\t\t\t<div class=\"elementor-container elementor-column-gap-default\">\n\t\t\t\t\t<div class=\"elementor-column elementor-col-100 elementor-top-column elementor-element elementor-element-4f63550\" data-id=\"4f63550\" data-element_type=\"column\">\n\t\t\t<div class=\"elementor-widget-wrap elementor-element-populated\">\n\t\t\t\t\t\t<div class=\"elementor-element elementor-element-2eaba71 elementor-headline--style-highlight elementor-widget elementor-widget-animated-headline\" data-id=\"2eaba71\" data-element_type=\"widget\" data-settings=\"{&quot;highlighted_text&quot;:&quot;Grupos de discuss\\u00e3o sobre metodologias&quot;,&quot;headline_style&quot;:&quot;highlight&quot;,&quot;marker&quot;:&quot;circle&quot;,&quot;loop&quot;:&quot;yes&quot;,&quot;highlight_animation_duration&quot;:1200,&quot;highlight_iteration_delay&quot;:8000}\" data-widget_type=\"animated-headline.default\">\n\t\t\t\t<div class=\"elementor-widget-container\">\n\t\t\t\t\t<h3 class=\"elementor-headline\">\n\t\t\t\t<span class=\"elementor-headline-dynamic-wrapper elementor-headline-text-wrapper\">\n\t\t\t\t\t<span class=\"elementor-headline-dynamic-text elementor-headline-text-active\">Grupos de discuss\u00e3o sobre metodologias<\/span>\n\t\t\t\t<\/span>\n\t\t\t\t<\/h3>\n\t\t\t\t<\/div>\n\t\t\t\t<\/div>\n\t\t\t\t\t<\/div>\n\t\t<\/div>\n\t\t\t\t\t<\/div>\n\t\t<\/section>\n\t\t\t\t<section class=\"elementor-section elementor-top-section elementor-element elementor-element-f837213 elementor-section-boxed elementor-section-height-default elementor-section-height-default\" data-id=\"f837213\" data-element_type=\"section\">\n\t\t\t\t\t\t<div class=\"elementor-container elementor-column-gap-default\">\n\t\t\t\t\t<div class=\"elementor-column elementor-col-100 elementor-top-column elementor-element elementor-element-66314b6\" data-id=\"66314b6\" data-element_type=\"column\">\n\t\t\t<div class=\"elementor-widget-wrap elementor-element-populated\">\n\t\t\t\t\t\t<div class=\"elementor-element elementor-element-774edbd elementor-widget elementor-widget-text-editor\" data-id=\"774edbd\" data-element_type=\"widget\" data-widget_type=\"text-editor.default\">\n\t\t\t\t<div class=\"elementor-widget-container\">\n\t\t\t\t\t\t\t<p>Os grupos de discuss\u00e3o sobre metodologias tem como objetivo ampliar o leque de\u00a0 m\u00e9todos de pesquisa utilizados nos projetos, contemplando m\u00e9todos quantitativos\u00a0 e de an\u00e1lise estat\u00edstica e m\u00e9todos qualitativos. H\u00e1 um interesse especial nos aspectos metodol\u00f3gicos dos estudos de implementa\u00e7\u00e3o e\u00a0 outras abordagens metodol\u00f3gicas utilizadas em pesquisas aplicadas e desenvolvidas em parceria com o setor p\u00fablico. Os semin\u00e1rios ocorrem em frequ\u00eancia mensal e s\u00e3o restritos aos membros do grupo.<\/p>\t\t\t\t\t\t<\/div>\n\t\t\t\t<\/div>\n\t\t\t\t\t<\/div>\n\t\t<\/div>\n\t\t\t\t\t<\/div>\n\t\t<\/section>\n\t\t\t\t<section class=\"elementor-section elementor-top-section elementor-element elementor-element-0440528 elementor-section-boxed elementor-section-height-default elementor-section-height-default\" data-id=\"0440528\" data-element_type=\"section\">\n\t\t\t\t\t\t<div class=\"elementor-container elementor-column-gap-default\">\n\t\t\t\t\t<div class=\"elementor-column elementor-col-100 elementor-top-column elementor-element elementor-element-4a6499f\" data-id=\"4a6499f\" data-element_type=\"column\">\n\t\t\t<div class=\"elementor-widget-wrap elementor-element-populated\">\n\t\t\t\t\t\t<div class=\"elementor-element elementor-element-3599d6f elementor-headline--style-highlight elementor-widget elementor-widget-animated-headline\" data-id=\"3599d6f\" data-element_type=\"widget\" data-settings=\"{&quot;marker&quot;:&quot;underline&quot;,&quot;highlighted_text&quot;:&quot;Eventos&quot;,&quot;headline_style&quot;:&quot;highlight&quot;,&quot;loop&quot;:&quot;yes&quot;,&quot;highlight_animation_duration&quot;:1200,&quot;highlight_iteration_delay&quot;:8000}\" data-widget_type=\"animated-headline.default\">\n\t\t\t\t<div class=\"elementor-widget-container\">\n\t\t\t\t\t<h3 class=\"elementor-headline\">\n\t\t\t\t<span class=\"elementor-headline-dynamic-wrapper elementor-headline-text-wrapper\">\n\t\t\t\t\t<span class=\"elementor-headline-dynamic-text elementor-headline-text-active\">Eventos<\/span>\n\t\t\t\t<\/span>\n\t\t\t\t<\/h3>\n\t\t\t\t<\/div>\n\t\t\t\t<\/div>\n\t\t\t\t\t<\/div>\n\t\t<\/div>\n\t\t\t\t\t<\/div>\n\t\t<\/section>\n\t\t\t\t<section class=\"elementor-section elementor-top-section elementor-element elementor-element-c379a77 elementor-section-boxed elementor-section-height-default elementor-section-height-default\" data-id=\"c379a77\" data-element_type=\"section\">\n\t\t\t\t\t\t<div class=\"elementor-container elementor-column-gap-default\">\n\t\t\t\t\t<div class=\"elementor-column elementor-col-100 elementor-top-column elementor-element elementor-element-b2df608\" data-id=\"b2df608\" data-element_type=\"column\">\n\t\t\t<div class=\"elementor-widget-wrap elementor-element-populated\">\n\t\t\t\t\t\t<div class=\"elementor-element elementor-element-ca1e2d7 elementor-widget elementor-widget-text-editor\" data-id=\"ca1e2d7\" data-element_type=\"widget\" data-widget_type=\"text-editor.default\">\n\t\t\t\t<div class=\"elementor-widget-container\">\n\t\t\t\t\t\t\t<p>Eventos abertos ao p\u00fablico para discuss\u00e3o de temas espec\u00edficos ser\u00e3o realizados e divulgados em nossa agenda e nas redes sociais do Departamento de Medicina Preventiva da&nbsp; USP, do Lassos, e de outros grupos.&nbsp;<\/p>\t\t\t\t\t\t<\/div>\n\t\t\t\t<\/div>\n\t\t\t\t\t<\/div>\n\t\t<\/div>\n\t\t\t\t\t<\/div>\n\t\t<\/section>\n\t\t\t\t<section class=\"elementor-section elementor-top-section elementor-element elementor-element-afb3dd8 elementor-section-boxed elementor-section-height-default elementor-section-height-default\" data-id=\"afb3dd8\" data-element_type=\"section\">\n\t\t\t\t\t\t<div class=\"elementor-container elementor-column-gap-default\">\n\t\t\t\t\t<div class=\"elementor-column elementor-col-100 elementor-top-column elementor-element elementor-element-4f4577b\" data-id=\"4f4577b\" data-element_type=\"column\">\n\t\t\t<div class=\"elementor-widget-wrap\">\n\t\t\t\t\t\t\t<\/div>\n\t\t<\/div>\n\t\t\t\t\t<\/div>\n\t\t<\/section>\n\t\t\t\t<\/div>\n\t\t","protected":false},"excerpt":{"rendered":"<p>Semin\u00e1rio interno aos membros do LIEVES para apresenta\u00e7\u00e3o e discuss\u00e3o dos projetos\u00a0 em desenvolvimento. A discuss\u00e3o tem como objetivo aprofundar aspectos te\u00f3ricos e metodol\u00f3gicos e refinar as an\u00e1lises realizadas. Os semin\u00e1rios ocorrem em uma&#46;&#46;&#46;<\/p>\n","protected":false},"author":977,"featured_media":0,"parent":0,"menu_order":5,"comment_status":"closed","ping_status":"closed","template":"","meta":{"footnotes":"","_links_to":"","_links_to_target":""},"class_list":["post-173","page","type-page","status-publish","hentry"],"_links":{"self":[{"href":"https:\/\/sites.usp.br\/lieves\/wp-json\/wp\/v2\/pages\/173","targetHints":{"allow":["GET"]}}],"collection":[{"href":"https:\/\/sites.usp.br\/lieves\/wp-json\/wp\/v2\/pages"}],"about":[{"href":"https:\/\/sites.usp.br\/lieves\/wp-json\/wp\/v2\/types\/page"}],"author":[{"embeddable":true,"href":"https:\/\/sites.usp.br\/lieves\/wp-json\/wp\/v2\/users\/977"}],"replies":[{"embeddable":true,"href":"https:\/\/sites.usp.br\/lieves\/wp-json\/wp\/v2\/comments?post=173"}],"version-history":[{"count":4,"href":"https:\/\/sites.usp.br\/lieves\/wp-json\/wp\/v2\/pages\/173\/revisions"}],"predecessor-version":[{"id":280,"href":"https:\/\/sites.usp.br\/lieves\/wp-json\/wp\/v2\/pages\/173\/revisions\/280"}],"wp:attachment":[{"href":"https:\/\/sites.usp.br\/lieves\/wp-json\/wp\/v2\/media?parent=173"}],"curies":[{"name":"wp","href":"https:\/\/api.w.org\/{rel}","templated":true}]}}