{"id":264,"date":"2021-03-16T03:16:37","date_gmt":"2021-03-16T05:16:37","guid":{"rendered":"https:\/\/sites.usp.br\/lieves\/?page_id=264"},"modified":"2021-07-06T12:18:17","modified_gmt":"2021-07-06T15:18:17","slug":"publicacoes","status":"publish","type":"page","link":"https:\/\/sites.usp.br\/lieves\/publicacoes\/","title":{"rendered":"Publica\u00e7\u00f5es"},"content":{"rendered":"\t\t<div data-elementor-type=\"wp-page\" data-elementor-id=\"264\" class=\"elementor elementor-264\" data-elementor-post-type=\"page\">\n\t\t\t\t\t\t<section class=\"elementor-section elementor-top-section elementor-element elementor-element-9f882c2 elementor-section-boxed elementor-section-height-default elementor-section-height-default\" data-id=\"9f882c2\" data-element_type=\"section\">\n\t\t\t\t\t\t<div class=\"elementor-container elementor-column-gap-default\">\n\t\t\t\t\t<div class=\"elementor-column elementor-col-50 elementor-top-column elementor-element elementor-element-9be8e82\" data-id=\"9be8e82\" data-element_type=\"column\">\n\t\t\t<div class=\"elementor-widget-wrap elementor-element-populated\">\n\t\t\t\t\t\t<div class=\"elementor-element elementor-element-302e06a elementor-widget elementor-widget-heading\" data-id=\"302e06a\" data-element_type=\"widget\" data-widget_type=\"heading.default\">\n\t\t\t\t<div class=\"elementor-widget-container\">\n\t\t\t<h2 class=\"elementor-heading-title elementor-size-default\">2021<\/h2>\t\t<\/div>\n\t\t\t\t<\/div>\n\t\t\t\t<div class=\"elementor-element elementor-element-629a528 elementor-tabs-view-horizontal elementor-widget elementor-widget-tabs\" data-id=\"629a528\" data-element_type=\"widget\" data-widget_type=\"tabs.default\">\n\t\t\t\t<div class=\"elementor-widget-container\">\n\t\t\t\t\t<div class=\"elementor-tabs\">\n\t\t\t<div class=\"elementor-tabs-wrapper\" role=\"tablist\" >\n\t\t\t\t\t\t\t\t\t<div id=\"elementor-tab-title-1031\" class=\"elementor-tab-title elementor-tab-desktop-title\" aria-selected=\"true\" data-tab=\"1\" role=\"tab\" tabindex=\"0\" aria-controls=\"elementor-tab-content-1031\" aria-expanded=\"false\">Artigos<\/div>\n\t\t\t\t\t\t\t<\/div>\n\t\t\t<div class=\"elementor-tabs-content-wrapper\" role=\"tablist\" aria-orientation=\"vertical\">\n\t\t\t\t\t\t\t\t\t<div class=\"elementor-tab-title elementor-tab-mobile-title\" aria-selected=\"true\" data-tab=\"1\" role=\"tab\" tabindex=\"0\" aria-controls=\"elementor-tab-content-1031\" aria-expanded=\"false\">Artigos<\/div>\n\t\t\t\t\t<div id=\"elementor-tab-content-1031\" class=\"elementor-tab-content elementor-clearfix\" data-tab=\"1\" role=\"tabpanel\" aria-labelledby=\"elementor-tab-title-1031\" tabindex=\"0\" hidden=\"false\"><ul><li><a href=\"https:\/\/doi.org\/10.1038\/s41562-021-01139-z\">A global analysis of the impact of COVID-19 stay-at-home restrictions on crime<\/a><\/li><\/ul><hr \/><ul><li><a href=\"https:\/\/doi.org\/10.1177\/10887679211010883\">Social Disorganization and Urban Homicide Rates: A Spatial-Temporal Analysis in S\u00e3o Paulo, Brazil 2000 to 2015<\/a><\/li><\/ul><\/div>\n\t\t\t\t\t\t\t<\/div>\n\t\t<\/div>\n\t\t\t\t<\/div>\n\t\t\t\t<\/div>\n\t\t\t\t\t<\/div>\n\t\t<\/div>\n\t\t\t\t<div class=\"elementor-column elementor-col-50 elementor-top-column elementor-element elementor-element-bf46e28\" data-id=\"bf46e28\" data-element_type=\"column\">\n\t\t\t<div class=\"elementor-widget-wrap elementor-element-populated\">\n\t\t\t\t\t\t<div class=\"elementor-element elementor-element-ea5eae4 elementor-widget elementor-widget-heading\" data-id=\"ea5eae4\" data-element_type=\"widget\" data-widget_type=\"heading.default\">\n\t\t\t\t<div class=\"elementor-widget-container\">\n\t\t\t<h2 class=\"elementor-heading-title elementor-size-default\">2020<\/h2>\t\t<\/div>\n\t\t\t\t<\/div>\n\t\t\t\t<div class=\"elementor-element elementor-element-d5d4d13 elementor-tabs-view-horizontal elementor-widget elementor-widget-tabs\" data-id=\"d5d4d13\" data-element_type=\"widget\" data-widget_type=\"tabs.default\">\n\t\t\t\t<div class=\"elementor-widget-container\">\n\t\t\t\t\t<div class=\"elementor-tabs\">\n\t\t\t<div class=\"elementor-tabs-wrapper\" role=\"tablist\" >\n\t\t\t\t\t\t\t\t\t<div id=\"elementor-tab-title-2241\" class=\"elementor-tab-title elementor-tab-desktop-title\" aria-selected=\"true\" data-tab=\"1\" role=\"tab\" tabindex=\"0\" aria-controls=\"elementor-tab-content-2241\" aria-expanded=\"false\">Artigos<\/div>\n\t\t\t\t\t\t\t\t\t<div id=\"elementor-tab-title-2242\" class=\"elementor-tab-title elementor-tab-desktop-title\" aria-selected=\"false\" data-tab=\"2\" role=\"tab\" tabindex=\"-1\" aria-controls=\"elementor-tab-content-2242\" aria-expanded=\"false\">Apresenta\u00e7\u00f5es<\/div>\n\t\t\t\t\t\t\t<\/div>\n\t\t\t<div class=\"elementor-tabs-content-wrapper\" role=\"tablist\" aria-orientation=\"vertical\">\n\t\t\t\t\t\t\t\t\t<div class=\"elementor-tab-title elementor-tab-mobile-title\" aria-selected=\"true\" data-tab=\"1\" role=\"tab\" tabindex=\"0\" aria-controls=\"elementor-tab-content-2241\" aria-expanded=\"false\">Artigos<\/div>\n\t\t\t\t\t<div id=\"elementor-tab-content-2241\" class=\"elementor-tab-content elementor-clearfix\" data-tab=\"1\" role=\"tabpanel\" aria-labelledby=\"elementor-tab-title-2241\" tabindex=\"0\" hidden=\"false\"><div class=\"artigo-completo\"><div class=\"layout-cell layout-cell-11\"><ul><li><a href=\"https:\/\/doi.org\/10.1590\/1980-549720200039\">Exposi\u00e7\u00e3o \u00e0 viol\u00eancia comunit\u00e1ria e familiar e autoavalia\u00e7\u00e3o de sa\u00fade na popula\u00e7\u00e3o brasileira<\/a><\/li><\/ul><hr \/><ul><li><a href=\"https:\/\/doi.org\/10.1016\/j.adolescence.2020.06.007\">Assessing the measurement invariance and antecedents of legal cynicism in S\u00e3o Paulo, Zurich, and Montevideo<\/a><\/li><\/ul><hr \/><ul><li><a href=\"https:\/\/www.cienciaesaudecoletiva.com.br\/artigos\/social-segregation-and-lethal-police-violence-in-the-city-of-sao-paulo-20142015\/17710?id=17710\">Social Segregation and Lethal Police Violence in the City of S\u00e3o Paulo (2014-2015)<\/a><\/li><\/ul><hr \/><ul><li><a href=\"https:\/\/doi.org\/10.1007\/s00038-020-01481-5\">Victims, bullies and bully-victims: prevalence and association with negative health outcomes from a cross-sectional study in S\u00e3o Paulo, Brazil<\/a> <span style=\"color: #ff0000;\"><br \/><\/span><\/li><\/ul><\/div><\/div><\/div>\n\t\t\t\t\t\t\t\t\t<div class=\"elementor-tab-title elementor-tab-mobile-title\" aria-selected=\"false\" data-tab=\"2\" role=\"tab\" tabindex=\"-1\" aria-controls=\"elementor-tab-content-2242\" aria-expanded=\"false\">Apresenta\u00e7\u00f5es<\/div>\n\t\t\t\t\t<div id=\"elementor-tab-content-2242\" class=\"elementor-tab-content elementor-clearfix\" data-tab=\"2\" role=\"tabpanel\" aria-labelledby=\"elementor-tab-title-2242\" tabindex=\"0\" hidden=\"hidden\"><p>Reclassifying Deaths: Legal Intervention Deaths (Y35- ICD10) in the city of Sao Paulo (2014-2015). Apresentado no<strong> 16\u00ba Congresso Mundial de Sa\u00fade P\u00fablica<\/strong>.<\/p><\/div>\n\t\t\t\t\t\t\t<\/div>\n\t\t<\/div>\n\t\t\t\t<\/div>\n\t\t\t\t<\/div>\n\t\t\t\t\t<\/div>\n\t\t<\/div>\n\t\t\t\t\t<\/div>\n\t\t<\/section>\n\t\t\t\t<section class=\"elementor-section elementor-top-section elementor-element elementor-element-7114a5d elementor-section-boxed elementor-section-height-default elementor-section-height-default\" data-id=\"7114a5d\" data-element_type=\"section\">\n\t\t\t\t\t\t<div class=\"elementor-container elementor-column-gap-default\">\n\t\t\t\t\t<div class=\"elementor-column elementor-col-50 elementor-top-column elementor-element elementor-element-29ebecf\" data-id=\"29ebecf\" data-element_type=\"column\">\n\t\t\t<div class=\"elementor-widget-wrap elementor-element-populated\">\n\t\t\t\t\t\t<div class=\"elementor-element elementor-element-ef16315 elementor-widget elementor-widget-heading\" data-id=\"ef16315\" data-element_type=\"widget\" data-widget_type=\"heading.default\">\n\t\t\t\t<div class=\"elementor-widget-container\">\n\t\t\t<h2 class=\"elementor-heading-title elementor-size-default\">2019<\/h2>\t\t<\/div>\n\t\t\t\t<\/div>\n\t\t\t\t<div class=\"elementor-element elementor-element-bcd5c94 elementor-tabs-view-horizontal elementor-widget elementor-widget-tabs\" data-id=\"bcd5c94\" data-element_type=\"widget\" data-widget_type=\"tabs.default\">\n\t\t\t\t<div class=\"elementor-widget-container\">\n\t\t\t\t\t<div class=\"elementor-tabs\">\n\t\t\t<div class=\"elementor-tabs-wrapper\" role=\"tablist\" >\n\t\t\t\t\t\t\t\t\t<div id=\"elementor-tab-title-1981\" class=\"elementor-tab-title elementor-tab-desktop-title\" aria-selected=\"true\" data-tab=\"1\" role=\"tab\" tabindex=\"0\" aria-controls=\"elementor-tab-content-1981\" aria-expanded=\"false\">Artigos<\/div>\n\t\t\t\t\t\t\t<\/div>\n\t\t\t<div class=\"elementor-tabs-content-wrapper\" role=\"tablist\" aria-orientation=\"vertical\">\n\t\t\t\t\t\t\t\t\t<div class=\"elementor-tab-title elementor-tab-mobile-title\" aria-selected=\"true\" data-tab=\"1\" role=\"tab\" tabindex=\"0\" aria-controls=\"elementor-tab-content-1981\" aria-expanded=\"false\">Artigos<\/div>\n\t\t\t\t\t<div id=\"elementor-tab-content-1981\" class=\"elementor-tab-content elementor-clearfix\" data-tab=\"1\" role=\"tabpanel\" aria-labelledby=\"elementor-tab-title-1981\" tabindex=\"0\" hidden=\"false\"><div class=\"artigo-completo\"><div class=\"layout-cell layout-cell-11\"><ul><li><a href=\"https:\/\/doi.org\/10.1590\/0102-311x00195118\">Tend\u00eancia de bullying verbal, viol\u00eancia dom\u00e9stica e envolvimento em brigas com armas entre adolescentes das capitais brasileiras de 2009 a 2015<\/a><\/li><\/ul><hr \/><ul><li><a href=\"https:\/\/doi.org\/10.1590\/s0104-12902019170543\">O territ\u00f3rio e as implica\u00e7\u00f5es da viol\u00eancia urbana no processo de trabalho dos agentes comunit\u00e1rios de sa\u00fade em uma unidade b\u00e1sica<\/a><\/li><\/ul><\/div><\/div><\/div>\n\t\t\t\t\t\t\t<\/div>\n\t\t<\/div>\n\t\t\t\t<\/div>\n\t\t\t\t<\/div>\n\t\t\t\t\t<\/div>\n\t\t<\/div>\n\t\t\t\t<div class=\"elementor-column elementor-col-50 elementor-top-column elementor-element elementor-element-80a23bc\" data-id=\"80a23bc\" data-element_type=\"column\">\n\t\t\t<div class=\"elementor-widget-wrap elementor-element-populated\">\n\t\t\t\t\t\t<div class=\"elementor-element elementor-element-c65ec78 elementor-widget elementor-widget-heading\" data-id=\"c65ec78\" data-element_type=\"widget\" data-widget_type=\"heading.default\">\n\t\t\t\t<div class=\"elementor-widget-container\">\n\t\t\t<h2 class=\"elementor-heading-title elementor-size-default\">2018<\/h2>\t\t<\/div>\n\t\t\t\t<\/div>\n\t\t\t\t<div class=\"elementor-element elementor-element-9debca7 elementor-tabs-view-horizontal elementor-widget elementor-widget-tabs\" data-id=\"9debca7\" data-element_type=\"widget\" data-widget_type=\"tabs.default\">\n\t\t\t\t<div class=\"elementor-widget-container\">\n\t\t\t\t\t<div class=\"elementor-tabs\">\n\t\t\t<div class=\"elementor-tabs-wrapper\" role=\"tablist\" >\n\t\t\t\t\t\t\t\t\t<div id=\"elementor-tab-title-1651\" class=\"elementor-tab-title elementor-tab-desktop-title\" aria-selected=\"true\" data-tab=\"1\" role=\"tab\" tabindex=\"0\" aria-controls=\"elementor-tab-content-1651\" aria-expanded=\"false\">Artigos<\/div>\n\t\t\t\t\t\t\t\t\t<div id=\"elementor-tab-title-1652\" class=\"elementor-tab-title elementor-tab-desktop-title\" aria-selected=\"false\" data-tab=\"2\" role=\"tab\" tabindex=\"-1\" aria-controls=\"elementor-tab-content-1652\" aria-expanded=\"false\">Apresenta\u00e7\u00f5es<\/div>\n\t\t\t\t\t\t\t\t\t<div id=\"elementor-tab-title-1653\" class=\"elementor-tab-title elementor-tab-desktop-title\" aria-selected=\"false\" data-tab=\"3\" role=\"tab\" tabindex=\"-1\" aria-controls=\"elementor-tab-content-1653\" aria-expanded=\"false\">Relat\u00f3rios<\/div>\n\t\t\t\t\t\t\t<\/div>\n\t\t\t<div class=\"elementor-tabs-content-wrapper\" role=\"tablist\" aria-orientation=\"vertical\">\n\t\t\t\t\t\t\t\t\t<div class=\"elementor-tab-title elementor-tab-mobile-title\" aria-selected=\"true\" data-tab=\"1\" role=\"tab\" tabindex=\"0\" aria-controls=\"elementor-tab-content-1651\" aria-expanded=\"false\">Artigos<\/div>\n\t\t\t\t\t<div id=\"elementor-tab-content-1651\" class=\"elementor-tab-content elementor-clearfix\" data-tab=\"1\" role=\"tabpanel\" aria-labelledby=\"elementor-tab-title-1651\" tabindex=\"0\" hidden=\"false\"><div class=\"artigo-completo\"><div class=\"layout-cell layout-cell-11\"><ul><li><a href=\"https:\/\/rdcu.be\/cjGug\"> Personal, relational and school factors associated with involvement in fights with weapons among school-age youth in Brazil: a multilevel ecological approach<\/a><\/li><\/ul><p>\u00a0<\/p><\/div><\/div><\/div>\n\t\t\t\t\t\t\t\t\t<div class=\"elementor-tab-title elementor-tab-mobile-title\" aria-selected=\"false\" data-tab=\"2\" role=\"tab\" tabindex=\"-1\" aria-controls=\"elementor-tab-content-1652\" aria-expanded=\"false\">Apresenta\u00e7\u00f5es<\/div>\n\t\t\t\t\t<div id=\"elementor-tab-content-1652\" class=\"elementor-tab-content elementor-clearfix\" data-tab=\"2\" role=\"tabpanel\" aria-labelledby=\"elementor-tab-title-1652\" tabindex=\"0\" hidden=\"hidden\"><div class=\"layout-cell layout-cell-11\"><h5><strong>Safety 2018<\/strong><\/h5><ul><li class=\"layout-cell-pad-5\"><a href=\"https:\/\/injuryprevention.bmj.com\/content\/24\/Suppl_2\/A110.3\">Being young-black-male increases the odds of suffering police non-lethal violence in brazil, according to the national health survey 2013<\/a><\/li><\/ul><hr \/><ul><li class=\"layout-cell-pad-5\"><a href=\"https:\/\/injuryprevention.bmj.com\/content\/24\/Suppl_2\/A22.1\">Combined effect of community and domestic violence and self-rated health in the brazilian population<\/a><\/li><\/ul><\/div><div class=\"layout-cell layout-cell-11\"><h5>6th Regional European Safe Community (<a href=\"https:\/\/www.google.com\/url?sa=t&amp;rct=j&amp;q=&amp;esrc=s&amp;source=web&amp;cd=&amp;ved=2ahUKEwi32-O7l6TwAhX9I7kGHQ23DhwQFjADegQIBRAD&amp;url=https%3A%2F%2Fwww.id-press.eu%2Faph%2Fissue%2Fdownload%2F167%2F75&amp;usg=AOvVaw3-kBRWY-VZgMNSY2mK0y7u\">resumos aqui<\/a>)<\/h5><\/div><ul><li>Adolescents exposure to community violence and its association with violence perpetration in S\u00e3o Paulo, Brazil: S\u00e3o Paulo project for the social development of children and adolescents -2017 (SP-PROSO).<\/li><\/ul><ul><li>Programs to strengthen family relations to prevent violence against children: a intersectoral Brazilian strategy<\/li><\/ul><ul><li>Attitudes about violence against women and masculinity values among school-age adolescents in S\u00e3o Paulo &#8211; Brazil and its associations with violence victimization\/perpetration<\/li><\/ul><ul><li>Bullying and parental practices of adolescents in S\u00e3o Paulo, Brazil: SP-PROSO study, 2017<\/li><\/ul><ul><li>Violence among adolescents and parenting practices in S\u00e3o Paulo, Brazil: SP-PROSO study, 2017<\/li><\/ul><ul><li>Perceptions about violence and disorder at school and bullying in brazil. The S\u00e3o Paulo Project for the Social Development of Children and Adolescents (SP-PROSO)<\/li><li>Understanding violent behavior among school-age adolescents in S\u00e3o Paulo &#8211; Brazil: the role of moral neutralization<\/li><\/ul><\/div>\n\t\t\t\t\t\t\t\t\t<div class=\"elementor-tab-title elementor-tab-mobile-title\" aria-selected=\"false\" data-tab=\"3\" role=\"tab\" tabindex=\"-1\" aria-controls=\"elementor-tab-content-1653\" aria-expanded=\"false\">Relat\u00f3rios<\/div>\n\t\t\t\t\t<div id=\"elementor-tab-content-1653\" class=\"elementor-tab-content elementor-clearfix\" data-tab=\"3\" role=\"tabpanel\" aria-labelledby=\"elementor-tab-title-1653\" tabindex=\"0\" hidden=\"hidden\"><p><a href=\"https:\/\/sites.usp.br\/sp-proso\/pagina-2\/\"><span dir=\"ltr\">Viol\u00eancia, bullying e repercuss\u00f5es na sa\u00fade: r<\/span><span dir=\"ltr\">esultados do Projeto S\u00e3o Paulo para o desenvolvimento <\/span><span dir=\"ltr\">social de crian\u00e7as e adolescentes <\/span><span dir=\"ltr\">(SP<\/span><span dir=\"ltr\">&#8211;<\/span><span dir=\"ltr\">PROSO)<\/span><\/a> <\/p><\/div>\n\t\t\t\t\t\t\t<\/div>\n\t\t<\/div>\n\t\t\t\t<\/div>\n\t\t\t\t<\/div>\n\t\t\t\t\t<\/div>\n\t\t<\/div>\n\t\t\t\t\t<\/div>\n\t\t<\/section>\n\t\t\t\t<\/div>\n\t\t","protected":false},"excerpt":{"rendered":"<p>2021 Artigos Artigos A global analysis of the impact of COVID-19 stay-at-home restrictions on crime Social Disorganization and Urban Homicide Rates: A Spatial-Temporal Analysis in S\u00e3o Paulo, Brazil 2000 to 2015 2020 Artigos Apresenta\u00e7\u00f5es&#46;&#46;&#46;<\/p>\n","protected":false},"author":977,"featured_media":0,"parent":0,"menu_order":4,"comment_status":"closed","ping_status":"closed","template":"","meta":{"footnotes":"","_links_to":"","_links_to_target":""},"class_list":["post-264","page","type-page","status-publish","hentry"],"_links":{"self":[{"href":"https:\/\/sites.usp.br\/lieves\/wp-json\/wp\/v2\/pages\/264","targetHints":{"allow":["GET"]}}],"collection":[{"href":"https:\/\/sites.usp.br\/lieves\/wp-json\/wp\/v2\/pages"}],"about":[{"href":"https:\/\/sites.usp.br\/lieves\/wp-json\/wp\/v2\/types\/page"}],"author":[{"embeddable":true,"href":"https:\/\/sites.usp.br\/lieves\/wp-json\/wp\/v2\/users\/977"}],"replies":[{"embeddable":true,"href":"https:\/\/sites.usp.br\/lieves\/wp-json\/wp\/v2\/comments?post=264"}],"version-history":[{"count":4,"href":"https:\/\/sites.usp.br\/lieves\/wp-json\/wp\/v2\/pages\/264\/revisions"}],"predecessor-version":[{"id":551,"href":"https:\/\/sites.usp.br\/lieves\/wp-json\/wp\/v2\/pages\/264\/revisions\/551"}],"wp:attachment":[{"href":"https:\/\/sites.usp.br\/lieves\/wp-json\/wp\/v2\/media?parent=264"}],"curies":[{"name":"wp","href":"https:\/\/api.w.org\/{rel}","templated":true}]}}