{"id":79,"date":"2014-02-24T16:51:20","date_gmt":"2014-02-24T18:51:20","guid":{"rendered":"http:\/\/sites.usp.br\/lieves\/?page_id=79"},"modified":"2021-05-05T12:04:08","modified_gmt":"2021-05-05T15:04:08","slug":"pagina-inicial","status":"publish","type":"page","link":"https:\/\/sites.usp.br\/lieves\/","title":{"rendered":"Apresenta\u00e7\u00e3o"},"content":{"rendered":"\t\t<div data-elementor-type=\"wp-post\" data-elementor-id=\"79\" class=\"elementor elementor-79\" data-elementor-post-type=\"page\">\n\t\t\t\t\t\t<section class=\"elementor-section elementor-top-section elementor-element elementor-element-1a0774e8 elementor-section-boxed elementor-section-height-default elementor-section-height-default\" data-id=\"1a0774e8\" data-element_type=\"section\">\n\t\t\t\t\t\t<div class=\"elementor-container elementor-column-gap-default\">\n\t\t\t\t\t<div class=\"elementor-column elementor-col-50 elementor-top-column elementor-element elementor-element-707ab61b\" data-id=\"707ab61b\" data-element_type=\"column\">\n\t\t\t<div class=\"elementor-widget-wrap elementor-element-populated\">\n\t\t\t\t\t\t<div class=\"elementor-element elementor-element-7620264 elementor-widget elementor-widget-text-editor\" data-id=\"7620264\" data-element_type=\"widget\" data-widget_type=\"text-editor.default\">\n\t\t\t\t<div class=\"elementor-widget-container\">\n\t\t\t\t\t\t\t<h1>Apresenta\u00e7\u00e3o<\/h1>\t\t\t\t\t\t<\/div>\n\t\t\t\t<\/div>\n\t\t\t\t<div class=\"elementor-element elementor-element-0886a5d elementor-widget elementor-widget-text-editor\" data-id=\"0886a5d\" data-element_type=\"widget\" data-widget_type=\"text-editor.default\">\n\t\t\t\t<div class=\"elementor-widget-container\">\n\t\t\t\t\t\t\t<p>O Laborat\u00f3rio Interdisciplinar\u00a0 de\u00a0 Estudos sobre Viol\u00eancia e Sa\u00fade (LIEVES) \u00e9 um grupo de pesquisa cadastrado no Conselho Nacional de Desenvolvimento\u00a0 Cient\u00edfico e Tecnol\u00f3gico (CNPq) do\u00a0<a href=\"http:\/\/www2.fm.usp.br\/preventiva\/\" target=\"_blank\" rel=\"noopener\">Departamento de Medicina Preventiva\u00a0<\/a>da\u00a0<a href=\"https:\/\/www3.fm.usp.br\/fmusp\/portal\/\" target=\"_blank\" rel=\"noopener\">Faculdade de Medicina<\/a>\u00a0da <a href=\"https:\/\/www5.usp.br\/\" target=\"_blank\" rel=\"noopener\">USP<\/a>.\u00a0 Criado\u00a0 em 2021, o LIEVES tem como objetivo produzir conhecimento cient\u00edfico sobre diferentes aspectos das rela\u00e7\u00f5es entre viol\u00eancia e\u00a0 sa\u00fade.<\/p><p class=\"p1\">Ao longo das \u00faltimas d\u00e9cadas a viol\u00eancia se tornou um das principais preocupa\u00e7\u00f5es da sociedade brasileira. Desde ent\u00e3o, \u00e9 crescente a produ\u00e7\u00e3o acad\u00eamica sobre o tema, especialmente no campo das ci\u00eancias sociais. Repercuss\u00f5es da viol\u00eancia na sa\u00fade, como a alta mortalidade, a morbidade associada e as demandas aos servi\u00e7os, fizeram com que a\u00a0<a href=\"https:\/\/www.who.int\/nmh\/about\/vip\/en\/\" target=\"_blank\" rel=\"noopener\">Organiza\u00e7\u00e3o Mundial de Sa\u00fade <\/a>(OMS) reconhecesse a viol\u00eancia como um grave problema de sa\u00fade p\u00fablica no mundo. No Brasil o campo da sa\u00fade coletiva vem se debru\u00e7ando sobre a tem\u00e1tica, com avan\u00e7os significativos, especialmente no que se refere \u00e0 viol\u00eancia de g\u00eanero e por parceiro \u00edntimo. O LIEVES se soma a essas iniciativas com uma abordagem espec\u00edfica: uma preocupa\u00e7\u00e3o com a viol\u00eancia juvenil e os homic\u00eddios, e um interesse em desenvolver pesquisa que subsidiem a\u00e7\u00f5es pr\u00e1ticas e pol\u00edticas p\u00fablicas de preven\u00e7\u00e3o. Para isso o nosso grupo congrega pesquisadores de diversas \u00e1reas do conhecimento, n\u00e3o s\u00f3 da USP mas tamb\u00e9m da Universidade Federal da Bahia, da Universidade Federal de Uberl\u00e2ndia, e\u00a0 da University College London.<\/p>\t\t\t\t\t\t<\/div>\n\t\t\t\t<\/div>\n\t\t\t\t<div class=\"elementor-element elementor-element-7b9ad37 elementor-widget elementor-widget-image\" data-id=\"7b9ad37\" data-element_type=\"widget\" data-widget_type=\"image.default\">\n\t\t\t\t<div class=\"elementor-widget-container\">\n\t\t\t\t\t\t\t\t\t\t\t\t\t<img fetchpriority=\"high\" decoding=\"async\" width=\"1150\" height=\"330\" src=\"https:\/\/sites.usp.br\/lieves\/wp-content\/uploads\/sites\/883\/2021\/04\/Frente_FMUSP.png\" class=\"attachment-1536x1536 size-1536x1536 wp-image-401\" alt=\"\" srcset=\"https:\/\/sites.usp.br\/lieves\/wp-content\/uploads\/sites\/883\/2021\/04\/Frente_FMUSP.png 1150w, https:\/\/sites.usp.br\/lieves\/wp-content\/uploads\/sites\/883\/2021\/04\/Frente_FMUSP-300x86.png 300w, https:\/\/sites.usp.br\/lieves\/wp-content\/uploads\/sites\/883\/2021\/04\/Frente_FMUSP-1024x294.png 1024w, https:\/\/sites.usp.br\/lieves\/wp-content\/uploads\/sites\/883\/2021\/04\/Frente_FMUSP-768x220.png 768w, https:\/\/sites.usp.br\/lieves\/wp-content\/uploads\/sites\/883\/2021\/04\/Frente_FMUSP-400x115.png 400w\" sizes=\"(max-width: 1150px) 100vw, 1150px\" \/>\t\t\t\t\t\t\t\t\t\t\t\t\t<\/div>\n\t\t\t\t<\/div>\n\t\t\t\t<div class=\"elementor-element elementor-element-9f44208 elementor-widget elementor-widget-heading\" data-id=\"9f44208\" data-element_type=\"widget\" data-widget_type=\"heading.default\">\n\t\t\t\t<div class=\"elementor-widget-container\">\n\t\t\t<h2 class=\"elementor-heading-title elementor-size-default\"><br>Os nossos objetivos<\/h2>\t\t<\/div>\n\t\t\t\t<\/div>\n\t\t\t\t<div class=\"elementor-element elementor-element-c54fc01 elementor-widget elementor-widget-text-editor\" data-id=\"c54fc01\" data-element_type=\"widget\" data-widget_type=\"text-editor.default\">\n\t\t\t\t<div class=\"elementor-widget-container\">\n\t\t\t\t\t\t\t<p>O LIEVES tem como principal objetivo p<span style=\"font-family: Roboto, sans-serif; font-size: 18px; font-style: normal; font-variant-ligatures: normal; font-variant-caps: normal; font-weight: 400;\">roduzir conhecimento aplicado para subsidiar a formula\u00e7\u00e3o de respostas intersetoriais para a preven\u00e7\u00e3o viol\u00eancia entre crian\u00e7as, adolescentes e jovens. Para isso consideramos fundamental o\u00a0 desenvolvimento de\u00a0<\/span><span style=\"font-family: Roboto, sans-serif; font-size: 18px; font-style: normal; font-variant-ligatures: normal; font-variant-caps: normal; font-weight: 400;\">projetos em parceria com o setor publico,\u00a0 e colaborar com o desenvolvimento de planos e propostas de programas e pol\u00edticas de preven\u00e7\u00e3o. Os projetos do LIEVES pretendem aprofundar o conhecimento sobre fatores de risco e situa\u00e7\u00f5es de vulnerabilidade\u00a0<\/span><span style=\"font-family: Roboto, sans-serif; font-size: 18px; font-style: normal; font-variant-ligatures: normal; font-variant-caps: normal; font-weight: 400;\">para viol\u00eancia juvenil, estudar\u00a0<\/span><span style=\"font-family: Roboto, sans-serif; font-size: 18px; font-style: normal; font-variant-ligatures: normal; font-variant-caps: normal; font-weight: 400;\">as repercuss\u00f5es da viol\u00eancia na sa\u00fade de adolescentes e os<\/span><span style=\"font-family: Roboto, sans-serif; font-size: 18px; font-style: normal; font-variant-ligatures: normal; font-variant-caps: normal; font-weight: 400;\"> comportamentos de risco na adolesc\u00eancia.<\/span><\/p>\t\t\t\t\t\t<\/div>\n\t\t\t\t<\/div>\n\t\t\t\t<div class=\"elementor-element elementor-element-389535f elementor-widget elementor-widget-heading\" data-id=\"389535f\" data-element_type=\"widget\" data-widget_type=\"heading.default\">\n\t\t\t\t<div class=\"elementor-widget-container\">\n\t\t\t<h2 class=\"elementor-heading-title elementor-size-default\">N\u00f3s fazemos parte:<\/h2>\t\t<\/div>\n\t\t\t\t<\/div>\n\t\t\t\t<section class=\"elementor-section elementor-inner-section elementor-element elementor-element-2c8a69c elementor-section-content-middle elementor-section-boxed elementor-section-height-default elementor-section-height-default\" data-id=\"2c8a69c\" data-element_type=\"section\">\n\t\t\t\t\t\t<div class=\"elementor-container elementor-column-gap-default\">\n\t\t\t\t\t<div class=\"elementor-column elementor-col-33 elementor-inner-column elementor-element elementor-element-2abff3a\" data-id=\"2abff3a\" data-element_type=\"column\">\n\t\t\t<div class=\"elementor-widget-wrap elementor-element-populated\">\n\t\t\t\t\t\t<div class=\"elementor-element elementor-element-ecb7e74 elementor-widget elementor-widget-image\" data-id=\"ecb7e74\" data-element_type=\"widget\" data-widget_type=\"image.default\">\n\t\t\t\t<div class=\"elementor-widget-container\">\n\t\t\t\t\t\t\t\t\t\t\t\t\t\t<a href=\"https:\/\/www.end-violence.org\/\">\n\t\t\t\t\t\t\t<img decoding=\"async\" width=\"300\" height=\"87\" src=\"https:\/\/sites.usp.br\/lieves\/wp-content\/uploads\/sites\/883\/2021\/04\/logo-end-violence-800_1-300x87.png\" class=\"attachment-medium size-medium wp-image-402\" alt=\"\" srcset=\"https:\/\/sites.usp.br\/lieves\/wp-content\/uploads\/sites\/883\/2021\/04\/logo-end-violence-800_1-300x87.png 300w, https:\/\/sites.usp.br\/lieves\/wp-content\/uploads\/sites\/883\/2021\/04\/logo-end-violence-800_1-768x224.png 768w, https:\/\/sites.usp.br\/lieves\/wp-content\/uploads\/sites\/883\/2021\/04\/logo-end-violence-800_1-400x117.png 400w, https:\/\/sites.usp.br\/lieves\/wp-content\/uploads\/sites\/883\/2021\/04\/logo-end-violence-800_1.png 800w\" sizes=\"(max-width: 300px) 100vw, 300px\" \/>\t\t\t\t\t\t\t\t<\/a>\n\t\t\t\t\t\t\t\t\t\t\t\t\t<\/div>\n\t\t\t\t<\/div>\n\t\t\t\t\t<\/div>\n\t\t<\/div>\n\t\t\t\t<div class=\"elementor-column elementor-col-33 elementor-inner-column elementor-element elementor-element-c602143\" data-id=\"c602143\" data-element_type=\"column\">\n\t\t\t<div class=\"elementor-widget-wrap elementor-element-populated\">\n\t\t\t\t\t\t<div class=\"elementor-element elementor-element-e29893c elementor-widget elementor-widget-image\" data-id=\"e29893c\" data-element_type=\"widget\" data-widget_type=\"image.default\">\n\t\t\t\t<div class=\"elementor-widget-container\">\n\t\t\t\t\t\t\t\t\t\t\t\t\t<img decoding=\"async\" src=\"https:\/\/sites.usp.br\/lieves\/wp-content\/uploads\/sites\/883\/elementor\/thumbs\/logo_coalizao_1a-p4afotq7ii9fr20jspmuxh0ul40taj2y92i5uudvq4.png\" title=\"logo_coalizao_1a\" alt=\"logo_coalizao_1a\" loading=\"lazy\" \/>\t\t\t\t\t\t\t\t\t\t\t\t\t<\/div>\n\t\t\t\t<\/div>\n\t\t\t\t\t<\/div>\n\t\t<\/div>\n\t\t\t\t<div class=\"elementor-column elementor-col-33 elementor-inner-column elementor-element elementor-element-dd9d232\" data-id=\"dd9d232\" data-element_type=\"column\">\n\t\t\t<div class=\"elementor-widget-wrap elementor-element-populated\">\n\t\t\t\t\t\t<div class=\"elementor-element elementor-element-a783f26 elementor-widget elementor-widget-image\" data-id=\"a783f26\" data-element_type=\"widget\" data-widget_type=\"image.default\">\n\t\t\t\t<div class=\"elementor-widget-container\">\n\t\t\t\t\t\t\t\t\t\t\t\t\t\t<a href=\"https:\/\/www.unicef.org\/brazil\/media\/13346\/file\/relatorio-2020_comite-paulista-prevencao-homicidios-adolescencia.pdf\">\n\t\t\t\t\t\t\t<img decoding=\"async\" width=\"612\" height=\"408\" src=\"https:\/\/sites.usp.br\/lieves\/wp-content\/uploads\/sites\/883\/2021\/04\/Logo_Comite-Paulista.png\" class=\"attachment-large size-large wp-image-405\" alt=\"\" srcset=\"https:\/\/sites.usp.br\/lieves\/wp-content\/uploads\/sites\/883\/2021\/04\/Logo_Comite-Paulista.png 612w, https:\/\/sites.usp.br\/lieves\/wp-content\/uploads\/sites\/883\/2021\/04\/Logo_Comite-Paulista-300x200.png 300w, https:\/\/sites.usp.br\/lieves\/wp-content\/uploads\/sites\/883\/2021\/04\/Logo_Comite-Paulista-400x267.png 400w\" sizes=\"(max-width: 612px) 100vw, 612px\" \/>\t\t\t\t\t\t\t\t<\/a>\n\t\t\t\t\t\t\t\t\t\t\t\t\t<\/div>\n\t\t\t\t<\/div>\n\t\t\t\t\t<\/div>\n\t\t<\/div>\n\t\t\t\t\t<\/div>\n\t\t<\/section>\n\t\t\t\t\t<\/div>\n\t\t<\/div>\n\t\t\t\t<div class=\"elementor-column elementor-col-50 elementor-top-column elementor-element elementor-element-ff8800c\" data-id=\"ff8800c\" data-element_type=\"column\">\n\t\t\t<div class=\"elementor-widget-wrap elementor-element-populated\">\n\t\t\t\t\t\t<div class=\"elementor-element elementor-element-a3928cb elementor-widget elementor-widget-heading\" data-id=\"a3928cb\" data-element_type=\"widget\" data-widget_type=\"heading.default\">\n\t\t\t\t<div class=\"elementor-widget-container\">\n\t\t\t<h2 class=\"elementor-heading-title elementor-size-default\"><a href=\"https:\/\/sites.usp.br\/lieves\/saibamais\/\">Saiba mais sobre preven\u00e7\u00e3o da Viol\u00eancia<\/a><\/h2>\t\t<\/div>\n\t\t\t\t<\/div>\n\t\t\t\t<div class=\"elementor-element elementor-element-634dff0 elementor-widget elementor-widget-wp-widget-slideshowwidget\" data-id=\"634dff0\" data-element_type=\"widget\" data-widget_type=\"wp-widget-slideshowwidget.default\">\n\t\t\t\t<div class=\"elementor-widget-container\">\n\t\t\t\r\n\t<div class=\"slideshow_container slideshow_container_style-light\" style=\"height: 292px; \" data-slideshow-id=\"82\" data-style-name=\"style-light\" data-style-version=\"2.3.1\" >\r\n\r\n\t\t\t\t\t<div class=\"slideshow_loading_icon\"><\/div>\r\n\t\t\r\n\t\t<div class=\"slideshow_content\" style=\"display: none;\">\r\n\r\n\t\t\t<div class=\"slideshow_view\">\r\n\t\t\t\t<div class=\"slideshow_slide slideshow_slide_image\">\r\n\t\t\t\t\t<a href=\"https:\/\/sites.usp.br\/sp-proso\/wp-content\/uploads\/sites\/526\/2019\/06\/2_INSPIRE_sete-estrat%C3%A9gias-para-p%C3%B4r-fim-%C3%A0-viol%C3%AAncia-contra-crian%C3%A7as.pdf\" target=\"_blank\" >\t\t\t\t\t\t<img loading=\"lazy\" decoding=\"async\" src=\"https:\/\/sites.usp.br\/lieves\/wp-content\/uploads\/sites\/883\/2014\/09\/Captura-de-Tela-2021-03-15-a\u0300s-18.20.35.png\" alt=\"Captura de Tela 2021-03-15 a\u0300s 18.20.35\" width=\"320\" height=\"454\" \/>\r\n\t\t\t\t\t<\/a>\t\t\t\t\t<div class=\"slideshow_description_box slideshow_transparent\">\r\n\t\t\t\t\t\t<div class=\"slideshow_title\"><a href=\"https:\/\/sites.usp.br\/sp-proso\/wp-content\/uploads\/sites\/526\/2019\/06\/2_INSPIRE_sete-estrat%C3%A9gias-para-p%C3%B4r-fim-%C3%A0-viol%C3%AAncia-contra-crian%C3%A7as.pdf\" target=\"_blank\" >Captura de Tela 2021-03-15 a\u0300s 18.20.35<\/a><\/div>\t\t\t\t\t\t\t\t\t\t\t<\/div>\r\n\t\t\t\t<\/div>\r\n\r\n\t\t\t\t\t\t<div style=\"clear: both;\"><\/div><\/div><div class=\"slideshow_view\">\r\n\t\t\t\t<div class=\"slideshow_slide slideshow_slide_image\">\r\n\t\t\t\t\t<a href=\"https:\/\/www.abrasco.org.br\/site\/gtviolenciaesaude\/violencia-e-covid-19\/\" target=\"_blank\" >\t\t\t\t\t\t<img loading=\"lazy\" decoding=\"async\" src=\"https:\/\/sites.usp.br\/lieves\/wp-content\/uploads\/sites\/883\/2014\/09\/Captura-de-Tela-2021-03-15-a\u0300s-18.01.29.png\" alt=\"Captura de Tela 2021-03-15 a\u0300s 18.01.29\" width=\"942\" height=\"958\" \/>\r\n\t\t\t\t\t<\/a>\t\t\t\t\t<div class=\"slideshow_description_box slideshow_transparent\">\r\n\t\t\t\t\t\t<div class=\"slideshow_title\"><a href=\"https:\/\/www.abrasco.org.br\/site\/gtviolenciaesaude\/violencia-e-covid-19\/\" target=\"_blank\" >Captura de Tela 2021-03-15 a\u0300s 18.01.29<\/a><\/div>\t\t\t\t\t\t\t\t\t\t\t<\/div>\r\n\t\t\t\t<\/div>\r\n\r\n\t\t\t\t\t\t<div style=\"clear: both;\"><\/div><\/div><div class=\"slideshow_view\">\r\n\t\t\t\t<div class=\"slideshow_slide slideshow_slide_image\">\r\n\t\t\t\t\t<a href=\"https:\/\/sites.usp.br\/sp-proso\/wp-content\/uploads\/sites\/526\/2019\/06\/relatorio_sp_proso_26_05_2019.pdf\" target=\"_blank\" >\t\t\t\t\t\t<img loading=\"lazy\" decoding=\"async\" src=\"https:\/\/sites.usp.br\/lieves\/wp-content\/uploads\/sites\/883\/2014\/09\/capa_relatorio.png\" alt=\"capa_relatorio\" width=\"625\" height=\"888\" \/>\r\n\t\t\t\t\t<\/a>\t\t\t\t\t<div class=\"slideshow_description_box slideshow_transparent\">\r\n\t\t\t\t\t\t<div class=\"slideshow_title\"><a href=\"https:\/\/sites.usp.br\/sp-proso\/wp-content\/uploads\/sites\/526\/2019\/06\/relatorio_sp_proso_26_05_2019.pdf\" target=\"_blank\" >capa_relatorio<\/a><\/div>\t\t\t\t\t\t\t\t\t\t\t<\/div>\r\n\t\t\t\t<\/div>\r\n\r\n\t\t\t\t\t\t<div style=\"clear: both;\"><\/div><\/div><div class=\"slideshow_view\">\r\n\t\t\t\t<div class=\"slideshow_slide slideshow_slide_image\">\r\n\t\t\t\t\t<a href=\"https:\/\/sites.usp.br\/sp-proso\/wp-content\/uploads\/sites\/526\/2019\/07\/violencia_escolar_bullying_unesco.pdf\" target=\"_blank\" >\t\t\t\t\t\t<img loading=\"lazy\" decoding=\"async\" src=\"https:\/\/sites.usp.br\/lieves\/wp-content\/uploads\/sites\/883\/2014\/09\/capa_violenciaescolar_unesco.png\" alt=\"capa_violenciaescolar_unesco\" width=\"624\" height=\"779\" \/>\r\n\t\t\t\t\t<\/a>\t\t\t\t\t<div class=\"slideshow_description_box slideshow_transparent\">\r\n\t\t\t\t\t\t<div class=\"slideshow_title\"><a href=\"https:\/\/sites.usp.br\/sp-proso\/wp-content\/uploads\/sites\/526\/2019\/07\/violencia_escolar_bullying_unesco.pdf\" target=\"_blank\" >capa_violenciaescolar_unesco<\/a><\/div>\t\t\t\t\t\t\t\t\t\t\t<\/div>\r\n\t\t\t\t<\/div>\r\n\r\n\t\t\t\t\t\t<div style=\"clear: both;\"><\/div><\/div><div class=\"slideshow_view\">\r\n\t\t\t\t<div class=\"slideshow_slide slideshow_slide_image\">\r\n\t\t\t\t\t<a href=\"https:\/\/sites.usp.br\/sp-proso\/wp-content\/uploads\/sites\/526\/2019\/06\/3_OMS_Prevenindo-a-viol%C3%AAncia-juvenil-1.pdf\" target=\"_blank\" >\t\t\t\t\t\t<img loading=\"lazy\" decoding=\"async\" src=\"https:\/\/sites.usp.br\/lieves\/wp-content\/uploads\/sites\/883\/2014\/09\/oms.png\" alt=\"oms\" width=\"409\" height=\"576\" \/>\r\n\t\t\t\t\t<\/a>\t\t\t\t\t<div class=\"slideshow_description_box slideshow_transparent\">\r\n\t\t\t\t\t\t<div class=\"slideshow_title\"><a href=\"https:\/\/sites.usp.br\/sp-proso\/wp-content\/uploads\/sites\/526\/2019\/06\/3_OMS_Prevenindo-a-viol%C3%AAncia-juvenil-1.pdf\" target=\"_blank\" >oms<\/a><\/div>\t\t\t\t\t\t\t\t\t\t\t<\/div>\r\n\t\t\t\t<\/div>\r\n\r\n\t\t\t\t\t\t<div style=\"clear: both;\"><\/div><\/div><div class=\"slideshow_view\">\r\n\t\t\t\t<div class=\"slideshow_slide slideshow_slide_image\">\r\n\t\t\t\t\t<a href=\"https:\/\/sites.usp.br\/sp-proso\/wp-content\/uploads\/sites\/526\/2019\/08\/school_based_violence_prevention.pdf\" target=\"_blank\" >\t\t\t\t\t\t<img loading=\"lazy\" decoding=\"async\" src=\"https:\/\/sites.usp.br\/lieves\/wp-content\/uploads\/sites\/883\/2014\/09\/capa_school_based_viol_prevention.png\" alt=\"capa_school_based_viol_prevention\" width=\"591\" height=\"826\" \/>\r\n\t\t\t\t\t<\/a>\t\t\t\t\t<div class=\"slideshow_description_box slideshow_transparent\">\r\n\t\t\t\t\t\t<div class=\"slideshow_title\"><a href=\"https:\/\/sites.usp.br\/sp-proso\/wp-content\/uploads\/sites\/526\/2019\/08\/school_based_violence_prevention.pdf\" target=\"_blank\" >capa_school_based_viol_prevention<\/a><\/div>\t\t\t\t\t\t\t\t\t\t\t<\/div>\r\n\t\t\t\t<\/div>\r\n\r\n\t\t\t\t\t\t<div style=\"clear: both;\"><\/div><\/div><div class=\"slideshow_view\">\r\n\t\t\t\t<div class=\"slideshow_slide slideshow_slide_image\">\r\n\t\t\t\t\t<a href=\"https:\/\/nev.prp.usp.br\/wp-content\/uploads\/2015\/11\/1579-VIP-Main-report-Pt-Br-26-10-2015.pdf\" target=\"_blank\" >\t\t\t\t\t\t<img loading=\"lazy\" decoding=\"async\" src=\"https:\/\/sites.usp.br\/lieves\/wp-content\/uploads\/sites\/883\/2014\/09\/Capa-GSR2015.jpeg\" alt=\"Capa GSR2015\" width=\"189\" height=\"267\" \/>\r\n\t\t\t\t\t<\/a>\t\t\t\t\t<div class=\"slideshow_description_box slideshow_transparent\">\r\n\t\t\t\t\t\t<div class=\"slideshow_title\"><a href=\"https:\/\/nev.prp.usp.br\/wp-content\/uploads\/2015\/11\/1579-VIP-Main-report-Pt-Br-26-10-2015.pdf\" target=\"_blank\" >Capa GSR2015<\/a><\/div>\t\t\t\t\t\t\t\t\t\t\t<\/div>\r\n\t\t\t\t<\/div>\r\n\r\n\t\t\t\t\t\t<div style=\"clear: both;\"><\/div><\/div><div class=\"slideshow_view\">\r\n\t\t\t\t<div class=\"slideshow_slide slideshow_slide_image\">\r\n\t\t\t\t\t<a href=\"https:\/\/sites.usp.br\/sp-proso\/wp-content\/uploads\/sites\/526\/2019\/11\/executive_sumary_spproso_11.24.19.pdf\" target=\"_blank\" >\t\t\t\t\t\t<img loading=\"lazy\" decoding=\"async\" src=\"https:\/\/sites.usp.br\/lieves\/wp-content\/uploads\/sites\/883\/2014\/09\/cover_es_english-1.png\" alt=\"cover_es_english\" width=\"230\" height=\"320\" \/>\r\n\t\t\t\t\t<\/a>\t\t\t\t\t<div class=\"slideshow_description_box slideshow_transparent\">\r\n\t\t\t\t\t\t<div class=\"slideshow_title\"><a href=\"https:\/\/sites.usp.br\/sp-proso\/wp-content\/uploads\/sites\/526\/2019\/11\/executive_sumary_spproso_11.24.19.pdf\" target=\"_blank\" >cover_es_english<\/a><\/div>\t\t\t\t\t\t\t\t\t\t\t<\/div>\r\n\t\t\t\t<\/div>\r\n\r\n\t\t\t\t\t\t<div style=\"clear: both;\"><\/div><\/div>\r\n\t\t<\/div>\r\n\r\n\t\t<div class=\"slideshow_controlPanel slideshow_transparent\" style=\"display: none;\"><ul><li class=\"slideshow_togglePlay\" data-play-text=\"Acionar\" data-pause-text=\"Pausar\"><\/li><\/ul><\/div>\r\n\r\n\t\t<div class=\"slideshow_button slideshow_previous slideshow_transparent\" role=\"button\" data-previous-text=\"Anterior\" style=\"display: none;\"><\/div>\r\n\t\t<div class=\"slideshow_button slideshow_next slideshow_transparent\" role=\"button\" data-next-text=\"Pr\u00f3ximo\" style=\"display: none;\"><\/div>\r\n\r\n\t\t<div class=\"slideshow_pagination\" style=\"display: none;\" data-go-to-text=\"Ir para o slide\"><div class=\"slideshow_pagination_center\"><\/div><\/div>\r\n\r\n\t\t<!-- WordPress Slideshow Version 2.3.1 -->\r\n\r\n\t\t\t<\/div>\r\n\r\n\t\t<\/div>\n\t\t\t\t<\/div>\n\t\t\t\t<div class=\"elementor-element elementor-element-9f270ee elementor-widget elementor-widget-heading\" data-id=\"9f270ee\" data-element_type=\"widget\" data-widget_type=\"heading.default\">\n\t\t\t\t<div class=\"elementor-widget-container\">\n\t\t\t<h2 class=\"elementor-heading-title elementor-size-default\">Acontece no LIEVES<\/h2>\t\t<\/div>\n\t\t\t\t<\/div>\n\t\t\t\t<div class=\"elementor-element elementor-element-cd4fd6d elementor-widget elementor-widget-wp-widget-slideshowwidget\" data-id=\"cd4fd6d\" data-element_type=\"widget\" data-widget_type=\"wp-widget-slideshowwidget.default\">\n\t\t\t\t<div class=\"elementor-widget-container\">\n\t\t\t\r\n\t<div class=\"slideshow_container slideshow_container_style-light\" style=\"height: 292px; \" data-slideshow-id=\"420\" data-style-name=\"style-light\" data-style-version=\"2.3.1\" >\r\n\r\n\t\t\t\t\t<div class=\"slideshow_loading_icon\"><\/div>\r\n\t\t\r\n\t\t<div class=\"slideshow_content\" style=\"display: none;\">\r\n\r\n\t\t\t<div class=\"slideshow_view\">\r\n\t\t\t\t<div class=\"slideshow_slide slideshow_slide_image\">\r\n\t\t\t\t\t\t\t\t\t\t\t<img loading=\"lazy\" decoding=\"async\" src=\"https:\/\/sites.usp.br\/lieves\/wp-content\/uploads\/sites\/883\/2021\/03\/WhatsApp-Image-2021-04-22-at-13.43.40.jpeg\" alt=\"Divulga\u00e7\u00e3o LIEVES Linha de Cuidado\" width=\"1080\" height=\"1080\" \/>\r\n\t\t\t\t\t\t\t\t\t\t<div class=\"slideshow_description_box slideshow_transparent\">\r\n\t\t\t\t\t\t<div class=\"slideshow_title\">Divulga\u00e7\u00e3o LIEVES Linha de Cuidado<\/div>\t\t\t\t\t\t\t\t\t\t\t<\/div>\r\n\t\t\t\t<\/div>\r\n\r\n\t\t\t\t\t\t<div style=\"clear: both;\"><\/div><\/div><div class=\"slideshow_view\">\r\n\t\t\t\t<div class=\"slideshow_slide slideshow_slide_image\">\r\n\t\t\t\t\t\t\t\t\t\t\t<img loading=\"lazy\" decoding=\"async\" src=\"https:\/\/sites.usp.br\/lieves\/wp-content\/uploads\/sites\/883\/2021\/04\/Divulgacao-LIEVES-AnaClara.png\" alt=\"Divulga\u00e7\u00e3o LIEVES AnaClara\" width=\"1080\" height=\"1080\" \/>\r\n\t\t\t\t\t\t\t\t\t\t<div class=\"slideshow_description_box slideshow_transparent\">\r\n\t\t\t\t\t\t<div class=\"slideshow_title\">Divulga\u00e7\u00e3o LIEVES AnaClara<\/div>\t\t\t\t\t\t<div class=\"slideshow_description\">Agir e interagir na preven\u00e7\u00e3o da viol\u00eancia: estudo em um bairro popular de Salvador - Bahia<\/div>\t\t\t\t\t<\/div>\r\n\t\t\t\t<\/div>\r\n\r\n\t\t\t\t\t\t<div style=\"clear: both;\"><\/div><\/div><div class=\"slideshow_view\">\r\n\t\t\t\t<div class=\"slideshow_slide slideshow_slide_image\">\r\n\t\t\t\t\t\t\t\t\t\t\t<img loading=\"lazy\" decoding=\"async\" src=\"https:\/\/sites.usp.br\/lieves\/wp-content\/uploads\/sites\/883\/2021\/04\/Divulgacao-LIEVES-PODHE_2.png\" alt=\"Divulga\u00e7\u00e3o LIEVES PODHE\" width=\"1080\" height=\"1080\" \/>\r\n\t\t\t\t\t\t\t\t\t\t<div class=\"slideshow_description_box slideshow_transparent\">\r\n\t\t\t\t\t\t<div class=\"slideshow_title\">Divulga\u00e7\u00e3o LIEVES PODHE<\/div>\t\t\t\t\t\t<div class=\"slideshow_description\">Educa\u00e7\u00e3o em direitos humanos e preven\u00e7\u00e3o \u00e0 viol\u00eancia: a experi\u00eancia do Projeto Observat\u00f3rio de Direitos Humanos em Escolas (PODHE\/NEV)<\/div>\t\t\t\t\t<\/div>\r\n\t\t\t\t<\/div>\r\n\r\n\t\t\t\t\t\t<div style=\"clear: both;\"><\/div><\/div>\r\n\t\t<\/div>\r\n\r\n\t\t<div class=\"slideshow_controlPanel slideshow_transparent\" style=\"display: none;\"><ul><li class=\"slideshow_togglePlay\" data-play-text=\"Acionar\" data-pause-text=\"Pausar\"><\/li><\/ul><\/div>\r\n\r\n\t\t<div class=\"slideshow_button slideshow_previous slideshow_transparent\" role=\"button\" data-previous-text=\"Anterior\" style=\"display: none;\"><\/div>\r\n\t\t<div class=\"slideshow_button slideshow_next slideshow_transparent\" role=\"button\" data-next-text=\"Pr\u00f3ximo\" style=\"display: none;\"><\/div>\r\n\r\n\t\t<div class=\"slideshow_pagination\" style=\"display: none;\" data-go-to-text=\"Ir para o slide\"><div class=\"slideshow_pagination_center\"><\/div><\/div>\r\n\r\n\t\t<!-- WordPress Slideshow Version 2.3.1 -->\r\n\r\n\t\t\t<\/div>\r\n\r\n\t\t<\/div>\n\t\t\t\t<\/div>\n\t\t\t\t<div class=\"elementor-element elementor-element-240ea99 elementor-widget elementor-widget-spacer\" data-id=\"240ea99\" data-element_type=\"widget\" data-widget_type=\"spacer.default\">\n\t\t\t\t<div class=\"elementor-widget-container\">\n\t\t\t\t\t<div class=\"elementor-spacer\">\n\t\t\t<div class=\"elementor-spacer-inner\"><\/div>\n\t\t<\/div>\n\t\t\t\t<\/div>\n\t\t\t\t<\/div>\n\t\t\t\t\t<\/div>\n\t\t<\/div>\n\t\t\t\t\t<\/div>\n\t\t<\/section>\n\t\t\t\t<\/div>\n\t\t","protected":false},"excerpt":{"rendered":"<p>Apresenta\u00e7\u00e3o O Laborat\u00f3rio Interdisciplinar\u00a0 de\u00a0 Estudos sobre Viol\u00eancia e Sa\u00fade (LIEVES) \u00e9 um grupo de pesquisa cadastrado no Conselho Nacional de Desenvolvimento\u00a0 Cient\u00edfico e Tecnol\u00f3gico (CNPq) do\u00a0Departamento de Medicina Preventiva\u00a0da\u00a0Faculdade de Medicina\u00a0da USP.\u00a0 Criado\u00a0&#46;&#46;&#46;<\/p>\n","protected":false},"author":1,"featured_media":0,"parent":0,"menu_order":0,"comment_status":"closed","ping_status":"closed","template":"","meta":{"footnotes":"","_links_to":"","_links_to_target":""},"class_list":["post-79","page","type-page","status-publish","hentry"],"_links":{"self":[{"href":"https:\/\/sites.usp.br\/lieves\/wp-json\/wp\/v2\/pages\/79","targetHints":{"allow":["GET"]}}],"collection":[{"href":"https:\/\/sites.usp.br\/lieves\/wp-json\/wp\/v2\/pages"}],"about":[{"href":"https:\/\/sites.usp.br\/lieves\/wp-json\/wp\/v2\/types\/page"}],"author":[{"embeddable":true,"href":"https:\/\/sites.usp.br\/lieves\/wp-json\/wp\/v2\/users\/1"}],"replies":[{"embeddable":true,"href":"https:\/\/sites.usp.br\/lieves\/wp-json\/wp\/v2\/comments?post=79"}],"version-history":[{"count":5,"href":"https:\/\/sites.usp.br\/lieves\/wp-json\/wp\/v2\/pages\/79\/revisions"}],"predecessor-version":[{"id":565,"href":"https:\/\/sites.usp.br\/lieves\/wp-json\/wp\/v2\/pages\/79\/revisions\/565"}],"wp:attachment":[{"href":"https:\/\/sites.usp.br\/lieves\/wp-json\/wp\/v2\/media?parent=79"}],"curies":[{"name":"wp","href":"https:\/\/api.w.org\/{rel}","templated":true}]}}