{"id":146,"date":"2025-03-26T16:57:18","date_gmt":"2025-03-26T18:57:18","guid":{"rendered":"https:\/\/sites.usp.br\/life\/?page_id=146"},"modified":"2025-03-26T16:57:18","modified_gmt":"2025-03-26T18:57:18","slug":"i-c","status":"publish","type":"page","link":"https:\/\/sites.usp.br\/life\/i-c\/","title":{"rendered":"I.C."},"content":{"rendered":"<p>Existe a possibilidade de se submeter um projeto de inicia\u00e7\u00e3o cient\u00edfica (I.C) a ser orientado pelos professores do LIFE.<\/p>\n<p>No momento os docentes n\u00e3o possuem vagas de I.C. com bolsa em seus projetos.<\/p>\n<p>As informa\u00e7\u00f5es b\u00e1sicas sobre a I.C. na ECA podem ser conferidas <a href=\"https:\/\/www.eca.usp.br\/sites\/default\/files\/inline-files\/manual_ic_4.2021_2_0.pdf\">aqui no manual de inicia\u00e7\u00e3o cient\u00edfica<\/a> e no <a href=\"https:\/\/prpi.usp.br\/wp-content\/uploads\/sites\/1239\/2024\/05\/guia-programa-iniciacao-cientifica.pdf\">Guia do Programa de IC<\/a>.<\/p>\n<p>Para fazer uma IC sugerimos o seguinte caminho:<\/p>\n<ol>\n<li>Pensar um problema de pesquisa pequeno que voc\u00ea gostaria de investigar.<\/li>\n<li>Conversar com os docentes sobre a viabilidade e interesse em orientar.<\/li>\n<li>Produzir o projeto e enviar para os docentes.<\/li>\n<li>Debater o projeto novamente, caso necessite ajustes.<\/li>\n<li>Cadastrar o projeto no sistema da USP.<\/li>\n<\/ol>\n","protected":false},"excerpt":{"rendered":"<p>Existe a possibilidade de se submeter um projeto de inicia\u00e7\u00e3o cient\u00edfica (I.C) a ser orientado pelos professores do LIFE. No momento os docentes n\u00e3o possuem vagas de I.C. com bolsa em seus projetos. As informa\u00e7\u00f5es b\u00e1sicas sobre a I.C. na ECA podem ser conferidas aqui no manual de inicia\u00e7\u00e3o cient\u00edfica e no Guia do Programa [&hellip;]<\/p>\n","protected":false},"author":24594,"featured_media":0,"parent":0,"menu_order":0,"comment_status":"closed","ping_status":"closed","template":"","meta":{"footnotes":"","_links_to":"","_links_to_target":""},"class_list":["post-146","page","type-page","status-publish","hentry"],"_links":{"self":[{"href":"https:\/\/sites.usp.br\/life\/wp-json\/wp\/v2\/pages\/146","targetHints":{"allow":["GET"]}}],"collection":[{"href":"https:\/\/sites.usp.br\/life\/wp-json\/wp\/v2\/pages"}],"about":[{"href":"https:\/\/sites.usp.br\/life\/wp-json\/wp\/v2\/types\/page"}],"author":[{"embeddable":true,"href":"https:\/\/sites.usp.br\/life\/wp-json\/wp\/v2\/users\/24594"}],"replies":[{"embeddable":true,"href":"https:\/\/sites.usp.br\/life\/wp-json\/wp\/v2\/comments?post=146"}],"version-history":[{"count":1,"href":"https:\/\/sites.usp.br\/life\/wp-json\/wp\/v2\/pages\/146\/revisions"}],"predecessor-version":[{"id":147,"href":"https:\/\/sites.usp.br\/life\/wp-json\/wp\/v2\/pages\/146\/revisions\/147"}],"wp:attachment":[{"href":"https:\/\/sites.usp.br\/life\/wp-json\/wp\/v2\/media?parent=146"}],"curies":[{"name":"wp","href":"https:\/\/api.w.org\/{rel}","templated":true}]}}