{"id":156,"date":"2025-04-01T13:32:07","date_gmt":"2025-04-01T16:32:07","guid":{"rendered":"https:\/\/sites.usp.br\/life\/?page_id=156"},"modified":"2025-04-01T14:02:24","modified_gmt":"2025-04-01T17:02:24","slug":"sobre","status":"publish","type":"page","link":"https:\/\/sites.usp.br\/life\/sobre\/","title":{"rendered":"Sobre"},"content":{"rendered":"<p>O LIFE &#8211; Laborat\u00f3rio de Imagens, Fotografias e Experimenta\u00e7\u00f5es Audiovisuais \u00e9 um espa\u00e7o para debate de imagens, fotografias, cinema e experimenta\u00e7\u00f5es audiovisuais dentro do <a href=\"https:\/\/www.eca.usp.br\/ctr\/\">Departamento de R\u00e1dio, Cinema e Televis\u00e3o (CTR)<\/a> da <a href=\"https:\/\/www.eca.usp.br\/\">Escola de Comunica\u00e7\u00e3o e Artes (ECA)<\/a> da <a href=\"https:\/\/www.usp.br\">Universidade de S\u00e3o Paulo<\/a>.<\/p>\n<p>Foi criado com a inten\u00e7\u00e3o de formalizar, centralizar e organizar pesquisas em imagem, fotografia e audiovisual, promovendo um ambiente acad\u00eamico integrado entre pesquisadores, estudantes e profissionais.<\/p>\n<p>O grupo iniciou as atividades em dezembro de 2024 ap\u00f3s insistentes solicita\u00e7\u00f5es de dois alunos (Larissa e Jo\u00e3o) para que fossem retomados espa\u00e7os de debate de fotografias fora da sala de aula, pr\u00e1tica presente durante os anos pand\u00eamicos.<\/p>\n<p>Os objetivos para quatro anos iniciais s\u00e3o:<\/p>\n<ol>\n<li>Criar um espa\u00e7o de debate e investiga\u00e7\u00e3o sobre fotografia, imagem e audiovisual;<\/li>\n<li>Fomentar a produ\u00e7\u00e3o de pesquisas inovadoras, com publica\u00e7\u00f5es e participa\u00e7\u00e3o em eventos cient\u00edficos;<\/li>\n<li>Integrar teoria e pr\u00e1tica por meio de experimenta\u00e7\u00f5es, exposi\u00e7\u00f5es e atividades que unam produ\u00e7\u00e3o acad\u00eamica, art\u00edstica e t\u00e9cnica.<\/li>\n<\/ol>\n<p>O laborat\u00f3rio \u00e9 aberto para todos os que se interessem por imagens de fotografia, cinema, v\u00eddeo. O cadastro formal no DGP inicialmente est\u00e1 voltado aos discentes do Curso Superior do Audiovisual, mas poder\u00e3o ser inclu\u00eddos outros membros.<\/p>\n<p>Para a inclus\u00e3o no DGP e efetiva formaliza\u00e7\u00e3o no grupo s\u00e3o necess\u00e1rias a participa\u00e7\u00e3o em quatro reuni\u00f5es consecutivas. O desligamento do DGP poder\u00e1 ocorrer ap\u00f3s a aus\u00eancia em duas reuni\u00f5es consecutivas sem justificativa.<\/p>\n<p>S\u00e3o programadas duas reuni\u00f5es por m\u00eas, na segunda segunda-feira e na quarta quarta-feira. <a href=\"https:\/\/sites.usp.br\/life\/calendario\/\">O calend\u00e1rio pode ser verificado no link acima<\/a>.<\/p>\n","protected":false},"excerpt":{"rendered":"<p>O LIFE &#8211; Laborat\u00f3rio de Imagens, Fotografias e Experimenta\u00e7\u00f5es Audiovisuais \u00e9 um espa\u00e7o para debate de imagens, fotografias, cinema e experimenta\u00e7\u00f5es audiovisuais dentro do Departamento de R\u00e1dio, Cinema e Televis\u00e3o (CTR) da Escola de Comunica\u00e7\u00e3o e Artes (ECA) da Universidade de S\u00e3o Paulo. Foi criado com a inten\u00e7\u00e3o de formalizar, centralizar e organizar pesquisas em [&hellip;]<\/p>\n","protected":false},"author":24594,"featured_media":0,"parent":0,"menu_order":0,"comment_status":"closed","ping_status":"closed","template":"","meta":{"footnotes":"","_links_to":"","_links_to_target":""},"class_list":["post-156","page","type-page","status-publish","hentry"],"_links":{"self":[{"href":"https:\/\/sites.usp.br\/life\/wp-json\/wp\/v2\/pages\/156","targetHints":{"allow":["GET"]}}],"collection":[{"href":"https:\/\/sites.usp.br\/life\/wp-json\/wp\/v2\/pages"}],"about":[{"href":"https:\/\/sites.usp.br\/life\/wp-json\/wp\/v2\/types\/page"}],"author":[{"embeddable":true,"href":"https:\/\/sites.usp.br\/life\/wp-json\/wp\/v2\/users\/24594"}],"replies":[{"embeddable":true,"href":"https:\/\/sites.usp.br\/life\/wp-json\/wp\/v2\/comments?post=156"}],"version-history":[{"count":3,"href":"https:\/\/sites.usp.br\/life\/wp-json\/wp\/v2\/pages\/156\/revisions"}],"predecessor-version":[{"id":173,"href":"https:\/\/sites.usp.br\/life\/wp-json\/wp\/v2\/pages\/156\/revisions\/173"}],"wp:attachment":[{"href":"https:\/\/sites.usp.br\/life\/wp-json\/wp\/v2\/media?parent=156"}],"curies":[{"name":"wp","href":"https:\/\/api.w.org\/{rel}","templated":true}]}}