{"id":159,"date":"2025-04-01T13:40:19","date_gmt":"2025-04-01T16:40:19","guid":{"rendered":"https:\/\/sites.usp.br\/life\/?page_id=159"},"modified":"2025-04-01T14:03:09","modified_gmt":"2025-04-01T17:03:09","slug":"calendario","status":"publish","type":"page","link":"https:\/\/sites.usp.br\/life\/calendario\/","title":{"rendered":"Calend\u00e1rio"},"content":{"rendered":"<p>Para 2025 o grupo acordou em realizar dois encontros mensais: toda segunda segunda-feira e quarta quarta-feira do m\u00eas ap\u00f3s as aulas da disciplina de Imagem do CSAv as 18:30 na sala de reuni\u00f5es.<\/p>\n<p>Desta forma temos como previs\u00e3o as seguintes datas:<\/p>\n<ul>\n<li>Mar\u00e7o: <a href=\"https:\/\/sites.usp.br\/life\/2025-03-10\/\">10<\/a> e <a href=\"https:\/\/sites.usp.br\/life\/2025-03-26-cancelada\/\">26<\/a><\/li>\n<li>Abril: 07 e 23<\/li>\n<li>Maio: 12 e 28<\/li>\n<li>Junho: 09 e 25<\/li>\n<li>Julho: recesso<\/li>\n<li>Agosto: 11 e 27<\/li>\n<li>Setembro: 24 (somente uma reuni\u00e3o)<\/li>\n<li>Outubro: 13 e 29<\/li>\n<li>Novembro: 10 e 26<\/li>\n<li>Dezembro: 08<\/li>\n<\/ul>\n","protected":false},"excerpt":{"rendered":"<p>Para 2025 o grupo acordou em realizar dois encontros mensais: toda segunda segunda-feira e quarta quarta-feira do m\u00eas ap\u00f3s as aulas da disciplina de Imagem do CSAv as 18:30 na sala de reuni\u00f5es. Desta forma temos como previs\u00e3o as seguintes datas: Mar\u00e7o: 10 e 26 Abril: 07 e 23 Maio: 12 e 28 Junho: 09 [&hellip;]<\/p>\n","protected":false},"author":24594,"featured_media":0,"parent":0,"menu_order":0,"comment_status":"closed","ping_status":"closed","template":"","meta":{"footnotes":"","_links_to":"","_links_to_target":""},"class_list":["post-159","page","type-page","status-publish","hentry"],"_links":{"self":[{"href":"https:\/\/sites.usp.br\/life\/wp-json\/wp\/v2\/pages\/159","targetHints":{"allow":["GET"]}}],"collection":[{"href":"https:\/\/sites.usp.br\/life\/wp-json\/wp\/v2\/pages"}],"about":[{"href":"https:\/\/sites.usp.br\/life\/wp-json\/wp\/v2\/types\/page"}],"author":[{"embeddable":true,"href":"https:\/\/sites.usp.br\/life\/wp-json\/wp\/v2\/users\/24594"}],"replies":[{"embeddable":true,"href":"https:\/\/sites.usp.br\/life\/wp-json\/wp\/v2\/comments?post=159"}],"version-history":[{"count":2,"href":"https:\/\/sites.usp.br\/life\/wp-json\/wp\/v2\/pages\/159\/revisions"}],"predecessor-version":[{"id":174,"href":"https:\/\/sites.usp.br\/life\/wp-json\/wp\/v2\/pages\/159\/revisions\/174"}],"wp:attachment":[{"href":"https:\/\/sites.usp.br\/life\/wp-json\/wp\/v2\/media?parent=159"}],"curies":[{"name":"wp","href":"https:\/\/api.w.org\/{rel}","templated":true}]}}