{"id":79,"date":"2014-02-24T16:51:20","date_gmt":"2014-02-24T18:51:20","guid":{"rendered":"http:\/\/sites.usp.br\/life\/?page_id=79"},"modified":"2025-04-01T13:52:29","modified_gmt":"2025-04-01T16:52:29","slug":"pagina-inicial","status":"publish","type":"page","link":"https:\/\/sites.usp.br\/life\/","title":{"rendered":"P\u00e1gina Inicial"},"content":{"rendered":"<p>O site do LIFE est\u00e1 organizado em p\u00e1ginas distintas e postagens sobre as reuni\u00f5es passadas. Recomenda-se a navega\u00e7\u00e3o a partir do menu superior.<\/p>\n<p><strong><a href=\"https:\/\/sites.usp.br\/life\/calendario\/\">Calend\u00e1rio<\/a><\/strong>: est\u00e3o listadas as datas dos encontros do ano corrente.<br \/><strong><a href=\"https:\/\/sites.usp.br\/life\/category\/reunioes\/\">Reuni\u00f5es Passadas:<\/a><\/strong> postagens com breves relatos das reuni\u00f5es realizadas pelo grupo.<br \/><strong><a href=\"https:\/\/sites.usp.br\/life\/sobre\/\">Sobre:<\/a><\/strong> informa\u00e7\u00f5es sobre a cria\u00e7\u00e3o do grupo, objetivos e afins.<br \/><strong><a href=\"http:\/\/dgp.cnpq.br\/dgp\/espelhogrupo\/815420\">DGP &#8211; CNPq:<\/a><\/strong> link para o cadastro do grupo na plataforma do CNP<br \/><strong><a href=\"https:\/\/sites.usp.br\/life\/i-c\/\">I.C.:<\/a><\/strong> informa\u00e7\u00f5es sobre projetos de inicia\u00e7\u00e3o cient\u00edfica que podem ser vinculados ao grupo.<\/p>\n","protected":false},"excerpt":{"rendered":"<p>O site do LIFE est\u00e1 organizado em p\u00e1ginas distintas e postagens sobre as reuni\u00f5es passadas. Recomenda-se a navega\u00e7\u00e3o a partir do menu superior. Calend\u00e1rio: est\u00e3o listadas as datas dos encontros do ano corrente.Reuni\u00f5es Passadas: postagens com breves relatos das reuni\u00f5es realizadas pelo grupo.Sobre: informa\u00e7\u00f5es sobre a cria\u00e7\u00e3o do grupo, objetivos e afins.DGP &#8211; CNPq: link [&hellip;]<\/p>\n","protected":false},"author":1,"featured_media":0,"parent":0,"menu_order":0,"comment_status":"closed","ping_status":"closed","template":"","meta":{"footnotes":"","_links_to":"","_links_to_target":""},"class_list":["post-79","page","type-page","status-publish","hentry"],"_links":{"self":[{"href":"https:\/\/sites.usp.br\/life\/wp-json\/wp\/v2\/pages\/79","targetHints":{"allow":["GET"]}}],"collection":[{"href":"https:\/\/sites.usp.br\/life\/wp-json\/wp\/v2\/pages"}],"about":[{"href":"https:\/\/sites.usp.br\/life\/wp-json\/wp\/v2\/types\/page"}],"author":[{"embeddable":true,"href":"https:\/\/sites.usp.br\/life\/wp-json\/wp\/v2\/users\/1"}],"replies":[{"embeddable":true,"href":"https:\/\/sites.usp.br\/life\/wp-json\/wp\/v2\/comments?post=79"}],"version-history":[{"count":4,"href":"https:\/\/sites.usp.br\/life\/wp-json\/wp\/v2\/pages\/79\/revisions"}],"predecessor-version":[{"id":168,"href":"https:\/\/sites.usp.br\/life\/wp-json\/wp\/v2\/pages\/79\/revisions\/168"}],"wp:attachment":[{"href":"https:\/\/sites.usp.br\/life\/wp-json\/wp\/v2\/media?parent=79"}],"curies":[{"name":"wp","href":"https:\/\/api.w.org\/{rel}","templated":true}]}}