{"id":114,"date":"2017-03-27T00:01:58","date_gmt":"2017-03-27T02:01:58","guid":{"rendered":"http:\/\/sites.usp.br\/ligninlab\/?page_id=114"},"modified":"2026-03-05T19:26:08","modified_gmt":"2026-03-05T21:26:08","slug":"team","status":"publish","type":"page","link":"https:\/\/sites.usp.br\/ligninlab\/team\/","title":{"rendered":"Team"},"content":{"rendered":"<p>&nbsp;<\/p>\n<p style=\"text-align: justify;\"><a href=\"https:\/\/sites.usp.br\/ligninlab\/wp-content\/uploads\/sites\/715\/2024\/12\/Igor_2024_v1.jpg\"><img loading=\"lazy\" decoding=\"async\" class=\"alignleft wp-image-842 \" src=\"https:\/\/sites.usp.br\/ligninlab\/wp-content\/uploads\/sites\/715\/2024\/12\/Igor_2024_v1-150x150.jpg\" alt=\"\" width=\"170\" height=\"170\" srcset=\"https:\/\/sites.usp.br\/ligninlab\/wp-content\/uploads\/sites\/715\/2024\/12\/Igor_2024_v1-150x150.jpg 150w, https:\/\/sites.usp.br\/ligninlab\/wp-content\/uploads\/sites\/715\/2024\/12\/Igor_2024_v1-300x300.jpg 300w, https:\/\/sites.usp.br\/ligninlab\/wp-content\/uploads\/sites\/715\/2024\/12\/Igor_2024_v1-1024x1024.jpg 1024w, https:\/\/sites.usp.br\/ligninlab\/wp-content\/uploads\/sites\/715\/2024\/12\/Igor_2024_v1-768x768.jpg 768w, https:\/\/sites.usp.br\/ligninlab\/wp-content\/uploads\/sites\/715\/2024\/12\/Igor_2024_v1-1536x1536.jpg 1536w, https:\/\/sites.usp.br\/ligninlab\/wp-content\/uploads\/sites\/715\/2024\/12\/Igor_2024_v1-2048x2048.jpg 2048w, https:\/\/sites.usp.br\/ligninlab\/wp-content\/uploads\/sites\/715\/2024\/12\/Igor_2024_v1-250x250.jpg 250w, https:\/\/sites.usp.br\/ligninlab\/wp-content\/uploads\/sites\/715\/2024\/12\/Igor_2024_v1-174x174.jpg 174w, https:\/\/sites.usp.br\/ligninlab\/wp-content\/uploads\/sites\/715\/2024\/12\/Igor_2024_v1-45x45.jpg 45w, https:\/\/sites.usp.br\/ligninlab\/wp-content\/uploads\/sites\/715\/2024\/12\/Igor_2024_v1-200x200.jpg 200w, https:\/\/sites.usp.br\/ligninlab\/wp-content\/uploads\/sites\/715\/2024\/12\/Igor_2024_v1-400x400.jpg 400w\" sizes=\"auto, (max-width: 170px) 100vw, 170px\" \/><\/a><\/p>\n<p style=\"text-align: justify;\"><strong>Prof. Igor Cesarino (Principal Investigator)<\/strong><br \/>\nB.Sc. in Biology (2003-2007) from the State University of Campinas (UNICAMP, Brazil). M.Sc. (2007-2009) and PhD (2009-2012) in Plant Biology from the State University of Campinas (UNICAMP, Brazil). Post-doctoral fellow at VIB-UGent Center for Plant Systems Biology (Belgium, 2012-2014).<br \/>\nProfessor at the Department of Botany, Institute of Biosciences, University of S\u00e3o Paulo (Brazil), working on Lignin Metabolism and Engineering of Secondary Cell Walls.<br \/>\n<strong>Phone:<\/strong> +55 11 3091 7486<br \/>\n<strong>Email:<\/strong> icesarino@usp.br<br \/>\n<strong><a href=\"https:\/\/scholar.google.com.br\/citations?ser=FE5gcUAAAAAJ&amp;amp;hl=pt-BR&amp;amp;user=FE5gcUAAAAAJ\" target=\"_blank\" rel=\"noopener noreferrer\">Google Scholar<\/a><\/strong><br \/>\n<strong><a href=\"http:\/\/lattes.cnpq.br\/8452678355444067\" target=\"_blank\" rel=\"noopener noreferrer\">CV Lattes <\/a><\/strong><\/p>\n<hr \/>\n<p style=\"text-align: justify;\"><a href=\"https:\/\/sites.usp.br\/ligninlab\/wp-content\/uploads\/sites\/715\/2024\/12\/Leandro.jpg\"><img loading=\"lazy\" decoding=\"async\" class=\"alignleft wp-image-845 \" src=\"https:\/\/sites.usp.br\/ligninlab\/wp-content\/uploads\/sites\/715\/2024\/12\/Leandro-150x150.jpg\" alt=\"\" width=\"175\" height=\"175\" srcset=\"https:\/\/sites.usp.br\/ligninlab\/wp-content\/uploads\/sites\/715\/2024\/12\/Leandro-150x150.jpg 150w, https:\/\/sites.usp.br\/ligninlab\/wp-content\/uploads\/sites\/715\/2024\/12\/Leandro-300x300.jpg 300w, https:\/\/sites.usp.br\/ligninlab\/wp-content\/uploads\/sites\/715\/2024\/12\/Leandro-250x250.jpg 250w, https:\/\/sites.usp.br\/ligninlab\/wp-content\/uploads\/sites\/715\/2024\/12\/Leandro-174x174.jpg 174w, https:\/\/sites.usp.br\/ligninlab\/wp-content\/uploads\/sites\/715\/2024\/12\/Leandro-45x45.jpg 45w, https:\/\/sites.usp.br\/ligninlab\/wp-content\/uploads\/sites\/715\/2024\/12\/Leandro-200x200.jpg 200w, https:\/\/sites.usp.br\/ligninlab\/wp-content\/uploads\/sites\/715\/2024\/12\/Leandro-400x400.jpg 400w, https:\/\/sites.usp.br\/ligninlab\/wp-content\/uploads\/sites\/715\/2024\/12\/Leandro.jpg 640w\" sizes=\"auto, (max-width: 175px) 100vw, 175px\" \/><\/a><\/p>\n<p style=\"text-align: justify;\"><strong>Leandro Francisco de Oliveira (Postdoctoral fellow)<\/strong><br \/>\nB.Sc. in Biology (2006-2008) from Funda\u00e7\u00e3o Municipal de Ensino Superior de Bragan\u00e7a Paulista. M.Sc. (2009-2011) in Plant Biology from Universidade Federal do Paran\u00e1 (UFPR, Brazil). PhD (2013-2017) in Plant Biology from the University of S\u00e3o Paulo (USP, Brazil).<br \/>\n<strong>Project:<\/strong> Identification and validation of post-transcriptional regulatory modules involved in lignin metabolism in grasses<br \/>\n<strong>Email:<\/strong> lfdeoliveira@usp.br;<\/p>\n<p style=\"text-align: justify;\"><strong><a href=\"http:\/\/lattes.cnpq.br\/4564459839064638\" target=\"_blank\" rel=\"noopener noreferrer\">CV Lattes<\/a><\/strong><\/p>\n<hr \/>\n<p style=\"text-align: justify;\"><a href=\"https:\/\/sites.usp.br\/ligninlab\/wp-content\/uploads\/sites\/715\/2024\/12\/Alison.png\"><img loading=\"lazy\" decoding=\"async\" class=\"alignleft wp-image-849 \" src=\"https:\/\/sites.usp.br\/ligninlab\/wp-content\/uploads\/sites\/715\/2024\/12\/Alison-150x150.png\" alt=\"\" width=\"179\" height=\"179\" srcset=\"https:\/\/sites.usp.br\/ligninlab\/wp-content\/uploads\/sites\/715\/2024\/12\/Alison-150x150.png 150w, https:\/\/sites.usp.br\/ligninlab\/wp-content\/uploads\/sites\/715\/2024\/12\/Alison-250x250.png 250w, https:\/\/sites.usp.br\/ligninlab\/wp-content\/uploads\/sites\/715\/2024\/12\/Alison-174x174.png 174w, https:\/\/sites.usp.br\/ligninlab\/wp-content\/uploads\/sites\/715\/2024\/12\/Alison-45x45.png 45w, https:\/\/sites.usp.br\/ligninlab\/wp-content\/uploads\/sites\/715\/2024\/12\/Alison-200x200.png 200w\" sizes=\"auto, (max-width: 179px) 100vw, 179px\" \/><\/a><\/p>\n<p style=\"text-align: justify;\"><strong>Alison Andrei Schmatz (Postdoctoral fellow)<\/strong><br \/>\nB.Sc. in Biology (2009-2012) from State University of the Central West (UNICENTRO). M.Sc. (2013-2015) in Bioenergy from State University of Ponta Grossa (UEPG, Brazil). PhD (2016-2020) in Microbiology from the State University of S\u00e3o Paulo (UNESP, Brazil).<br \/>\n<strong>Project:<\/strong> Sugarcane as green biofactories: metabolic engineering of high-value aromatic compounds<br \/>\n<strong>Email:\u00a0<\/strong>alison.schmatz@usp.br;<\/p>\n<p style=\"text-align: justify;\"><strong><a href=\"http:\/\/lattes.cnpq.br\/8944068184041890\" target=\"_blank\" rel=\"noopener noreferrer\">CV Lattes<\/a><\/strong><\/p>\n<hr \/>\n<p style=\"text-align: justify;\"><a href=\"http:\/\/sites.usp.br\/ligninlab\/wp-content\/uploads\/sites\/715\/2026\/03\/fernanda.jpeg\"><img loading=\"lazy\" decoding=\"async\" class=\"wp-image-881 alignleft\" src=\"http:\/\/sites.usp.br\/ligninlab\/wp-content\/uploads\/sites\/715\/2026\/03\/fernanda-300x300.jpeg\" alt=\"\" width=\"178\" height=\"178\" srcset=\"https:\/\/sites.usp.br\/ligninlab\/wp-content\/uploads\/sites\/715\/2026\/03\/fernanda-300x300.jpeg 300w, https:\/\/sites.usp.br\/ligninlab\/wp-content\/uploads\/sites\/715\/2026\/03\/fernanda-150x150.jpeg 150w, https:\/\/sites.usp.br\/ligninlab\/wp-content\/uploads\/sites\/715\/2026\/03\/fernanda-250x250.jpeg 250w, https:\/\/sites.usp.br\/ligninlab\/wp-content\/uploads\/sites\/715\/2026\/03\/fernanda-174x174.jpeg 174w, https:\/\/sites.usp.br\/ligninlab\/wp-content\/uploads\/sites\/715\/2026\/03\/fernanda-45x45.jpeg 45w, https:\/\/sites.usp.br\/ligninlab\/wp-content\/uploads\/sites\/715\/2026\/03\/fernanda-200x200.jpeg 200w, https:\/\/sites.usp.br\/ligninlab\/wp-content\/uploads\/sites\/715\/2026\/03\/fernanda-400x400.jpeg 400w, https:\/\/sites.usp.br\/ligninlab\/wp-content\/uploads\/sites\/715\/2026\/03\/fernanda.jpeg 640w\" sizes=\"auto, (max-width: 178px) 100vw, 178px\" \/><\/a><\/p>\n<p style=\"text-align: justify;\"><strong>Fernanda de Oliveira Menezes (Postdoctoral fellow)<\/strong><br \/>\nB.Sc. in Biology (2011-2015) from Centro Universit\u00e1rio Funda\u00e7\u00e3o Santo Andr\u00e9. M.Sc. (2017-2019) in Plant Biodiversity from Instituto de Bot\u00e2nica. PhD (2019-2025) in Biotechnosciences from the ABC Federal University (UFABC, Brazil).<br \/>\n<strong>Project:<\/strong> Functional characterization of SvWRKY34 and SvWRKY74 in the model grass Setaria viridis (L.) P.Beauv.: analysis of lignin regulation mechanisms<br \/>\n<strong>Email: ; <\/strong><\/p>\n<p style=\"text-align: justify;\"><strong><a href=\"http:\/\/lattes.cnpq.br\/4120141967532058\" target=\"_blank\" rel=\"noopener noreferrer\">CV Lattes<\/a><\/strong><\/p>\n<hr \/>\n<p style=\"text-align: justify;\"><a href=\"http:\/\/sites.usp.br\/ligninlab\/wp-content\/uploads\/sites\/715\/2026\/03\/WhatsApp-Image-2026-03-05-at-15.42.44-e1772739332503.jpeg\"><img loading=\"lazy\" decoding=\"async\" class=\"wp-image-879 alignleft\" src=\"http:\/\/sites.usp.br\/ligninlab\/wp-content\/uploads\/sites\/715\/2026\/03\/WhatsApp-Image-2026-03-05-at-15.42.44-e1772739332503-283x300.jpeg\" alt=\"\" width=\"179\" height=\"190\" srcset=\"https:\/\/sites.usp.br\/ligninlab\/wp-content\/uploads\/sites\/715\/2026\/03\/WhatsApp-Image-2026-03-05-at-15.42.44-e1772739332503-283x300.jpeg 283w, https:\/\/sites.usp.br\/ligninlab\/wp-content\/uploads\/sites\/715\/2026\/03\/WhatsApp-Image-2026-03-05-at-15.42.44-e1772739332503-768x814.jpeg 768w, https:\/\/sites.usp.br\/ligninlab\/wp-content\/uploads\/sites\/715\/2026\/03\/WhatsApp-Image-2026-03-05-at-15.42.44-e1772739332503-400x424.jpeg 400w, https:\/\/sites.usp.br\/ligninlab\/wp-content\/uploads\/sites\/715\/2026\/03\/WhatsApp-Image-2026-03-05-at-15.42.44-e1772739332503.jpeg 960w\" sizes=\"auto, (max-width: 179px) 100vw, 179px\" \/><\/a><strong>Leydson Gabriel Alves de Lima (PhD student)<\/strong><br \/>\nB.Sc. in Biology (2017-2021) from the University of S\u00e3o Paulo (USP, Brazil). PhD student (2022-today) in Plant Biology from the University of S\u00e3o Paulo (USP, Brazil).<br \/>\n<strong>Project:<\/strong> Going deep into the phenylpropanoid metabolism in C4 grasses using <em>Setaria viridis<\/em> as model species<br \/>\n<strong>Email:<\/strong> leydsongabrielalvess@usp.br;<\/p>\n<p style=\"text-align: justify;\"><strong><a href=\"http:\/\/lattes.cnpq.br\/7711068831688680\" target=\"_blank\" rel=\"noopener noreferrer\">CV Lattes<\/a><\/strong><\/p>\n<p>&nbsp;<\/p>\n<hr \/>\n<p style=\"text-align: justify;\"><a href=\"https:\/\/sites.usp.br\/ligninlab\/wp-content\/uploads\/sites\/715\/2022\/05\/Arthur_Rates.jpeg\"><img loading=\"lazy\" decoding=\"async\" class=\"alignleft wp-image-754 \" src=\"https:\/\/sites.usp.br\/ligninlab\/wp-content\/uploads\/sites\/715\/2022\/05\/Arthur_Rates-150x150.jpeg\" alt=\"\" width=\"177\" height=\"177\" srcset=\"https:\/\/sites.usp.br\/ligninlab\/wp-content\/uploads\/sites\/715\/2022\/05\/Arthur_Rates-150x150.jpeg 150w, https:\/\/sites.usp.br\/ligninlab\/wp-content\/uploads\/sites\/715\/2022\/05\/Arthur_Rates-300x300.jpeg 300w, https:\/\/sites.usp.br\/ligninlab\/wp-content\/uploads\/sites\/715\/2022\/05\/Arthur_Rates-250x250.jpeg 250w, https:\/\/sites.usp.br\/ligninlab\/wp-content\/uploads\/sites\/715\/2022\/05\/Arthur_Rates-174x174.jpeg 174w, https:\/\/sites.usp.br\/ligninlab\/wp-content\/uploads\/sites\/715\/2022\/05\/Arthur_Rates-45x45.jpeg 45w, https:\/\/sites.usp.br\/ligninlab\/wp-content\/uploads\/sites\/715\/2022\/05\/Arthur_Rates-200x200.jpeg 200w, https:\/\/sites.usp.br\/ligninlab\/wp-content\/uploads\/sites\/715\/2022\/05\/Arthur_Rates-400x400.jpeg 400w, https:\/\/sites.usp.br\/ligninlab\/wp-content\/uploads\/sites\/715\/2022\/05\/Arthur_Rates.jpeg 640w\" sizes=\"auto, (max-width: 177px) 100vw, 177px\" \/><\/a><strong>Arthur de Barros Rates (PhD student)<\/strong><br \/>\nM.Sc. in Plant Biology (2020-2022) from the Federal University of Minas Gerais (UFMG, Brazil). PhD student (2022-today) in Plant Biology from the University of S\u00e3o Paulo (USP, Brazil).<br \/>\n<strong>Project:<\/strong> Functional characterization of SvUGTs potentially involved in tricin glycosylation in Setaria viridis<br \/>\n<strong>Phone:<\/strong> +55 11 3091 8062<br \/>\n<strong>Email:\u00a0<\/strong>arthur.rates@ib.usp.br;<\/p>\n<p style=\"text-align: justify;\"><strong><a href=\"http:\/\/lattes.cnpq.br\/2957420239234282\" target=\"_blank\" rel=\"noopener noreferrer\">CV Lattes<\/a><\/strong><\/p>\n<hr \/>\n<p style=\"text-align: justify;\"><a href=\"https:\/\/sites.usp.br\/ligninlab\/wp-content\/uploads\/sites\/715\/2020\/04\/Gabriel.jpeg\"><img loading=\"lazy\" decoding=\"async\" class=\"alignleft wp-image-453\" src=\"https:\/\/sites.usp.br\/ligninlab\/wp-content\/uploads\/sites\/715\/2020\/04\/Gabriel-150x150.jpeg\" alt=\"\" width=\"177\" height=\"177\" srcset=\"https:\/\/sites.usp.br\/ligninlab\/wp-content\/uploads\/sites\/715\/2020\/04\/Gabriel-150x150.jpeg 150w, https:\/\/sites.usp.br\/ligninlab\/wp-content\/uploads\/sites\/715\/2020\/04\/Gabriel-250x250.jpeg 250w, https:\/\/sites.usp.br\/ligninlab\/wp-content\/uploads\/sites\/715\/2020\/04\/Gabriel-174x174.jpeg 174w, https:\/\/sites.usp.br\/ligninlab\/wp-content\/uploads\/sites\/715\/2020\/04\/Gabriel-45x45.jpeg 45w, https:\/\/sites.usp.br\/ligninlab\/wp-content\/uploads\/sites\/715\/2020\/04\/Gabriel-200x200.jpeg 200w\" sizes=\"auto, (max-width: 177px) 100vw, 177px\" \/><\/a><strong>Gabriel Garon Carvalho (PhD student)<\/strong><br \/>\nB.Sc. in Biology (2012-2019) from the University of S\u00e3o Paulo (USP, Brazil). M.Sc. (2020-2023) in Plant Biology from the University of S\u00e3o Paulo (USP, Brazil). PhD student (2023-today) in Plant Biology from the University of S\u00e3o Paulo (USP, Brazil).<br \/>\n<strong>Project:<\/strong>\u00a0Functional characterization of ALDEHYDE DEHYDROGENASE2B (ALDH2B) sunfamily in the model grass <em>Setaria viridis<\/em> (L.) P.Beauv.: implication in the metabolism of aromatic compounds.<br \/>\n<strong>Email:<\/strong> gabriel.garon.carvalho@usp.br;<\/p>\n<p style=\"text-align: justify;\"><strong><a href=\"http:\/\/lattes.cnpq.br\/8932845270305297\" target=\"_blank\" rel=\"noopener noreferrer\">CV Lattes<\/a><\/strong><\/p>\n<hr \/>\n<p><strong><a href=\"http:\/\/sites.usp.br\/ligninlab\/wp-content\/uploads\/sites\/715\/2026\/03\/Lucas_2025.jpg\"><img loading=\"lazy\" decoding=\"async\" class=\"wp-image-900 alignleft\" src=\"http:\/\/sites.usp.br\/ligninlab\/wp-content\/uploads\/sites\/715\/2026\/03\/Lucas_2025-300x291.jpg\" alt=\"\" width=\"180\" height=\"175\" srcset=\"https:\/\/sites.usp.br\/ligninlab\/wp-content\/uploads\/sites\/715\/2026\/03\/Lucas_2025-300x291.jpg 300w, https:\/\/sites.usp.br\/ligninlab\/wp-content\/uploads\/sites\/715\/2026\/03\/Lucas_2025-1024x993.jpg 1024w, https:\/\/sites.usp.br\/ligninlab\/wp-content\/uploads\/sites\/715\/2026\/03\/Lucas_2025-768x744.jpg 768w, https:\/\/sites.usp.br\/ligninlab\/wp-content\/uploads\/sites\/715\/2026\/03\/Lucas_2025-45x45.jpg 45w, https:\/\/sites.usp.br\/ligninlab\/wp-content\/uploads\/sites\/715\/2026\/03\/Lucas_2025-400x388.jpg 400w, https:\/\/sites.usp.br\/ligninlab\/wp-content\/uploads\/sites\/715\/2026\/03\/Lucas_2025.jpg 1469w\" sizes=\"auto, (max-width: 180px) 100vw, 180px\" \/><\/a>Lucas Xavier Cunha (PhD Student)<\/strong><br \/>\nB.Sc. in Biology (2019-2024) from the University of S\u00e3o Paulo (USP, Brazil). PhD student (2024-today) in Plant Biology from the University of S\u00e3o Paulo (USP, Brazil).<br \/>\n<strong>Project:<\/strong> Functional Characterization of Flavone Synthase Enzymes Involved in Tricin Biosynthesis in the Model Grass <em>Setaria viridis<\/em> [(L.) P.Beauv.].<br \/>\n<strong>Email:<\/strong> lcunha.xavier@usp.br;<\/p>\n<p><strong><a href=\"http:\/\/lattes.cnpq.br\/7866530425966805\" target=\"_blank\" rel=\"noopener noreferrer\">CV Lattes<\/a><\/strong><\/p>\n<hr \/>\n<p style=\"text-align: justify;\"><a href=\"https:\/\/sites.usp.br\/ligninlab\/wp-content\/uploads\/sites\/715\/2020\/04\/Bianca.jpeg\"><img loading=\"lazy\" decoding=\"async\" class=\"alignleft wp-image-455\" src=\"https:\/\/sites.usp.br\/ligninlab\/wp-content\/uploads\/sites\/715\/2020\/04\/Bianca-150x150.jpeg\" alt=\"\" width=\"174\" height=\"174\" srcset=\"https:\/\/sites.usp.br\/ligninlab\/wp-content\/uploads\/sites\/715\/2020\/04\/Bianca-150x150.jpeg 150w, https:\/\/sites.usp.br\/ligninlab\/wp-content\/uploads\/sites\/715\/2020\/04\/Bianca-250x250.jpeg 250w, https:\/\/sites.usp.br\/ligninlab\/wp-content\/uploads\/sites\/715\/2020\/04\/Bianca-174x174.jpeg 174w, https:\/\/sites.usp.br\/ligninlab\/wp-content\/uploads\/sites\/715\/2020\/04\/Bianca-45x45.jpeg 45w, https:\/\/sites.usp.br\/ligninlab\/wp-content\/uploads\/sites\/715\/2020\/04\/Bianca-200x200.jpeg 200w\" sizes=\"auto, (max-width: 174px) 100vw, 174px\" \/><\/a><strong>Bianca Meeihua Sung (PhD. Student)<\/strong><br \/>\nB.Sc. in Biology (2012-2020) from the University of S\u00e3o Paulo (USP, Brazil). M.Sc. (2021-2025) in Biotechnology from the University of S\u00e3o Paulo (USP, Brazil). PhD student (2025-today) in Plant Biology from the University of S\u00e3o Paulo (USP, Brazil).<br \/>\n<strong>Project:<\/strong> Functional characterization of SvPRN1 and SvPRN2 genes in the grass model Setaria viridis and their implication in the regulation of lignin deposition<br \/>\n<strong>Email:<\/strong> bianca.sung@usp.br;<\/p>\n<p style=\"text-align: justify;\"><strong><a href=\"http:\/\/lattes.cnpq.br\/0691520811255513\" target=\"_blank\" rel=\"noopener noreferrer\">CV Lattes<\/a><\/strong><\/p>\n<hr \/>\n<p><strong><a href=\"http:\/\/sites.usp.br\/ligninlab\/wp-content\/uploads\/sites\/715\/2026\/03\/Escudeiro.jpeg\"><img loading=\"lazy\" decoding=\"async\" class=\"wp-image-894 alignleft\" src=\"http:\/\/sites.usp.br\/ligninlab\/wp-content\/uploads\/sites\/715\/2026\/03\/Escudeiro-300x300.jpeg\" alt=\"\" width=\"170\" height=\"170\" srcset=\"https:\/\/sites.usp.br\/ligninlab\/wp-content\/uploads\/sites\/715\/2026\/03\/Escudeiro-300x300.jpeg 300w, https:\/\/sites.usp.br\/ligninlab\/wp-content\/uploads\/sites\/715\/2026\/03\/Escudeiro-150x150.jpeg 150w, https:\/\/sites.usp.br\/ligninlab\/wp-content\/uploads\/sites\/715\/2026\/03\/Escudeiro-250x250.jpeg 250w, https:\/\/sites.usp.br\/ligninlab\/wp-content\/uploads\/sites\/715\/2026\/03\/Escudeiro-174x174.jpeg 174w, https:\/\/sites.usp.br\/ligninlab\/wp-content\/uploads\/sites\/715\/2026\/03\/Escudeiro-45x45.jpeg 45w, https:\/\/sites.usp.br\/ligninlab\/wp-content\/uploads\/sites\/715\/2026\/03\/Escudeiro-200x200.jpeg 200w, https:\/\/sites.usp.br\/ligninlab\/wp-content\/uploads\/sites\/715\/2026\/03\/Escudeiro-400x400.jpeg 400w, https:\/\/sites.usp.br\/ligninlab\/wp-content\/uploads\/sites\/715\/2026\/03\/Escudeiro.jpeg 640w\" sizes=\"auto, (max-width: 170px) 100vw, 170px\" \/><\/a>Arthur Netto Escudeiro (M.Sc. Student)<\/strong><br \/>\nB.Sc. in Biotechnology (2020-2024) from the University of S\u00e3o Paulo (USP, Brazil). M.Sc. (2025-today) in Plant Biology from the University of S\u00e3o Paulo (USP, Brazil).<br \/>\n<strong>Project:<\/strong> Phenotypic \u00a0of transgenic lines of <em>Setaria viridis<\/em> silenced for laccases potentially involved in the lignification process<br \/>\n<strong>Email:<\/strong> arthurescudeiro07@usp.br;\u00a0<a href=\"http:\/\/lattes.cnpq.br\/4520194390436208\"><strong>CV Lattes<\/strong><\/a><\/p>\n<p>&nbsp;<\/p>\n<hr \/>\n<p style=\"text-align: justify;\"><a href=\"https:\/\/sites.usp.br\/ligninlab\/wp-content\/uploads\/sites\/715\/2024\/12\/Alice.png\"><img loading=\"lazy\" decoding=\"async\" class=\"alignleft wp-image-850 \" src=\"https:\/\/sites.usp.br\/ligninlab\/wp-content\/uploads\/sites\/715\/2024\/12\/Alice-150x150.png\" alt=\"\" width=\"172\" height=\"172\" srcset=\"https:\/\/sites.usp.br\/ligninlab\/wp-content\/uploads\/sites\/715\/2024\/12\/Alice-150x150.png 150w, https:\/\/sites.usp.br\/ligninlab\/wp-content\/uploads\/sites\/715\/2024\/12\/Alice-250x250.png 250w, https:\/\/sites.usp.br\/ligninlab\/wp-content\/uploads\/sites\/715\/2024\/12\/Alice-174x174.png 174w, https:\/\/sites.usp.br\/ligninlab\/wp-content\/uploads\/sites\/715\/2024\/12\/Alice-45x45.png 45w, https:\/\/sites.usp.br\/ligninlab\/wp-content\/uploads\/sites\/715\/2024\/12\/Alice-200x200.png 200w\" sizes=\"auto, (max-width: 172px) 100vw, 172px\" \/><\/a><strong>Alice Cristine Cursino (M.Sc. Student)<\/strong><br \/>\nB.Sc. in Biology (2019-2023) from the University of Taubat\u00e9 (Brazil). M.Sc. (2024-today) in Plamt Biology from the University of S\u00e3o Paulo (USP, Brazil).<br \/>\n<strong>Project:<\/strong> Overproduction of rosmarinic acid in transgenic sugarcane lines<br \/>\n<strong>Email:\u00a0<\/strong>alicecursino@usp.br;<\/p>\n<p style=\"text-align: justify;\"><strong><a href=\"http:\/\/lattes.cnpq.br\/0691520811255513\" target=\"_blank\" rel=\"noopener noreferrer\">CV Lattes<\/a><\/strong><\/p>\n<p>&nbsp;<\/p>\n<hr \/>\n<p><a href=\"https:\/\/sites.usp.br\/ligninlab\/wp-content\/uploads\/sites\/715\/2024\/12\/Hugo.jpg\"><img loading=\"lazy\" decoding=\"async\" class=\"alignleft wp-image-851 \" src=\"https:\/\/sites.usp.br\/ligninlab\/wp-content\/uploads\/sites\/715\/2024\/12\/Hugo-150x150.jpg\" alt=\"\" width=\"172\" height=\"172\" srcset=\"https:\/\/sites.usp.br\/ligninlab\/wp-content\/uploads\/sites\/715\/2024\/12\/Hugo-150x150.jpg 150w, https:\/\/sites.usp.br\/ligninlab\/wp-content\/uploads\/sites\/715\/2024\/12\/Hugo-300x300.jpg 300w, https:\/\/sites.usp.br\/ligninlab\/wp-content\/uploads\/sites\/715\/2024\/12\/Hugo-250x250.jpg 250w, https:\/\/sites.usp.br\/ligninlab\/wp-content\/uploads\/sites\/715\/2024\/12\/Hugo-174x174.jpg 174w, https:\/\/sites.usp.br\/ligninlab\/wp-content\/uploads\/sites\/715\/2024\/12\/Hugo-45x45.jpg 45w, https:\/\/sites.usp.br\/ligninlab\/wp-content\/uploads\/sites\/715\/2024\/12\/Hugo-200x200.jpg 200w, https:\/\/sites.usp.br\/ligninlab\/wp-content\/uploads\/sites\/715\/2024\/12\/Hugo-400x401.jpg 400w, https:\/\/sites.usp.br\/ligninlab\/wp-content\/uploads\/sites\/715\/2024\/12\/Hugo.jpg 640w\" sizes=\"auto, (max-width: 172px) 100vw, 172px\" \/><\/a><\/p>\n<p><strong>Hugo Ramalho de Souza (B.Sc. Student)<\/strong><br \/>\nB.Sc. in Biology (2021-today) from the University of S\u00e3o Paulo (USP, Brazil).<br \/>\n<strong>Project:<\/strong> Characterization of the polyamine biosynthetic pathway and its link with lignification in <em>Setaria viridis<\/em><strong><br \/>\n<\/strong><strong>Email:<\/strong> hugorsouza@usp.br<\/p>\n<p>&nbsp;<\/p>\n<p>&nbsp;<\/p>\n<hr \/>\n<p><a href=\"https:\/\/sites.usp.br\/ligninlab\/wp-content\/uploads\/sites\/715\/2024\/12\/Erika.jpg\"><img loading=\"lazy\" decoding=\"async\" class=\"alignleft wp-image-852 \" src=\"https:\/\/sites.usp.br\/ligninlab\/wp-content\/uploads\/sites\/715\/2024\/12\/Erika-150x150.jpg\" alt=\"\" width=\"173\" height=\"173\" srcset=\"https:\/\/sites.usp.br\/ligninlab\/wp-content\/uploads\/sites\/715\/2024\/12\/Erika-150x150.jpg 150w, https:\/\/sites.usp.br\/ligninlab\/wp-content\/uploads\/sites\/715\/2024\/12\/Erika-300x300.jpg 300w, https:\/\/sites.usp.br\/ligninlab\/wp-content\/uploads\/sites\/715\/2024\/12\/Erika-250x250.jpg 250w, https:\/\/sites.usp.br\/ligninlab\/wp-content\/uploads\/sites\/715\/2024\/12\/Erika-174x174.jpg 174w, https:\/\/sites.usp.br\/ligninlab\/wp-content\/uploads\/sites\/715\/2024\/12\/Erika-45x45.jpg 45w, https:\/\/sites.usp.br\/ligninlab\/wp-content\/uploads\/sites\/715\/2024\/12\/Erika-200x200.jpg 200w, https:\/\/sites.usp.br\/ligninlab\/wp-content\/uploads\/sites\/715\/2024\/12\/Erika-400x400.jpg 400w, https:\/\/sites.usp.br\/ligninlab\/wp-content\/uploads\/sites\/715\/2024\/12\/Erika.jpg 640w\" sizes=\"auto, (max-width: 173px) 100vw, 173px\" \/><\/a><\/p>\n<p><strong>Erika Patr\u00edcia Aires Oliveira (B.Sc. Student)<\/strong><br \/>\nB.Sc. in Biology (2021-today) from the University of S\u00e3o Paulo (USP, Brazil).<br \/>\n<strong>Project:<\/strong> Validation of transcription factors potentially involved in the regulation of lignin and tricin metabolism in <em>Setaria viridis<\/em><strong><br \/>\n<\/strong><strong>Email:<\/strong> erikaaireso@usp.br<\/p>\n<p>&nbsp;<\/p>\n<p><strong>Past members<\/strong><\/p>\n<p><strong>Postdoctoral fellows<\/strong><\/p>\n<p>S\u00e1vio de Siqueira Ferreira (2017 &#8211; 2019)<\/p>\n<p><strong>Predoctoral fellows (including PhD, M. Sc. and B. Sc.)<\/strong><\/p>\n<p>Andr\u00e9 Vicioli de Almeida Pina (2016 &#8211; 2017)<\/p>\n<p>Larissa Rocha de Carvalho (2021 &#8211; 2022)<\/p>\n<p>Raphael Mendes de Almeida Svartman (2018 &#8211; 2023)<\/p>\n<p>Marcella Siqueira Sim\u00f5es (2015 &#8211; 2024)<\/p>\n<p>Giovanni Victorio Cerruti (2019-2025)<\/p>\n<p>Gabriel Fontanella Pileggi (2023-2025)<\/p>\n<p>&nbsp;<\/p>\n","protected":false},"excerpt":{"rendered":"<p>&nbsp; Prof. Igor Cesarino (Principal Investigator) B.Sc. in Biology (2003-2007) from the State University of Campinas (UNICAMP, Brazil). M.Sc. (2007-2009) and PhD (2009-2012) in Plant Biology from the State University of Campinas (UNICAMP, Brazil). Post-doctoral fellow at VIB-UGent Center for Plant Systems Biology (Belgium, 2012-2014). Professor at the Department of Botany, Institute of Biosciences, University<a href=\"https:\/\/sites.usp.br\/ligninlab\/team\/\">[&#8230;]<\/a><\/p>\n","protected":false},"author":309,"featured_media":0,"parent":0,"menu_order":0,"comment_status":"closed","ping_status":"closed","template":"template-fullwidth-no-title.php","meta":{"footnotes":"","_links_to":"","_links_to_target":""},"class_list":["post-114","page","type-page","status-publish","hentry"],"_links":{"self":[{"href":"https:\/\/sites.usp.br\/ligninlab\/wp-json\/wp\/v2\/pages\/114","targetHints":{"allow":["GET"]}}],"collection":[{"href":"https:\/\/sites.usp.br\/ligninlab\/wp-json\/wp\/v2\/pages"}],"about":[{"href":"https:\/\/sites.usp.br\/ligninlab\/wp-json\/wp\/v2\/types\/page"}],"author":[{"embeddable":true,"href":"https:\/\/sites.usp.br\/ligninlab\/wp-json\/wp\/v2\/users\/309"}],"replies":[{"embeddable":true,"href":"https:\/\/sites.usp.br\/ligninlab\/wp-json\/wp\/v2\/comments?post=114"}],"version-history":[{"count":6,"href":"https:\/\/sites.usp.br\/ligninlab\/wp-json\/wp\/v2\/pages\/114\/revisions"}],"predecessor-version":[{"id":904,"href":"https:\/\/sites.usp.br\/ligninlab\/wp-json\/wp\/v2\/pages\/114\/revisions\/904"}],"wp:attachment":[{"href":"https:\/\/sites.usp.br\/ligninlab\/wp-json\/wp\/v2\/media?parent=114"}],"curies":[{"name":"wp","href":"https:\/\/api.w.org\/{rel}","templated":true}]}}