{"id":176,"date":"2021-10-19T10:34:13","date_gmt":"2021-10-19T12:34:13","guid":{"rendered":"https:\/\/sites.usp.br\/limca\/?page_id=176"},"modified":"2021-10-25T10:26:23","modified_gmt":"2021-10-25T12:26:23","slug":"home","status":"publish","type":"page","link":"https:\/\/sites.usp.br\/limca\/","title":{"rendered":"Home"},"content":{"rendered":"<div style=\"width: 80%; margin: auto;\">\n\r\n\t<div class=\"slideshow_container slideshow_container_style-light\" style=\"height: 360px; \" data-slideshow-id=\"180\" data-style-name=\"style-light\" data-style-version=\"2.3.1\" >\r\n\r\n\t\t\t\t\t<div class=\"slideshow_loading_icon\"><\/div>\r\n\t\t\r\n\t\t<div class=\"slideshow_content\" style=\"display: none;\">\r\n\r\n\t\t\t<div class=\"slideshow_view\">\r\n\t\t\t\t<div class=\"slideshow_slide slideshow_slide_image\">\r\n\t\t\t\t\t\t\t\t\t\t\t<img src=\"https:\/\/sites.usp.br\/limca\/wp-content\/uploads\/sites\/1025\/2021\/10\/banner3.jpg\" alt=\"Localiza\u00e7\u00e3o  subcelular de UHMK1 em c\u00e9lulas HeLa\" width=\"770\" height=\"300\" \/>\r\n\t\t\t\t\t\t\t\t\t\t<div class=\"slideshow_description_box slideshow_transparent\">\r\n\t\t\t\t\t\t<div class=\"slideshow_title\">Localiza\u00e7\u00e3o  subcelular de UHMK1 em c\u00e9lulas HeLa<\/div>\t\t\t\t\t\t\t\t\t\t\t<\/div>\r\n\t\t\t\t<\/div>\r\n\r\n\t\t\t\t\t\t<div style=\"clear: both;\"><\/div><\/div><div class=\"slideshow_view\">\r\n\t\t\t\t<div class=\"slideshow_slide slideshow_slide_image\">\r\n\t\t\t\t\t\t\t\t\t\t\t<img src=\"https:\/\/sites.usp.br\/limca\/wp-content\/uploads\/sites\/1025\/2021\/10\/banner4.jpg\" alt=\"Localiza\u00e7\u00e3o  subcelular de SRSF2 em c\u00e9lulas com suprexpress\u00e3o de SF1\" width=\"770\" height=\"300\" \/>\r\n\t\t\t\t\t\t\t\t\t\t<div class=\"slideshow_description_box slideshow_transparent\">\r\n\t\t\t\t\t\t<div class=\"slideshow_title\">Localiza\u00e7\u00e3o  subcelular de SRSF2 em c\u00e9lulas com suprexpress\u00e3o de SF1<\/div>\t\t\t\t\t\t\t\t\t\t\t<\/div>\r\n\t\t\t\t<\/div>\r\n\r\n\t\t\t\t\t\t<div style=\"clear: both;\"><\/div><\/div><div class=\"slideshow_view\">\r\n\t\t\t\t<div class=\"slideshow_slide slideshow_slide_image\">\r\n\t\t\t\t\t\t\t\t\t\t\t<img src=\"https:\/\/sites.usp.br\/limca\/wp-content\/uploads\/sites\/1025\/2021\/10\/banner1.jpg\" alt=\"Pr\u00e9dio Central da Faculdade de Medicina de Ribeir\u00e3o Preto\" width=\"770\" height=\"300\" \/>\r\n\t\t\t\t\t\t\t\t\t\t<div class=\"slideshow_description_box slideshow_transparent\">\r\n\t\t\t\t\t\t<div class=\"slideshow_title\">Pr\u00e9dio Central da Faculdade de Medicina de Ribeir\u00e3o Preto<\/div>\t\t\t\t\t\t\t\t\t\t\t<\/div>\r\n\t\t\t\t<\/div>\r\n\r\n\t\t\t\t\t\t<div style=\"clear: both;\"><\/div><\/div><div class=\"slideshow_view\">\r\n\t\t\t\t<div class=\"slideshow_slide slideshow_slide_image\">\r\n\t\t\t\t\t\t\t\t\t\t\t<img src=\"https:\/\/sites.usp.br\/limca\/wp-content\/uploads\/sites\/1025\/2021\/10\/banner2.jpg\" alt=\"Equipe LIMCa\" width=\"770\" height=\"300\" \/>\r\n\t\t\t\t\t\t\t\t\t\t<div class=\"slideshow_description_box slideshow_transparent\">\r\n\t\t\t\t\t\t<div class=\"slideshow_title\">Equipe LIMCa<\/div>\t\t\t\t\t\t\t\t\t\t\t<\/div>\r\n\t\t\t\t<\/div>\r\n\r\n\t\t\t\t\t\t<div style=\"clear: both;\"><\/div><\/div>\r\n\t\t<\/div>\r\n\r\n\t\t<div class=\"slideshow_controlPanel slideshow_transparent\" style=\"display: none;\"><ul><li class=\"slideshow_togglePlay\" data-play-text=\"Acionar\" data-pause-text=\"Pausar\"><\/li><\/ul><\/div>\r\n\r\n\t\t<div class=\"slideshow_button slideshow_previous slideshow_transparent\" role=\"button\" data-previous-text=\"Anterior\" style=\"display: none;\"><\/div>\r\n\t\t<div class=\"slideshow_button slideshow_next slideshow_transparent\" role=\"button\" data-next-text=\"Pr\u00f3ximo\" style=\"display: none;\"><\/div>\r\n\r\n\t\t<div class=\"slideshow_pagination\" style=\"display: none;\" data-go-to-text=\"Ir para o slide\"><div class=\"slideshow_pagination_center\"><\/div><\/div>\r\n\r\n\t\t<!-- WordPress Slideshow Version 2.3.1 -->\r\n\r\n\t\t\t<\/div>\r\n\r\n\n<p>&nbsp;<\/p>\n<p style=\"text-align: justify;\">O laborat\u00f3rio de Investiga\u00e7\u00e3o Molecular do C\u00e2ncer (LIMCa) foi criado em 2015 pela pesquisadora Leticia Fr\u00f6hlich Archangelo com recurso financeiro de Aux\u00edlio \u00e0 Pesquisa Jovem Pesquisador da Fapesp. O objetivo do laborat\u00f3rio \u00e9 investigar os mecanismos celulares e moleculares que est\u00e3o envolvidos na tumorig\u00eanese e entender como as c\u00e9lulas subvertem os mecanismos normais para sustentar seu crescimento anormal e descontrolado no processo de transforma\u00e7\u00e3o maligna. Nossa equipe \u00e9 formada pela pesquisadora principal (PI), alunos de gradua\u00e7\u00e3o (IC), p\u00f3s-gradua\u00e7\u00e3o e apoio t\u00e9cnico. A pesquisa conta com a colabora\u00e7\u00e3o de grupos de pesquisa nacionais e internacionais. O LIMCa fica no Departamento de Biologia Celular e Molecular e Bioagentes Patog\u00eanicos da FMRP, localizado no Pr\u00e9dio Central da Faculdade de Medicina.<\/p>\n<p style=\"text-align: justify;\">Nossa <strong>miss\u00e3o<\/strong> \u00e9 expandir o conhecimento acerca da biologia do c\u00e2ncer.<\/p>\n<p style=\"text-align: justify;\">Temos como <strong>valores:<\/strong> \u00c9tica, Pensamento cr\u00edtico, Produtividade, Reprodutibilidade e Coopera\u00e7\u00e3o.<\/p>\n<p>&nbsp;<\/p>\n<hr \/>\n<h4><\/h4>\n<h4>Links \u00fateis<\/h4>\n<table style=\"border-collapse: collapse; width: 100%;\">\n<tbody>\n<tr>\n<td style=\"width: 33.3333%; vertical-align: middle;\"><a href=\"http:\/\/posbiocel.fmrp.usp.br\/\" target=\"_blank\" rel=\"noopener\"><img decoding=\"async\" class=\"aligncenter wp-image-396 size-medium\" src=\"https:\/\/sites.usp.br\/limca\/wp-content\/uploads\/sites\/1025\/2021\/10\/pos-biocel-300x64.png\" alt=\"\" width=\"300\" height=\"64\" srcset=\"https:\/\/sites.usp.br\/limca\/wp-content\/uploads\/sites\/1025\/2021\/10\/pos-biocel-300x64.png 300w, https:\/\/sites.usp.br\/limca\/wp-content\/uploads\/sites\/1025\/2021\/10\/pos-biocel-400x86.png 400w, https:\/\/sites.usp.br\/limca\/wp-content\/uploads\/sites\/1025\/2021\/10\/pos-biocel.png 700w\" sizes=\"(max-width: 300px) 100vw, 300px\" \/><\/a><\/td>\n<td style=\"width: 33.3333%; vertical-align: middle;\"><a href=\"http:\/\/rbp.fmrp.usp.br\/\" target=\"_blank\" rel=\"noopener\"><img decoding=\"async\" class=\"wp-image-412 size-full aligncenter\" src=\"https:\/\/sites.usp.br\/limca\/wp-content\/uploads\/sites\/1025\/2021\/10\/logo-biocel_150x60px.png\" alt=\"\" width=\"150\" height=\"60\" \/><\/a><\/td>\n<td style=\"width: 33.3333%; vertical-align: middle;\"><a href=\"https:\/\/www.fmrp.usp.br\/pb\/\" target=\"_blank\" rel=\"noopener\"><img decoding=\"async\" class=\"aligncenter wp-image-409\" src=\"https:\/\/sites.usp.br\/limca\/wp-content\/uploads\/sites\/1025\/2021\/10\/FMRP-com-logo-300x87.png\" alt=\"\" width=\"208\" height=\"60\" srcset=\"https:\/\/sites.usp.br\/limca\/wp-content\/uploads\/sites\/1025\/2021\/10\/FMRP-com-logo-300x87.png 300w, https:\/\/sites.usp.br\/limca\/wp-content\/uploads\/sites\/1025\/2021\/10\/FMRP-com-logo-400x115.png 400w, https:\/\/sites.usp.br\/limca\/wp-content\/uploads\/sites\/1025\/2021\/10\/FMRP-com-logo.png 520w\" sizes=\"(max-width: 208px) 100vw, 208px\" \/><\/a><\/td>\n<\/tr>\n<\/tbody>\n<\/table>\n<p style=\"padding-left: 40px;\">\n<\/div>\n","protected":false},"excerpt":{"rendered":"<p>&nbsp; O laborat\u00f3rio de Investiga\u00e7\u00e3o Molecular do C\u00e2ncer (LIMCa) foi criado em 2015 pela pesquisadora Leticia Fr\u00f6hlich Archangelo com recurso financeiro de Aux\u00edlio \u00e0 Pesquisa Jovem Pesquisador da Fapesp. O objetivo do laborat\u00f3rio \u00e9 investigar os mecanismos celulares e moleculares que est\u00e3o envolvidos na tumorig\u00eanese e entender como as c\u00e9lulas subvertem os mecanismos normais para [&hellip;]<\/p>\n","protected":false},"author":635,"featured_media":0,"parent":0,"menu_order":0,"comment_status":"closed","ping_status":"closed","template":"","meta":{"ocean_post_layout":"","ocean_both_sidebars_style":"","ocean_both_sidebars_content_width":0,"ocean_both_sidebars_sidebars_width":0,"ocean_sidebar":"0","ocean_second_sidebar":"0","ocean_disable_margins":"enable","ocean_add_body_class":"","ocean_shortcode_before_top_bar":"","ocean_shortcode_after_top_bar":"","ocean_shortcode_before_header":"","ocean_shortcode_after_header":"","ocean_has_shortcode":"","ocean_shortcode_after_title":"","ocean_shortcode_before_footer_widgets":"","ocean_shortcode_after_footer_widgets":"","ocean_shortcode_before_footer_bottom":"","ocean_shortcode_after_footer_bottom":"","ocean_display_top_bar":"default","ocean_display_header":"default","ocean_header_style":"","ocean_center_header_left_menu":"0","ocean_custom_header_template":"0","ocean_custom_logo":0,"ocean_custom_retina_logo":0,"ocean_custom_logo_max_width":0,"ocean_custom_logo_tablet_max_width":0,"ocean_custom_logo_mobile_max_width":0,"ocean_custom_logo_max_height":0,"ocean_custom_logo_tablet_max_height":0,"ocean_custom_logo_mobile_max_height":0,"ocean_header_custom_menu":"0","ocean_menu_typo_font_family":"0","ocean_menu_typo_font_subset":"","ocean_menu_typo_font_size":0,"ocean_menu_typo_font_size_tablet":0,"ocean_menu_typo_font_size_mobile":0,"ocean_menu_typo_font_size_unit":"px","ocean_menu_typo_font_weight":"","ocean_menu_typo_font_weight_tablet":"","ocean_menu_typo_font_weight_mobile":"","ocean_menu_typo_transform":"","ocean_menu_typo_transform_tablet":"","ocean_menu_typo_transform_mobile":"","ocean_menu_typo_line_height":0,"ocean_menu_typo_line_height_tablet":0,"ocean_menu_typo_line_height_mobile":0,"ocean_menu_typo_line_height_unit":"","ocean_menu_typo_spacing":0,"ocean_menu_typo_spacing_tablet":0,"ocean_menu_typo_spacing_mobile":0,"ocean_menu_typo_spacing_unit":"","ocean_menu_link_color":"","ocean_menu_link_color_hover":"","ocean_menu_link_color_active":"","ocean_menu_link_background":"","ocean_menu_link_hover_background":"","ocean_menu_link_active_background":"","ocean_menu_social_links_bg":"","ocean_menu_social_hover_links_bg":"","ocean_menu_social_links_color":"","ocean_menu_social_hover_links_color":"","ocean_disable_title":"on","ocean_disable_heading":"default","ocean_post_title":"","ocean_post_subheading":"","ocean_post_title_style":"","ocean_post_title_background_color":"","ocean_post_title_background":0,"ocean_post_title_bg_image_position":"","ocean_post_title_bg_image_attachment":"","ocean_post_title_bg_image_repeat":"","ocean_post_title_bg_image_size":"","ocean_post_title_height":0,"ocean_post_title_bg_overlay":0.5,"ocean_post_title_bg_overlay_color":"","ocean_disable_breadcrumbs":"default","ocean_breadcrumbs_color":"","ocean_breadcrumbs_separator_color":"","ocean_breadcrumbs_links_color":"","ocean_breadcrumbs_links_hover_color":"","ocean_display_footer_widgets":"default","ocean_display_footer_bottom":"default","ocean_custom_footer_template":"0","footnotes":"","_links_to":"","_links_to_target":""},"class_list":["post-176","page","type-page","status-publish","hentry","entry"],"_links":{"self":[{"href":"https:\/\/sites.usp.br\/limca\/wp-json\/wp\/v2\/pages\/176","targetHints":{"allow":["GET"]}}],"collection":[{"href":"https:\/\/sites.usp.br\/limca\/wp-json\/wp\/v2\/pages"}],"about":[{"href":"https:\/\/sites.usp.br\/limca\/wp-json\/wp\/v2\/types\/page"}],"author":[{"embeddable":true,"href":"https:\/\/sites.usp.br\/limca\/wp-json\/wp\/v2\/users\/635"}],"replies":[{"embeddable":true,"href":"https:\/\/sites.usp.br\/limca\/wp-json\/wp\/v2\/comments?post=176"}],"version-history":[{"count":5,"href":"https:\/\/sites.usp.br\/limca\/wp-json\/wp\/v2\/pages\/176\/revisions"}],"predecessor-version":[{"id":417,"href":"https:\/\/sites.usp.br\/limca\/wp-json\/wp\/v2\/pages\/176\/revisions\/417"}],"wp:attachment":[{"href":"https:\/\/sites.usp.br\/limca\/wp-json\/wp\/v2\/media?parent=176"}],"curies":[{"name":"wp","href":"https:\/\/api.w.org\/{rel}","templated":true}]}}