{"id":227,"date":"2021-10-19T14:22:49","date_gmt":"2021-10-19T16:22:49","guid":{"rendered":"https:\/\/sites.usp.br\/limca\/?page_id=227"},"modified":"2024-08-16T15:56:50","modified_gmt":"2024-08-16T17:56:50","slug":"colaboracoes-nacionais","status":"publish","type":"page","link":"https:\/\/sites.usp.br\/limca\/colaboracoes-nacionais\/","title":{"rendered":"Colabora\u00e7\u00f5es nacionais"},"content":{"rendered":"<table style=\"border-collapse: collapse; width: 100%; height: 272px;\">\n<tbody>\n<tr style=\"height: 25px;\">\n<td style=\"width: 17.8321%; height: 10px; vertical-align: middle;\"><a href=\"https:\/\/sites.usp.br\/limca\/wp-content\/uploads\/sites\/1025\/2023\/05\/Logo-Unicamp.png\"><img decoding=\"async\" class=\"aligncenter wp-image-444\" src=\"https:\/\/sites.usp.br\/limca\/wp-content\/uploads\/sites\/1025\/2023\/05\/Logo-Unicamp-300x300.png\" alt=\"\" width=\"70\" height=\"70\" srcset=\"https:\/\/sites.usp.br\/limca\/wp-content\/uploads\/sites\/1025\/2023\/05\/Logo-Unicamp-300x300.png 300w, https:\/\/sites.usp.br\/limca\/wp-content\/uploads\/sites\/1025\/2023\/05\/Logo-Unicamp-1024x1024.png 1024w, https:\/\/sites.usp.br\/limca\/wp-content\/uploads\/sites\/1025\/2023\/05\/Logo-Unicamp-150x150.png 150w, https:\/\/sites.usp.br\/limca\/wp-content\/uploads\/sites\/1025\/2023\/05\/Logo-Unicamp-768x768.png 768w, https:\/\/sites.usp.br\/limca\/wp-content\/uploads\/sites\/1025\/2023\/05\/Logo-Unicamp-1536x1536.png 1536w, https:\/\/sites.usp.br\/limca\/wp-content\/uploads\/sites\/1025\/2023\/05\/Logo-Unicamp-2048x2048.png 2048w, https:\/\/sites.usp.br\/limca\/wp-content\/uploads\/sites\/1025\/2023\/05\/Logo-Unicamp-600x600.png 600w, https:\/\/sites.usp.br\/limca\/wp-content\/uploads\/sites\/1025\/2023\/05\/Logo-Unicamp-45x45.png 45w, https:\/\/sites.usp.br\/limca\/wp-content\/uploads\/sites\/1025\/2023\/05\/Logo-Unicamp-200x200.png 200w, https:\/\/sites.usp.br\/limca\/wp-content\/uploads\/sites\/1025\/2023\/05\/Logo-Unicamp-400x400.png 400w\" sizes=\"(max-width: 70px) 100vw, 70px\" \/><\/a><\/td>\n<td style=\"text-align: justify; height: 10px; vertical-align: middle; width: 82.0514%;\">Dra. Katlin Brauer Massirer<br \/>\nCentro de Biologia Molecular e Engenharia Gen\u00e9tica (CBMEG\/CQMED) &#8211; Unicamp<\/td>\n<\/tr>\n<tr style=\"height: 25px;\">\n<td style=\"height: 19px; vertical-align: middle; width: 17.8321%;\"><img decoding=\"async\" class=\"aligncenter wp-image-443\" src=\"https:\/\/sites.usp.br\/limca\/wp-content\/uploads\/sites\/1025\/2023\/05\/ICB-USP-268x300.png\" alt=\"\" width=\"62\" height=\"70\" srcset=\"https:\/\/sites.usp.br\/limca\/wp-content\/uploads\/sites\/1025\/2023\/05\/ICB-USP-268x300.png 268w, https:\/\/sites.usp.br\/limca\/wp-content\/uploads\/sites\/1025\/2023\/05\/ICB-USP-913x1024.png 913w, https:\/\/sites.usp.br\/limca\/wp-content\/uploads\/sites\/1025\/2023\/05\/ICB-USP-768x861.png 768w, https:\/\/sites.usp.br\/limca\/wp-content\/uploads\/sites\/1025\/2023\/05\/ICB-USP-1370x1536.png 1370w, https:\/\/sites.usp.br\/limca\/wp-content\/uploads\/sites\/1025\/2023\/05\/ICB-USP-400x449.png 400w, https:\/\/sites.usp.br\/limca\/wp-content\/uploads\/sites\/1025\/2023\/05\/ICB-USP.png 1712w\" sizes=\"(max-width: 62px) 100vw, 62px\" \/><\/td>\n<td style=\"text-align: justify; height: 19px; vertical-align: middle; width: 82.0514%;\">Dr. Jo\u00e3o Agostinho Machado Neto<br \/>\nDepartamento de Farmacologia do Instituto de Ci\u00eancias Biom\u00e9dicas da Universidade de S\u00e3o Paulo<\/td>\n<\/tr>\n<tr style=\"height: 25px;\">\n<td style=\"height: 51px; vertical-align: middle; width: 17.8321%;\"><img decoding=\"async\" class=\"aligncenter wp-image-190\" src=\"https:\/\/sites.usp.br\/limca\/wp-content\/uploads\/sites\/1025\/2021\/10\/Brasao_Flamula_bco_100px.png\" alt=\"\" width=\"47\" height=\"70\" \/><\/td>\n<td style=\"height: 51px; vertical-align: middle; width: 82.0514%;\">Dr. Luciano Neder Serafini<br \/>\nDepartamento de Medicina Legal e Patologia da FMRP-USP<br \/>\n(PA no projeto\u00a0 Fapesp 2019\/26035-1)<\/td>\n<\/tr>\n<tr style=\"height: 25px;\">\n<td style=\"height: 46px; vertical-align: middle; width: 17.8321%;\"><img loading=\"lazy\" decoding=\"async\" class=\"aligncenter wp-image-318\" src=\"https:\/\/sites.usp.br\/limca\/wp-content\/uploads\/sites\/1025\/2021\/10\/Unesp_150px.png\" alt=\"\" width=\"70\" height=\"70\" srcset=\"https:\/\/sites.usp.br\/limca\/wp-content\/uploads\/sites\/1025\/2021\/10\/Unesp_150px.png 150w, https:\/\/sites.usp.br\/limca\/wp-content\/uploads\/sites\/1025\/2021\/10\/Unesp_150px-45x45.png 45w\" sizes=\"(max-width: 70px) 100vw, 70px\" \/><\/td>\n<td style=\"text-align: justify; height: 46px; vertical-align: middle; width: 82.0514%;\">Dra. Val\u00e9ria Valente<br \/>\nFaculdade de Ci\u00eancias Farmac\u00eauticas da UNESP\/Araraquara<br \/>\n(PA no projeto\u00a0 Fapesp 2019\/26035-1)<\/td>\n<\/tr>\n<tr style=\"height: 25px;\">\n<td style=\"height: 53px; vertical-align: middle; width: 17.8321%;\"><img loading=\"lazy\" decoding=\"async\" class=\"aligncenter wp-image-321\" src=\"https:\/\/sites.usp.br\/limca\/wp-content\/uploads\/sites\/1025\/2021\/10\/Boldrini_150px.png\" alt=\"\" width=\"65\" height=\"60\" \/><\/td>\n<td style=\"height: 53px; vertical-align: middle; width: 82.0514%;\">Dr. Jos\u00e9 Andres Yunes<br \/>\nCentro Infantil Boldrini &#8211; Campinas<br \/>\n(Campos LW et al. Blood 2019. doi: https:\/\/doi.org\/10.1182\/blood-2018-09-872945)<\/td>\n<\/tr>\n<tr style=\"height: 25px;\">\n<td style=\"height: 59px; vertical-align: middle; width: 17.8321%;\"><img decoding=\"async\" class=\"aligncenter wp-image-190\" src=\"https:\/\/sites.usp.br\/limca\/wp-content\/uploads\/sites\/1025\/2021\/10\/Brasao_Flamula_bco_100px.png\" alt=\"\" width=\"47\" height=\"70\" \/><\/td>\n<td style=\"text-align: justify; height: 59px; vertical-align: middle; width: 82.0514%;\">Dra. Fab\u00edola Traina<br \/>\nDepartamento de Imagens M\u00e9dicas, Hematologia e Oncologia Cl\u00ednica da FMRP-USP<br \/>\n(Barbutti I., et al. BBA 2018. doi: https:\/\/doi.org\/10.1016\/j.bbadis.2018.01.004)<\/td>\n<\/tr>\n<tr style=\"height: 25px;\">\n<td style=\"height: 34px; vertical-align: middle; width: 17.8321%;\"><img loading=\"lazy\" decoding=\"async\" class=\"wp-image-450 aligncenter\" src=\"https:\/\/sites.usp.br\/limca\/wp-content\/uploads\/sites\/1025\/2023\/05\/Logotipo-Hemocentro-2020-276x300.jpg\" alt=\"\" width=\"55\" height=\"60\" srcset=\"https:\/\/sites.usp.br\/limca\/wp-content\/uploads\/sites\/1025\/2023\/05\/Logotipo-Hemocentro-2020-276x300.jpg 276w, https:\/\/sites.usp.br\/limca\/wp-content\/uploads\/sites\/1025\/2023\/05\/Logotipo-Hemocentro-2020-943x1024.jpg 943w, https:\/\/sites.usp.br\/limca\/wp-content\/uploads\/sites\/1025\/2023\/05\/Logotipo-Hemocentro-2020-768x834.jpg 768w, https:\/\/sites.usp.br\/limca\/wp-content\/uploads\/sites\/1025\/2023\/05\/Logotipo-Hemocentro-2020-400x435.jpg 400w, https:\/\/sites.usp.br\/limca\/wp-content\/uploads\/sites\/1025\/2023\/05\/Logotipo-Hemocentro-2020.jpg 1342w\" sizes=\"(max-width: 55px) 100vw, 55px\" \/><\/td>\n<td style=\"text-align: justify; height: 34px; vertical-align: middle; width: 82.0514%;\">Dra. Sara Teresinha O. Saad<br \/>\nDepartamento de Cl\u00ednica M\u00e9dica da FCM\/UNICAMP<br \/>\n(PA no projeto JP\u00a0 Fapesp 2014\/01458-3)<\/td>\n<\/tr>\n<tr>\n<td style=\"vertical-align: middle; width: 17.8321%;\"><img decoding=\"async\" class=\"aligncenter wp-image-190\" src=\"https:\/\/sites.usp.br\/limca\/wp-content\/uploads\/sites\/1025\/2021\/10\/Brasao_Flamula_bco_100px.png\" alt=\"\" width=\"47\" height=\"70\" \/><\/td>\n<td style=\"text-align: justify; vertical-align: middle; width: 82.0514%;\">Dr. Jeremy Andrew Squire<br \/>\nDepartamento de Gen\u00e9tica da FMRP &#8211; USP<\/td>\n<\/tr>\n<\/tbody>\n<\/table>\n","protected":false},"excerpt":{"rendered":"<p>Dra. Katlin Brauer Massirer Centro de Biologia Molecular e Engenharia Gen\u00e9tica (CBMEG\/CQMED) &#8211; Unicamp Dr. Jo\u00e3o Agostinho Machado Neto Departamento de Farmacologia do Instituto de Ci\u00eancias Biom\u00e9dicas da Universidade de S\u00e3o Paulo Dr. Luciano Neder Serafini Departamento de Medicina Legal e Patologia da FMRP-USP (PA no projeto\u00a0 Fapesp 2019\/26035-1) Dra. Val\u00e9ria Valente Faculdade de Ci\u00eancias [&hellip;]<\/p>\n","protected":false},"author":635,"featured_media":0,"parent":0,"menu_order":0,"comment_status":"closed","ping_status":"closed","template":"","meta":{"ocean_post_layout":"","ocean_both_sidebars_style":"","ocean_both_sidebars_content_width":0,"ocean_both_sidebars_sidebars_width":0,"ocean_sidebar":"0","ocean_second_sidebar":"0","ocean_disable_margins":"enable","ocean_add_body_class":"","ocean_shortcode_before_top_bar":"","ocean_shortcode_after_top_bar":"","ocean_shortcode_before_header":"","ocean_shortcode_after_header":"","ocean_has_shortcode":"","ocean_shortcode_after_title":"","ocean_shortcode_before_footer_widgets":"","ocean_shortcode_after_footer_widgets":"","ocean_shortcode_before_footer_bottom":"","ocean_shortcode_after_footer_bottom":"","ocean_display_top_bar":"default","ocean_display_header":"default","ocean_header_style":"","ocean_center_header_left_menu":"0","ocean_custom_header_template":"0","ocean_custom_logo":0,"ocean_custom_retina_logo":0,"ocean_custom_logo_max_width":0,"ocean_custom_logo_tablet_max_width":0,"ocean_custom_logo_mobile_max_width":0,"ocean_custom_logo_max_height":0,"ocean_custom_logo_tablet_max_height":0,"ocean_custom_logo_mobile_max_height":0,"ocean_header_custom_menu":"0","ocean_menu_typo_font_family":"0","ocean_menu_typo_font_subset":"","ocean_menu_typo_font_size":0,"ocean_menu_typo_font_size_tablet":0,"ocean_menu_typo_font_size_mobile":0,"ocean_menu_typo_font_size_unit":"px","ocean_menu_typo_font_weight":"","ocean_menu_typo_font_weight_tablet":"","ocean_menu_typo_font_weight_mobile":"","ocean_menu_typo_transform":"","ocean_menu_typo_transform_tablet":"","ocean_menu_typo_transform_mobile":"","ocean_menu_typo_line_height":0,"ocean_menu_typo_line_height_tablet":0,"ocean_menu_typo_line_height_mobile":0,"ocean_menu_typo_line_height_unit":"","ocean_menu_typo_spacing":0,"ocean_menu_typo_spacing_tablet":0,"ocean_menu_typo_spacing_mobile":0,"ocean_menu_typo_spacing_unit":"","ocean_menu_link_color":"","ocean_menu_link_color_hover":"","ocean_menu_link_color_active":"","ocean_menu_link_background":"","ocean_menu_link_hover_background":"","ocean_menu_link_active_background":"","ocean_menu_social_links_bg":"","ocean_menu_social_hover_links_bg":"","ocean_menu_social_links_color":"","ocean_menu_social_hover_links_color":"","ocean_disable_title":"default","ocean_disable_heading":"default","ocean_post_title":"","ocean_post_subheading":"","ocean_post_title_style":"","ocean_post_title_background_color":"","ocean_post_title_background":0,"ocean_post_title_bg_image_position":"","ocean_post_title_bg_image_attachment":"","ocean_post_title_bg_image_repeat":"","ocean_post_title_bg_image_size":"","ocean_post_title_height":0,"ocean_post_title_bg_overlay":0.5,"ocean_post_title_bg_overlay_color":"","ocean_disable_breadcrumbs":"default","ocean_breadcrumbs_color":"","ocean_breadcrumbs_separator_color":"","ocean_breadcrumbs_links_color":"","ocean_breadcrumbs_links_hover_color":"","ocean_display_footer_widgets":"default","ocean_display_footer_bottom":"default","ocean_custom_footer_template":"0","footnotes":"","_links_to":"","_links_to_target":""},"class_list":["post-227","page","type-page","status-publish","hentry","entry"],"_links":{"self":[{"href":"https:\/\/sites.usp.br\/limca\/wp-json\/wp\/v2\/pages\/227","targetHints":{"allow":["GET"]}}],"collection":[{"href":"https:\/\/sites.usp.br\/limca\/wp-json\/wp\/v2\/pages"}],"about":[{"href":"https:\/\/sites.usp.br\/limca\/wp-json\/wp\/v2\/types\/page"}],"author":[{"embeddable":true,"href":"https:\/\/sites.usp.br\/limca\/wp-json\/wp\/v2\/users\/635"}],"replies":[{"embeddable":true,"href":"https:\/\/sites.usp.br\/limca\/wp-json\/wp\/v2\/comments?post=227"}],"version-history":[{"count":6,"href":"https:\/\/sites.usp.br\/limca\/wp-json\/wp\/v2\/pages\/227\/revisions"}],"predecessor-version":[{"id":563,"href":"https:\/\/sites.usp.br\/limca\/wp-json\/wp\/v2\/pages\/227\/revisions\/563"}],"wp:attachment":[{"href":"https:\/\/sites.usp.br\/limca\/wp-json\/wp\/v2\/media?parent=227"}],"curies":[{"name":"wp","href":"https:\/\/api.w.org\/{rel}","templated":true}]}}