{"id":242,"date":"2021-10-19T14:38:49","date_gmt":"2021-10-19T16:38:49","guid":{"rendered":"https:\/\/sites.usp.br\/limca\/?page_id=242"},"modified":"2024-12-12T14:12:52","modified_gmt":"2024-12-12T16:12:52","slug":"equipe","status":"publish","type":"page","link":"https:\/\/sites.usp.br\/limca\/equipe\/","title":{"rendered":"Grupo de Pesquisa"},"content":{"rendered":"<h3>Pesquisadora Principal<\/h3>\n<table style=\"border-collapse: collapse; width: 80%;\">\n<tbody>\n<tr>\n<td style=\"width: 15.3922%; vertical-align: top;\"><img decoding=\"async\" class=\"wp-image-325 alignleft\" src=\"https:\/\/sites.usp.br\/limca\/wp-content\/uploads\/sites\/1025\/2021\/10\/Profa-Leticia.jpg\" alt=\"\" width=\"152\" height=\"152\" srcset=\"https:\/\/sites.usp.br\/limca\/wp-content\/uploads\/sites\/1025\/2021\/10\/Profa-Leticia.jpg 300w, https:\/\/sites.usp.br\/limca\/wp-content\/uploads\/sites\/1025\/2021\/10\/Profa-Leticia-150x150.jpg 150w, https:\/\/sites.usp.br\/limca\/wp-content\/uploads\/sites\/1025\/2021\/10\/Profa-Leticia-45x45.jpg 45w, https:\/\/sites.usp.br\/limca\/wp-content\/uploads\/sites\/1025\/2021\/10\/Profa-Leticia-200x200.jpg 200w\" sizes=\"(max-width: 152px) 100vw, 152px\" \/><\/td>\n<td style=\"width: 84.4118%;\">\n<h4>Profa. Dra. Leticia Fr\u00f6hlich Archangelo<\/h4>\n<p style=\"text-align: justify;\">Bacharel em Biologia pela Universidade Federal de S\u00e3o Carlos (UFScar) e pela Georg-August-Universit\u00e4t G\u00f6ttingen na Alemanha. Doutora em Biologia Humana pela Faculdade de Medicina da Ludwig-Maximilians-Universit\u00e4t M\u00fcnchen (LMU). Professora doutora no Departamento de Biologia Celular e Molecular e Bioagentes Patog\u00eanicos da Faculdade de Medicina de Ribeir\u00e3o Preto desde 2014. Em 2015 montou o LIMCa, onde tem liderado seu grupo de pesquisa desde ent\u00e3o. Orienta p\u00f3s-graduandos pelo Programa de P\u00f3s-Gradua\u00e7\u00e3o em Biologia Celular e Molecular da FMRP.<\/p>\n<p>\u00bb <a href=\"http:\/\/lattes.cnpq.br\/1580193380599207\" target=\"_blank\" rel=\"noopener\">Curr\u00edculo Lattes<\/a>, \u00bb <a href=\"https:\/\/orcid.org\/0000-0003-2264-4504\" target=\"_blank\" rel=\"noopener\">Orcid<\/a>, \u00bb <a href=\"http:\/\/www.researcherid.com\/rid\/P-7048-2015\" target=\"_blank\" rel=\"noopener\">MyResearcherID (ISI)<\/a>, \u00bb\u00a0<a href=\"https:\/\/bv.fapesp.br\/pt\/pesquisador\/78118\/leticia-frohlich-archangelo\/\" target=\"_blank\" rel=\"noopener\">Fapesp\u00a0 (BV.Fapesp)<\/a>, \u00bb <a href=\"http:\/\/scholar.google.com.br\/citations?hl=pt-BR&amp;user=xRxEbYUAAAAJ&amp;view_op=list_works\" target=\"_blank\" rel=\"noopener\">MyCitations (Google Scholar)<\/a><\/td>\n<\/tr>\n<\/tbody>\n<\/table>\n<h3>P\u00f3s-Doutorandos<\/h3>\n<table style=\"border-collapse: collapse; width: 80%;\">\n<tbody>\n<tr>\n<td style=\"width: 15.5385%; vertical-align: top;\"><img decoding=\"async\" class=\"alignnone size-thumbnail wp-image-545\" src=\"https:\/\/sites.usp.br\/limca\/wp-content\/uploads\/sites\/1025\/2024\/08\/WhatsApp-Image-2024-08-14-at-11.15.24-1-150x150.jpeg\" alt=\"\" width=\"150\" height=\"150\" srcset=\"https:\/\/sites.usp.br\/limca\/wp-content\/uploads\/sites\/1025\/2024\/08\/WhatsApp-Image-2024-08-14-at-11.15.24-1-150x150.jpeg 150w, https:\/\/sites.usp.br\/limca\/wp-content\/uploads\/sites\/1025\/2024\/08\/WhatsApp-Image-2024-08-14-at-11.15.24-1-600x600.jpeg 600w, https:\/\/sites.usp.br\/limca\/wp-content\/uploads\/sites\/1025\/2024\/08\/WhatsApp-Image-2024-08-14-at-11.15.24-1-45x45.jpeg 45w, https:\/\/sites.usp.br\/limca\/wp-content\/uploads\/sites\/1025\/2024\/08\/WhatsApp-Image-2024-08-14-at-11.15.24-1-200x200.jpeg 200w\" sizes=\"(max-width: 150px) 100vw, 150px\" \/><\/td>\n<td style=\"width: 84.4615%;\">\n<h4>Nilton Jos\u00e9 dos Santos<\/h4>\n<p>Doutor em Biologia Celular e Estrutural no Instituto de Biologia (IB) pela Universidade Estadual de Campinas (UNICAMP). Atualmente Pesquisador de P\u00f3s-Doutorado no Laborat\u00f3rio de Investiga\u00e7\u00e3o Molecular do C\u00e2ncer. Buscamos estabelecer modelos organoides de C\u00e2ncer de Pr\u00f3stata avan\u00e7ados derivados de pacientes, que nos permitir\u00e3o abordar a biologia dos tumores prost\u00e1ticos em rela\u00e7\u00e3o a i) mecanismos moleculares de resist\u00eancia a medicamentos e ii) intera\u00e7\u00e3o com o microambiente tumoral em n\u00edvel individual, abrindo assim o caminho para a medicina personalizada.<\/p>\n<p>\u00bb <a href=\"http:\/\/lattes.cnpq.br\/4234899467029791\">Curr\u00edculo Lattes<\/a><\/td>\n<\/tr>\n<\/tbody>\n<\/table>\n<h3>Doutorandos<\/h3>\n<table style=\"border-collapse: collapse; width: 80%;\">\n<tbody>\n<tr>\n<td style=\"width: 15.5385%; vertical-align: top;\"><img decoding=\"async\" class=\"alignnone wp-image-458\" src=\"https:\/\/sites.usp.br\/limca\/wp-content\/uploads\/sites\/1025\/2023\/05\/Isabela-David-Cardoso-150x150.jpeg\" alt=\"\" width=\"153\" height=\"153\" srcset=\"https:\/\/sites.usp.br\/limca\/wp-content\/uploads\/sites\/1025\/2023\/05\/Isabela-David-Cardoso-150x150.jpeg 150w, https:\/\/sites.usp.br\/limca\/wp-content\/uploads\/sites\/1025\/2023\/05\/Isabela-David-Cardoso-300x300.jpeg 300w, https:\/\/sites.usp.br\/limca\/wp-content\/uploads\/sites\/1025\/2023\/05\/Isabela-David-Cardoso-768x768.jpeg 768w, https:\/\/sites.usp.br\/limca\/wp-content\/uploads\/sites\/1025\/2023\/05\/Isabela-David-Cardoso-600x600.jpeg 600w, https:\/\/sites.usp.br\/limca\/wp-content\/uploads\/sites\/1025\/2023\/05\/Isabela-David-Cardoso-45x45.jpeg 45w, https:\/\/sites.usp.br\/limca\/wp-content\/uploads\/sites\/1025\/2023\/05\/Isabela-David-Cardoso-200x200.jpeg 200w, https:\/\/sites.usp.br\/limca\/wp-content\/uploads\/sites\/1025\/2023\/05\/Isabela-David-Cardoso-400x400.jpeg 400w, https:\/\/sites.usp.br\/limca\/wp-content\/uploads\/sites\/1025\/2023\/05\/Isabela-David-Cardoso.jpeg 930w\" sizes=\"(max-width: 153px) 100vw, 153px\" \/><\/td>\n<td style=\"width: 84.4615%;\">\n<h4>Isabela David Cardoso<\/h4>\n<p>Bacharel em Biomedicina e Mestre em Ci\u00eancias da Sa\u00fade pela Universidade Federal do Tri\u00e2ngulo Mineiro (UFTM). No mestrado, avaliou os efeitos de compostos fitoter\u00e1picos na resposta imune mediada por linf\u00f3citos citot\u00f3xicos. Atualmente, \u00e9 aluna de doutorado do Programa de P\u00f3s-Gradua\u00e7\u00e3o em Biologia Celular e Molecular da Faculdade de Medicina de Ribeir\u00e3o Preto \u2013 USP. No LIMCa, investiga o papel da quinase UHMK1 na promo\u00e7\u00e3o de fen\u00f3tipos malignos em melanoma.<\/p>\n<p>\u00bb <a href=\"http:\/\/lattes.cnpq.br\/2638172971164324\">Curr\u00edculo Lattes<\/a><\/td>\n<\/tr>\n<tr>\n<td style=\"width: 15.5385%; vertical-align: top;\"><img loading=\"lazy\" decoding=\"async\" class=\"alignnone size-thumbnail wp-image-550\" src=\"https:\/\/sites.usp.br\/limca\/wp-content\/uploads\/sites\/1025\/2024\/08\/WhatsApp-Image-2024-08-14-at-12.05.05-150x150.jpeg\" alt=\"\" width=\"150\" height=\"150\" srcset=\"https:\/\/sites.usp.br\/limca\/wp-content\/uploads\/sites\/1025\/2024\/08\/WhatsApp-Image-2024-08-14-at-12.05.05-150x150.jpeg 150w, https:\/\/sites.usp.br\/limca\/wp-content\/uploads\/sites\/1025\/2024\/08\/WhatsApp-Image-2024-08-14-at-12.05.05-600x600.jpeg 600w, https:\/\/sites.usp.br\/limca\/wp-content\/uploads\/sites\/1025\/2024\/08\/WhatsApp-Image-2024-08-14-at-12.05.05-45x45.jpeg 45w, https:\/\/sites.usp.br\/limca\/wp-content\/uploads\/sites\/1025\/2024\/08\/WhatsApp-Image-2024-08-14-at-12.05.05-200x200.jpeg 200w\" sizes=\"(max-width: 150px) 100vw, 150px\" \/><\/td>\n<td style=\"width: 84.4615%;\">\n<h4>Caroline Stahnke Richau<\/h4>\n<p>Graduada em Ci\u00eancias Biol\u00f3gicas\/ Licenciatura pela Universidade do Estado do Rio de Janeiro (UERJ). Mestre em Oncologia pelo Instituto Nacional do C\u00e2ncer (INCA), onde pesquisou sobre variantes gen\u00e9ticas germinativas e som\u00e1ticas nos genes BRCA1\/ 2 e TP53 em c\u00e2ncer de ov\u00e1rio. Atualmente, \u00e9 aluna de Doutorado do Programa de P\u00f3s-Gradua\u00e7\u00e3o em Biologia Celular e Molecular da Faculdade de Medicina de Ribeir\u00e3o Preto \u2013 USP. No LIMCa desenvolve o projeto de pesquisa sobre a investiga\u00e7\u00e3o da fun\u00e7\u00e3o de PIMREG na resist\u00eancia ao tratamento de Glioblastoma com agentes quimioter\u00e1picos e radia\u00e7\u00e3o ionizante.<\/p>\n<p>\u00bb <a href=\"http:\/\/lattes.cnpq.br\/6901630622808092\">Curr\u00edculo Lattes<\/a><\/td>\n<\/tr>\n<\/tbody>\n<\/table>\n<h3>Mestrandos<\/h3>\n<table style=\"border-collapse: collapse; width: 80%;\">\n<tbody>\n<tr>\n<td style=\"width: 19.197%; vertical-align: top;\"><img loading=\"lazy\" decoding=\"async\" class=\"alignleft size-thumbnail wp-image-559\" src=\"https:\/\/sites.usp.br\/limca\/wp-content\/uploads\/sites\/1025\/2024\/08\/WhatsApp-Image-2024-08-16-at-12.33.40-e1723830048852-150x150.jpeg\" alt=\"\" width=\"150\" height=\"150\" srcset=\"https:\/\/sites.usp.br\/limca\/wp-content\/uploads\/sites\/1025\/2024\/08\/WhatsApp-Image-2024-08-16-at-12.33.40-e1723830048852-150x150.jpeg 150w, https:\/\/sites.usp.br\/limca\/wp-content\/uploads\/sites\/1025\/2024\/08\/WhatsApp-Image-2024-08-16-at-12.33.40-e1723830048852-600x600.jpeg 600w, https:\/\/sites.usp.br\/limca\/wp-content\/uploads\/sites\/1025\/2024\/08\/WhatsApp-Image-2024-08-16-at-12.33.40-e1723830048852-45x45.jpeg 45w, https:\/\/sites.usp.br\/limca\/wp-content\/uploads\/sites\/1025\/2024\/08\/WhatsApp-Image-2024-08-16-at-12.33.40-e1723830048852-200x200.jpeg 200w\" sizes=\"(max-width: 150px) 100vw, 150px\" \/><\/td>\n<td style=\"width: 80.6775%;\">\n<h4>Maria Vit\u00f3ria de Rizzo Gasparini<\/h4>\n<p>Bacharela em Ci\u00eancias Biom\u00e9dicas pela Faculdade de Medicina de Ribeir\u00e3o Preto (FMRP-USP). Desenvolveu seu trabalho de Inicia\u00e7\u00e3o Cient\u00edfica no LIMCa, no qual investigou o papel de PIMREG no reparo de dano ao DNA pela via de Recombina\u00e7\u00e3o Hom\u00f3loga. Atualmente, a aluna \u00e9 bolsista FAPESP de mestrado e seu projeto busca entender a participa\u00e7\u00e3o de PIMREG no ac\u00famulo de dano ao DNA em c\u00e9lulas de glioblastoma tratadas com temozolamida.<\/p>\n<p>\u00bb <a href=\"http:\/\/lattes.cnpq.br\/4361021523557822\" target=\"_blank\" rel=\"noopener\">Curr\u00edculo lattes<\/a><\/td>\n<\/tr>\n<tr>\n<td style=\"width: 19.197%; vertical-align: top;\"><a href=\"https:\/\/sites.usp.br\/limca\/wp-content\/uploads\/sites\/1025\/2021\/10\/Isabela.jpg\">\u00a0<img loading=\"lazy\" decoding=\"async\" class=\"alignnone size-thumbnail wp-image-538\" src=\"https:\/\/sites.usp.br\/limca\/wp-content\/uploads\/sites\/1025\/2024\/08\/foto106-2-150x150.jpg\" alt=\"\" width=\"150\" height=\"150\" srcset=\"https:\/\/sites.usp.br\/limca\/wp-content\/uploads\/sites\/1025\/2024\/08\/foto106-2-150x150.jpg 150w, https:\/\/sites.usp.br\/limca\/wp-content\/uploads\/sites\/1025\/2024\/08\/foto106-2-300x300.jpg 300w, https:\/\/sites.usp.br\/limca\/wp-content\/uploads\/sites\/1025\/2024\/08\/foto106-2-1024x1024.jpg 1024w, https:\/\/sites.usp.br\/limca\/wp-content\/uploads\/sites\/1025\/2024\/08\/foto106-2-768x768.jpg 768w, https:\/\/sites.usp.br\/limca\/wp-content\/uploads\/sites\/1025\/2024\/08\/foto106-2-1536x1536.jpg 1536w, https:\/\/sites.usp.br\/limca\/wp-content\/uploads\/sites\/1025\/2024\/08\/foto106-2-2048x2048.jpg 2048w, https:\/\/sites.usp.br\/limca\/wp-content\/uploads\/sites\/1025\/2024\/08\/foto106-2-600x600.jpg 600w, https:\/\/sites.usp.br\/limca\/wp-content\/uploads\/sites\/1025\/2024\/08\/foto106-2-45x45.jpg 45w, https:\/\/sites.usp.br\/limca\/wp-content\/uploads\/sites\/1025\/2024\/08\/foto106-2-200x200.jpg 200w, https:\/\/sites.usp.br\/limca\/wp-content\/uploads\/sites\/1025\/2024\/08\/foto106-2-400x400.jpg 400w\" sizes=\"(max-width: 150px) 100vw, 150px\" \/><\/a><\/td>\n<td style=\"width: 80.6775%;\">\n<h4>Giovanna Gon\u00e7alves de Almeida<\/h4>\n<p style=\"text-align: justify;\">Bacharela em Ci\u00eancias Biom\u00e9dicas pela Faculdade de Medicina de Ribeir\u00e3o Preto (FMRP &#8211; USP). Desenvolveu seu trabalho de Inicia\u00e7\u00e3o Cient\u00edfica no LIMCa, no qual investigou o papel de PIMREG no reparo do DNA pela via de NHEJ. Atualmente \u00e9 aluna de mestrado no e trabalha investigando o papel de PIMREG no ac\u00famulo de dano no DNA.<\/p>\n<p>\u00bb <a href=\"http:\/\/lattes.cnpq.br\/8927699412217478\" target=\"_blank\" rel=\"noopener\">Curr\u00edculo Lattes<\/a><\/td>\n<\/tr>\n<tr>\n<td style=\"width: 19.197%; vertical-align: top;\"><a href=\"https:\/\/sites.usp.br\/limca\/wp-content\/uploads\/sites\/1025\/2021\/10\/Isabela.jpg\"> <img loading=\"lazy\" decoding=\"async\" class=\"alignleft size-thumbnail wp-image-567\" src=\"https:\/\/sites.usp.br\/limca\/wp-content\/uploads\/sites\/1025\/2024\/12\/Imagem-do-WhatsApp-de-2024-12-12-as-13.10.58_a20f8f14-150x150.jpg\" alt=\"\" width=\"150\" height=\"150\" srcset=\"https:\/\/sites.usp.br\/limca\/wp-content\/uploads\/sites\/1025\/2024\/12\/Imagem-do-WhatsApp-de-2024-12-12-as-13.10.58_a20f8f14-150x150.jpg 150w, https:\/\/sites.usp.br\/limca\/wp-content\/uploads\/sites\/1025\/2024\/12\/Imagem-do-WhatsApp-de-2024-12-12-as-13.10.58_a20f8f14-600x600.jpg 600w, https:\/\/sites.usp.br\/limca\/wp-content\/uploads\/sites\/1025\/2024\/12\/Imagem-do-WhatsApp-de-2024-12-12-as-13.10.58_a20f8f14-45x45.jpg 45w, https:\/\/sites.usp.br\/limca\/wp-content\/uploads\/sites\/1025\/2024\/12\/Imagem-do-WhatsApp-de-2024-12-12-as-13.10.58_a20f8f14-200x200.jpg 200w\" sizes=\"(max-width: 150px) 100vw, 150px\" \/><\/a><\/td>\n<td style=\"width: 80.6775%;\">\n<h4>Larissa Cabral Rebou\u00e7as Caldeira da Costa<\/h4>\n<p style=\"text-align: justify;\">Bacharela em Biotecnologia pela Universidade Federal da Bahia (UFBA). Desenvolveu seu trabalho de Inicia\u00e7\u00e3o Cient\u00edfica no Laborat\u00f3rio de Imunologia e Biologia Molecular do Instituto de Ci\u00eancias da Sa\u00fade, onde realizou diagn\u00f3sticos moleculares e o sequenciamento de serpentes <em>Boa constrictor<\/em>. Atualmente \u00e9 aluna de mestrado e trabalha na investiga\u00e7\u00e3o de microRNA no c\u00e2ncer de pr\u00f3stata.<\/p>\n<p>\u00bb <a href=\"http:\/\/lattes.cnpq.br\/3131961049859281\" target=\"_blank\" rel=\"noopener\">Curr\u00edculo Lattes<\/a><\/td>\n<\/tr>\n<\/tbody>\n<\/table>\n<h3>Graduandos &#8211; Inicia\u00e7\u00e3o cient\u00edfica<\/h3>\n<table style=\"border-collapse: collapse; width: 80%; height: 554px;\">\n<tbody>\n<tr style=\"height: 202px;\">\n<td style=\"width: 150px; vertical-align: top; height: 202px;\"><img loading=\"lazy\" decoding=\"async\" class=\"alignnone wp-image-499 size-thumbnail\" src=\"https:\/\/sites.usp.br\/limca\/wp-content\/uploads\/sites\/1025\/2023\/06\/Gabriela-Ferreira-Dias-e1687462038433-150x150.jpeg\" alt=\"\" width=\"150\" height=\"150\" srcset=\"https:\/\/sites.usp.br\/limca\/wp-content\/uploads\/sites\/1025\/2023\/06\/Gabriela-Ferreira-Dias-e1687462038433-150x150.jpeg 150w, https:\/\/sites.usp.br\/limca\/wp-content\/uploads\/sites\/1025\/2023\/06\/Gabriela-Ferreira-Dias-e1687462038433-300x300.jpeg 300w, https:\/\/sites.usp.br\/limca\/wp-content\/uploads\/sites\/1025\/2023\/06\/Gabriela-Ferreira-Dias-e1687462038433-768x768.jpeg 768w, https:\/\/sites.usp.br\/limca\/wp-content\/uploads\/sites\/1025\/2023\/06\/Gabriela-Ferreira-Dias-e1687462038433-600x600.jpeg 600w, https:\/\/sites.usp.br\/limca\/wp-content\/uploads\/sites\/1025\/2023\/06\/Gabriela-Ferreira-Dias-e1687462038433-45x45.jpeg 45w, https:\/\/sites.usp.br\/limca\/wp-content\/uploads\/sites\/1025\/2023\/06\/Gabriela-Ferreira-Dias-e1687462038433-200x200.jpeg 200w, https:\/\/sites.usp.br\/limca\/wp-content\/uploads\/sites\/1025\/2023\/06\/Gabriela-Ferreira-Dias-e1687462038433-400x400.jpeg 400w, https:\/\/sites.usp.br\/limca\/wp-content\/uploads\/sites\/1025\/2023\/06\/Gabriela-Ferreira-Dias-e1687462038433.jpeg 988w\" sizes=\"(max-width: 150px) 100vw, 150px\" \/><\/td>\n<td style=\"height: 202px;\">\n<h4>Gabriela Ferreira Dias<\/h4>\n<p style=\"text-align: justify;\">Aluna de gradua\u00e7\u00e3o do curso de Ci\u00eancias Biom\u00e9dicas da FMRP-USP e aluna de inicia\u00e7\u00e3o cient\u00edfica no Laborat\u00f3rio de Investiga\u00e7\u00e3o Molecular do C\u00e2ncer. Atualmente, busca caracterizar a rela\u00e7\u00e3o entre o lncRNA RMEL3 e a prote\u00edna UHMK1, mediada por microRNAs em c\u00e9lulas de melanoma.<\/p>\n<p>\u00bb <a href=\"http:\/\/lattes.cnpq.br\/0791653346251992\" target=\"_blank\" rel=\"noopener\">Curr\u00edculo Lattes<\/a><\/td>\n<\/tr>\n<tr style=\"height: 202px;\">\n<td style=\"width: 150px; vertical-align: top; height: 202px;\"><img loading=\"lazy\" decoding=\"async\" class=\"alignnone wp-image-488 size-thumbnail\" src=\"https:\/\/sites.usp.br\/limca\/wp-content\/uploads\/sites\/1025\/2023\/06\/Foto-Perfil-Site-Lab-e1686595109987-150x150.jpeg\" alt=\"\" width=\"150\" height=\"150\" \/><\/td>\n<td style=\"height: 202px;\">\n<h4>La\u00eds do Carmo<\/h4>\n<p style=\"text-align: justify;\">Graduanda em bacharelado em Ci\u00eancias Biol\u00f3gicas na FFCLRP-USP. Atualmente \u00e9 bolsista FAPESP de inicia\u00e7\u00e3o cient\u00edfica, buscando investigar a participa\u00e7\u00e3o e o posicionamento de PIMREG nas vias de sinaliza\u00e7\u00e3o de dano ao DNA em c\u00e9lulas de glioblastoma, induzidas por radia\u00e7\u00e3o ionizante.<\/p>\n<p>\u00bb <a href=\"http:\/\/lattes.cnpq.br\/8533041381225643\" target=\"_blank\" rel=\"noopener\">Curr\u00edculo Lattes<\/a><\/td>\n<\/tr>\n<tr>\n<td style=\"width: 150px; vertical-align: top;\"><img loading=\"lazy\" decoding=\"async\" class=\"alignnone size-thumbnail wp-image-548\" src=\"https:\/\/sites.usp.br\/limca\/wp-content\/uploads\/sites\/1025\/2024\/08\/WhatsApp-Image-2024-08-09-at-11.44.08-150x150.jpeg\" alt=\"\" width=\"150\" height=\"150\" srcset=\"https:\/\/sites.usp.br\/limca\/wp-content\/uploads\/sites\/1025\/2024\/08\/WhatsApp-Image-2024-08-09-at-11.44.08-150x150.jpeg 150w, https:\/\/sites.usp.br\/limca\/wp-content\/uploads\/sites\/1025\/2024\/08\/WhatsApp-Image-2024-08-09-at-11.44.08-600x600.jpeg 600w, https:\/\/sites.usp.br\/limca\/wp-content\/uploads\/sites\/1025\/2024\/08\/WhatsApp-Image-2024-08-09-at-11.44.08-45x45.jpeg 45w, https:\/\/sites.usp.br\/limca\/wp-content\/uploads\/sites\/1025\/2024\/08\/WhatsApp-Image-2024-08-09-at-11.44.08-200x200.jpeg 200w\" sizes=\"(max-width: 150px) 100vw, 150px\" \/><\/td>\n<td>\n<h4>L\u00edgia Arantes Sardinha<\/h4>\n<p>Graduanda em Ci\u00eancias Biom\u00e9dicas pela FMRP-USP e atualmente aluna de inicia\u00e7\u00e3o cient\u00edfica do LIMCa.<\/p>\n<p>&nbsp;<\/td>\n<\/tr>\n<tr style=\"height: 150px;\">\n<td style=\"width: 150px; vertical-align: top; height: 150px;\"><img loading=\"lazy\" decoding=\"async\" class=\"alignnone size-thumbnail wp-image-543\" src=\"https:\/\/sites.usp.br\/limca\/wp-content\/uploads\/sites\/1025\/2024\/08\/WhatsApp-Image-2024-08-09-at-15.55.15-150x150.jpeg\" alt=\"\" width=\"150\" height=\"150\" srcset=\"https:\/\/sites.usp.br\/limca\/wp-content\/uploads\/sites\/1025\/2024\/08\/WhatsApp-Image-2024-08-09-at-15.55.15-150x150.jpeg 150w, https:\/\/sites.usp.br\/limca\/wp-content\/uploads\/sites\/1025\/2024\/08\/WhatsApp-Image-2024-08-09-at-15.55.15-300x300.jpeg 300w, https:\/\/sites.usp.br\/limca\/wp-content\/uploads\/sites\/1025\/2024\/08\/WhatsApp-Image-2024-08-09-at-15.55.15-1024x1024.jpeg 1024w, https:\/\/sites.usp.br\/limca\/wp-content\/uploads\/sites\/1025\/2024\/08\/WhatsApp-Image-2024-08-09-at-15.55.15-768x768.jpeg 768w, https:\/\/sites.usp.br\/limca\/wp-content\/uploads\/sites\/1025\/2024\/08\/WhatsApp-Image-2024-08-09-at-15.55.15-1536x1536.jpeg 1536w, https:\/\/sites.usp.br\/limca\/wp-content\/uploads\/sites\/1025\/2024\/08\/WhatsApp-Image-2024-08-09-at-15.55.15-600x600.jpeg 600w, https:\/\/sites.usp.br\/limca\/wp-content\/uploads\/sites\/1025\/2024\/08\/WhatsApp-Image-2024-08-09-at-15.55.15-45x45.jpeg 45w, https:\/\/sites.usp.br\/limca\/wp-content\/uploads\/sites\/1025\/2024\/08\/WhatsApp-Image-2024-08-09-at-15.55.15-200x200.jpeg 200w, https:\/\/sites.usp.br\/limca\/wp-content\/uploads\/sites\/1025\/2024\/08\/WhatsApp-Image-2024-08-09-at-15.55.15-400x400.jpeg 400w, https:\/\/sites.usp.br\/limca\/wp-content\/uploads\/sites\/1025\/2024\/08\/WhatsApp-Image-2024-08-09-at-15.55.15.jpeg 1600w\" sizes=\"(max-width: 150px) 100vw, 150px\" \/><\/td>\n<td style=\"height: 150px;\">\n<h4>Igor Lima Ferraz<\/h4>\n<p>Aluno de gradua\u00e7\u00e3o do curso de Medicina da FMRP-USP. Atualmente faz inicia\u00e7\u00e3o cient\u00edfica em investiga\u00e7\u00e3o tumoral de meduloblastoma, mais especificamente em an\u00e1lise da express\u00e3o proteica de PIMREG nessa neoplasia.<\/p>\n<p>\u00bb <a href=\"http:\/\/lattes.cnpq.br\/6467320081814253\" target=\"_blank\" rel=\"noopener\">Curr\u00edculo Lattes<\/a><\/td>\n<\/tr>\n<\/tbody>\n<\/table>\n<h3>Apoio T\u00e9cnico<\/h3>\n<table style=\"border-collapse: collapse; width: 80%;\">\n<tbody>\n<tr>\n<td style=\"width: 150px; vertical-align: top;\"><a href=\"https:\/\/sites.usp.br\/limca\/wp-content\/uploads\/sites\/1025\/2021\/10\/Silvinha.jpg\"><img loading=\"lazy\" decoding=\"async\" class=\"alignnone size-full wp-image-203\" src=\"https:\/\/sites.usp.br\/limca\/wp-content\/uploads\/sites\/1025\/2021\/10\/Silvinha.jpg\" alt=\"\" width=\"150\" height=\"150\" srcset=\"https:\/\/sites.usp.br\/limca\/wp-content\/uploads\/sites\/1025\/2021\/10\/Silvinha.jpg 150w, https:\/\/sites.usp.br\/limca\/wp-content\/uploads\/sites\/1025\/2021\/10\/Silvinha-45x45.jpg 45w\" sizes=\"(max-width: 150px) 100vw, 150px\" \/><\/a><\/td>\n<td>\n<h4>Silvia Regina Andrade Nascimento<\/h4>\n<p style=\"text-align: justify;\">Funcion\u00e1ria da Faculdade de Medicina de Ribeir\u00e3o Preto (USP) desde 1989, Silvia, tamb\u00e9m conhecida de forma carinhosa por Silvinha, atualmente \u00e9 t\u00e9cnica do Laborat\u00f3rio de Investiga\u00e7\u00e3o Molecular do C\u00e2ncer. Muito sol\u00edcita e gentil, Silvinha est\u00e1 sempre disposta a auxiliar os alunos do grupo realizando seu trabalho para manter o laborat\u00f3rio organizado e os materiais dispon\u00edveis para os experimentos dos alunos.<\/p>\n<\/td>\n<\/tr>\n<\/tbody>\n<\/table>\n","protected":false},"excerpt":{"rendered":"<p>Pesquisadora Principal Profa. Dra. Leticia Fr\u00f6hlich Archangelo Bacharel em Biologia pela Universidade Federal de S\u00e3o Carlos (UFScar) e pela Georg-August-Universit\u00e4t G\u00f6ttingen na Alemanha. Doutora em Biologia Humana pela Faculdade de Medicina da Ludwig-Maximilians-Universit\u00e4t M\u00fcnchen (LMU). Professora doutora no Departamento de Biologia Celular e Molecular e Bioagentes Patog\u00eanicos da Faculdade de Medicina de Ribeir\u00e3o Preto desde [&hellip;]<\/p>\n","protected":false},"author":635,"featured_media":0,"parent":0,"menu_order":0,"comment_status":"closed","ping_status":"closed","template":"","meta":{"ocean_post_layout":"","ocean_both_sidebars_style":"","ocean_both_sidebars_content_width":0,"ocean_both_sidebars_sidebars_width":0,"ocean_sidebar":"0","ocean_second_sidebar":"0","ocean_disable_margins":"enable","ocean_add_body_class":"","ocean_shortcode_before_top_bar":"","ocean_shortcode_after_top_bar":"","ocean_shortcode_before_header":"","ocean_shortcode_after_header":"","ocean_has_shortcode":"","ocean_shortcode_after_title":"","ocean_shortcode_before_footer_widgets":"","ocean_shortcode_after_footer_widgets":"","ocean_shortcode_before_footer_bottom":"","ocean_shortcode_after_footer_bottom":"","ocean_display_top_bar":"default","ocean_display_header":"default","ocean_header_style":"","ocean_center_header_left_menu":"0","ocean_custom_header_template":"0","ocean_custom_logo":0,"ocean_custom_retina_logo":0,"ocean_custom_logo_max_width":0,"ocean_custom_logo_tablet_max_width":0,"ocean_custom_logo_mobile_max_width":0,"ocean_custom_logo_max_height":0,"ocean_custom_logo_tablet_max_height":0,"ocean_custom_logo_mobile_max_height":0,"ocean_header_custom_menu":"0","ocean_menu_typo_font_family":"0","ocean_menu_typo_font_subset":"","ocean_menu_typo_font_size":0,"ocean_menu_typo_font_size_tablet":0,"ocean_menu_typo_font_size_mobile":0,"ocean_menu_typo_font_size_unit":"px","ocean_menu_typo_font_weight":"","ocean_menu_typo_font_weight_tablet":"","ocean_menu_typo_font_weight_mobile":"","ocean_menu_typo_transform":"","ocean_menu_typo_transform_tablet":"","ocean_menu_typo_transform_mobile":"","ocean_menu_typo_line_height":0,"ocean_menu_typo_line_height_tablet":0,"ocean_menu_typo_line_height_mobile":0,"ocean_menu_typo_line_height_unit":"","ocean_menu_typo_spacing":0,"ocean_menu_typo_spacing_tablet":0,"ocean_menu_typo_spacing_mobile":0,"ocean_menu_typo_spacing_unit":"","ocean_menu_link_color":"","ocean_menu_link_color_hover":"","ocean_menu_link_color_active":"","ocean_menu_link_background":"","ocean_menu_link_hover_background":"","ocean_menu_link_active_background":"","ocean_menu_social_links_bg":"","ocean_menu_social_hover_links_bg":"","ocean_menu_social_links_color":"","ocean_menu_social_hover_links_color":"","ocean_disable_title":"default","ocean_disable_heading":"default","ocean_post_title":"","ocean_post_subheading":"","ocean_post_title_style":"","ocean_post_title_background_color":"","ocean_post_title_background":0,"ocean_post_title_bg_image_position":"","ocean_post_title_bg_image_attachment":"","ocean_post_title_bg_image_repeat":"","ocean_post_title_bg_image_size":"","ocean_post_title_height":0,"ocean_post_title_bg_overlay":0.5,"ocean_post_title_bg_overlay_color":"","ocean_disable_breadcrumbs":"default","ocean_breadcrumbs_color":"","ocean_breadcrumbs_separator_color":"","ocean_breadcrumbs_links_color":"","ocean_breadcrumbs_links_hover_color":"","ocean_display_footer_widgets":"default","ocean_display_footer_bottom":"default","ocean_custom_footer_template":"0","footnotes":"","_links_to":"","_links_to_target":""},"class_list":["post-242","page","type-page","status-publish","hentry","entry"],"_links":{"self":[{"href":"https:\/\/sites.usp.br\/limca\/wp-json\/wp\/v2\/pages\/242","targetHints":{"allow":["GET"]}}],"collection":[{"href":"https:\/\/sites.usp.br\/limca\/wp-json\/wp\/v2\/pages"}],"about":[{"href":"https:\/\/sites.usp.br\/limca\/wp-json\/wp\/v2\/types\/page"}],"author":[{"embeddable":true,"href":"https:\/\/sites.usp.br\/limca\/wp-json\/wp\/v2\/users\/635"}],"replies":[{"embeddable":true,"href":"https:\/\/sites.usp.br\/limca\/wp-json\/wp\/v2\/comments?post=242"}],"version-history":[{"count":6,"href":"https:\/\/sites.usp.br\/limca\/wp-json\/wp\/v2\/pages\/242\/revisions"}],"predecessor-version":[{"id":568,"href":"https:\/\/sites.usp.br\/limca\/wp-json\/wp\/v2\/pages\/242\/revisions\/568"}],"wp:attachment":[{"href":"https:\/\/sites.usp.br\/limca\/wp-json\/wp\/v2\/media?parent=242"}],"curies":[{"name":"wp","href":"https:\/\/api.w.org\/{rel}","templated":true}]}}