{"id":253,"date":"2021-10-19T15:10:23","date_gmt":"2021-10-19T17:10:23","guid":{"rendered":"https:\/\/sites.usp.br\/limca\/?page_id=253"},"modified":"2024-08-16T15:46:02","modified_gmt":"2024-08-16T17:46:02","slug":"alumni","status":"publish","type":"page","link":"https:\/\/sites.usp.br\/limca\/alumni\/","title":{"rendered":"Alumni"},"content":{"rendered":"<h3>Doutorado<\/h3>\n<table style=\"border-collapse: collapse; width: 80%;\">\n<tbody>\n<tr>\n<td style=\"width: 150px; vertical-align: top;\"><a href=\"https:\/\/sites.usp.br\/limca\/wp-content\/uploads\/sites\/1025\/2021\/10\/Vanessa.jpg\"><img decoding=\"async\" class=\"size-full wp-image-205 aligncenter\" src=\"https:\/\/sites.usp.br\/limca\/wp-content\/uploads\/sites\/1025\/2021\/10\/Vanessa.jpg\" alt=\"\" width=\"150\" height=\"150\" srcset=\"https:\/\/sites.usp.br\/limca\/wp-content\/uploads\/sites\/1025\/2021\/10\/Vanessa.jpg 150w, https:\/\/sites.usp.br\/limca\/wp-content\/uploads\/sites\/1025\/2021\/10\/Vanessa-45x45.jpg 45w\" sizes=\"(max-width: 150px) 100vw, 150px\" \/><\/a><\/td>\n<td>\n<h4>Vanessa Cristina Arfelli<\/h4>\n<p style=\"text-align: justify;\">Bi\u00f3loga pela Universidade Estadual do Oeste do Paran\u00e1 &#8211; UNIOESTE. Especialista em Doc\u00eancia no Ensino Superior\u00a0 pelo Centro Universit\u00e1rio de Maring\u00e1 &#8211; Unicesumar.\u00a0 Realizou seu doutorado no LIMCa entre 2016-2020 com dois per\u00edodos de bolsa sandu\u00edche no grupo do Dr. Greif da LMU em Munique na Alemanha. Em Janeiro de 2021 defendeu a tese intitulada: Uhmk1 impacts the expression of epithelial-mesenchymal transition genes and controls the phosphorylation of novel RNA-related proteins.<\/p>\n<p>\u00bb <a href=\"http:\/\/lattes.cnpq.br\/0707214781475384\" target=\"_blank\" rel=\"noopener\">Curr\u00edculo Lattes<\/a><\/td>\n<\/tr>\n<tr>\n<td style=\"width: 150px; vertical-align: top;\"><a href=\"https:\/\/sites.usp.br\/limca\/wp-content\/uploads\/sites\/1025\/2021\/10\/Mariana-Mamede.jpg\"><img decoding=\"async\" class=\"alignnone wp-image-200 size-full\" src=\"https:\/\/sites.usp.br\/limca\/wp-content\/uploads\/sites\/1025\/2021\/10\/Mariana-Mamede.jpg\" alt=\"\" width=\"150\" height=\"150\" srcset=\"https:\/\/sites.usp.br\/limca\/wp-content\/uploads\/sites\/1025\/2021\/10\/Mariana-Mamede.jpg 150w, https:\/\/sites.usp.br\/limca\/wp-content\/uploads\/sites\/1025\/2021\/10\/Mariana-Mamede-45x45.jpg 45w\" sizes=\"(max-width: 150px) 100vw, 150px\" \/><\/a><\/td>\n<td>\n<h4>Mariana Siqueira Lacerda Mamede<\/h4>\n<p>Bacharel em Bioqu\u00edmica pela Universidade Federal de Vi\u00e7osa e Mestre em Ci\u00eancias Biol\u00f3gicas pela Universidade Federal de Ouro Preto, ambas em Minas Gerais. Foi aluna de doutorado do Programa de P\u00f3s-Gradua\u00e7\u00e3o em Biologia Celular e Molecular da Faculdade de Medicina de Ribeir\u00e3o Preto \u2013 USP. No LIMCa, investigou o papel de PIMREG na sinaliza\u00e7\u00e3o de resposta ao dano no DNA.<\/p>\n<p>\u00bb <a href=\"http:\/\/lattes.cnpq.br\/7473297601486833\" target=\"_blank\" rel=\"noopener\">Curr\u00edculo Lattes<\/a><\/td>\n<\/tr>\n<tr>\n<td style=\"width: 150px; vertical-align: top;\"><a href=\"https:\/\/sites.usp.br\/limca\/wp-content\/uploads\/sites\/1025\/2021\/10\/Mariana-Sena.jpg\"><img decoding=\"async\" class=\"alignnone size-full wp-image-201\" src=\"https:\/\/sites.usp.br\/limca\/wp-content\/uploads\/sites\/1025\/2021\/10\/Mariana-Sena.jpg\" alt=\"\" width=\"150\" height=\"150\" srcset=\"https:\/\/sites.usp.br\/limca\/wp-content\/uploads\/sites\/1025\/2021\/10\/Mariana-Sena.jpg 150w, https:\/\/sites.usp.br\/limca\/wp-content\/uploads\/sites\/1025\/2021\/10\/Mariana-Sena-45x45.jpg 45w\" sizes=\"(max-width: 150px) 100vw, 150px\" \/><\/a><\/td>\n<td><strong>Mariana de Souza Sena<\/strong><br \/>\nGraduada em Ci\u00eancias Biol\u00f3gicas (licenciatura) pela Universidade Federal de Mato Grosso (UFMT) e mestre em Bioci\u00eancias pela mesma institui\u00e7\u00e3o. No seu mestrado desenvolveu pesquisa na \u00e1rea de metabolismo e transdu\u00e7\u00e3o de sinais. Foi aluna de doutorado do Programa de P\u00f3s-Gradua\u00e7\u00e3o em Biologia Celular e Molecular da Faculdade de Medicina de Ribeir\u00e3o Preto \u2013 USP. No LIMCa, investigou a fun\u00e7\u00e3o do fator de splicing 1 (SF1) e sua rela\u00e7\u00e3o com a carcinog\u00eanese.\u00bb <a href=\"http:\/\/lattes.cnpq.br\/2390658216816836\" target=\"_blank\" rel=\"noopener\">Curr\u00edculo Lattes<\/a><\/td>\n<\/tr>\n<\/tbody>\n<\/table>\n<h3>Mestrado<\/h3>\n<table style=\"border-collapse: collapse; width: 80%;\">\n<tbody>\n<tr>\n<td style=\"width: 150px; vertical-align: top;\"><a href=\"https:\/\/sites.usp.br\/limca\/wp-content\/uploads\/sites\/1025\/2021\/10\/Tiago.jpg\"><img loading=\"lazy\" decoding=\"async\" class=\"size-full wp-image-204 aligncenter\" src=\"https:\/\/sites.usp.br\/limca\/wp-content\/uploads\/sites\/1025\/2021\/10\/Tiago.jpg\" alt=\"\" width=\"150\" height=\"150\" srcset=\"https:\/\/sites.usp.br\/limca\/wp-content\/uploads\/sites\/1025\/2021\/10\/Tiago.jpg 150w, https:\/\/sites.usp.br\/limca\/wp-content\/uploads\/sites\/1025\/2021\/10\/Tiago-45x45.jpg 45w\" sizes=\"(max-width: 150px) 100vw, 150px\" \/><\/a><\/td>\n<td>\n<h4>Tiago Selau Rodrigues<\/h4>\n<p style=\"text-align: justify;\">Bi\u00f3logo pela Universidade de Caxias do Sul &#8211; UCS. Realizou seu mestrado no LIMCa entre 2016-2018. T\u00edtulo da disserta\u00e7\u00e3o: Investiga\u00e7\u00e3o de oncogenes cooperativos na emerg\u00eancia da leucemia mediada por IL7R.<\/p>\n<p>\u00bb <a href=\"http:\/\/lattes.cnpq.br\/2812985992231315\" target=\"_blank\" rel=\"noopener\">Curr\u00edculo Lattes<\/a><\/td>\n<\/tr>\n<tr>\n<td style=\"width: 150px; vertical-align: top;\"><a href=\"https:\/\/sites.usp.br\/limca\/wp-content\/uploads\/sites\/1025\/2021\/10\/Illy.jpg\"><img loading=\"lazy\" decoding=\"async\" class=\"size-full wp-image-195 aligncenter\" src=\"https:\/\/sites.usp.br\/limca\/wp-content\/uploads\/sites\/1025\/2021\/10\/Illy.jpg\" alt=\"\" width=\"150\" height=\"150\" srcset=\"https:\/\/sites.usp.br\/limca\/wp-content\/uploads\/sites\/1025\/2021\/10\/Illy.jpg 150w, https:\/\/sites.usp.br\/limca\/wp-content\/uploads\/sites\/1025\/2021\/10\/Illy-45x45.jpg 45w\" sizes=\"(max-width: 150px) 100vw, 150px\" \/><\/a><\/td>\n<td>\n<h4>Illy Enne Gomes Pereira<\/h4>\n<p style=\"text-align: justify;\">Biom\u00e9dica &#8211; Universidade Federal do Piau\u00ed &#8211; UFPI. Realizou seu mestrado no LIMCa entre 2016-2018. T\u00edtulo da disserta\u00e7\u00e3o: Consequ\u00eancia funcional da inibi\u00e7\u00e3o e superexpress\u00e3o do fator de splicing SF1 em linhagem celular leuc\u00eamica.<\/p>\n<p>\u00bb <a href=\"http:\/\/lattes.cnpq.br\/6302202426662238\" target=\"_blank\" rel=\"noopener\">Curr\u00edculo Lattes<\/a><\/td>\n<\/tr>\n<tr>\n<td style=\"width: 150px; vertical-align: top;\"><a href=\"https:\/\/sites.usp.br\/limca\/wp-content\/uploads\/sites\/1025\/2021\/10\/Isabela.jpg\"><img loading=\"lazy\" decoding=\"async\" class=\"alignnone size-full wp-image-246\" src=\"https:\/\/sites.usp.br\/limca\/wp-content\/uploads\/sites\/1025\/2021\/10\/Isabela.jpg\" alt=\"\" width=\"150\" height=\"150\" srcset=\"https:\/\/sites.usp.br\/limca\/wp-content\/uploads\/sites\/1025\/2021\/10\/Isabela.jpg 150w, https:\/\/sites.usp.br\/limca\/wp-content\/uploads\/sites\/1025\/2021\/10\/Isabela-45x45.jpg 45w\" sizes=\"(max-width: 150px) 100vw, 150px\" \/><\/a><\/td>\n<td>\n<h4>Isabela Spido Dias<\/h4>\n<p>Graduada em Ci\u00eancias Biol\u00f3gicas modalidade Licenciatura\u00a0 na Universidade Federal de Alfenas \u2013 MG. Realizou aprimoramento Multiprofissional Especializado do Hospital das Cl\u00ednicas da Faculdade de Medicina de Ribeir\u00e3o Preto da Universidade de S\u00e3o Paulo, no Laborat\u00f3rio de Pediatria \u2013 Setor de metais pesados e Doen\u00e7as Raras. Foi aluna de mestrado no LIMCa investigando a caracteriza\u00e7\u00e3o de PIMREG como biomarcador em gliomas. T\u00edtulo da disserta\u00e7\u00e3o: Caracteriza\u00e7\u00e3o de PIMREG como biomarcador em gliomas.<\/p>\n<p>\u00bb <a href=\"http:\/\/lattes.cnpq.br\/6184818033682550\" target=\"_blank\" rel=\"noopener\">Curr\u00edculo Lattes<\/a><\/td>\n<\/tr>\n<\/tbody>\n<\/table>\n<h3>Inicia\u00e7\u00e3o Cient\u00edfica<\/h3>\n<table style=\"border-collapse: collapse; width: 80%;\">\n<tbody>\n<tr>\n<td style=\"width: 19.197%; vertical-align: top;\"><a href=\"https:\/\/sites.usp.br\/limca\/wp-content\/uploads\/sites\/1025\/2021\/10\/Viviana.jpg\"><img loading=\"lazy\" decoding=\"async\" class=\"size-full wp-image-206 aligncenter\" src=\"https:\/\/sites.usp.br\/limca\/wp-content\/uploads\/sites\/1025\/2021\/10\/Viviana.jpg\" alt=\"\" width=\"150\" height=\"150\" srcset=\"https:\/\/sites.usp.br\/limca\/wp-content\/uploads\/sites\/1025\/2021\/10\/Viviana.jpg 150w, https:\/\/sites.usp.br\/limca\/wp-content\/uploads\/sites\/1025\/2021\/10\/Viviana-45x45.jpg 45w\" sizes=\"(max-width: 150px) 100vw, 150px\" \/><\/a><\/td>\n<td style=\"width: 80.6775%;\">\n<h4>Viviana Loureiro Rocha<\/h4>\n<p style=\"text-align: justify;\">Cientista Biom\u00e9dica\u00a0 formada pela Faculdade de Medicina de Ribeir\u00e3o Preto &#8211; FMRP-USP. Realizou seu IC no LIMCa entre 2016-2018. Em 2018 defendeu sua monografia intitulada: Espectro de muta\u00e7\u00f5es de SF1 no c\u00e2ncer e implica\u00e7\u00f5es na sua localiza\u00e7\u00e3o subcelular e funcionalidade no <em>splicing.<\/em><\/p>\n<p>\u00bb <a href=\"http:\/\/lattes.cnpq.br\/5230673076173530\" target=\"_blank\" rel=\"noopener\">Curr\u00edculo Lattes<\/a><\/td>\n<\/tr>\n<tr>\n<td style=\"width: 19.197%; vertical-align: top;\"><a href=\"https:\/\/sites.usp.br\/limca\/wp-content\/uploads\/sites\/1025\/2021\/10\/Lucca.jpg\"><img loading=\"lazy\" decoding=\"async\" class=\"size-full wp-image-198 aligncenter\" src=\"https:\/\/sites.usp.br\/limca\/wp-content\/uploads\/sites\/1025\/2021\/10\/Lucca.jpg\" alt=\"\" width=\"150\" height=\"150\" srcset=\"https:\/\/sites.usp.br\/limca\/wp-content\/uploads\/sites\/1025\/2021\/10\/Lucca.jpg 150w, https:\/\/sites.usp.br\/limca\/wp-content\/uploads\/sites\/1025\/2021\/10\/Lucca-45x45.jpg 45w\" sizes=\"(max-width: 150px) 100vw, 150px\" \/><\/a><\/td>\n<td style=\"width: 80.6775%;\">\n<h4>Lucca Zaghi de Oliveira<\/h4>\n<p style=\"text-align: justify;\">Bi\u00f3logo formado pela Faculdade de Filosofia, Ci\u00eancias e Letras de Ribeir\u00e3o Preto, Universidade de S\u00e3o Paulo (FFCLRP-USP). Realizou seu IC no LIMCa entre 2018-2020. Em 2020 defendeu sua monografia intitulada: Espectro de muta\u00e7\u00f5es de SF1 no c\u00e2ncer e implica\u00e7\u00f5es na sua localiza\u00e7\u00e3o subcelular e fun\u00e7\u00e3o no <em>splicing.<\/em><\/p>\n<p>\u00bb <a href=\"http:\/\/lattes.cnpq.br\/7289801566260303\" target=\"_blank\" rel=\"noopener\">Curr\u00edculo Lattes<\/a><\/td>\n<\/tr>\n<tr>\n<td style=\"width: 19.197%; vertical-align: top;\"><img loading=\"lazy\" decoding=\"async\" class=\"size-full wp-image-332 aligncenter\" src=\"https:\/\/sites.usp.br\/limca\/wp-content\/uploads\/sites\/1025\/2021\/10\/Laissa2.jpg\" alt=\"\" width=\"150\" height=\"150\" srcset=\"https:\/\/sites.usp.br\/limca\/wp-content\/uploads\/sites\/1025\/2021\/10\/Laissa2.jpg 150w, https:\/\/sites.usp.br\/limca\/wp-content\/uploads\/sites\/1025\/2021\/10\/Laissa2-45x45.jpg 45w\" sizes=\"(max-width: 150px) 100vw, 150px\" \/><\/td>\n<td style=\"width: 80.6775%;\">\n<h4>La\u00edssa Mayara da Silva Paz<\/h4>\n<p style=\"text-align: justify;\">Bi\u00f3loga formada pela Faculdade de Filosofia, Ci\u00eancias e Letras de Ribeir\u00e3o Preto, Universidade de S\u00e3o Paulo (FFCLRP-USP). Realizou seu IC no LIMCa entre 2015-2017. Em 2017 defendeu sua monografia intitulada: Clonagem de sequ\u00eancias inibit\u00f3rias de Uhmk1 em vetor retroviral e estabelecimento de linhagens celulares est\u00e1veis produtoras de retrov\u00edrus.<\/p>\n<p>\u00bb <a href=\"http:\/\/lattes.cnpq.br\/4913148078155840\" target=\"_blank\" rel=\"noopener\">Curr\u00edculo Lattes<\/a><\/td>\n<\/tr>\n<tr>\n<td style=\"width: 19.197%; vertical-align: top;\"><img loading=\"lazy\" decoding=\"async\" class=\"size-full wp-image-361 aligncenter\" src=\"https:\/\/sites.usp.br\/limca\/wp-content\/uploads\/sites\/1025\/2021\/10\/Guilherme.jpg\" alt=\"\" width=\"150\" height=\"150\" srcset=\"https:\/\/sites.usp.br\/limca\/wp-content\/uploads\/sites\/1025\/2021\/10\/Guilherme.jpg 150w, https:\/\/sites.usp.br\/limca\/wp-content\/uploads\/sites\/1025\/2021\/10\/Guilherme-45x45.jpg 45w\" sizes=\"(max-width: 150px) 100vw, 150px\" \/><\/td>\n<td style=\"width: 80.6775%;\">\n<h4>Guilherme Brussolo Bidoia<\/h4>\n<p style=\"text-align: justify;\">Bi\u00f3logo formado pela Faculdade de Filosofia, Ci\u00eancias e Letras de Ribeir\u00e3o Preto, Universidade de S\u00e3o Paulo (FFCLRP-USP). Realizou seu IC no LIMCa entre 2015-2018. Em 2018 fez est\u00e1gio de 4 meses no grupo do Dr. Greif da LMU em Munique na Alemanha.\u00a0 No final de 2018 defendeu sua monografia intitulada: Espectro de muta\u00e7\u00f5es de SF1 no c\u00e2ncer e implica\u00e7\u00f5es na sua localiza\u00e7\u00e3o subcelular e fun\u00e7\u00e3o no <em>splicing.<\/em><\/p>\n<p>\u00bb <a href=\"http:\/\/lattes.cnpq.br\/4146346365045676\" target=\"_blank\" rel=\"noopener\">Curr\u00edculo Lattes<\/a><\/td>\n<\/tr>\n<\/tbody>\n<\/table>\n<h3><\/h3>\n","protected":false},"excerpt":{"rendered":"<p>Doutorado Vanessa Cristina Arfelli Bi\u00f3loga pela Universidade Estadual do Oeste do Paran\u00e1 &#8211; UNIOESTE. Especialista em Doc\u00eancia no Ensino Superior\u00a0 pelo Centro Universit\u00e1rio de Maring\u00e1 &#8211; Unicesumar.\u00a0 Realizou seu doutorado no LIMCa entre 2016-2020 com dois per\u00edodos de bolsa sandu\u00edche no grupo do Dr. Greif da LMU em Munique na Alemanha. Em Janeiro de 2021 [&hellip;]<\/p>\n","protected":false},"author":635,"featured_media":0,"parent":0,"menu_order":0,"comment_status":"closed","ping_status":"closed","template":"","meta":{"ocean_post_layout":"","ocean_both_sidebars_style":"","ocean_both_sidebars_content_width":0,"ocean_both_sidebars_sidebars_width":0,"ocean_sidebar":"0","ocean_second_sidebar":"0","ocean_disable_margins":"enable","ocean_add_body_class":"","ocean_shortcode_before_top_bar":"","ocean_shortcode_after_top_bar":"","ocean_shortcode_before_header":"","ocean_shortcode_after_header":"","ocean_has_shortcode":"","ocean_shortcode_after_title":"","ocean_shortcode_before_footer_widgets":"","ocean_shortcode_after_footer_widgets":"","ocean_shortcode_before_footer_bottom":"","ocean_shortcode_after_footer_bottom":"","ocean_display_top_bar":"default","ocean_display_header":"default","ocean_header_style":"","ocean_center_header_left_menu":"0","ocean_custom_header_template":"0","ocean_custom_logo":0,"ocean_custom_retina_logo":0,"ocean_custom_logo_max_width":0,"ocean_custom_logo_tablet_max_width":0,"ocean_custom_logo_mobile_max_width":0,"ocean_custom_logo_max_height":0,"ocean_custom_logo_tablet_max_height":0,"ocean_custom_logo_mobile_max_height":0,"ocean_header_custom_menu":"0","ocean_menu_typo_font_family":"0","ocean_menu_typo_font_subset":"","ocean_menu_typo_font_size":0,"ocean_menu_typo_font_size_tablet":0,"ocean_menu_typo_font_size_mobile":0,"ocean_menu_typo_font_size_unit":"px","ocean_menu_typo_font_weight":"","ocean_menu_typo_font_weight_tablet":"","ocean_menu_typo_font_weight_mobile":"","ocean_menu_typo_transform":"","ocean_menu_typo_transform_tablet":"","ocean_menu_typo_transform_mobile":"","ocean_menu_typo_line_height":0,"ocean_menu_typo_line_height_tablet":0,"ocean_menu_typo_line_height_mobile":0,"ocean_menu_typo_line_height_unit":"","ocean_menu_typo_spacing":0,"ocean_menu_typo_spacing_tablet":0,"ocean_menu_typo_spacing_mobile":0,"ocean_menu_typo_spacing_unit":"","ocean_menu_link_color":"","ocean_menu_link_color_hover":"","ocean_menu_link_color_active":"","ocean_menu_link_background":"","ocean_menu_link_hover_background":"","ocean_menu_link_active_background":"","ocean_menu_social_links_bg":"","ocean_menu_social_hover_links_bg":"","ocean_menu_social_links_color":"","ocean_menu_social_hover_links_color":"","ocean_disable_title":"default","ocean_disable_heading":"default","ocean_post_title":"","ocean_post_subheading":"","ocean_post_title_style":"","ocean_post_title_background_color":"","ocean_post_title_background":0,"ocean_post_title_bg_image_position":"","ocean_post_title_bg_image_attachment":"","ocean_post_title_bg_image_repeat":"","ocean_post_title_bg_image_size":"","ocean_post_title_height":0,"ocean_post_title_bg_overlay":0.5,"ocean_post_title_bg_overlay_color":"","ocean_disable_breadcrumbs":"default","ocean_breadcrumbs_color":"","ocean_breadcrumbs_separator_color":"","ocean_breadcrumbs_links_color":"","ocean_breadcrumbs_links_hover_color":"","ocean_display_footer_widgets":"default","ocean_display_footer_bottom":"default","ocean_custom_footer_template":"0","footnotes":"","_links_to":"","_links_to_target":""},"class_list":["post-253","page","type-page","status-publish","hentry","entry"],"_links":{"self":[{"href":"https:\/\/sites.usp.br\/limca\/wp-json\/wp\/v2\/pages\/253","targetHints":{"allow":["GET"]}}],"collection":[{"href":"https:\/\/sites.usp.br\/limca\/wp-json\/wp\/v2\/pages"}],"about":[{"href":"https:\/\/sites.usp.br\/limca\/wp-json\/wp\/v2\/types\/page"}],"author":[{"embeddable":true,"href":"https:\/\/sites.usp.br\/limca\/wp-json\/wp\/v2\/users\/635"}],"replies":[{"embeddable":true,"href":"https:\/\/sites.usp.br\/limca\/wp-json\/wp\/v2\/comments?post=253"}],"version-history":[{"count":4,"href":"https:\/\/sites.usp.br\/limca\/wp-json\/wp\/v2\/pages\/253\/revisions"}],"predecessor-version":[{"id":561,"href":"https:\/\/sites.usp.br\/limca\/wp-json\/wp\/v2\/pages\/253\/revisions\/561"}],"wp:attachment":[{"href":"https:\/\/sites.usp.br\/limca\/wp-json\/wp\/v2\/media?parent=253"}],"curies":[{"name":"wp","href":"https:\/\/api.w.org\/{rel}","templated":true}]}}