{"id":255,"date":"2021-10-19T15:15:53","date_gmt":"2021-10-19T17:15:53","guid":{"rendered":"https:\/\/sites.usp.br\/limca\/?page_id=255"},"modified":"2023-06-12T17:01:11","modified_gmt":"2023-06-12T19:01:11","slug":"teses-e-dissertacoes","status":"publish","type":"page","link":"https:\/\/sites.usp.br\/limca\/teses-e-dissertacoes\/","title":{"rendered":"Teses e Disserta\u00e7\u00f5es"},"content":{"rendered":"<h4><strong>Teses<\/strong><\/h4>\n<p style=\"padding-left: 40px;\"><strong>2021 \u2013 Vanessa Cristina Arfelli. <\/strong>Uhmk1 regula a express\u00e3o de genes relacionados a transi\u00e7\u00e3o epit\u00e9lio-mesenquimal e a fosforila\u00e7\u00e3o de novos alvos com fun\u00e7\u00e3o no metabolismo de RNA.<\/p>\n<h4>Disserta\u00e7\u00f5es<\/h4>\n<p style=\"padding-left: 40px; text-align: justify;\"><strong>2023 <\/strong><strong>\u2013 Isabela Spido Dias. <\/strong>Caracteriza\u00e7\u00e3o de PIMREG como biomarcador em gliomas.<\/p>\n<p style=\"padding-left: 40px; text-align: justify;\"><strong>2019 \u2013 <\/strong><strong>Illy Enne Gomes. <\/strong>Consequ\u00eancia funcional da inibi\u00e7\u00e3o e superexpress\u00e3o do fator de <em>splicing<\/em> <em>sf1<\/em> em c\u00e9lulas de linhagem hematopoi\u00e9tica.<\/p>\n<p style=\"padding-left: 40px; text-align: justify;\"><strong>2019 \u2013 Tiago Selau Rodrigues. <\/strong>Investiga\u00e7\u00e3o de oncogenes cooperativos na emerg\u00eancia da leucemia mediada por <em>IL7R<\/em><strong>.\u00a0<\/strong><\/p>\n<p style=\"padding-left: 40px; text-align: justify;\"><strong>2016<\/strong> <strong>\u2013 <\/strong><strong>Isabella Barbutti.<\/strong> Investiga\u00e7\u00e3o da participa\u00e7\u00e3o da quinase reguladora de fatores de splicing KIS em processos celulares relacionados \u00e0 leucemog\u00eanese.<\/p>\n<p style=\"text-align: justify; padding-left: 40px;\">\n","protected":false},"excerpt":{"rendered":"<p>Teses 2021 \u2013 Vanessa Cristina Arfelli. Uhmk1 regula a express\u00e3o de genes relacionados a transi\u00e7\u00e3o epit\u00e9lio-mesenquimal e a fosforila\u00e7\u00e3o de novos alvos com fun\u00e7\u00e3o no metabolismo de RNA. Disserta\u00e7\u00f5es 2023 \u2013 Isabela Spido Dias. Caracteriza\u00e7\u00e3o de PIMREG como biomarcador em gliomas. 2019 \u2013 Illy Enne Gomes. Consequ\u00eancia funcional da inibi\u00e7\u00e3o e superexpress\u00e3o do fator de [&hellip;]<\/p>\n","protected":false},"author":635,"featured_media":0,"parent":0,"menu_order":0,"comment_status":"closed","ping_status":"closed","template":"","meta":{"ocean_post_layout":"","ocean_both_sidebars_style":"","ocean_both_sidebars_content_width":0,"ocean_both_sidebars_sidebars_width":0,"ocean_sidebar":"0","ocean_second_sidebar":"0","ocean_disable_margins":"enable","ocean_add_body_class":"","ocean_shortcode_before_top_bar":"","ocean_shortcode_after_top_bar":"","ocean_shortcode_before_header":"","ocean_shortcode_after_header":"","ocean_has_shortcode":"","ocean_shortcode_after_title":"","ocean_shortcode_before_footer_widgets":"","ocean_shortcode_after_footer_widgets":"","ocean_shortcode_before_footer_bottom":"","ocean_shortcode_after_footer_bottom":"","ocean_display_top_bar":"default","ocean_display_header":"default","ocean_header_style":"","ocean_center_header_left_menu":"0","ocean_custom_header_template":"0","ocean_custom_logo":0,"ocean_custom_retina_logo":0,"ocean_custom_logo_max_width":0,"ocean_custom_logo_tablet_max_width":0,"ocean_custom_logo_mobile_max_width":0,"ocean_custom_logo_max_height":0,"ocean_custom_logo_tablet_max_height":0,"ocean_custom_logo_mobile_max_height":0,"ocean_header_custom_menu":"0","ocean_menu_typo_font_family":"0","ocean_menu_typo_font_subset":"","ocean_menu_typo_font_size":0,"ocean_menu_typo_font_size_tablet":0,"ocean_menu_typo_font_size_mobile":0,"ocean_menu_typo_font_size_unit":"px","ocean_menu_typo_font_weight":"","ocean_menu_typo_font_weight_tablet":"","ocean_menu_typo_font_weight_mobile":"","ocean_menu_typo_transform":"","ocean_menu_typo_transform_tablet":"","ocean_menu_typo_transform_mobile":"","ocean_menu_typo_line_height":0,"ocean_menu_typo_line_height_tablet":0,"ocean_menu_typo_line_height_mobile":0,"ocean_menu_typo_line_height_unit":"","ocean_menu_typo_spacing":0,"ocean_menu_typo_spacing_tablet":0,"ocean_menu_typo_spacing_mobile":0,"ocean_menu_typo_spacing_unit":"","ocean_menu_link_color":"","ocean_menu_link_color_hover":"","ocean_menu_link_color_active":"","ocean_menu_link_background":"","ocean_menu_link_hover_background":"","ocean_menu_link_active_background":"","ocean_menu_social_links_bg":"","ocean_menu_social_hover_links_bg":"","ocean_menu_social_links_color":"","ocean_menu_social_hover_links_color":"","ocean_disable_title":"default","ocean_disable_heading":"default","ocean_post_title":"","ocean_post_subheading":"","ocean_post_title_style":"","ocean_post_title_background_color":"","ocean_post_title_background":0,"ocean_post_title_bg_image_position":"","ocean_post_title_bg_image_attachment":"","ocean_post_title_bg_image_repeat":"","ocean_post_title_bg_image_size":"","ocean_post_title_height":0,"ocean_post_title_bg_overlay":0.5,"ocean_post_title_bg_overlay_color":"","ocean_disable_breadcrumbs":"default","ocean_breadcrumbs_color":"","ocean_breadcrumbs_separator_color":"","ocean_breadcrumbs_links_color":"","ocean_breadcrumbs_links_hover_color":"","ocean_display_footer_widgets":"default","ocean_display_footer_bottom":"default","ocean_custom_footer_template":"0","footnotes":"","_links_to":"","_links_to_target":""},"class_list":["post-255","page","type-page","status-publish","hentry","entry"],"_links":{"self":[{"href":"https:\/\/sites.usp.br\/limca\/wp-json\/wp\/v2\/pages\/255","targetHints":{"allow":["GET"]}}],"collection":[{"href":"https:\/\/sites.usp.br\/limca\/wp-json\/wp\/v2\/pages"}],"about":[{"href":"https:\/\/sites.usp.br\/limca\/wp-json\/wp\/v2\/types\/page"}],"author":[{"embeddable":true,"href":"https:\/\/sites.usp.br\/limca\/wp-json\/wp\/v2\/users\/635"}],"replies":[{"embeddable":true,"href":"https:\/\/sites.usp.br\/limca\/wp-json\/wp\/v2\/comments?post=255"}],"version-history":[{"count":5,"href":"https:\/\/sites.usp.br\/limca\/wp-json\/wp\/v2\/pages\/255\/revisions"}],"predecessor-version":[{"id":494,"href":"https:\/\/sites.usp.br\/limca\/wp-json\/wp\/v2\/pages\/255\/revisions\/494"}],"wp:attachment":[{"href":"https:\/\/sites.usp.br\/limca\/wp-json\/wp\/v2\/media?parent=255"}],"curies":[{"name":"wp","href":"https:\/\/api.w.org\/{rel}","templated":true}]}}