{"id":267,"date":"2021-10-19T15:23:34","date_gmt":"2021-10-19T17:23:34","guid":{"rendered":"https:\/\/sites.usp.br\/limca\/?page_id=267"},"modified":"2023-06-12T16:50:14","modified_gmt":"2023-06-12T18:50:14","slug":"auxilio-a-pesquisa","status":"publish","type":"page","link":"https:\/\/sites.usp.br\/limca\/auxilio-a-pesquisa\/","title":{"rendered":"Aux\u00edlio \u00e0 Pesquisa"},"content":{"rendered":"<p><img decoding=\"async\" class=\"aligncenter wp-image-341\" src=\"https:\/\/sites.usp.br\/limca\/wp-content\/uploads\/sites\/1025\/2021\/10\/fapesp-300x83.png\" alt=\"\" width=\"182\" height=\"50\" srcset=\"https:\/\/sites.usp.br\/limca\/wp-content\/uploads\/sites\/1025\/2021\/10\/fapesp-300x83.png 300w, https:\/\/sites.usp.br\/limca\/wp-content\/uploads\/sites\/1025\/2021\/10\/fapesp.png 400w\" sizes=\"(max-width: 182px) 100vw, 182px\" \/><\/p>\n<p style=\"text-align: justify;\"><strong>Projeto regular FAPESP (2022\/08648-9): <\/strong>Investiga\u00e7\u00e3o do papel da quinase reguladora de <em>splicing<\/em> UHMK1 em melanoma e sua rela\u00e7\u00e3o com o RNA longo n\u00e3o codificante RMEL3. Vig\u00eancia 01\/12\/2022 a 30\/11\/2024.<\/p>\n<p style=\"text-align: justify;\"><strong>Projeto regular FAPESP (2019\/26035-1): <\/strong>Caracteriza\u00e7\u00e3o de PIMREG como um marcador molecular de progress\u00e3o tumoral e progn\u00f3stico em glioma e seu poss\u00edvel papel na sinaliza\u00e7\u00e3o de resposta ao dano de DNA.\u00a0 Vig\u00eancia 01\/08\/2020 a 31\/07\/2022.<\/p>\n<p style=\"text-align: justify;\"><strong>Projeto Jovem Pesquisador FAPESP\u00a0 (2014\/01458-3)<\/strong>: Investiga\u00e7\u00e3o da participa\u00e7\u00e3o da kinase reguladora de fatores de splicing (KIS; UHMK1) na leucemog\u00eanese utilizando modelo murino de transplante de medula \u00f3ssea.\u00a0 Vig\u00eancia 01\/02\/2015 a 31\/01\/2020.<\/p>\n","protected":false},"excerpt":{"rendered":"<p>Projeto regular FAPESP (2022\/08648-9): Investiga\u00e7\u00e3o do papel da quinase reguladora de splicing UHMK1 em melanoma e sua rela\u00e7\u00e3o com o RNA longo n\u00e3o codificante RMEL3. Vig\u00eancia 01\/12\/2022 a 30\/11\/2024. Projeto regular FAPESP (2019\/26035-1): Caracteriza\u00e7\u00e3o de PIMREG como um marcador molecular de progress\u00e3o tumoral e progn\u00f3stico em glioma e seu poss\u00edvel papel na sinaliza\u00e7\u00e3o de resposta [&hellip;]<\/p>\n","protected":false},"author":635,"featured_media":0,"parent":0,"menu_order":0,"comment_status":"closed","ping_status":"closed","template":"","meta":{"ocean_post_layout":"","ocean_both_sidebars_style":"","ocean_both_sidebars_content_width":0,"ocean_both_sidebars_sidebars_width":0,"ocean_sidebar":"0","ocean_second_sidebar":"0","ocean_disable_margins":"enable","ocean_add_body_class":"","ocean_shortcode_before_top_bar":"","ocean_shortcode_after_top_bar":"","ocean_shortcode_before_header":"","ocean_shortcode_after_header":"","ocean_has_shortcode":"","ocean_shortcode_after_title":"","ocean_shortcode_before_footer_widgets":"","ocean_shortcode_after_footer_widgets":"","ocean_shortcode_before_footer_bottom":"","ocean_shortcode_after_footer_bottom":"","ocean_display_top_bar":"default","ocean_display_header":"default","ocean_header_style":"","ocean_center_header_left_menu":"0","ocean_custom_header_template":"0","ocean_custom_logo":0,"ocean_custom_retina_logo":0,"ocean_custom_logo_max_width":0,"ocean_custom_logo_tablet_max_width":0,"ocean_custom_logo_mobile_max_width":0,"ocean_custom_logo_max_height":0,"ocean_custom_logo_tablet_max_height":0,"ocean_custom_logo_mobile_max_height":0,"ocean_header_custom_menu":"0","ocean_menu_typo_font_family":"0","ocean_menu_typo_font_subset":"","ocean_menu_typo_font_size":0,"ocean_menu_typo_font_size_tablet":0,"ocean_menu_typo_font_size_mobile":0,"ocean_menu_typo_font_size_unit":"px","ocean_menu_typo_font_weight":"","ocean_menu_typo_font_weight_tablet":"","ocean_menu_typo_font_weight_mobile":"","ocean_menu_typo_transform":"","ocean_menu_typo_transform_tablet":"","ocean_menu_typo_transform_mobile":"","ocean_menu_typo_line_height":0,"ocean_menu_typo_line_height_tablet":0,"ocean_menu_typo_line_height_mobile":0,"ocean_menu_typo_line_height_unit":"","ocean_menu_typo_spacing":0,"ocean_menu_typo_spacing_tablet":0,"ocean_menu_typo_spacing_mobile":0,"ocean_menu_typo_spacing_unit":"","ocean_menu_link_color":"","ocean_menu_link_color_hover":"","ocean_menu_link_color_active":"","ocean_menu_link_background":"","ocean_menu_link_hover_background":"","ocean_menu_link_active_background":"","ocean_menu_social_links_bg":"","ocean_menu_social_hover_links_bg":"","ocean_menu_social_links_color":"","ocean_menu_social_hover_links_color":"","ocean_disable_title":"default","ocean_disable_heading":"default","ocean_post_title":"","ocean_post_subheading":"","ocean_post_title_style":"","ocean_post_title_background_color":"","ocean_post_title_background":0,"ocean_post_title_bg_image_position":"","ocean_post_title_bg_image_attachment":"","ocean_post_title_bg_image_repeat":"","ocean_post_title_bg_image_size":"","ocean_post_title_height":0,"ocean_post_title_bg_overlay":0.5,"ocean_post_title_bg_overlay_color":"","ocean_disable_breadcrumbs":"default","ocean_breadcrumbs_color":"","ocean_breadcrumbs_separator_color":"","ocean_breadcrumbs_links_color":"","ocean_breadcrumbs_links_hover_color":"","ocean_display_footer_widgets":"default","ocean_display_footer_bottom":"default","ocean_custom_footer_template":"0","footnotes":"","_links_to":"","_links_to_target":""},"class_list":["post-267","page","type-page","status-publish","hentry","entry"],"_links":{"self":[{"href":"https:\/\/sites.usp.br\/limca\/wp-json\/wp\/v2\/pages\/267","targetHints":{"allow":["GET"]}}],"collection":[{"href":"https:\/\/sites.usp.br\/limca\/wp-json\/wp\/v2\/pages"}],"about":[{"href":"https:\/\/sites.usp.br\/limca\/wp-json\/wp\/v2\/types\/page"}],"author":[{"embeddable":true,"href":"https:\/\/sites.usp.br\/limca\/wp-json\/wp\/v2\/users\/635"}],"replies":[{"embeddable":true,"href":"https:\/\/sites.usp.br\/limca\/wp-json\/wp\/v2\/comments?post=267"}],"version-history":[{"count":4,"href":"https:\/\/sites.usp.br\/limca\/wp-json\/wp\/v2\/pages\/267\/revisions"}],"predecessor-version":[{"id":492,"href":"https:\/\/sites.usp.br\/limca\/wp-json\/wp\/v2\/pages\/267\/revisions\/492"}],"wp:attachment":[{"href":"https:\/\/sites.usp.br\/limca\/wp-json\/wp\/v2\/media?parent=267"}],"curies":[{"name":"wp","href":"https:\/\/api.w.org\/{rel}","templated":true}]}}