{"id":269,"date":"2021-10-19T15:28:12","date_gmt":"2021-10-19T17:28:12","guid":{"rendered":"https:\/\/sites.usp.br\/limca\/?page_id=269"},"modified":"2024-08-16T16:23:27","modified_gmt":"2024-08-16T18:23:27","slug":"auxilios-individuais","status":"publish","type":"page","link":"https:\/\/sites.usp.br\/limca\/auxilios-individuais\/","title":{"rendered":"Aux\u00edlios individuais"},"content":{"rendered":"<p style=\"text-align: justify;\">Os alunos do laborat\u00f3rio possuem bolsas de Inicia\u00e7\u00e3o Cient\u00edfica e P\u00f3s-gradua\u00e7\u00e3o financiadas pela CAPES, CNPq e FAPESP.<\/p>\n<p><img decoding=\"async\" class=\"wp-image-343 alignnone\" src=\"https:\/\/sites.usp.br\/limca\/wp-content\/uploads\/sites\/1025\/2021\/10\/capes-300x60.png\" alt=\"\" width=\"200\" height=\"40\" srcset=\"https:\/\/sites.usp.br\/limca\/wp-content\/uploads\/sites\/1025\/2021\/10\/capes-300x60.png 300w, https:\/\/sites.usp.br\/limca\/wp-content\/uploads\/sites\/1025\/2021\/10\/capes-400x80.png 400w, https:\/\/sites.usp.br\/limca\/wp-content\/uploads\/sites\/1025\/2021\/10\/capes.png 595w\" sizes=\"(max-width: 200px) 100vw, 200px\" \/><\/p>\n<ul>\n<li>PrInt-USP\/CAPES: Apoio a Miss\u00f5es Acad\u00eamicas\/Cient\u00edficas no Exterior. 2019.<\/li>\n<li>Bolsa CAPES de Doutorado Sandu\u00edche no Exterior &#8211; PDSE &#8211; 88881.188871\/2018-01. 2018.<\/li>\n<\/ul>\n<hr \/>\n<p><img decoding=\"async\" class=\"wp-image-312 alignnone\" src=\"https:\/\/sites.usp.br\/limca\/wp-content\/uploads\/sites\/1025\/2021\/10\/LMU_Muenchen_150px-300x142.png\" alt=\"\" width=\"126\" height=\"60\" srcset=\"https:\/\/sites.usp.br\/limca\/wp-content\/uploads\/sites\/1025\/2021\/10\/LMU_Muenchen_150px-300x142.png 300w, https:\/\/sites.usp.br\/limca\/wp-content\/uploads\/sites\/1025\/2021\/10\/LMU_Muenchen_150px-310x150.png 310w, https:\/\/sites.usp.br\/limca\/wp-content\/uploads\/sites\/1025\/2021\/10\/LMU_Muenchen_150px.png 316w\" sizes=\"(max-width: 126px) 100vw, 126px\" \/><\/p>\n<ul>\n<li>Bolsa de Doutorado Sandu\u00edche: Edital AUCANI 1161\/2019 (Programa de mobilidade internacional Erasmus+ \/ LMU ), 2019<\/li>\n<\/ul>\n<hr \/>\n<p><img decoding=\"async\" class=\"wp-image-341 alignnone\" src=\"https:\/\/sites.usp.br\/limca\/wp-content\/uploads\/sites\/1025\/2021\/10\/fapesp-300x83.png\" alt=\"\" width=\"182\" height=\"50\" srcset=\"https:\/\/sites.usp.br\/limca\/wp-content\/uploads\/sites\/1025\/2021\/10\/fapesp-300x83.png 300w, https:\/\/sites.usp.br\/limca\/wp-content\/uploads\/sites\/1025\/2021\/10\/fapesp.png 400w\" sizes=\"(max-width: 182px) 100vw, 182px\" \/><\/p>\n<table style=\"border-collapse: collapse; width: 78.0756%;\">\n<tbody>\n<tr>\n<td style=\"width: 46.7862%;\">\n<h5>Bolsa de Doutorado Direto<\/h5>\n<ul>\n<li>Processo Fapesp 2016\/04372-8<\/li>\n<\/ul>\n<h5>Bolsas de Mestrado<\/h5>\n<ul>\n<li>Processo Fapesp 2023\/12311-2<\/li>\n<li>Processo Fapesp 2015\/22778-9<\/li>\n<li>Processo Fapesp 2016\/19658-4<\/li>\n<li>Processo Fapesp 2016\/20071-8<\/li>\n<\/ul>\n<h5>Bolsas de Inicia\u00e7\u00e3o Cient\u00edfica &#8211; Est\u00e1gio no exterior<\/h5>\n<ul>\n<li>Processo Fapesp 2022\/02295-7 (BEPE-IC)<\/li>\n<li>Processo Fapesp 2017\/23589-0 (BEPE-IC)<\/li>\n<\/ul>\n<\/td>\n<td style=\"padding-left: 50px; width: 53.2138%;\">\n<h5>Bolsas de Inicia\u00e7\u00e3o Cient\u00edfica<\/h5>\n<ul>\n<li>Processo Fapesp 2022\/13336-6<\/li>\n<li>Processo Fapesp 2022\/12544-4<\/li>\n<li>Processo Fapesp 2021\/06194-8<\/li>\n<li>Processo Fapesp 2019\/04487-8<\/li>\n<li>Processo Fapesp 2018\/07525-5<\/li>\n<li>Processo Fapesp 2016\/03982-7<\/li>\n<li>Processo Fapesp 2015\/22778-9<\/li>\n<\/ul>\n<h5>Bolsas de Treinamento T\u00e9cnico (TT-III)<\/h5>\n<ul>\n<li>Processo Fapesp 2021\/10497-6<\/li>\n<li>Processo Fapesp 2020\/09369-0<\/li>\n<\/ul>\n<\/td>\n<\/tr>\n<\/tbody>\n<\/table>\n<p><img loading=\"lazy\" decoding=\"async\" class=\"wp-image-345 alignnone\" src=\"https:\/\/sites.usp.br\/limca\/wp-content\/uploads\/sites\/1025\/2021\/10\/CNPq2-300x90.png\" alt=\"\" width=\"133\" height=\"40\" srcset=\"https:\/\/sites.usp.br\/limca\/wp-content\/uploads\/sites\/1025\/2021\/10\/CNPq2-300x90.png 300w, https:\/\/sites.usp.br\/limca\/wp-content\/uploads\/sites\/1025\/2021\/10\/CNPq2.png 333w\" sizes=\"(max-width: 133px) 100vw, 133px\" \/><\/p>\n<h5>Bolsa de Doutorado<\/h5>\n<ul>\n<li>CNPq: 140147\/2023-3<\/li>\n<\/ul>\n<h5>Bolsas de Inicia\u00e7\u00e3o Cient\u00edfica<\/h5>\n<ul>\n<li>PIBIC-CNPq: 137340\/2020-6<\/li>\n<li>PIBIC-CNPq: 157979\/2017-2<\/li>\n<li>PIBIC-CNPq: 1444154\/2016-1<\/li>\n<\/ul>\n<p>&nbsp;<\/p>\n","protected":false},"excerpt":{"rendered":"<p>Os alunos do laborat\u00f3rio possuem bolsas de Inicia\u00e7\u00e3o Cient\u00edfica e P\u00f3s-gradua\u00e7\u00e3o financiadas pela CAPES, CNPq e FAPESP. PrInt-USP\/CAPES: Apoio a Miss\u00f5es Acad\u00eamicas\/Cient\u00edficas no Exterior. 2019. Bolsa CAPES de Doutorado Sandu\u00edche no Exterior &#8211; PDSE &#8211; 88881.188871\/2018-01. 2018. Bolsa de Doutorado Sandu\u00edche: Edital AUCANI 1161\/2019 (Programa de mobilidade internacional Erasmus+ \/ LMU ), 2019 Bolsa de [&hellip;]<\/p>\n","protected":false},"author":635,"featured_media":0,"parent":0,"menu_order":0,"comment_status":"closed","ping_status":"closed","template":"","meta":{"ocean_post_layout":"","ocean_both_sidebars_style":"","ocean_both_sidebars_content_width":0,"ocean_both_sidebars_sidebars_width":0,"ocean_sidebar":"0","ocean_second_sidebar":"0","ocean_disable_margins":"enable","ocean_add_body_class":"","ocean_shortcode_before_top_bar":"","ocean_shortcode_after_top_bar":"","ocean_shortcode_before_header":"","ocean_shortcode_after_header":"","ocean_has_shortcode":"","ocean_shortcode_after_title":"","ocean_shortcode_before_footer_widgets":"","ocean_shortcode_after_footer_widgets":"","ocean_shortcode_before_footer_bottom":"","ocean_shortcode_after_footer_bottom":"","ocean_display_top_bar":"default","ocean_display_header":"default","ocean_header_style":"","ocean_center_header_left_menu":"0","ocean_custom_header_template":"0","ocean_custom_logo":0,"ocean_custom_retina_logo":0,"ocean_custom_logo_max_width":0,"ocean_custom_logo_tablet_max_width":0,"ocean_custom_logo_mobile_max_width":0,"ocean_custom_logo_max_height":0,"ocean_custom_logo_tablet_max_height":0,"ocean_custom_logo_mobile_max_height":0,"ocean_header_custom_menu":"0","ocean_menu_typo_font_family":"0","ocean_menu_typo_font_subset":"","ocean_menu_typo_font_size":0,"ocean_menu_typo_font_size_tablet":0,"ocean_menu_typo_font_size_mobile":0,"ocean_menu_typo_font_size_unit":"px","ocean_menu_typo_font_weight":"","ocean_menu_typo_font_weight_tablet":"","ocean_menu_typo_font_weight_mobile":"","ocean_menu_typo_transform":"","ocean_menu_typo_transform_tablet":"","ocean_menu_typo_transform_mobile":"","ocean_menu_typo_line_height":0,"ocean_menu_typo_line_height_tablet":0,"ocean_menu_typo_line_height_mobile":0,"ocean_menu_typo_line_height_unit":"","ocean_menu_typo_spacing":0,"ocean_menu_typo_spacing_tablet":0,"ocean_menu_typo_spacing_mobile":0,"ocean_menu_typo_spacing_unit":"","ocean_menu_link_color":"","ocean_menu_link_color_hover":"","ocean_menu_link_color_active":"","ocean_menu_link_background":"","ocean_menu_link_hover_background":"","ocean_menu_link_active_background":"","ocean_menu_social_links_bg":"","ocean_menu_social_hover_links_bg":"","ocean_menu_social_links_color":"","ocean_menu_social_hover_links_color":"","ocean_disable_title":"default","ocean_disable_heading":"default","ocean_post_title":"","ocean_post_subheading":"","ocean_post_title_style":"","ocean_post_title_background_color":"","ocean_post_title_background":0,"ocean_post_title_bg_image_position":"","ocean_post_title_bg_image_attachment":"","ocean_post_title_bg_image_repeat":"","ocean_post_title_bg_image_size":"","ocean_post_title_height":0,"ocean_post_title_bg_overlay":0.5,"ocean_post_title_bg_overlay_color":"","ocean_disable_breadcrumbs":"default","ocean_breadcrumbs_color":"","ocean_breadcrumbs_separator_color":"","ocean_breadcrumbs_links_color":"","ocean_breadcrumbs_links_hover_color":"","ocean_display_footer_widgets":"default","ocean_display_footer_bottom":"default","ocean_custom_footer_template":"0","footnotes":"","_links_to":"","_links_to_target":""},"class_list":["post-269","page","type-page","status-publish","hentry","entry"],"_links":{"self":[{"href":"https:\/\/sites.usp.br\/limca\/wp-json\/wp\/v2\/pages\/269","targetHints":{"allow":["GET"]}}],"collection":[{"href":"https:\/\/sites.usp.br\/limca\/wp-json\/wp\/v2\/pages"}],"about":[{"href":"https:\/\/sites.usp.br\/limca\/wp-json\/wp\/v2\/types\/page"}],"author":[{"embeddable":true,"href":"https:\/\/sites.usp.br\/limca\/wp-json\/wp\/v2\/users\/635"}],"replies":[{"embeddable":true,"href":"https:\/\/sites.usp.br\/limca\/wp-json\/wp\/v2\/comments?post=269"}],"version-history":[{"count":4,"href":"https:\/\/sites.usp.br\/limca\/wp-json\/wp\/v2\/pages\/269\/revisions"}],"predecessor-version":[{"id":552,"href":"https:\/\/sites.usp.br\/limca\/wp-json\/wp\/v2\/pages\/269\/revisions\/552"}],"wp:attachment":[{"href":"https:\/\/sites.usp.br\/limca\/wp-json\/wp\/v2\/media?parent=269"}],"curies":[{"name":"wp","href":"https:\/\/api.w.org\/{rel}","templated":true}]}}