{"id":10,"date":"2014-03-14T12:27:08","date_gmt":"2014-03-14T12:27:08","guid":{"rendered":"http:\/\/sites.usp.brcaeco\/?page_id=10"},"modified":"2014-05-13T10:58:31","modified_gmt":"2014-05-13T13:58:31","slug":"programas","status":"publish","type":"page","link":"https:\/\/sites.usp.br\/linorg\/programas\/","title":{"rendered":"Programas"},"content":{"rendered":"<p><strong>\u00c1rea de Exatas:<\/strong><br \/>\nAdalberto Fazzio<br \/>\nJos\u00e9 Roberto Castilho Piqueira<br \/>\nSuplente &#8211; Tito Jos\u00e9 Bonagamba<\/p>\n<p><strong>\u00c1rea de Biol\u00f3gicas: <\/strong><br \/>\nCarlos Gilberto Carlotti Jr.<br \/>\nDin\u00e1 de Almeida Lopes Monteiro da Cruz<br \/>\nSuplente &#8211; Marcos Vin\u00edcius Folegatti<\/p>\n<p><strong>\u00c1rea de Humanas: <\/strong><br \/>\nCarlos Alberto Ferreira Martins<br \/>\nS\u00e9rgio Fran\u00e7a Adorno de Abreu<br \/>\nSuplente &#8211; Ana Lucia Duarte Lanna<\/p>\n<p><strong>Servidores T\u00e9cnicos e Administrativos:<\/strong><br \/>\nNeli Paschoarelli Wada<br \/>\nDulce Helena de Brito<br \/>\nSuplente &#8211; Alexandre Pariol Filho<\/p>\n<p><strong>Discente de Gradua\u00e7\u00e3o:<\/strong><br \/>\nCamilo Henrique Fernandes Martin<br \/>\nSuplente &#8211; Carlos Eduardo Batista de Souto Alves<\/p>\n<p>Discente de P\u00f3s-Gradua\u00e7\u00e3o:<br \/>\nTom\u00e1s Costa de Azevedo Marques<br \/>\nSuplente &#8211; Mariana Nunes de M. Souza<\/p>\n","protected":false},"excerpt":{"rendered":"<p>\u00c1rea de Exatas: Adalberto Fazzio Jos\u00e9 Roberto Castilho Piqueira Suplente &#8211; Tito Jos\u00e9 Bonagamba \u00c1rea [&hellip;]<\/p>\n","protected":false},"author":23,"featured_media":0,"parent":0,"menu_order":0,"comment_status":"closed","ping_status":"closed","template":"","meta":{"footnotes":"","_links_to":"","_links_to_target":""},"class_list":["post-10","page","type-page","status-publish","hentry"],"_links":{"self":[{"href":"https:\/\/sites.usp.br\/linorg\/wp-json\/wp\/v2\/pages\/10","targetHints":{"allow":["GET"]}}],"collection":[{"href":"https:\/\/sites.usp.br\/linorg\/wp-json\/wp\/v2\/pages"}],"about":[{"href":"https:\/\/sites.usp.br\/linorg\/wp-json\/wp\/v2\/types\/page"}],"author":[{"embeddable":true,"href":"https:\/\/sites.usp.br\/linorg\/wp-json\/wp\/v2\/users\/23"}],"replies":[{"embeddable":true,"href":"https:\/\/sites.usp.br\/linorg\/wp-json\/wp\/v2\/comments?post=10"}],"version-history":[{"count":7,"href":"https:\/\/sites.usp.br\/linorg\/wp-json\/wp\/v2\/pages\/10\/revisions"}],"predecessor-version":[{"id":141,"href":"https:\/\/sites.usp.br\/linorg\/wp-json\/wp\/v2\/pages\/10\/revisions\/141"}],"wp:attachment":[{"href":"https:\/\/sites.usp.br\/linorg\/wp-json\/wp\/v2\/media?parent=10"}],"curies":[{"name":"wp","href":"https:\/\/api.w.org\/{rel}","templated":true}]}}