{"id":89,"date":"2014-04-23T11:34:25","date_gmt":"2014-04-23T14:34:25","guid":{"rendered":"http:\/\/sites.usp.brprp\/?page_id=89"},"modified":"2014-05-13T10:57:53","modified_gmt":"2014-05-13T13:57:53","slug":"calendario-de-reunioes","status":"publish","type":"page","link":"https:\/\/sites.usp.br\/linorg\/calendario-de-reunioes\/","title":{"rendered":"Institucional"},"content":{"rendered":"<p><strong>Reuni\u00f5es de discuss\u00e3o<\/strong><\/p>\n<p>&nbsp;<\/p>\n<p><strong>03\/06<\/strong> &#8211; Discuss\u00e3o dos temas:<\/p>\n<ul>\n<li>Miss\u00e3o, responsabilidade social e princ\u00edpios da Universidade<\/li>\n<li>Ensino, Pesquisa e Cultura e Extens\u00e3o Universit\u00e1ria<\/li>\n<li>Gest\u00e3o, transpar\u00eancia e responsabilidade fiscal<\/li>\n<\/ul>\n<p>&nbsp;<\/p>\n<p><strong>02\/09<\/strong> &#8211; Discuss\u00e3o dos temas:<\/p>\n<ul>\n<li>\u00c9tica na Universidade<\/li>\n<li>Elei\u00e7\u00e3o de dirigentes<\/li>\n<li>Natureza, atribui\u00e7\u00f5es e composi\u00e7\u00e3o das colegiados<\/li>\n<\/ul>\n<p>&nbsp;<\/p>\n<p><strong>30\/09<\/strong> &#8211; Discuss\u00e3o dos temas:<\/p>\n<ul>\n<li>Carreiras e Regimes de Trabalho<\/li>\n<li>Autonomia e organiza\u00e7\u00e3o das unidades ou \u00f3rg\u00e3os<\/li>\n<li>Formas de delibera\u00e7\u00e3o das altera\u00e7\u00f5es estatut\u00e1rias<\/li>\n<\/ul>\n<p>&nbsp;<\/p>\n<p><strong>Reuni\u00f5es de delibera\u00e7\u00e3o<\/strong><\/p>\n<p><strong>11\/11<\/strong> &#8211; Defini\u00e7\u00e3o das formas e calend\u00e1rio das delibera\u00e7\u00f5es.<\/p>\n","protected":false},"excerpt":{"rendered":"<p>Reuni\u00f5es de discuss\u00e3o &nbsp; 03\/06 &#8211; Discuss\u00e3o dos temas: Miss\u00e3o, responsabilidade social e princ\u00edpios da [&hellip;]<\/p>\n","protected":false},"author":13,"featured_media":0,"parent":0,"menu_order":0,"comment_status":"closed","ping_status":"closed","template":"","meta":{"footnotes":"","_links_to":"","_links_to_target":""},"class_list":["post-89","page","type-page","status-publish","hentry"],"_links":{"self":[{"href":"https:\/\/sites.usp.br\/linorg\/wp-json\/wp\/v2\/pages\/89","targetHints":{"allow":["GET"]}}],"collection":[{"href":"https:\/\/sites.usp.br\/linorg\/wp-json\/wp\/v2\/pages"}],"about":[{"href":"https:\/\/sites.usp.br\/linorg\/wp-json\/wp\/v2\/types\/page"}],"author":[{"embeddable":true,"href":"https:\/\/sites.usp.br\/linorg\/wp-json\/wp\/v2\/users\/13"}],"replies":[{"embeddable":true,"href":"https:\/\/sites.usp.br\/linorg\/wp-json\/wp\/v2\/comments?post=89"}],"version-history":[{"count":6,"href":"https:\/\/sites.usp.br\/linorg\/wp-json\/wp\/v2\/pages\/89\/revisions"}],"predecessor-version":[{"id":140,"href":"https:\/\/sites.usp.br\/linorg\/wp-json\/wp\/v2\/pages\/89\/revisions\/140"}],"wp:attachment":[{"href":"https:\/\/sites.usp.br\/linorg\/wp-json\/wp\/v2\/media?parent=89"}],"curies":[{"name":"wp","href":"https:\/\/api.w.org\/{rel}","templated":true}]}}