{"id":26,"date":"2013-11-21T19:00:33","date_gmt":"2013-11-21T19:00:33","guid":{"rendered":"http:\/\/sites.usp.br\/litoxic\/?page_id=26"},"modified":"2025-02-14T15:35:28","modified_gmt":"2025-02-14T17:35:28","slug":"contato","status":"publish","type":"page","link":"https:\/\/sites.usp.br\/litoxic\/contato\/","title":{"rendered":"Contato"},"content":{"rendered":"<p>&nbsp;<\/p>\n<p>Email: litoxic@fcfrp.usp.br<br \/>\nFaculdade de Ci\u00eancias Farmac\u00eauticas de Ribeir\u00e3o Preto<br \/>\nEndere\u00e7o: Av Bandeirantes, 3900<br \/>\nRibeir\u00e3o Preto &#8211; SP<br \/>\nCEP 14040-030<\/p>\n<p>&nbsp;<\/p>\n<p>&nbsp;<\/p>\n","protected":false},"excerpt":{"rendered":"<p>&nbsp; Email: litoxic@fcfrp.usp.br Faculdade de Ci\u00eancias Farmac\u00eauticas de Ribeir\u00e3o Preto Endere\u00e7o: Av Bandeirantes, 3900 Ribeir\u00e3o Preto &#8211; SP CEP 14040-030 &nbsp; &nbsp;<\/p>\n","protected":false},"author":1,"featured_media":0,"parent":0,"menu_order":0,"comment_status":"closed","ping_status":"closed","template":"","meta":{"footnotes":"","_links_to":"","_links_to_target":""},"class_list":["post-26","page","type-page","status-publish","hentry"],"_links":{"self":[{"href":"https:\/\/sites.usp.br\/litoxic\/wp-json\/wp\/v2\/pages\/26","targetHints":{"allow":["GET"]}}],"collection":[{"href":"https:\/\/sites.usp.br\/litoxic\/wp-json\/wp\/v2\/pages"}],"about":[{"href":"https:\/\/sites.usp.br\/litoxic\/wp-json\/wp\/v2\/types\/page"}],"author":[{"embeddable":true,"href":"https:\/\/sites.usp.br\/litoxic\/wp-json\/wp\/v2\/users\/1"}],"replies":[{"embeddable":true,"href":"https:\/\/sites.usp.br\/litoxic\/wp-json\/wp\/v2\/comments?post=26"}],"version-history":[{"count":5,"href":"https:\/\/sites.usp.br\/litoxic\/wp-json\/wp\/v2\/pages\/26\/revisions"}],"predecessor-version":[{"id":444,"href":"https:\/\/sites.usp.br\/litoxic\/wp-json\/wp\/v2\/pages\/26\/revisions\/444"}],"wp:attachment":[{"href":"https:\/\/sites.usp.br\/litoxic\/wp-json\/wp\/v2\/media?parent=26"}],"curies":[{"name":"wp","href":"https:\/\/api.w.org\/{rel}","templated":true}]}}