{"id":357,"date":"2024-12-17T23:25:06","date_gmt":"2024-12-18T01:25:06","guid":{"rendered":"https:\/\/sites.usp.br\/litoxic\/?page_id=357"},"modified":"2024-12-17T23:25:06","modified_gmt":"2024-12-18T01:25:06","slug":"professores-orientadores","status":"publish","type":"page","link":"https:\/\/sites.usp.br\/litoxic\/professores-orientadores\/","title":{"rendered":"Professores Orientadores"},"content":{"rendered":"<p style=\"text-align: justify;\"><span class=\"OYPEnA font-feature-liga-off font-feature-clig-off font-feature-calt-off text-decoration-none text-strikethrough-none\"><a href=\"https:\/\/sites.usp.br\/litoxic\/wp-content\/uploads\/sites\/1535\/2024\/12\/Dani-palma-foto.jpg\"><img loading=\"lazy\" decoding=\"async\" class=\"wp-image-359 alignleft\" src=\"https:\/\/sites.usp.br\/litoxic\/wp-content\/uploads\/sites\/1535\/2024\/12\/Dani-palma-foto-300x225.jpg\" alt=\"\" width=\"135\" height=\"101\" srcset=\"https:\/\/sites.usp.br\/litoxic\/wp-content\/uploads\/sites\/1535\/2024\/12\/Dani-palma-foto-300x225.jpg 300w, https:\/\/sites.usp.br\/litoxic\/wp-content\/uploads\/sites\/1535\/2024\/12\/Dani-palma-foto-1024x768.jpg 1024w, https:\/\/sites.usp.br\/litoxic\/wp-content\/uploads\/sites\/1535\/2024\/12\/Dani-palma-foto-768x576.jpg 768w, https:\/\/sites.usp.br\/litoxic\/wp-content\/uploads\/sites\/1535\/2024\/12\/Dani-palma-foto-1536x1152.jpg 1536w, https:\/\/sites.usp.br\/litoxic\/wp-content\/uploads\/sites\/1535\/2024\/12\/Dani-palma-foto-285x214.jpg 285w, https:\/\/sites.usp.br\/litoxic\/wp-content\/uploads\/sites\/1535\/2024\/12\/Dani-palma-foto-80x60.jpg 80w, https:\/\/sites.usp.br\/litoxic\/wp-content\/uploads\/sites\/1535\/2024\/12\/Dani-palma-foto-400x300.jpg 400w, https:\/\/sites.usp.br\/litoxic\/wp-content\/uploads\/sites\/1535\/2024\/12\/Dani-palma-foto.jpg 1600w\" sizes=\"auto, (max-width: 135px) 100vw, 135px\" \/><\/a><strong>Profa. Dra. Danielle Palma de Oliveira.<\/strong><br \/>\n<\/span><\/p>\n<p style=\"text-align: justify;\"><span class=\"OYPEnA font-feature-liga-off font-feature-clig-off font-feature-calt-off text-decoration-none text-strikethrough-none\">Professora Associada do Departamento de An\u00e1lises Cl\u00ednicas, Toxicol\u00f3gicas e Bromatol\u00f3gicas da Faculdade de Ci\u00eancias Farmac\u00eauticas de Ribeir\u00e3o Preto (FCFRP\/USP). Foi presidente da Sociedade Brasileira de Toxicologia. Tem \u00eanfase na \u00e1rea de Toxicologia Ambiental, atuando principalmente nos seguintes temas: avalia\u00e7\u00e3o da atividade mutag\u00eanica de amostras ambientais, avalia\u00e7\u00e3o de corantes genot\u00f3xicos e produtos de clora\u00e7\u00e3o, pesquisa de contaminantes ambientais emergentes e m\u00e9todos alternativos \u00e0 experimenta\u00e7\u00e3o animal.<\/span><\/p>\n<p style=\"text-align: justify;\">\u00a0 \u00a0<a href=\"http:\/\/lattes.cnpq.br\/4347006311423350\"><img loading=\"lazy\" decoding=\"async\" class=\"alignnone  wp-image-364\" src=\"https:\/\/sites.usp.br\/litoxic\/wp-content\/uploads\/sites\/1535\/2024\/12\/lattes.png\" alt=\"\" width=\"76\" height=\"40\" \/> <\/a><a href=\"https:\/\/www.instagram.com\/ecohumantox\/\"><img loading=\"lazy\" decoding=\"async\" class=\"alignnone  wp-image-367\" src=\"https:\/\/sites.usp.br\/litoxic\/wp-content\/uploads\/sites\/1535\/2024\/12\/Logo_ecohumantox-removebg-preview-300x162.png\" alt=\"\" width=\"92\" height=\"50\" srcset=\"https:\/\/sites.usp.br\/litoxic\/wp-content\/uploads\/sites\/1535\/2024\/12\/Logo_ecohumantox-removebg-preview-300x162.png 300w, https:\/\/sites.usp.br\/litoxic\/wp-content\/uploads\/sites\/1535\/2024\/12\/Logo_ecohumantox-removebg-preview-400x216.png 400w, https:\/\/sites.usp.br\/litoxic\/wp-content\/uploads\/sites\/1535\/2024\/12\/Logo_ecohumantox-removebg-preview.png 680w\" sizes=\"auto, (max-width: 92px) 100vw, 92px\" \/>\u00a0<\/a><\/p>\n<p style=\"text-align: justify;\"><img loading=\"lazy\" decoding=\"async\" class=\"alignnone wp-image-369 alignleft\" src=\"https:\/\/sites.usp.br\/litoxic\/wp-content\/uploads\/sites\/1535\/2024\/12\/daniel-dorta-162x300.jpg\" alt=\"\" width=\"103\" height=\"191\" \/><strong><span class=\"OYPEnA font-feature-liga-off font-feature-clig-off font-feature-calt-off text-decoration-none text-strikethrough-none\">Prof. Dr. Daniel Junqueira Dorta<\/span><\/strong><\/p>\n<p style=\"text-align: justify;\"><span class=\"OYPEnA font-feature-liga-off font-feature-clig-off font-feature-calt-off text-decoration-none text-strikethrough-none\">Professor no Departamento de Qu\u00edmica da FFCLRP-USP. \u00c9 membro-fundador e ex-Presidente da Sociedade Brasileira de Ci\u00eancias Forenses &#8211; SBCF. Foi presidente da Sociedade Brasileira de Toxicologia e foi membro Diretor do Comit\u00ea Executivo da IUTOX- International Union of Toxicology. Tem experi\u00eancia em doc\u00eancia e em pesquisa com \u00eanfase em Toxicologia Bioqu\u00edmica, atuando em temas como mitoc\u00f4ndria, morte celular, apoptose, autofagia, cultura de c\u00e9lulas e contaminantes emergentes.<\/span><\/p>\n<p style=\"text-align: justify;\">\n<p style=\"text-align: justify;\"><a href=\"http:\/\/lattes.cnpq.br\/7987631644764691\"><img loading=\"lazy\" decoding=\"async\" class=\"alignnone  wp-image-364\" src=\"https:\/\/sites.usp.br\/litoxic\/wp-content\/uploads\/sites\/1535\/2024\/12\/lattes.png\" alt=\"\" width=\"104\" height=\"55\" \/><\/a><\/p>\n<p style=\"text-align: justify;\"><img loading=\"lazy\" decoding=\"async\" class=\"wp-image-361  alignleft\" src=\"https:\/\/sites.usp.br\/litoxic\/wp-content\/uploads\/sites\/1535\/2024\/12\/foto-eliane-e1734484635771-198x300.jpg\" alt=\"\" width=\"105\" height=\"159\" srcset=\"https:\/\/sites.usp.br\/litoxic\/wp-content\/uploads\/sites\/1535\/2024\/12\/foto-eliane-e1734484635771-198x300.jpg 198w, https:\/\/sites.usp.br\/litoxic\/wp-content\/uploads\/sites\/1535\/2024\/12\/foto-eliane-e1734484635771-396x600.jpg 396w, https:\/\/sites.usp.br\/litoxic\/wp-content\/uploads\/sites\/1535\/2024\/12\/foto-eliane-e1734484635771.jpg 587w\" sizes=\"auto, (max-width: 105px) 100vw, 105px\" \/><strong><span class=\"OYPEnA font-feature-liga-off font-feature-clig-off font-feature-calt-off text-decoration-none text-strikethrough-none\">Profa. Dra. Eliane Candiani Arantes<\/span> <\/strong><\/p>\n<p style=\"text-align: justify;\"><span class=\"OYPEnA font-feature-liga-off font-feature-clig-off font-feature-calt-off text-decoration-none text-strikethrough-none\">Professora Titular da FCFRP-USP. \u00c9 membro da International Society on Toxinology (IST), da Sociedade Brasileira de Bioqu\u00edmica (SBBq), da Sociedade Brasileira de Toxinologia (SBTx) e da Associa\u00e7\u00e3o Brasileira de Ci\u00eancias Farmac\u00eauticas (ACBF). Atua principalmente em: caracteriza\u00e7\u00e3o bioqu\u00edmica e molecular de toxinas isoladas de pe\u00e7onhas de escorpi\u00f5es, serpentes e formigas, bem como do veneno de sapos, pela determina\u00e7\u00e3o da sequ\u00eancia em amino\u00e1cidos, massa molecular, ponto isoel\u00e9trico e atividade enzim\u00e1tica.<\/span><\/p>\n<p style=\"text-align: justify;\"><a href=\"http:\/\/lattes.cnpq.br\/2062982268663101\"><img loading=\"lazy\" decoding=\"async\" class=\"alignnone  wp-image-364\" src=\"https:\/\/sites.usp.br\/litoxic\/wp-content\/uploads\/sites\/1535\/2024\/12\/lattes.png\" alt=\"\" width=\"104\" height=\"55\" \/><\/a><\/p>\n<p><img loading=\"lazy\" decoding=\"async\" class=\"wp-image-360 alignleft\" src=\"https:\/\/sites.usp.br\/litoxic\/wp-content\/uploads\/sites\/1535\/2024\/12\/240806_Foto-minha-para-perfis.jpeg-e1734484801679-271x300.jpg\" alt=\"\" width=\"112\" height=\"124\" srcset=\"https:\/\/sites.usp.br\/litoxic\/wp-content\/uploads\/sites\/1535\/2024\/12\/240806_Foto-minha-para-perfis.jpeg-e1734484801679-271x300.jpg 271w, https:\/\/sites.usp.br\/litoxic\/wp-content\/uploads\/sites\/1535\/2024\/12\/240806_Foto-minha-para-perfis.jpeg-e1734484801679-927x1024.jpg 927w, https:\/\/sites.usp.br\/litoxic\/wp-content\/uploads\/sites\/1535\/2024\/12\/240806_Foto-minha-para-perfis.jpeg-e1734484801679-768x849.jpg 768w, https:\/\/sites.usp.br\/litoxic\/wp-content\/uploads\/sites\/1535\/2024\/12\/240806_Foto-minha-para-perfis.jpeg-e1734484801679-400x442.jpg 400w, https:\/\/sites.usp.br\/litoxic\/wp-content\/uploads\/sites\/1535\/2024\/12\/240806_Foto-minha-para-perfis.jpeg-e1734484801679.jpg 1170w\" sizes=\"auto, (max-width: 112px) 100vw, 112px\" \/><strong><span class=\"OYPEnA font-feature-liga-off font-feature-clig-off font-feature-calt-off text-decoration-none text-strikethrough-none\">Prof. Dr. Jonas Augusto Paschoal<\/span><\/strong><\/p>\n<p style=\"text-align: justify;\"><span class=\"OYPEnA font-feature-liga-off font-feature-clig-off font-feature-calt-off text-decoration-none text-strikethrough-none\">Professor Associado na FCFRP\/USP. \u00c9 Coordenador do Programa de P\u00f3s-Gradua\u00e7\u00e3o em Toxicologia da FCFRP. Desenvolve pesquisa em Qu\u00edmica Anal\u00edtica Aplicada, realizando o desenvolvimento de m\u00e9todos bioanal\u00edticos para compostos org\u00e2nicos em diferentes tipos de amostras biol\u00f3gicas. Realiza estudos in vivo em animais de produ\u00e7\u00e3o de alimentos.<\/span> <span class=\"OYPEnA font-feature-liga-off font-feature-clig-off font-feature-calt-off text-decoration-none text-strikethrough-none\">Comp\u00f5e a Lista de Peritos do Comit\u00ea de Peritos em Aditivos Alimentares (JECFA) da Organiza\u00e7\u00e3o das Na\u00e7\u00f5es Unidas para Agricultura e Alimenta\u00e7\u00e3o e Organiza\u00e7\u00e3o Mundial da Sa\u00fade (FAO\/OMS).<\/span><\/p>\n<p style=\"text-align: justify;\"><a href=\"http:\/\/lattes.cnpq.br\/3099044430035756\"><img loading=\"lazy\" decoding=\"async\" class=\"alignnone  wp-image-364\" src=\"https:\/\/sites.usp.br\/litoxic\/wp-content\/uploads\/sites\/1535\/2024\/12\/lattes.png\" alt=\"\" width=\"100\" height=\"53\" \/><\/a><\/p>\n<p style=\"text-align: justify;\"><img loading=\"lazy\" decoding=\"async\" class=\"wp-image-370 alignleft\" src=\"https:\/\/sites.usp.br\/litoxic\/wp-content\/uploads\/sites\/1535\/2024\/12\/jao-ximenez-300x300.jpeg\" alt=\"\" width=\"114\" height=\"114\" srcset=\"https:\/\/sites.usp.br\/litoxic\/wp-content\/uploads\/sites\/1535\/2024\/12\/jao-ximenez-300x300.jpeg 300w, https:\/\/sites.usp.br\/litoxic\/wp-content\/uploads\/sites\/1535\/2024\/12\/jao-ximenez-150x150.jpeg 150w, https:\/\/sites.usp.br\/litoxic\/wp-content\/uploads\/sites\/1535\/2024\/12\/jao-ximenez-250x250.jpeg 250w, https:\/\/sites.usp.br\/litoxic\/wp-content\/uploads\/sites\/1535\/2024\/12\/jao-ximenez-174x174.jpeg 174w, https:\/\/sites.usp.br\/litoxic\/wp-content\/uploads\/sites\/1535\/2024\/12\/jao-ximenez-45x45.jpeg 45w, https:\/\/sites.usp.br\/litoxic\/wp-content\/uploads\/sites\/1535\/2024\/12\/jao-ximenez-200x200.jpeg 200w, https:\/\/sites.usp.br\/litoxic\/wp-content\/uploads\/sites\/1535\/2024\/12\/jao-ximenez-400x400.jpeg 400w, https:\/\/sites.usp.br\/litoxic\/wp-content\/uploads\/sites\/1535\/2024\/12\/jao-ximenez.jpeg 474w\" sizes=\"auto, (max-width: 114px) 100vw, 114px\" \/> <strong>Prof. Dr. <span class=\"OYPEnA font-feature-liga-off font-feature-clig-off font-feature-calt-off text-decoration-none text-strikethrough-none\">Jo\u00e3o Paulo Ximenez<\/span><\/strong><\/p>\n<p style=\"text-align: justify;\"><span class=\"OYPEnA font-feature-liga-off font-feature-clig-off font-feature-calt-off text-decoration-none text-strikethrough-none\">Professor Doutor da Faculdade de Ci\u00eancias Farmac\u00eauticas de Ribeir\u00e3o Preto da Universidade de S\u00e3o Paulo (FCFRP\/USP). Membro da American Society for Clinical Pharmacology and Therapeutics (ASCPT).<\/span> <span class=\"OYPEnA font-feature-liga-off font-feature-clig-off font-feature-calt-off text-decoration-none text-strikethrough-none\">Atua na \u00e1rea de Farmacologia Cl\u00ednica com \u00eanfase nos estudos de farmacocin\u00e9tica, farmacocin\u00e9tica-farmacodin\u00e2mica (PK\/PD) e farmacogen\u00e9tica.<\/span><\/p>\n<p><a href=\"http:\/\/lattes.cnpq.br\/7518437034907884\"><img loading=\"lazy\" decoding=\"async\" class=\"alignnone  wp-image-364\" src=\"https:\/\/sites.usp.br\/litoxic\/wp-content\/uploads\/sites\/1535\/2024\/12\/lattes.png\" alt=\"\" width=\"102\" height=\"54\" \/><\/a><\/p>\n","protected":false},"excerpt":{"rendered":"<p>Profa. Dra. Danielle Palma de Oliveira. Professora Associada do Departamento de An\u00e1lises Cl\u00ednicas, Toxicol\u00f3gicas e Bromatol\u00f3gicas da Faculdade de Ci\u00eancias Farmac\u00eauticas de Ribeir\u00e3o Preto (FCFRP\/USP). Foi presidente da Sociedade Brasileira de Toxicologia. Tem \u00eanfase na \u00e1rea de Toxicologia Ambiental, atuando principalmente nos seguintes temas: avalia\u00e7\u00e3o da atividade mutag\u00eanica de amostras ambientais, avalia\u00e7\u00e3o de corantes genot\u00f3xicos<a href=\"https:\/\/sites.usp.br\/litoxic\/professores-orientadores\/\">[&#8230;]<\/a><\/p>\n","protected":false},"author":22594,"featured_media":0,"parent":0,"menu_order":0,"comment_status":"closed","ping_status":"closed","template":"","meta":{"footnotes":"","_links_to":"","_links_to_target":""},"class_list":["post-357","page","type-page","status-publish","hentry"],"_links":{"self":[{"href":"https:\/\/sites.usp.br\/litoxic\/wp-json\/wp\/v2\/pages\/357","targetHints":{"allow":["GET"]}}],"collection":[{"href":"https:\/\/sites.usp.br\/litoxic\/wp-json\/wp\/v2\/pages"}],"about":[{"href":"https:\/\/sites.usp.br\/litoxic\/wp-json\/wp\/v2\/types\/page"}],"author":[{"embeddable":true,"href":"https:\/\/sites.usp.br\/litoxic\/wp-json\/wp\/v2\/users\/22594"}],"replies":[{"embeddable":true,"href":"https:\/\/sites.usp.br\/litoxic\/wp-json\/wp\/v2\/comments?post=357"}],"version-history":[{"count":2,"href":"https:\/\/sites.usp.br\/litoxic\/wp-json\/wp\/v2\/pages\/357\/revisions"}],"predecessor-version":[{"id":371,"href":"https:\/\/sites.usp.br\/litoxic\/wp-json\/wp\/v2\/pages\/357\/revisions\/371"}],"wp:attachment":[{"href":"https:\/\/sites.usp.br\/litoxic\/wp-json\/wp\/v2\/media?parent=357"}],"curies":[{"name":"wp","href":"https:\/\/api.w.org\/{rel}","templated":true}]}}