{"id":139,"date":"2020-06-24T12:20:44","date_gmt":"2020-06-24T14:20:44","guid":{"rendered":"https:\/\/sites.usp.br\/lms\/?page_id=139"},"modified":"2020-06-24T12:51:12","modified_gmt":"2020-06-24T14:51:12","slug":"corpo-discente","status":"publish","type":"page","link":"https:\/\/sites.usp.br\/lms\/equipe\/corpo-discente\/","title":{"rendered":"Corpo Discente"},"content":{"rendered":"<p>Adrian Torrico Siacara<br \/>\nAlex Nowak La Flor<br \/>\nAndr\u00e9 Esposito Querelli<br \/>\nAndrei Nardelli\tMestrado<br \/>\nCaique Roberto de Almeida<br \/>\nDaniel Rocha Lanzieri<br \/>\nEdy Lenin Tejeda Montalvan<br \/>\nDanielle Caroline Ferreira<br \/>\nGabriel Antonio Milar\u00e9 Andrade<br \/>\nGabriel Bellina Nunes<br \/>\nJo\u00e3o Paulo Monticeli<br \/>\nJuliana Keiko Tsugawa<br \/>\nKemmylle Sanny de Matos Ferreira<br \/>\nL\u00e1zaro Nardy de Magalh\u00e3es<br \/>\n Luana Lenzi Pecapedra<br \/>\n Mario Shojiro Honma<br \/>\nPedro Pazzoto Cacciari<br \/>\nS\u00e9rgio Augusto de Freitas Junior<br \/>\nTha\u00eds Lucouvicz Dada<br \/>\nVirg\u00ednia Lucchesi Maset<br \/>\nVirginia Magalh\u00e3es Dumont<br \/>\nVitor Oliveira Santos<br \/>\nYna\u00ea Almeida Ferreira\t<\/p>\n","protected":false},"excerpt":{"rendered":"<p>Adrian Torrico Siacara Alex Nowak La Flor Andr\u00e9 Esposito Querelli Andrei Nardelli Mestrado Caique Roberto de Almeida Daniel Rocha Lanzieri Edy Lenin Tejeda Montalvan Danielle Caroline Ferreira Gabriel Antonio Milar\u00e9 Andrade Gabriel Bellina Nunes Jo\u00e3o Paulo Monticeli Juliana Keiko Tsugawa Kemmylle Sanny de Matos Ferreira L\u00e1zaro Nardy de Magalh\u00e3es Luana Lenzi Pecapedra Mario Shojiro Honma [&hellip;]<\/p>\n","protected":false},"author":21925,"featured_media":0,"parent":64,"menu_order":0,"comment_status":"closed","ping_status":"closed","template":"","meta":{"footnotes":"","_links_to":"","_links_to_target":""},"class_list":["post-139","page","type-page","status-publish","hentry"],"_links":{"self":[{"href":"https:\/\/sites.usp.br\/lms\/wp-json\/wp\/v2\/pages\/139","targetHints":{"allow":["GET"]}}],"collection":[{"href":"https:\/\/sites.usp.br\/lms\/wp-json\/wp\/v2\/pages"}],"about":[{"href":"https:\/\/sites.usp.br\/lms\/wp-json\/wp\/v2\/types\/page"}],"author":[{"embeddable":true,"href":"https:\/\/sites.usp.br\/lms\/wp-json\/wp\/v2\/users\/21925"}],"replies":[{"embeddable":true,"href":"https:\/\/sites.usp.br\/lms\/wp-json\/wp\/v2\/comments?post=139"}],"version-history":[{"count":2,"href":"https:\/\/sites.usp.br\/lms\/wp-json\/wp\/v2\/pages\/139\/revisions"}],"predecessor-version":[{"id":179,"href":"https:\/\/sites.usp.br\/lms\/wp-json\/wp\/v2\/pages\/139\/revisions\/179"}],"up":[{"embeddable":true,"href":"https:\/\/sites.usp.br\/lms\/wp-json\/wp\/v2\/pages\/64"}],"wp:attachment":[{"href":"https:\/\/sites.usp.br\/lms\/wp-json\/wp\/v2\/media?parent=139"}],"curies":[{"name":"wp","href":"https:\/\/api.w.org\/{rel}","templated":true}]}}