{"id":735,"date":"2025-01-22T17:34:22","date_gmt":"2025-01-22T19:34:22","guid":{"rendered":"https:\/\/sites.usp.br\/lmscc\/?page_id=735"},"modified":"2025-02-07T15:12:46","modified_gmt":"2025-02-07T17:12:46","slug":"news","status":"publish","type":"page","link":"https:\/\/sites.usp.br\/lmscc\/en\/news\/","title":{"rendered":"News"},"content":{"rendered":"\t\t<div data-elementor-type=\"wp-page\" data-elementor-id=\"735\" class=\"elementor elementor-735\" data-elementor-post-type=\"page\">\n\t\t\t\t\t\t<section class=\"elementor-section elementor-top-section elementor-element elementor-element-b976996 elementor-section-boxed elementor-section-height-default elementor-section-height-default\" data-id=\"b976996\" data-element_type=\"section\" data-settings=\"{&quot;background_background&quot;:&quot;classic&quot;}\">\n\t\t\t\t\t\t\t<div class=\"elementor-background-overlay\"><\/div>\n\t\t\t\t\t\t\t<div class=\"elementor-container elementor-column-gap-default\">\n\t\t\t\t\t<div class=\"elementor-column elementor-col-100 elementor-top-column elementor-element elementor-element-4a019e9\" data-id=\"4a019e9\" data-element_type=\"column\">\n\t\t\t<div class=\"elementor-widget-wrap elementor-element-populated\">\n\t\t\t\t\t\t<div class=\"elementor-element elementor-element-f7cadd7 elementor-widget elementor-widget-text-editor\" data-id=\"f7cadd7\" data-element_type=\"widget\" data-widget_type=\"text-editor.default\">\n\t\t\t\t<div class=\"elementor-widget-container\">\n\t\t\t\t\t\t\t<p style=\"text-align: center;\">Not\u00edcias do laborat\u00f3rio&nbsp;<\/p>\t\t\t\t\t\t<\/div>\n\t\t\t\t<\/div>\n\t\t\t\t\t<\/div>\n\t\t<\/div>\n\t\t\t\t\t<\/div>\n\t\t<\/section>\n\t\t\t\t<section class=\"elementor-section elementor-top-section elementor-element elementor-element-3a8d4623 elementor-section-content-middle elementor-reverse-mobile elementor-section-boxed elementor-section-height-default elementor-section-height-default\" data-id=\"3a8d4623\" data-element_type=\"section\">\n\t\t\t\t\t\t<div class=\"elementor-container elementor-column-gap-no\">\n\t\t\t\t\t<div class=\"elementor-column elementor-col-50 elementor-top-column elementor-element elementor-element-72f67d48\" data-id=\"72f67d48\" data-element_type=\"column\">\n\t\t\t<div class=\"elementor-widget-wrap elementor-element-populated\">\n\t\t\t\t\t\t<div class=\"elementor-element elementor-element-613b41b7 elementor-widget elementor-widget-heading\" data-id=\"613b41b7\" data-element_type=\"widget\" data-widget_type=\"heading.default\">\n\t\t\t\t<div class=\"elementor-widget-container\">\n\t\t\t<h4 class=\"elementor-heading-title elementor-size-default\">C\u00e2ncer de boca: ac\u00famulo de prote\u00edna induz transforma\u00e7\u00e3o maligna em c\u00e9lulas<\/h4>\t\t<\/div>\n\t\t\t\t<\/div>\n\t\t\t\t<div class=\"elementor-element elementor-element-4a56c8cf elementor-widget elementor-widget-text-editor\" data-id=\"4a56c8cf\" data-element_type=\"widget\" data-widget_type=\"text-editor.default\">\n\t\t\t\t<div class=\"elementor-widget-container\">\n\t\t\t\t\t\t\t<p>Pesquisadores do Laborat\u00f3rio de Marcadores e Sinaliza\u00e7\u00e3o Celular no C\u00e2ncer (LMSCC) da USP em Ribeir\u00e3o Preto identificaram que o ac\u00famulo da prote\u00edna S100A4 est\u00e1 associado \u00e0 transforma\u00e7\u00e3o maligna de c\u00e9lulas epiteliais da boca, contribuindo para o desenvolvimento do c\u00e2ncer oral. O estudo, realizado com modelos celulares, destaca o papel dessa prote\u00edna na ativa\u00e7\u00e3o de genes ligados \u00e0 progress\u00e3o tumoral, abrindo novas possibilidades para diagn\u00f3stico e tratamento.<\/p>\t\t\t\t\t\t<\/div>\n\t\t\t\t<\/div>\n\t\t\t\t<div class=\"elementor-element elementor-element-4a165bdc elementor-align-left elementor-widget elementor-widget-button\" data-id=\"4a165bdc\" data-element_type=\"widget\" data-widget_type=\"button.default\">\n\t\t\t\t<div class=\"elementor-widget-container\">\n\t\t\t\t\t\t\t\t<a class=\"elementor-button elementor-button-link elementor-size-sm elementor-animation-grow\" href=\"https:\/\/jornal.usp.br\/campus-ribeirao-preto\/cancer-de-boca-acumulo-de-proteina-induz-transformacao-maligna-em-celulas\/\">\n\t\t\t\t\t\t<span class=\"elementor-button-content-wrapper\">\n\t\t\t\t\t\t\t\t\t<span class=\"elementor-button-text\">Leia mais<\/span>\n\t\t\t\t\t<\/span>\n\t\t\t\t\t<\/a>\n\t\t\t\t\t\t<\/div>\n\t\t\t\t<\/div>\n\t\t\t\t\t<\/div>\n\t\t<\/div>\n\t\t\t\t<div class=\"elementor-column elementor-col-50 elementor-top-column elementor-element elementor-element-3ce7993a\" data-id=\"3ce7993a\" data-element_type=\"column\">\n\t\t\t<div class=\"elementor-widget-wrap elementor-element-populated\">\n\t\t\t\t\t\t<div class=\"elementor-element elementor-element-35f3b801 elementor-widget-tablet_extra__width-initial elementor-widget elementor-widget-image\" data-id=\"35f3b801\" data-element_type=\"widget\" data-widget_type=\"image.default\">\n\t\t\t\t<div class=\"elementor-widget-container\">\n\t\t\t\t\t\t\t\t\t\t\t\t\t\t<a href=\"https:\/\/www.sciencedirect.com\/science\/article\/pii\/S0167488923001891?via%3Dihub\">\n\t\t\t\t\t\t\t<img fetchpriority=\"high\" decoding=\"async\" width=\"1080\" height=\"1080\" src=\"https:\/\/sites.usp.br\/lmscc\/wp-content\/uploads\/sites\/576\/2025\/01\/Design-sem-nome.png\" class=\"attachment-2048x2048 size-2048x2048 wp-image-742\" alt=\"\" srcset=\"https:\/\/sites.usp.br\/lmscc\/wp-content\/uploads\/sites\/576\/2025\/01\/Design-sem-nome.png 1080w, https:\/\/sites.usp.br\/lmscc\/wp-content\/uploads\/sites\/576\/2025\/01\/Design-sem-nome-300x300.png 300w, https:\/\/sites.usp.br\/lmscc\/wp-content\/uploads\/sites\/576\/2025\/01\/Design-sem-nome-1024x1024.png 1024w, https:\/\/sites.usp.br\/lmscc\/wp-content\/uploads\/sites\/576\/2025\/01\/Design-sem-nome-150x150.png 150w, https:\/\/sites.usp.br\/lmscc\/wp-content\/uploads\/sites\/576\/2025\/01\/Design-sem-nome-768x768.png 768w, https:\/\/sites.usp.br\/lmscc\/wp-content\/uploads\/sites\/576\/2025\/01\/Design-sem-nome-45x45.png 45w, https:\/\/sites.usp.br\/lmscc\/wp-content\/uploads\/sites\/576\/2025\/01\/Design-sem-nome-200x200.png 200w, https:\/\/sites.usp.br\/lmscc\/wp-content\/uploads\/sites\/576\/2025\/01\/Design-sem-nome-400x400.png 400w\" sizes=\"(max-width: 1080px) 100vw, 1080px\" \/>\t\t\t\t\t\t\t\t<\/a>\n\t\t\t\t\t\t\t\t\t\t\t\t\t<\/div>\n\t\t\t\t<\/div>\n\t\t\t\t\t<\/div>\n\t\t<\/div>\n\t\t\t\t\t<\/div>\n\t\t<\/section>\n\t\t\t\t<section class=\"elementor-section elementor-top-section elementor-element elementor-element-7f72494 elementor-section-content-middle elementor-reverse-mobile elementor-section-boxed elementor-section-height-default elementor-section-height-default\" data-id=\"7f72494\" data-element_type=\"section\">\n\t\t\t\t\t\t<div class=\"elementor-container elementor-column-gap-no\">\n\t\t\t\t\t<div class=\"elementor-column elementor-col-50 elementor-top-column elementor-element elementor-element-ed1c8eb\" data-id=\"ed1c8eb\" data-element_type=\"column\">\n\t\t\t<div class=\"elementor-widget-wrap elementor-element-populated\">\n\t\t\t\t\t\t<div class=\"elementor-element elementor-element-d3ed488 elementor-widget elementor-widget-heading\" data-id=\"d3ed488\" data-element_type=\"widget\" data-widget_type=\"heading.default\">\n\t\t\t\t<div class=\"elementor-widget-container\">\n\t\t\t<h4 class=\"elementor-heading-title elementor-size-default\">Oportunidade de projeto em Inicia\u00e7\u00e3o Cient\u00edfica (IC)<\/h4>\t\t<\/div>\n\t\t\t\t<\/div>\n\t\t\t\t<div class=\"elementor-element elementor-element-38ba1a0 elementor-widget elementor-widget-text-editor\" data-id=\"38ba1a0\" data-element_type=\"widget\" data-widget_type=\"text-editor.default\">\n\t\t\t\t<div class=\"elementor-widget-container\">\n\t\t\t\t\t\t\t<p>O laborat\u00f3rio est\u00e1 selecionando um(a) estudante de gradua\u00e7\u00e3o para o projeto &#8220;Impacto do SIGMAR1 na imunomodula\u00e7\u00e3o do c\u00e2ncer oral: um estudo translacional multimodelo&#8221;. Sob supervis\u00e3o do P\u00f3s-doutorando Pablo Shimaoka Chagas, o estudo investiga o papel do receptor SIGMAR1 na resposta imunol\u00f3gica e quimioresist\u00eancia no c\u00e2ncer oral, utilizando modelos in vitro e in vivo com Zebrafish. Inscri\u00e7\u00f5es at\u00e9 20 de fevereiro de 2025.&nbsp;<\/p>\n<p>Para mais informa\u00e7\u00f5es, acesse a aba <strong><a href=\"https:\/\/sites.usp.br\/lmscc\/contato\/\">Contato<\/a><\/strong> do site e envie suas d\u00favidas.<\/p>\t\t\t\t\t\t<\/div>\n\t\t\t\t<\/div>\n\t\t\t\t<div class=\"elementor-element elementor-element-1d09abe elementor-align-left elementor-widget elementor-widget-button\" data-id=\"1d09abe\" data-element_type=\"widget\" data-widget_type=\"button.default\">\n\t\t\t\t<div class=\"elementor-widget-container\">\n\t\t\t\t\t\t\t\t<a class=\"elementor-button elementor-button-link elementor-size-sm elementor-animation-grow\" href=\"https:\/\/www.instagram.com\/lmscc.usp?igsh=MWQ1dXBxeXptejRzaA==\">\n\t\t\t\t\t\t<span class=\"elementor-button-content-wrapper\">\n\t\t\t\t\t\t\t\t\t<span class=\"elementor-button-text\">Leia mais<\/span>\n\t\t\t\t\t<\/span>\n\t\t\t\t\t<\/a>\n\t\t\t\t\t\t<\/div>\n\t\t\t\t<\/div>\n\t\t\t\t\t<\/div>\n\t\t<\/div>\n\t\t\t\t<div class=\"elementor-column elementor-col-50 elementor-top-column elementor-element elementor-element-0980565\" data-id=\"0980565\" data-element_type=\"column\">\n\t\t\t<div class=\"elementor-widget-wrap elementor-element-populated\">\n\t\t\t\t\t\t<div class=\"elementor-element elementor-element-102bb80 elementor-widget elementor-widget-image\" data-id=\"102bb80\" data-element_type=\"widget\" data-widget_type=\"image.default\">\n\t\t\t\t<div class=\"elementor-widget-container\">\n\t\t\t\t\t\t\t\t\t\t\t\t\t<img decoding=\"async\" width=\"1170\" height=\"1047\" src=\"https:\/\/sites.usp.br\/lmscc\/wp-content\/uploads\/sites\/576\/2025\/01\/IMG_2191.jpeg\" class=\"attachment-2048x2048 size-2048x2048 wp-image-743\" alt=\"\" srcset=\"https:\/\/sites.usp.br\/lmscc\/wp-content\/uploads\/sites\/576\/2025\/01\/IMG_2191.jpeg 1170w, https:\/\/sites.usp.br\/lmscc\/wp-content\/uploads\/sites\/576\/2025\/01\/IMG_2191-300x268.jpeg 300w, https:\/\/sites.usp.br\/lmscc\/wp-content\/uploads\/sites\/576\/2025\/01\/IMG_2191-1024x916.jpeg 1024w, https:\/\/sites.usp.br\/lmscc\/wp-content\/uploads\/sites\/576\/2025\/01\/IMG_2191-768x687.jpeg 768w, https:\/\/sites.usp.br\/lmscc\/wp-content\/uploads\/sites\/576\/2025\/01\/IMG_2191-400x358.jpeg 400w\" sizes=\"(max-width: 1170px) 100vw, 1170px\" \/>\t\t\t\t\t\t\t\t\t\t\t\t\t<\/div>\n\t\t\t\t<\/div>\n\t\t\t\t\t<\/div>\n\t\t<\/div>\n\t\t\t\t\t<\/div>\n\t\t<\/section>\n\t\t\t\t<section class=\"elementor-section elementor-top-section elementor-element elementor-element-f017121 elementor-section-content-middle elementor-reverse-mobile elementor-section-boxed elementor-section-height-default elementor-section-height-default\" data-id=\"f017121\" data-element_type=\"section\">\n\t\t\t\t\t\t<div class=\"elementor-container elementor-column-gap-no\">\n\t\t\t\t\t<div class=\"elementor-column elementor-col-50 elementor-top-column elementor-element elementor-element-7c4517c\" data-id=\"7c4517c\" data-element_type=\"column\">\n\t\t\t<div class=\"elementor-widget-wrap elementor-element-populated\">\n\t\t\t\t\t\t<div class=\"elementor-element elementor-element-284c3b4 elementor-widget elementor-widget-heading\" data-id=\"284c3b4\" data-element_type=\"widget\" data-widget_type=\"heading.default\">\n\t\t\t\t<div class=\"elementor-widget-container\">\n\t\t\t<h4 class=\"elementor-heading-title elementor-size-default\">Achados a partir de lip\u00eddios podem mudar os rumos do progn\u00f3stico e tratamento de c\u00e2ncer de boca<\/h4>\t\t<\/div>\n\t\t\t\t<\/div>\n\t\t\t\t<div class=\"elementor-element elementor-element-bdbb7dd elementor-widget elementor-widget-text-editor\" data-id=\"bdbb7dd\" data-element_type=\"widget\" data-widget_type=\"text-editor.default\">\n\t\t\t\t<div class=\"elementor-widget-container\">\n\t\t\t\t\t\t\t<p>Pesquisadores da Faculdade de Ci\u00eancias Farmac\u00eauticas de Ribeir\u00e3o Preto, da Universidade de S\u00e3o Paulo, est\u00e3o investigando o papel dos esfingolip\u00eddios no c\u00e2ncer de boca. Utilizando espectrometria de massas, eles identificaram biomarcadores que podem auxiliar no progn\u00f3stico e direcionar tratamentos mais eficazes para a doen\u00e7a. O estudo tamb\u00e9m explora alternativas terap\u00eauticas al\u00e9m dos m\u00e9todos convencionais, visando melhorar as respostas dos pacientes.<\/p><p>\u00a0<\/p>\t\t\t\t\t\t<\/div>\n\t\t\t\t<\/div>\n\t\t\t\t<div class=\"elementor-element elementor-element-67e1f3e elementor-align-left elementor-widget elementor-widget-button\" data-id=\"67e1f3e\" data-element_type=\"widget\" data-widget_type=\"button.default\">\n\t\t\t\t<div class=\"elementor-widget-container\">\n\t\t\t\t\t\t\t\t<a class=\"elementor-button elementor-button-link elementor-size-sm elementor-animation-grow\" href=\"https:\/\/www.labnetwork.com.br\/especiais\/achados-a-partir-de-lipidios-podem-mudar-os-rumos-do-prognostico-e-tratamento-de-cancer-de-boca\/\">\n\t\t\t\t\t\t<span class=\"elementor-button-content-wrapper\">\n\t\t\t\t\t\t\t\t\t<span class=\"elementor-button-text\">Leia mais<\/span>\n\t\t\t\t\t<\/span>\n\t\t\t\t\t<\/a>\n\t\t\t\t\t\t<\/div>\n\t\t\t\t<\/div>\n\t\t\t\t\t<\/div>\n\t\t<\/div>\n\t\t\t\t<div class=\"elementor-column elementor-col-50 elementor-top-column elementor-element elementor-element-63a7997\" data-id=\"63a7997\" data-element_type=\"column\">\n\t\t\t<div class=\"elementor-widget-wrap elementor-element-populated\">\n\t\t\t\t\t\t<div class=\"elementor-element elementor-element-a9f8755 elementor-widget elementor-widget-image\" data-id=\"a9f8755\" data-element_type=\"widget\" data-widget_type=\"image.default\">\n\t\t\t\t<div class=\"elementor-widget-container\">\n\t\t\t\t\t\t\t\t\t\t\t\t\t\t<a href=\"https:\/\/www.labnetwork.com.br\/especiais\/achados-a-partir-de-lipidios-podem-mudar-os-rumos-do-prognostico-e-tratamento-de-cancer-de-boca\/\">\n\t\t\t\t\t\t\t<img decoding=\"async\" width=\"750\" height=\"450\" src=\"https:\/\/sites.usp.br\/lmscc\/wp-content\/uploads\/sites\/576\/2025\/02\/boca_freepik.jpg\" class=\"attachment-2048x2048 size-2048x2048 wp-image-851\" alt=\"\" srcset=\"https:\/\/sites.usp.br\/lmscc\/wp-content\/uploads\/sites\/576\/2025\/02\/boca_freepik.jpg 750w, https:\/\/sites.usp.br\/lmscc\/wp-content\/uploads\/sites\/576\/2025\/02\/boca_freepik-300x180.jpg 300w, https:\/\/sites.usp.br\/lmscc\/wp-content\/uploads\/sites\/576\/2025\/02\/boca_freepik-400x240.jpg 400w\" sizes=\"(max-width: 750px) 100vw, 750px\" \/>\t\t\t\t\t\t\t\t<\/a>\n\t\t\t\t\t\t\t\t\t\t\t\t\t<\/div>\n\t\t\t\t<\/div>\n\t\t\t\t\t<\/div>\n\t\t<\/div>\n\t\t\t\t\t<\/div>\n\t\t<\/section>\n\t\t\t\t<\/div>\n\t\t","protected":false},"excerpt":{"rendered":"<p>Not\u00edcias do laborat\u00f3rio&nbsp; C\u00e2ncer de boca: ac\u00famulo de prote\u00edna induz transforma\u00e7\u00e3o maligna em c\u00e9lulas Pesquisadores do Laborat\u00f3rio de Marcadores e Sinaliza\u00e7\u00e3o Celular no C\u00e2ncer (LMSCC) da USP em Ribeir\u00e3o Preto identificaram que o ac\u00famulo da prote\u00edna S100A4 est\u00e1 associado \u00e0 transforma\u00e7\u00e3o maligna de c\u00e9lulas epiteliais da boca, contribuindo para o desenvolvimento do c\u00e2ncer oral. O [&hellip;]<\/p>\n","protected":false},"author":24318,"featured_media":0,"parent":0,"menu_order":0,"comment_status":"closed","ping_status":"closed","template":"","meta":{"footnotes":"","_links_to":"","_links_to_target":""},"class_list":["post-735","page","type-page","status-publish","hentry"],"_links":{"self":[{"href":"https:\/\/sites.usp.br\/lmscc\/en\/wp-json\/wp\/v2\/pages\/735","targetHints":{"allow":["GET"]}}],"collection":[{"href":"https:\/\/sites.usp.br\/lmscc\/en\/wp-json\/wp\/v2\/pages"}],"about":[{"href":"https:\/\/sites.usp.br\/lmscc\/en\/wp-json\/wp\/v2\/types\/page"}],"author":[{"embeddable":true,"href":"https:\/\/sites.usp.br\/lmscc\/en\/wp-json\/wp\/v2\/users\/24318"}],"replies":[{"embeddable":true,"href":"https:\/\/sites.usp.br\/lmscc\/en\/wp-json\/wp\/v2\/comments?post=735"}],"version-history":[{"count":4,"href":"https:\/\/sites.usp.br\/lmscc\/en\/wp-json\/wp\/v2\/pages\/735\/revisions"}],"predecessor-version":[{"id":857,"href":"https:\/\/sites.usp.br\/lmscc\/en\/wp-json\/wp\/v2\/pages\/735\/revisions\/857"}],"wp:attachment":[{"href":"https:\/\/sites.usp.br\/lmscc\/en\/wp-json\/wp\/v2\/media?parent=735"}],"curies":[{"name":"wp","href":"https:\/\/api.w.org\/{rel}","templated":true}]}}