{"id":913,"date":"2025-03-29T16:11:22","date_gmt":"2025-03-29T18:11:22","guid":{"rendered":"https:\/\/sites.usp.br\/lmscc\/?page_id=913"},"modified":"2025-03-29T16:30:29","modified_gmt":"2025-03-29T18:30:29","slug":"cientifico","status":"publish","type":"page","link":"https:\/\/sites.usp.br\/lmscc\/en\/cientifico\/","title":{"rendered":"Cientifico"},"content":{"rendered":"\t\t<div data-elementor-type=\"wp-page\" data-elementor-id=\"913\" class=\"elementor elementor-913\" data-elementor-post-type=\"page\">\n\t\t\t\t\t\t<section class=\"elementor-section elementor-top-section elementor-element elementor-element-6d93ce4 elementor-section-height-min-height elementor-section-boxed elementor-section-height-default elementor-section-items-middle\" data-id=\"6d93ce4\" data-element_type=\"section\" data-settings=\"{&quot;background_background&quot;:&quot;classic&quot;}\">\n\t\t\t\t\t\t<div class=\"elementor-container elementor-column-gap-default\">\n\t\t\t\t\t<div class=\"elementor-column elementor-col-100 elementor-top-column elementor-element elementor-element-1dfdf08\" data-id=\"1dfdf08\" data-element_type=\"column\">\n\t\t\t<div class=\"elementor-widget-wrap elementor-element-populated\">\n\t\t\t\t\t\t<div class=\"elementor-element elementor-element-e8bc066 elementor-widget elementor-widget-heading\" data-id=\"e8bc066\" data-element_type=\"widget\" data-widget_type=\"heading.default\">\n\t\t\t\t<div class=\"elementor-widget-container\">\n\t\t\t<h2 class=\"elementor-heading-title elementor-size-default\">Eventos cientif\u00edcos<\/h2>\t\t<\/div>\n\t\t\t\t<\/div>\n\t\t\t\t\t<\/div>\n\t\t<\/div>\n\t\t\t\t\t<\/div>\n\t\t<\/section>\n\t\t\t\t<section class=\"elementor-section elementor-top-section elementor-element elementor-element-53cc746 elementor-section-content-top elementor-section-height-min-height elementor-section-items-top elementor-section-boxed elementor-section-height-default\" data-id=\"53cc746\" data-element_type=\"section\" data-settings=\"{&quot;background_background&quot;:&quot;classic&quot;}\">\n\t\t\t\t\t\t<div class=\"elementor-container elementor-column-gap-narrow\">\n\t\t\t\t\t<div class=\"elementor-column elementor-col-50 elementor-top-column elementor-element elementor-element-3df2879\" data-id=\"3df2879\" data-element_type=\"column\">\n\t\t\t<div class=\"elementor-widget-wrap elementor-element-populated\">\n\t\t\t\t\t\t<div class=\"elementor-element elementor-element-5aa0ecd elementor-widget elementor-widget-heading\" data-id=\"5aa0ecd\" data-element_type=\"widget\" data-widget_type=\"heading.default\">\n\t\t\t\t<div class=\"elementor-widget-container\">\n\t\t\t<h3 class=\"elementor-heading-title elementor-size-default\">ENFARP\n2024<\/h3>\t\t<\/div>\n\t\t\t\t<\/div>\n\t\t\t\t<div class=\"elementor-element elementor-element-6d2f321 elementor-widget elementor-widget-text-editor\" data-id=\"6d2f321\" data-element_type=\"widget\" data-widget_type=\"text-editor.default\">\n\t\t\t\t<div class=\"elementor-widget-container\">\n\t\t\t\t\t\t\t<p><span class=\"OYPEnA font-feature-liga-off font-feature-clig-off font-feature-calt-off text-decoration-none text-strikethrough-none\">O Encontro Farmac\u00eautico de Ribeir\u00e3o Preto (ENFARP) \u00e9 um evento cient\u00edfico nacional, realizado bienalmente desde 1998, que aborda temas atuais relacionados aos principais campos de atua\u00e7\u00e3o do profissional farmac\u00eautico.<\/span><\/p>\t\t\t\t\t\t<\/div>\n\t\t\t\t<\/div>\n\t\t\t\t<div class=\"elementor-element elementor-element-5878a6d elementor-widget-tablet_extra__width-initial elementor-widget elementor-widget-image\" data-id=\"5878a6d\" data-element_type=\"widget\" data-widget_type=\"image.default\">\n\t\t\t\t<div class=\"elementor-widget-container\">\n\t\t\t\t\t\t\t\t\t\t\t\t\t<img fetchpriority=\"high\" decoding=\"async\" width=\"600\" height=\"550\" src=\"https:\/\/sites.usp.br\/lmscc\/wp-content\/uploads\/sites\/576\/2025\/02\/admin-ajax-2.jpg\" class=\"elementor-animation-grow attachment-2048x2048 size-2048x2048 wp-image-875\" alt=\"\" srcset=\"https:\/\/sites.usp.br\/lmscc\/wp-content\/uploads\/sites\/576\/2025\/02\/admin-ajax-2.jpg 600w, https:\/\/sites.usp.br\/lmscc\/wp-content\/uploads\/sites\/576\/2025\/02\/admin-ajax-2-300x275.jpg 300w, https:\/\/sites.usp.br\/lmscc\/wp-content\/uploads\/sites\/576\/2025\/02\/admin-ajax-2-400x367.jpg 400w\" sizes=\"(max-width: 600px) 100vw, 600px\" \/>\t\t\t\t\t\t\t\t\t\t\t\t\t<\/div>\n\t\t\t\t<\/div>\n\t\t\t\t<div class=\"elementor-element elementor-element-299dce3 elementor-widget elementor-widget-text-editor\" data-id=\"299dce3\" data-element_type=\"widget\" data-widget_type=\"text-editor.default\">\n\t\t\t\t<div class=\"elementor-widget-container\">\n\t\t\t\t\t\t\t<p>A 14\u00aa edi\u00e7\u00e3o ocorreu de 8 a 10 de novembro de 2024, na Faculdade de Ci\u00eancias Farmac\u00eauticas de Ribeir\u00e3o Preto da USP, com o tema central &#8220;Impacto das novas tecnologias no mercado farmac\u00eautico&#8221; e teve a participa\u00e7\u00e3o da aluna de inicia\u00e7\u00e3o cient\u00edfica, Maria Clara Rezende, que apresentou sua pesquisa e representou o LMSCC no evento.<\/p>\t\t\t\t\t\t<\/div>\n\t\t\t\t<\/div>\n\t\t\t\t\t<\/div>\n\t\t<\/div>\n\t\t\t\t<div class=\"elementor-column elementor-col-50 elementor-top-column elementor-element elementor-element-8d6b8df\" data-id=\"8d6b8df\" data-element_type=\"column\">\n\t\t\t<div class=\"elementor-widget-wrap elementor-element-populated\">\n\t\t\t\t\t\t<div class=\"elementor-element elementor-element-78105bb elementor-widget elementor-widget-heading\" data-id=\"78105bb\" data-element_type=\"widget\" data-widget_type=\"heading.default\">\n\t\t\t\t<div class=\"elementor-widget-container\">\n\t\t\t<h3 class=\"elementor-heading-title elementor-size-default\">SIICUSP <br>2024<\/h3>\t\t<\/div>\n\t\t\t\t<\/div>\n\t\t\t\t<div class=\"elementor-element elementor-element-bc50489 elementor-widget elementor-widget-text-editor\" data-id=\"bc50489\" data-element_type=\"widget\" data-widget_type=\"text-editor.default\">\n\t\t\t\t<div class=\"elementor-widget-container\">\n\t\t\t\t\t\t\t<p><span class=\"OYPEnA font-feature-liga-off font-feature-clig-off font-feature-calt-off text-decoration-none text-strikethrough-none\">O SIICUSP (Simp\u00f3sio Internacional de Inicia\u00e7\u00e3o Cient\u00edfica da USP) \u00e9 um evento anual que promove a divulga\u00e7\u00e3o de pesquisas desenvolvidas por alunos de Inicia\u00e7\u00e3o Cient\u00edfica, incentivando a troca de conhecimento e a forma\u00e7\u00e3o de novos cientistas.<\/span><\/p>\t\t\t\t\t\t<\/div>\n\t\t\t\t<\/div>\n\t\t\t\t<div class=\"elementor-element elementor-element-61e4df4 elementor-widget-tablet_extra__width-initial elementor-widget elementor-widget-image\" data-id=\"61e4df4\" data-element_type=\"widget\" data-widget_type=\"image.default\">\n\t\t\t\t<div class=\"elementor-widget-container\">\n\t\t\t\t\t\t\t\t\t\t\t\t\t<img decoding=\"async\" width=\"445\" height=\"600\" src=\"https:\/\/sites.usp.br\/lmscc\/wp-content\/uploads\/sites\/576\/2025\/02\/admin-ajax-3.jpg\" class=\"elementor-animation-grow attachment-2048x2048 size-2048x2048 wp-image-877\" alt=\"\" srcset=\"https:\/\/sites.usp.br\/lmscc\/wp-content\/uploads\/sites\/576\/2025\/02\/admin-ajax-3.jpg 445w, https:\/\/sites.usp.br\/lmscc\/wp-content\/uploads\/sites\/576\/2025\/02\/admin-ajax-3-223x300.jpg 223w, https:\/\/sites.usp.br\/lmscc\/wp-content\/uploads\/sites\/576\/2025\/02\/admin-ajax-3-400x539.jpg 400w\" sizes=\"(max-width: 445px) 100vw, 445px\" \/>\t\t\t\t\t\t\t\t\t\t\t\t\t<\/div>\n\t\t\t\t<\/div>\n\t\t\t\t<div class=\"elementor-element elementor-element-c8bd2e2 elementor-widget elementor-widget-text-editor\" data-id=\"c8bd2e2\" data-element_type=\"widget\" data-widget_type=\"text-editor.default\">\n\t\t\t\t<div class=\"elementor-widget-container\">\n\t\t\t\t\t\t\t<p data-pm-slice=\"1 1 []\">Nesta edi\u00e7\u00e3o, contou com a participa\u00e7\u00e3o da aluna de inicia\u00e7\u00e3o cient\u00edfica Camila Namie, representando o LMSCC e apresentando seu trabalho.\u00a0<\/p>\t\t\t\t\t\t<\/div>\n\t\t\t\t<\/div>\n\t\t\t\t\t<\/div>\n\t\t<\/div>\n\t\t\t\t\t<\/div>\n\t\t<\/section>\n\t\t\t\t<\/div>\n\t\t","protected":false},"excerpt":{"rendered":"<p>Eventos cientif\u00edcos ENFARP 2024 O Encontro Farmac\u00eautico de Ribeir\u00e3o Preto (ENFARP) \u00e9 um evento cient\u00edfico nacional, realizado bienalmente desde 1998, que aborda temas atuais relacionados aos principais campos de atua\u00e7\u00e3o do profissional farmac\u00eautico. A 14\u00aa edi\u00e7\u00e3o ocorreu de 8 a 10 de novembro de 2024, na Faculdade de Ci\u00eancias Farmac\u00eauticas de Ribeir\u00e3o Preto da USP, [&hellip;]<\/p>\n","protected":false},"author":24318,"featured_media":0,"parent":0,"menu_order":0,"comment_status":"closed","ping_status":"closed","template":"","meta":{"footnotes":"","_links_to":"","_links_to_target":""},"class_list":["post-913","page","type-page","status-publish","hentry"],"_links":{"self":[{"href":"https:\/\/sites.usp.br\/lmscc\/en\/wp-json\/wp\/v2\/pages\/913","targetHints":{"allow":["GET"]}}],"collection":[{"href":"https:\/\/sites.usp.br\/lmscc\/en\/wp-json\/wp\/v2\/pages"}],"about":[{"href":"https:\/\/sites.usp.br\/lmscc\/en\/wp-json\/wp\/v2\/types\/page"}],"author":[{"embeddable":true,"href":"https:\/\/sites.usp.br\/lmscc\/en\/wp-json\/wp\/v2\/users\/24318"}],"replies":[{"embeddable":true,"href":"https:\/\/sites.usp.br\/lmscc\/en\/wp-json\/wp\/v2\/comments?post=913"}],"version-history":[{"count":4,"href":"https:\/\/sites.usp.br\/lmscc\/en\/wp-json\/wp\/v2\/pages\/913\/revisions"}],"predecessor-version":[{"id":923,"href":"https:\/\/sites.usp.br\/lmscc\/en\/wp-json\/wp\/v2\/pages\/913\/revisions\/923"}],"wp:attachment":[{"href":"https:\/\/sites.usp.br\/lmscc\/en\/wp-json\/wp\/v2\/media?parent=913"}],"curies":[{"name":"wp","href":"https:\/\/api.w.org\/{rel}","templated":true}]}}