{"id":1112,"date":"2025-03-23T02:31:07","date_gmt":"2025-03-23T05:31:07","guid":{"rendered":"https:\/\/sites.usp.br\/lmscp\/?page_id=1112"},"modified":"2025-03-24T00:29:27","modified_gmt":"2025-03-24T03:29:27","slug":"eventos","status":"publish","type":"page","link":"https:\/\/sites.usp.br\/lmscp\/eventos\/","title":{"rendered":"EVENTOS"},"content":{"rendered":"<p><a href=\"https:\/\/sites.usp.br\/lmscp\/wac\/\">Workshop de Adsor\u00e7\u00e3o e Cat\u00e1lise<\/a><\/p>\n","protected":false},"excerpt":{"rendered":"<p>Workshop de Adsor\u00e7\u00e3o e Cat\u00e1lise<\/p>\n","protected":false},"author":23743,"featured_media":0,"parent":0,"menu_order":0,"comment_status":"closed","ping_status":"closed","template":"","meta":{"footnotes":"","_links_to":"","_links_to_target":""},"class_list":["post-1112","page","type-page","status-publish","hentry"],"_links":{"self":[{"href":"https:\/\/sites.usp.br\/lmscp\/wp-json\/wp\/v2\/pages\/1112","targetHints":{"allow":["GET"]}}],"collection":[{"href":"https:\/\/sites.usp.br\/lmscp\/wp-json\/wp\/v2\/pages"}],"about":[{"href":"https:\/\/sites.usp.br\/lmscp\/wp-json\/wp\/v2\/types\/page"}],"author":[{"embeddable":true,"href":"https:\/\/sites.usp.br\/lmscp\/wp-json\/wp\/v2\/users\/23743"}],"replies":[{"embeddable":true,"href":"https:\/\/sites.usp.br\/lmscp\/wp-json\/wp\/v2\/comments?post=1112"}],"version-history":[{"count":2,"href":"https:\/\/sites.usp.br\/lmscp\/wp-json\/wp\/v2\/pages\/1112\/revisions"}],"predecessor-version":[{"id":1145,"href":"https:\/\/sites.usp.br\/lmscp\/wp-json\/wp\/v2\/pages\/1112\/revisions\/1145"}],"wp:attachment":[{"href":"https:\/\/sites.usp.br\/lmscp\/wp-json\/wp\/v2\/media?parent=1112"}],"curies":[{"name":"wp","href":"https:\/\/api.w.org\/{rel}","templated":true}]}}