{"id":804,"date":"2024-04-04T10:07:53","date_gmt":"2024-04-04T13:07:53","guid":{"rendered":"https:\/\/sites.usp.br\/lmscp\/?page_id=804"},"modified":"2024-04-04T10:23:38","modified_gmt":"2024-04-04T13:23:38","slug":"o-laboratorio","status":"publish","type":"page","link":"https:\/\/sites.usp.br\/lmscp\/o-laboratorio\/","title":{"rendered":"O Laborat\u00f3rio"},"content":{"rendered":"<p><strong>Laborat\u00f3rio de Modelagem e S\u00edntese de Catalisadores Polim\u00e9ricos (LMSCP)<\/strong><br \/>\n<div style=\"width: 368px;\" class=\"wp-video\"><video class=\"wp-video-shortcode\" id=\"video-804-1\" width=\"368\" height=\"672\" autoplay preload=\"metadata\" controls=\"controls\"><source type=\"video\/mp4\" src=\"https:\/\/sites.usp.br\/lmscp\/wp-content\/uploads\/sites\/1446\/2024\/04\/Video-LMSCP-1.mp4?_=1\" \/><a href=\"https:\/\/sites.usp.br\/lmscp\/wp-content\/uploads\/sites\/1446\/2024\/04\/Video-LMSCP-1.mp4\">https:\/\/sites.usp.br\/lmscp\/wp-content\/uploads\/sites\/1446\/2024\/04\/Video-LMSCP-1.mp4<\/a><\/video><\/div><\/p>\n","protected":false},"excerpt":{"rendered":"<p>Laborat\u00f3rio de Modelagem e S\u00edntese de Catalisadores Polim\u00e9ricos (LMSCP) https:\/\/sites.usp.br\/lmscp\/wp-content\/uploads\/sites\/1446\/2024\/04\/Video-LMSCP-1.mp4<\/p>\n","protected":false},"author":23743,"featured_media":0,"parent":0,"menu_order":0,"comment_status":"closed","ping_status":"closed","template":"","meta":{"footnotes":"","_links_to":"","_links_to_target":""},"class_list":["post-804","page","type-page","status-publish","hentry"],"_links":{"self":[{"href":"https:\/\/sites.usp.br\/lmscp\/wp-json\/wp\/v2\/pages\/804","targetHints":{"allow":["GET"]}}],"collection":[{"href":"https:\/\/sites.usp.br\/lmscp\/wp-json\/wp\/v2\/pages"}],"about":[{"href":"https:\/\/sites.usp.br\/lmscp\/wp-json\/wp\/v2\/types\/page"}],"author":[{"embeddable":true,"href":"https:\/\/sites.usp.br\/lmscp\/wp-json\/wp\/v2\/users\/23743"}],"replies":[{"embeddable":true,"href":"https:\/\/sites.usp.br\/lmscp\/wp-json\/wp\/v2\/comments?post=804"}],"version-history":[{"count":3,"href":"https:\/\/sites.usp.br\/lmscp\/wp-json\/wp\/v2\/pages\/804\/revisions"}],"predecessor-version":[{"id":809,"href":"https:\/\/sites.usp.br\/lmscp\/wp-json\/wp\/v2\/pages\/804\/revisions\/809"}],"wp:attachment":[{"href":"https:\/\/sites.usp.br\/lmscp\/wp-json\/wp\/v2\/media?parent=804"}],"curies":[{"name":"wp","href":"https:\/\/api.w.org\/{rel}","templated":true}]}}