{"id":811,"date":"2024-04-04T10:57:26","date_gmt":"2024-04-04T13:57:26","guid":{"rendered":"https:\/\/sites.usp.br\/lmscp\/?page_id=811"},"modified":"2024-04-04T17:24:52","modified_gmt":"2024-04-04T20:24:52","slug":"linhas-de-pesquisa","status":"publish","type":"page","link":"https:\/\/sites.usp.br\/lmscp\/linhas-de-pesquisa\/","title":{"rendered":"Linhas de Pesquisa"},"content":{"rendered":"<p><strong>Rea\u00e7\u00f5es de polimeriza\u00e7\u00e3o<\/strong><\/p>\n<p style=\"text-align: justify;\">Tendo em vista que o suporte polim\u00e9rico \u00e9 determinante na eficiencia catal\u00edtica do produto final, o LMSCP busca estudar a cin\u00e9tica de polimeriza\u00e7\u00e3o e as diferentes formula\u00e7\u00f5es de suporte para os catalisadores. S\u00e3o desenvolvidos modelos matem\u00e1ticos para a copolimeriza\u00e7\u00e3o por radicais livres envolvendo mon\u00f4meros como estireno e divinilbenzeno.<\/p>\n<p><strong>Rea\u00e7\u00f5es de sulfona\u00e7\u00e3o<\/strong><\/p>\n<p style=\"text-align: justify;\">A etapa de inser\u00e7\u00e3o de s\u00edtios catal\u00edticos no suporte polim\u00e9rico se d\u00e1 atrav\u00e9s da rea\u00e7\u00e3o de sulfona\u00e7\u00e3o, na qual a resina reage com um agente sulfonante (Ex.: \u00e1cido sulf\u00farico). Nesta etapa, os grupos sulf\u00f4nicos s\u00e3o anexados \u00e0s cadeias polim\u00e9ricas, constituindo o catalisador que estar\u00e1 pronto para uso. O estudo te\u00f3rico da sulfona\u00e7\u00e3o tamb\u00e9m \u00e9 realizado pelo nosso grupo atrav\u00e9s do desenvolvimento de modelos matem\u00e1ticos utilizando-se o sofware Scilab.<\/p>\n<p><strong>Cat\u00e1lise heterog\u00eanea<\/strong><\/p>\n<p style=\"text-align: justify;\">Os testes com os catalisadores concebidos pelo nosso grupo de pesquisa s\u00e3o realizados em rea\u00e7\u00f5es org\u00e2nicas como esterifica\u00e7\u00e3o e acetaliza\u00e7\u00e3o. Este estudo tem contado com parcerias internacionais e envolve modelos matem\u00e1ticos mais elaborados, que levam em conta, n\u00e3o s\u00f3 a rea\u00e7\u00e3o qu\u00edmica em si, mas tamb\u00e9m efeitos difusivos que ocorrem nas diferentes resinas.<\/p>\n","protected":false},"excerpt":{"rendered":"<p>Rea\u00e7\u00f5es de polimeriza\u00e7\u00e3o Tendo em vista que o suporte polim\u00e9rico \u00e9 determinante na eficiencia catal\u00edtica do produto final, o LMSCP busca estudar a cin\u00e9tica de polimeriza\u00e7\u00e3o e as diferentes formula\u00e7\u00f5es de suporte para os catalisadores. S\u00e3o desenvolvidos modelos matem\u00e1ticos para a copolimeriza\u00e7\u00e3o por radicais livres envolvendo mon\u00f4meros como estireno e divinilbenzeno. Rea\u00e7\u00f5es de sulfona\u00e7\u00e3o A etapa de inser\u00e7\u00e3o de s\u00edtios catal\u00edticos no suporte polim\u00e9rico se d\u00e1 atrav\u00e9s da rea\u00e7\u00e3o de sulfona\u00e7\u00e3o, na qual a resina reage com um agente sulfonante (Ex.: \u00e1cido sulf\u00farico). Nesta etapa, os grupos sulf\u00f4nicos s\u00e3o anexados \u00e0s cadeias polim\u00e9ricas, constituindo o catalisador que estar\u00e1 pronto para uso. O estudo te\u00f3rico da sulfona\u00e7\u00e3o tamb\u00e9m \u00e9 realizado pelo nosso grupo atrav\u00e9s do desenvolvimento de modelos matem\u00e1ticos utilizando-se o sofware Scilab. Cat\u00e1lise heterog\u00eanea Os testes com os catalisadores concebidos pelo nosso grupo de pesquisa s\u00e3o realizados em rea\u00e7\u00f5es org\u00e2nicas como esterifica\u00e7\u00e3o e acetaliza\u00e7\u00e3o. Este estudo tem contado com parcerias internacionais e envolve modelos matem\u00e1ticos mais elaborados, que levam em conta, n\u00e3o s\u00f3 a rea\u00e7\u00e3o qu\u00edmica em si, mas tamb\u00e9m efeitos difusivos que ocorrem nas diferentes resinas.<\/p>\n","protected":false},"author":23743,"featured_media":0,"parent":0,"menu_order":0,"comment_status":"closed","ping_status":"closed","template":"","meta":{"footnotes":"","_links_to":"","_links_to_target":""},"class_list":["post-811","page","type-page","status-publish","hentry"],"_links":{"self":[{"href":"https:\/\/sites.usp.br\/lmscp\/wp-json\/wp\/v2\/pages\/811","targetHints":{"allow":["GET"]}}],"collection":[{"href":"https:\/\/sites.usp.br\/lmscp\/wp-json\/wp\/v2\/pages"}],"about":[{"href":"https:\/\/sites.usp.br\/lmscp\/wp-json\/wp\/v2\/types\/page"}],"author":[{"embeddable":true,"href":"https:\/\/sites.usp.br\/lmscp\/wp-json\/wp\/v2\/users\/23743"}],"replies":[{"embeddable":true,"href":"https:\/\/sites.usp.br\/lmscp\/wp-json\/wp\/v2\/comments?post=811"}],"version-history":[{"count":4,"href":"https:\/\/sites.usp.br\/lmscp\/wp-json\/wp\/v2\/pages\/811\/revisions"}],"predecessor-version":[{"id":817,"href":"https:\/\/sites.usp.br\/lmscp\/wp-json\/wp\/v2\/pages\/811\/revisions\/817"}],"wp:attachment":[{"href":"https:\/\/sites.usp.br\/lmscp\/wp-json\/wp\/v2\/media?parent=811"}],"curies":[{"name":"wp","href":"https:\/\/api.w.org\/{rel}","templated":true}]}}