{"id":818,"date":"2024-04-04T17:30:22","date_gmt":"2024-04-04T20:30:22","guid":{"rendered":"https:\/\/sites.usp.br\/lmscp\/?page_id=818"},"modified":"2024-04-04T17:30:22","modified_gmt":"2024-04-04T20:30:22","slug":"contato-2","status":"publish","type":"page","link":"https:\/\/sites.usp.br\/lmscp\/contato-2\/","title":{"rendered":"Contato"},"content":{"rendered":"<p><strong>Laborat\u00f3rio de Modelagem e S\u00edntese de Catalisadores Polim\u00e9ricos<\/strong><br \/>\nEstrada Municipal do Campinho, 100 &#8211; Campinho &#8211; Lorena &#8211; SP<br \/>\nDepartamento de Engenharia Qu\u00edmica<br \/>\nTelefone: (12) 31595108<\/p>\n<p>Contato do Prof. Leandro Aguiar<br \/>\nTelefone: (12) 31595343<br \/>\nE-mail: leandroaguiar@usp.br<\/p>\n","protected":false},"excerpt":{"rendered":"<p>Laborat\u00f3rio de Modelagem e S\u00edntese de Catalisadores Polim\u00e9ricos Estrada Municipal do Campinho, 100 &#8211; Campinho &#8211; Lorena &#8211; SP Departamento de Engenharia Qu\u00edmica Telefone: (12) 31595108 Contato do Prof. Leandro Aguiar Telefone: (12) 31595343 E-mail: leandroaguiar@usp.br<\/p>\n","protected":false},"author":23743,"featured_media":0,"parent":0,"menu_order":0,"comment_status":"closed","ping_status":"closed","template":"","meta":{"footnotes":"","_links_to":"","_links_to_target":""},"class_list":["post-818","page","type-page","status-publish","hentry"],"_links":{"self":[{"href":"https:\/\/sites.usp.br\/lmscp\/wp-json\/wp\/v2\/pages\/818","targetHints":{"allow":["GET"]}}],"collection":[{"href":"https:\/\/sites.usp.br\/lmscp\/wp-json\/wp\/v2\/pages"}],"about":[{"href":"https:\/\/sites.usp.br\/lmscp\/wp-json\/wp\/v2\/types\/page"}],"author":[{"embeddable":true,"href":"https:\/\/sites.usp.br\/lmscp\/wp-json\/wp\/v2\/users\/23743"}],"replies":[{"embeddable":true,"href":"https:\/\/sites.usp.br\/lmscp\/wp-json\/wp\/v2\/comments?post=818"}],"version-history":[{"count":1,"href":"https:\/\/sites.usp.br\/lmscp\/wp-json\/wp\/v2\/pages\/818\/revisions"}],"predecessor-version":[{"id":819,"href":"https:\/\/sites.usp.br\/lmscp\/wp-json\/wp\/v2\/pages\/818\/revisions\/819"}],"wp:attachment":[{"href":"https:\/\/sites.usp.br\/lmscp\/wp-json\/wp\/v2\/media?parent=818"}],"curies":[{"name":"wp","href":"https:\/\/api.w.org\/{rel}","templated":true}]}}