{"id":862,"date":"2024-04-05T10:32:19","date_gmt":"2024-04-05T13:32:19","guid":{"rendered":"https:\/\/sites.usp.br\/lmscp\/?page_id=862"},"modified":"2024-04-05T10:53:55","modified_gmt":"2024-04-05T13:53:55","slug":"doutorado","status":"publish","type":"page","link":"https:\/\/sites.usp.br\/lmscp\/doutorado\/","title":{"rendered":"Doutorado"},"content":{"rendered":"<p><strong>Alunos de Doutorado<\/strong><\/p>\n<p>\t<u><\/p>\n<li>William Mendes Godoy<\/li>\n<p><\/u><\/p>\n<p style=\"text-align: justify;\">S\u00edntese e caracteriza\u00e7\u00e3o de resinas estir\u00eanicas sulfonadas e aplica\u00e7\u00e3o como catalisador em rea\u00e7\u00f5es org\u00e2nicas<\/p>\n<p>\t<u><\/p>\n<li>Thiago Romanelli Theodoro<\/li>\n<p><\/u><\/p>\n<p style=\"text-align: justify;\">Propriedades de acessibilidade a s\u00edtios ativos em resinas estir\u00eanicas sulfonadas: estudo experimental e modelagem matem\u00e1tica<\/p>\n<p>\t<u><\/p>\n<li>C\u00e9lia Regina Andrade dos Santos<\/li>\n<p><\/u><\/p>\n<p style=\"text-align: justify;\">S\u00edntese e caracteriza\u00e7\u00e3o do catalisador estireno etileno glicol dimetacrilato e aplica\u00e7\u00e3o em rea\u00e7\u00f5es de esterifica\u00e7\u00e3o<\/p>\n","protected":false},"excerpt":{"rendered":"<p>Alunos de Doutorado William Mendes Godoy S\u00edntese e caracteriza\u00e7\u00e3o de resinas estir\u00eanicas sulfonadas e aplica\u00e7\u00e3o como catalisador em rea\u00e7\u00f5es org\u00e2nicas Thiago Romanelli Theodoro Propriedades de acessibilidade a s\u00edtios ativos em resinas estir\u00eanicas sulfonadas: estudo experimental e modelagem matem\u00e1tica C\u00e9lia Regina Andrade dos Santos S\u00edntese e caracteriza\u00e7\u00e3o do catalisador estireno etileno glicol dimetacrilato e aplica\u00e7\u00e3o em rea\u00e7\u00f5es de esterifica\u00e7\u00e3o<\/p>\n","protected":false},"author":23743,"featured_media":0,"parent":0,"menu_order":0,"comment_status":"closed","ping_status":"closed","template":"","meta":{"footnotes":"","_links_to":"","_links_to_target":""},"class_list":["post-862","page","type-page","status-publish","hentry"],"_links":{"self":[{"href":"https:\/\/sites.usp.br\/lmscp\/wp-json\/wp\/v2\/pages\/862","targetHints":{"allow":["GET"]}}],"collection":[{"href":"https:\/\/sites.usp.br\/lmscp\/wp-json\/wp\/v2\/pages"}],"about":[{"href":"https:\/\/sites.usp.br\/lmscp\/wp-json\/wp\/v2\/types\/page"}],"author":[{"embeddable":true,"href":"https:\/\/sites.usp.br\/lmscp\/wp-json\/wp\/v2\/users\/23743"}],"replies":[{"embeddable":true,"href":"https:\/\/sites.usp.br\/lmscp\/wp-json\/wp\/v2\/comments?post=862"}],"version-history":[{"count":4,"href":"https:\/\/sites.usp.br\/lmscp\/wp-json\/wp\/v2\/pages\/862\/revisions"}],"predecessor-version":[{"id":880,"href":"https:\/\/sites.usp.br\/lmscp\/wp-json\/wp\/v2\/pages\/862\/revisions\/880"}],"wp:attachment":[{"href":"https:\/\/sites.usp.br\/lmscp\/wp-json\/wp\/v2\/media?parent=862"}],"curies":[{"name":"wp","href":"https:\/\/api.w.org\/{rel}","templated":true}]}}