{"id":871,"date":"2024-04-05T10:47:38","date_gmt":"2024-04-05T13:47:38","guid":{"rendered":"https:\/\/sites.usp.br\/lmscp\/?page_id=871"},"modified":"2026-03-16T16:18:35","modified_gmt":"2026-03-16T19:18:35","slug":"mestrado","status":"publish","type":"page","link":"https:\/\/sites.usp.br\/lmscp\/mestrado\/","title":{"rendered":"Mestrado"},"content":{"rendered":"<p><strong>Alunos de Mestrado<\/strong><\/p>\n<p><u><\/p>\n<li>Felipe do Prado Pinheiro<\/li>\n<p><\/u><\/p>\n<p style=\"text-align: justify;\"> Modelagem matem\u00e1tica da s\u00edntese de acetato de isoamila considerando o intumescimento da resina catal\u00edtica<\/p>\n<p><u><\/p>\n<li>Caio de Paiva e Silva<\/li>\n<p><\/u><\/p>\n<p style=\"text-align: justify;\">Modelagem de Rea\u00e7\u00f5es de Esterifica\u00e7\u00e3o catalisadas por resinas sulfonadas em reator batelada utilizando aprendizado de m\u00e1quinas<\/p>\n","protected":false},"excerpt":{"rendered":"<p>Alunos de Mestrado Felipe do Prado Pinheiro Modelagem matem\u00e1tica da s\u00edntese de acetato de isoamila considerando o intumescimento da resina catal\u00edtica Caio de Paiva e Silva Modelagem de Rea\u00e7\u00f5es de Esterifica\u00e7\u00e3o catalisadas por resinas sulfonadas em reator batelada utilizando aprendizado de m\u00e1quinas<\/p>\n","protected":false},"author":23743,"featured_media":0,"parent":0,"menu_order":0,"comment_status":"closed","ping_status":"closed","template":"","meta":{"footnotes":"","_links_to":"","_links_to_target":""},"class_list":["post-871","page","type-page","status-publish","hentry"],"_links":{"self":[{"href":"https:\/\/sites.usp.br\/lmscp\/wp-json\/wp\/v2\/pages\/871","targetHints":{"allow":["GET"]}}],"collection":[{"href":"https:\/\/sites.usp.br\/lmscp\/wp-json\/wp\/v2\/pages"}],"about":[{"href":"https:\/\/sites.usp.br\/lmscp\/wp-json\/wp\/v2\/types\/page"}],"author":[{"embeddable":true,"href":"https:\/\/sites.usp.br\/lmscp\/wp-json\/wp\/v2\/users\/23743"}],"replies":[{"embeddable":true,"href":"https:\/\/sites.usp.br\/lmscp\/wp-json\/wp\/v2\/comments?post=871"}],"version-history":[{"count":4,"href":"https:\/\/sites.usp.br\/lmscp\/wp-json\/wp\/v2\/pages\/871\/revisions"}],"predecessor-version":[{"id":1308,"href":"https:\/\/sites.usp.br\/lmscp\/wp-json\/wp\/v2\/pages\/871\/revisions\/1308"}],"wp:attachment":[{"href":"https:\/\/sites.usp.br\/lmscp\/wp-json\/wp\/v2\/media?parent=871"}],"curies":[{"name":"wp","href":"https:\/\/api.w.org\/{rel}","templated":true}]}}