{"id":918,"date":"2024-04-06T22:04:10","date_gmt":"2024-04-07T01:04:10","guid":{"rendered":"https:\/\/sites.usp.br\/lmscp\/?page_id=918"},"modified":"2026-03-16T20:50:06","modified_gmt":"2026-03-16T23:50:06","slug":"egressos","status":"publish","type":"page","link":"https:\/\/sites.usp.br\/lmscp\/egressos\/","title":{"rendered":"Egressos"},"content":{"rendered":"<p style=\"text-align: justify;\"><strong>Gabrielle Duran Costa.<\/strong> Modelagem matem\u00e1tica do processo de fotodegrada\u00e7\u00e3o do \u00e1cido h\u00famico considerando a desativa\u00e7\u00e3o do catalisador. <strong>2025 <\/strong><a href=\"https:\/\/www.teses.usp.br\/teses\/disponiveis\/97\/97139\/tde-27062025-080753\/publico\/EQD24011_C.pdf\">(Disserta\u00e7\u00e3o)<\/a><\/p>\n<p><\/p>\n<p style=\"text-align: justify;\"><strong>Luana Oliveira dos Santos.<\/strong> Avalia\u00e7\u00e3o da acessibilidade de s\u00edtios catal\u00edticos em resinas sulfonadas de Estireno\/Triacrilato de Trimetilolpropano (TMPTA) atrav\u00e9s de modelagem matem\u00e1tica. <strong>2025 <\/strong><a href=\"https:\/\/www.teses.usp.br\/teses\/disponiveis\/97\/97139\/tde-27062025-080753\/publico\/EQD24011_C.pdf\">(Disserta\u00e7\u00e3o)<\/a><\/p>\n<p><\/p>\n<p style=\"text-align: justify;\"><strong>Higor Diniz Ribeiro.<\/strong> Produ\u00e7\u00e3o de filmes flex\u00edveis \u00e0 base de polietileno para embalagens de alta barreira, para aplica\u00e7\u00e3o em linha de limpeza, focados em sustentabilidade. <strong>2024 <\/strong><a href=\"https:\/\/www.teses.usp.br\/teses\/disponiveis\/97\/97139\/tde-12122024-124626\/publico\/EQD24002_C.pdf\">(Disserta\u00e7\u00e3o)<\/a><\/p>\n<p><\/p>\n<p style=\"text-align: justify;\"><strong>Felipe Ribeiro de Siqueira.<\/strong> Modelagem termodin\u00e2mica do equil\u00edbrio l\u00edquido-l\u00edquido em sistemas compostos por \u00e1cido ac\u00e9tico, \u00e1gua e \u00e9ster aplicando m\u00e9todos num\u00e9ricos e aprendizado de m\u00e1quina. <strong>2022 <\/strong><a href=\"https:\/\/www.teses.usp.br\/teses\/disponiveis\/97\/97139\/tde-07122022-122426\/publico\/EQD22003_C.pdf\">(Disserta\u00e7\u00e3o)<\/a><\/p>\n<p><\/p>\n<p style=\"text-align: justify;\"><strong>William Mendes Godoy.<\/strong> S\u00edntese e caracteriza\u00e7\u00e3o de catalisadores polim\u00e9ricos \u00e0 base de estireno, e a aplica\u00e7\u00e3o na acetila\u00e7\u00e3o do glicerol. <strong>2021 <\/strong><a href=\"https:\/\/www.teses.usp.br\/teses\/disponiveis\/97\/97139\/tde-14062022-135747\/publico\/EQD21001_C.pdf\">(Disserta\u00e7\u00e3o)<\/a><\/p>\n<p><\/p>\n<p style=\"text-align: justify;\"><strong>Victor Ferreira Lopes da Silva.<\/strong>  Modelagem matem\u00e1tica das cat\u00e1lises homog\u00eanea e heterog\u00eanea da esterifica\u00e7\u00e3o entre \u00e1lcool isoam\u00edlico e \u00e1cido ac\u00e9tico. <strong>2020 <\/strong><a href=\"https:\/\/www.teses.usp.br\/teses\/disponiveis\/97\/97139\/tde-06082021-084957\/publico\/EQD20007_C.pdf\">(Disserta\u00e7\u00e3o)<\/a><\/p>\n<p><\/p>\n<p style=\"text-align: justify;\"><strong>Thiago Romanelli Theodoro.<\/strong>  Modifica\u00e7\u00e3o qu\u00edmica de resinas \u00e0 base de estireno atrav\u00e9s do processo de sulfona\u00e7\u00e3o: estudo experimental e modelagem matem\u00e1tica. <strong>2018 <\/strong><a href=\"https:\/\/teses.usp.br\/teses\/disponiveis\/97\/97137\/tde-12072019-121420\/publico\/EQD18002_O.pdf\">(Disserta\u00e7\u00e3o)<\/a><\/p>\n<p><\/p>\n","protected":false},"excerpt":{"rendered":"<p>Gabrielle Duran Costa. Modelagem matem\u00e1tica do processo de fotodegrada\u00e7\u00e3o do \u00e1cido h\u00famico considerando a desativa\u00e7\u00e3o do catalisador. 2025 (Disserta\u00e7\u00e3o) Luana Oliveira dos Santos. Avalia\u00e7\u00e3o da acessibilidade de s\u00edtios catal\u00edticos em resinas sulfonadas de Estireno\/Triacrilato de Trimetilolpropano (TMPTA) atrav\u00e9s de modelagem matem\u00e1tica. 2025 (Disserta\u00e7\u00e3o) Higor Diniz Ribeiro. Produ\u00e7\u00e3o de filmes flex\u00edveis \u00e0 base de polietileno para embalagens de alta barreira, para aplica\u00e7\u00e3o em linha de limpeza, focados em sustentabilidade. 2024 (Disserta\u00e7\u00e3o) Felipe Ribeiro de Siqueira. Modelagem termodin\u00e2mica do equil\u00edbrio l\u00edquido-l\u00edquido em sistemas compostos por \u00e1cido ac\u00e9tico, \u00e1gua e \u00e9ster aplicando m\u00e9todos num\u00e9ricos e aprendizado de m\u00e1quina. 2022 (Disserta\u00e7\u00e3o) William Mendes Godoy. S\u00edntese e caracteriza\u00e7\u00e3o de catalisadores polim\u00e9ricos \u00e0 base de estireno, e a aplica\u00e7\u00e3o na acetila\u00e7\u00e3o do glicerol. 2021 (Disserta\u00e7\u00e3o) Victor Ferreira Lopes da Silva. Modelagem matem\u00e1tica das cat\u00e1lises homog\u00eanea e heterog\u00eanea da esterifica\u00e7\u00e3o entre \u00e1lcool isoam\u00edlico e \u00e1cido ac\u00e9tico. 2020 (Disserta\u00e7\u00e3o) Thiago Romanelli Theodoro. Modifica\u00e7\u00e3o qu\u00edmica de resinas \u00e0 base de estireno atrav\u00e9s do processo de sulfona\u00e7\u00e3o: estudo experimental e modelagem matem\u00e1tica. 2018 (Disserta\u00e7\u00e3o)<\/p>\n","protected":false},"author":23743,"featured_media":0,"parent":0,"menu_order":0,"comment_status":"closed","ping_status":"closed","template":"","meta":{"footnotes":"","_links_to":"","_links_to_target":""},"class_list":["post-918","page","type-page","status-publish","hentry"],"_links":{"self":[{"href":"https:\/\/sites.usp.br\/lmscp\/wp-json\/wp\/v2\/pages\/918","targetHints":{"allow":["GET"]}}],"collection":[{"href":"https:\/\/sites.usp.br\/lmscp\/wp-json\/wp\/v2\/pages"}],"about":[{"href":"https:\/\/sites.usp.br\/lmscp\/wp-json\/wp\/v2\/types\/page"}],"author":[{"embeddable":true,"href":"https:\/\/sites.usp.br\/lmscp\/wp-json\/wp\/v2\/users\/23743"}],"replies":[{"embeddable":true,"href":"https:\/\/sites.usp.br\/lmscp\/wp-json\/wp\/v2\/comments?post=918"}],"version-history":[{"count":4,"href":"https:\/\/sites.usp.br\/lmscp\/wp-json\/wp\/v2\/pages\/918\/revisions"}],"predecessor-version":[{"id":1312,"href":"https:\/\/sites.usp.br\/lmscp\/wp-json\/wp\/v2\/pages\/918\/revisions\/1312"}],"wp:attachment":[{"href":"https:\/\/sites.usp.br\/lmscp\/wp-json\/wp\/v2\/media?parent=918"}],"curies":[{"name":"wp","href":"https:\/\/api.w.org\/{rel}","templated":true}]}}