{"id":79,"date":"2014-02-24T16:51:20","date_gmt":"2014-02-24T18:51:20","guid":{"rendered":"http:\/\/sites.usp.br\/lnct\/?page_id=79"},"modified":"2023-01-02T19:23:53","modified_gmt":"2023-01-02T21:23:53","slug":"pagina-inicial","status":"publish","type":"page","link":"https:\/\/sites.usp.br\/lnct\/","title":{"rendered":"Inicial"},"content":{"rendered":"<p>&nbsp;<\/p>\n<p>O Laborat\u00f3rio de Neurobiologia e C\u00e9lulas-Tronco (LNCT) tem o objetivo de entender o papel da prote\u00edna prion (uma glicoprote\u00edna de superf\u00edcie celular) e seus principais parceiros, incluindo a co-chaperona STI1, na biologia de c\u00e9lulas-tronco durante o desenvolvimento de mam\u00edferos e em ambientes tumorais. Nosso trabalho mais recente focou na caracteriza\u00e7\u00e3o dos miRNA liberados por ves\u00edculas extracelulares durante o desenvolvimento neural.<\/p>\n\r\n\t<div class=\"slideshow_container slideshow_container_style-light\" style=\"height: 292px; \" data-slideshow-id=\"236\" data-style-name=\"style-light\" data-style-version=\"2.3.1\" >\r\n\r\n\t\t\t\t\t<div class=\"slideshow_loading_icon\"><\/div>\r\n\t\t\r\n\t\t<div class=\"slideshow_content\" style=\"display: none;\">\r\n\r\n\t\t\t<div class=\"slideshow_view\">\r\n\t\t\t\t<div class=\"slideshow_slide slideshow_slide_image\">\r\n\t\t\t\t\t\t\t\t\t\t\t<img src=\"https:\/\/sites.usp.br\/lnct\/wp-content\/uploads\/sites\/835\/2020\/12\/slideshow2-1.jpg\" alt=\"slideshow2\" width=\"940\" height=\"292\" \/>\r\n\t\t\t\t\t\t\t\t\t\t<div class=\"slideshow_description_box slideshow_transparent\">\r\n\t\t\t\t\t\t<div class=\"slideshow_title\">slideshow2<\/div>\t\t\t\t\t\t\t\t\t\t\t<\/div>\r\n\t\t\t\t<\/div>\r\n\r\n\t\t\t\t\t\t<div style=\"clear: both;\"><\/div><\/div><div class=\"slideshow_view\">\r\n\t\t\t\t<div class=\"slideshow_slide slideshow_slide_image\">\r\n\t\t\t\t\t\t\t\t\t\t\t<img src=\"https:\/\/sites.usp.br\/lnct\/wp-content\/uploads\/sites\/835\/2020\/12\/slideshow1-1.jpg\" alt=\"slideshow1\" width=\"940\" height=\"292\" \/>\r\n\t\t\t\t\t\t\t\t\t\t<div class=\"slideshow_description_box slideshow_transparent\">\r\n\t\t\t\t\t\t<div class=\"slideshow_title\">slideshow1<\/div>\t\t\t\t\t\t\t\t\t\t\t<\/div>\r\n\t\t\t\t<\/div>\r\n\r\n\t\t\t\t\t\t<div style=\"clear: both;\"><\/div><\/div>\r\n\t\t<\/div>\r\n\r\n\t\t<div class=\"slideshow_controlPanel slideshow_transparent\" style=\"display: none;\"><ul><li class=\"slideshow_togglePlay\" data-play-text=\"Acionar\" data-pause-text=\"Pausar\"><\/li><\/ul><\/div>\r\n\r\n\t\t<div class=\"slideshow_button slideshow_previous slideshow_transparent\" role=\"button\" data-previous-text=\"Anterior\" style=\"display: none;\"><\/div>\r\n\t\t<div class=\"slideshow_button slideshow_next slideshow_transparent\" role=\"button\" data-next-text=\"Pr\u00f3ximo\" style=\"display: none;\"><\/div>\r\n\r\n\t\t<div class=\"slideshow_pagination\" style=\"display: none;\" data-go-to-text=\"Ir para o slide\"><div class=\"slideshow_pagination_center\"><\/div><\/div>\r\n\r\n\t\t<!-- WordPress Slideshow Version 2.3.1 -->\r\n\r\n\t\t\t<\/div>\r\n\r\n\n<p><strong><em>&#8220;Compreender o cerne da biologia de c\u00e9lulas-tronco \u00e9 imperativo para elucidar a evolu\u00e7\u00e3o do glioblastoma, visto que esse tumor pode representar um processo de desenvolvimento aberrante baseado em c\u00e9lulas tronco..&#8221; \u00a0Dra. MH Lopes<\/em><\/strong><\/p>\n","protected":false},"excerpt":{"rendered":"<p>&nbsp; O Laborat\u00f3rio de Neurobiologia e C\u00e9lulas-Tronco (LNCT) tem o objetivo de entender o papel da prote\u00edna prion (uma glicoprote\u00edna de superf\u00edcie celular) e seus principais parceiros, incluindo a co-chaperona STI1, na biologia de c\u00e9lulas-tronco durante o desenvolvimento de mam\u00edferos e em ambientes tumorais. Nosso trabalho mais recente focou na caracteriza\u00e7\u00e3o dos miRNA liberados por<a href=\"https:\/\/sites.usp.br\/lnct\/\">[&#8230;]<\/a><\/p>\n","protected":false},"author":1,"featured_media":0,"parent":0,"menu_order":0,"comment_status":"closed","ping_status":"closed","template":"","meta":{"footnotes":"","_links_to":"","_links_to_target":""},"class_list":["post-79","page","type-page","status-publish","hentry"],"_links":{"self":[{"href":"https:\/\/sites.usp.br\/lnct\/wp-json\/wp\/v2\/pages\/79","targetHints":{"allow":["GET"]}}],"collection":[{"href":"https:\/\/sites.usp.br\/lnct\/wp-json\/wp\/v2\/pages"}],"about":[{"href":"https:\/\/sites.usp.br\/lnct\/wp-json\/wp\/v2\/types\/page"}],"author":[{"embeddable":true,"href":"https:\/\/sites.usp.br\/lnct\/wp-json\/wp\/v2\/users\/1"}],"replies":[{"embeddable":true,"href":"https:\/\/sites.usp.br\/lnct\/wp-json\/wp\/v2\/comments?post=79"}],"version-history":[{"count":4,"href":"https:\/\/sites.usp.br\/lnct\/wp-json\/wp\/v2\/pages\/79\/revisions"}],"predecessor-version":[{"id":421,"href":"https:\/\/sites.usp.br\/lnct\/wp-json\/wp\/v2\/pages\/79\/revisions\/421"}],"wp:attachment":[{"href":"https:\/\/sites.usp.br\/lnct\/wp-json\/wp\/v2\/media?parent=79"}],"curies":[{"name":"wp","href":"https:\/\/api.w.org\/{rel}","templated":true}]}}