{"id":501,"date":"2021-08-13T11:10:04","date_gmt":"2021-08-13T13:10:04","guid":{"rendered":"https:\/\/sites.usp.br\/lnq\/?page_id=501"},"modified":"2021-11-10T10:08:50","modified_gmt":"2021-11-10T12:08:50","slug":"linha-de-pesquisa","status":"publish","type":"page","link":"https:\/\/sites.usp.br\/lnq\/linha-de-pesquisa\/","title":{"rendered":"Linha de pesquisa"},"content":{"rendered":"<div data-elementor-type=\"wp-page\" data-elementor-id=\"501\" class=\"elementor elementor-501\" data-elementor-post-type=\"page\">\n\t\t\t\t\t\t<section class=\"elementor-section elementor-top-section elementor-element elementor-element-66545c9 elementor-section-boxed elementor-section-height-default elementor-section-height-default\" data-id=\"66545c9\" data-element_type=\"section\" data-settings=\"{&quot;background_background&quot;:&quot;classic&quot;}\">\n\t\t\t\t\t\t<div class=\"elementor-container elementor-column-gap-default\">\n\t\t\t\t\t<div class=\"elementor-column elementor-col-100 elementor-top-column elementor-element elementor-element-bf27f42\" data-id=\"bf27f42\" data-element_type=\"column\">\n\t\t\t<div class=\"elementor-widget-wrap elementor-element-populated\">\n\t\t\t\t\t\t<div class=\"elementor-element elementor-element-c866582 elementor-widget elementor-widget-heading\" data-id=\"c866582\" data-element_type=\"widget\" data-widget_type=\"heading.default\">\n\t\t\t\t<div class=\"elementor-widget-container\">\n\t\t\t<h2 class=\"elementor-heading-title elementor-size-xl\">Linha de Pesquisa <\/h2>\t\t<\/div>\n\t\t\t\t<\/div>\n\t\t\t\t<div class=\"elementor-element elementor-element-8be8a9f elementor-widget elementor-widget-text-editor\" data-id=\"8be8a9f\" data-element_type=\"widget\" data-widget_type=\"text-editor.default\">\n\t\t\t\t<div class=\"elementor-widget-container\">\n\t\t\t\t\t\t\t<p><span style=\"background-color: var( --e-global-color-primary );\">Descubra a linha de pesquisa do nosso laborat\u00f3rio aqui! <\/span><\/p>\t\t\t\t\t\t<\/div>\n\t\t\t\t<\/div>\n\t\t\t\t\t<\/div>\n\t\t<\/div>\n\t\t\t\t\t<\/div>\n\t\t<\/section>\n\t\t\t\t<section class=\"elementor-section elementor-top-section elementor-element elementor-element-2662c2c elementor-section-boxed elementor-section-height-default elementor-section-height-default\" data-id=\"2662c2c\" data-element_type=\"section\">\n\t\t\t\t\t\t<div class=\"elementor-container elementor-column-gap-default\">\n\t\t\t\t\t<div class=\"elementor-column elementor-col-100 elementor-top-column elementor-element elementor-element-d7cd278\" data-id=\"d7cd278\" data-element_type=\"column\">\n\t\t\t<div class=\"elementor-widget-wrap elementor-element-populated\">\n\t\t\t\t\t\t<div class=\"elementor-element elementor-element-a4cbc2a elementor-widget elementor-widget-spacer\" data-id=\"a4cbc2a\" data-element_type=\"widget\" data-widget_type=\"spacer.default\">\n\t\t\t\t<div class=\"elementor-widget-container\">\n\t\t\t\t\t<div class=\"elementor-spacer\">\n\t\t\t<div class=\"elementor-spacer-inner\"><\/div>\n\t\t<\/div>\n\t\t\t\t<\/div>\n\t\t\t\t<\/div>\n\t\t\t\t\t<\/div>\n\t\t<\/div>\n\t\t\t\t\t<\/div>\n\t\t<\/section>\n\t\t\t\t<section class=\"elementor-section elementor-top-section elementor-element elementor-element-987f280 elementor-section-boxed elementor-section-height-default elementor-section-height-default elementor-invisible\" data-id=\"987f280\" data-element_type=\"section\" data-settings=\"{&quot;background_background&quot;:&quot;classic&quot;,&quot;animation&quot;:&quot;fadeInUp&quot;}\">\n\t\t\t\t\t\t<div class=\"elementor-container elementor-column-gap-default\">\n\t\t\t\t\t<div class=\"elementor-column elementor-col-100 elementor-top-column elementor-element elementor-element-14846f5 elementor-invisible\" data-id=\"14846f5\" data-element_type=\"column\" data-settings=\"{&quot;animation&quot;:&quot;fadeInUp&quot;}\">\n\t\t\t<div class=\"elementor-widget-wrap elementor-element-populated\">\n\t\t\t\t\t\t<div class=\"elementor-element elementor-element-50af745 elementor-widget elementor-widget-spacer\" data-id=\"50af745\" data-element_type=\"widget\" data-widget_type=\"spacer.default\">\n\t\t\t\t<div class=\"elementor-widget-container\">\n\t\t\t\t\t<div class=\"elementor-spacer\">\n\t\t\t<div class=\"elementor-spacer-inner\"><\/div>\n\t\t<\/div>\n\t\t\t\t<\/div>\n\t\t\t\t<\/div>\n\t\t\t\t<div class=\"elementor-element elementor-element-fadae0e elementor-widget elementor-widget-text-editor\" data-id=\"fadae0e\" data-element_type=\"widget\" data-widget_type=\"text-editor.default\">\n\t\t\t\t<div class=\"elementor-widget-container\">\n\t\t\t\t\t\t\t<p><span style=\"font-weight: 400;\">O per\u00edodo de lacta\u00e7\u00e3o talvez seja incompar\u00e1vel em termos de extens\u00e3o e profundidade das demandas metab\u00f3licas impostas \u00e0 mulher durante um curto per\u00edodo. Isso torna a maternidade um campo de pesquisa muito atraente, pois fornece aos pesquisadores um modelo fisiol\u00f3gico de plasticidade cerebral em resposta a est\u00edmulos internos e externos. Um aspecto frequentemente esquecido da lacta\u00e7\u00e3o, entretanto, \u00e9 o desmame, ou o t\u00e9rmino da lacta\u00e7\u00e3o. Durante o desmame, o c\u00e9rebro deve passar por um novo conjunto de altera\u00e7\u00f5es que ir\u00e3o restaurar a maioria de suas fun\u00e7\u00f5es aos n\u00edveis da pr\u00e9-gravidez e da pr\u00e9-lacta\u00e7\u00e3o. O crescimento inevit\u00e1vel dos filhotes exerce intensa press\u00e3o sobre o corpo da m\u00e3e para restringir sua dura\u00e7\u00e3o e garantir uma r\u00e1pida interrup\u00e7\u00e3o dos comportamentos maternos e retomada das fun\u00e7\u00f5es reprodutivas.<\/span><\/p><p><span style=\"font-weight: 400;\">Se examinadas fora do contexto, v\u00e1rias altera\u00e7\u00f5es cerebrais na fisiologia materna seriam consideradas patol\u00f3gicas em qualquer outro momento da vida da m\u00e3e. Essas altera\u00e7\u00f5es incluem, por exemplo, resist\u00eancia \u00e0 leptina, uma das marcas da s\u00edndrome metab\u00f3lica, resposta diminu\u00edda (e, portanto, potencialmente insuficiente) a estressores e expans\u00e3o excessiva de volume ao custo de osmorregula\u00e7\u00e3o drasticamente reduzida. Consequentemente, \u00e9 l\u00f3gico que, se o desmame n\u00e3o ocorrer de forma adequada, a m\u00e3e que j\u00e1 foi m\u00e3e pode carregar desequil\u00edbrios por um per\u00edodo desconhecido. Identificar e compreender as altera\u00e7\u00f5es do desmame do sistema nervoso central pode nos fornecer o conhecimento para melhor intervir se algo der errado neste per\u00edodo.<\/span><\/p><p><span style=\"font-weight: 400;\">Embora seja um problema subestimado, a maternidade pode ser um desafio para v\u00e1rias mulheres e pode deixar consequ\u00eancias duradouras. O ganho de peso excessivo durante a lacta\u00e7\u00e3o pode ser um fator predisponente de obesidade e um risco cardiovascular d\u00e9cadas ap\u00f3s o nascimento. Os padr\u00f5es de sono s\u00e3o alterados durante a gravidez e a lacta\u00e7\u00e3o, e n\u00e3o h\u00e1 evid\u00eancias conclusivas sobre quando e se os padr\u00f5es de sono retornam aos n\u00edveis basais. A depress\u00e3o p\u00f3s-parto \u00e9 uma doen\u00e7a incapacitante para as m\u00e3es que pode ser t\u00e3o prevalente quanto 30%, dependendo dos crit\u00e9rios usados. Todos esses problemas t\u00eam causas mal compreendidas, o que torna os estudos focados nos processos cerebrais de lacta\u00e7\u00e3o e desmame particularmente importantes para desvendar os mecanismos que est\u00e3o por tr\u00e1s dessas condi\u00e7\u00f5es.<\/span><\/p><p><span style=\"font-weight: 400;\">Portanto, os resultados de nossas pesquisas podem ser de alto interesse para todos os profissionais da \u00e1rea m\u00e9dica que trabalham com a sa\u00fade da mulher, especialmente os da \u00e1rea de obstetr\u00edcia. Nosso trabalho tamb\u00e9m cumpre um papel mais amplo de destacar processos espec\u00edficos no c\u00e9rebro feminino, um passo importante para corrigir a sub-representa\u00e7\u00e3o cr\u00f4nica de sujeitos femininos na pesquisa. Finalmente, nossos resultados devem ser de interesse para a ind\u00fastria farmac\u00eautica, pois identificamos um grupo de indiv\u00edduos (m\u00e3es que amamentam) como sob risco aumentado de restaura\u00e7\u00e3o cerebral ineficiente de circuitos que controlam a arquitetura e a consci\u00eancia do sono, e identificamos um grupo neuroqu\u00edmico que pode ser direcionado para interven\u00e7\u00e3o farmacol\u00f3gica para restaurar a fun\u00e7\u00e3o cerebral normal. Ensaios cl\u00ednicos podem ser realizados comparando a efic\u00e1cia de medicamentos baseados no antagonismo da orexina com outros tipos de medicamentos usados para tratar a ins\u00f4nia em mulheres no per\u00edodo p\u00f3s-parto. Esses resultados poderiam ent\u00e3o ser usados para informar as pol\u00edticas p\u00fablicas sobre o tratamento dos dist\u00farbios do sono em mulheres adultas.<\/span><\/p><p><span style=\"font-weight: 400;\">No que diz respeito \u00e0 inova\u00e7\u00e3o, nossa linha de pesquisa pode ser considerada uma inova\u00e7\u00e3o por abordar um modelo experimental pouco explorado: o c\u00e9rebro em desmame. Enquanto a maioria dos trabalhos investiga a fisiologia e o comportamento da m\u00e3e alguns dias ap\u00f3s o nascimento, nosso laborat\u00f3rio estuda o que acontece com o corpo da m\u00e3e quando a lacta\u00e7\u00e3o termina. Isso tem consequ\u00eancias diretas no mercado, pois os produtos m\u00e9dicos direcionados \u00e0 sa\u00fade da m\u00e3e ap\u00f3s o parto s\u00e3o m\u00ednimos se comparados aos comercializados para as m\u00e3es durante a gesta\u00e7\u00e3o ou \u00e0 sa\u00fade dos beb\u00eas. Um exemplo disso \u00e9 a falta de qualquer medicamento para combater a depress\u00e3o p\u00f3s-parto, a complica\u00e7\u00e3o mais comum da gravidez, embora se acredite que a depress\u00e3o p\u00f3s-parto compartilhe apenas uma parte de sua etiologia com outros transtornos depressivos. <\/p><p>\u00a0<\/p>\t\t\t\t\t\t<\/div>\n\t\t\t\t<\/div>\n\t\t\t\t<div class=\"elementor-element elementor-element-fe7cd33 elementor-skin-slideshow elementor-arrows-yes elementor-widget elementor-widget-media-carousel\" data-id=\"fe7cd33\" data-element_type=\"widget\" data-settings=\"{&quot;skin&quot;:&quot;slideshow&quot;,&quot;centered_slides&quot;:&quot;yes&quot;,&quot;effect&quot;:&quot;slide&quot;,&quot;show_arrows&quot;:&quot;yes&quot;,&quot;speed&quot;:500,&quot;autoplay&quot;:&quot;yes&quot;,&quot;autoplay_speed&quot;:5000,&quot;loop&quot;:&quot;yes&quot;,&quot;pause_on_hover&quot;:&quot;yes&quot;,&quot;pause_on_interaction&quot;:&quot;yes&quot;,&quot;space_between&quot;:{&quot;unit&quot;:&quot;px&quot;,&quot;size&quot;:10,&quot;sizes&quot;:[]},&quot;space_between_tablet&quot;:{&quot;unit&quot;:&quot;px&quot;,&quot;size&quot;:10,&quot;sizes&quot;:[]},&quot;space_between_mobile&quot;:{&quot;unit&quot;:&quot;px&quot;,&quot;size&quot;:10,&quot;sizes&quot;:[]}}\" data-widget_type=\"media-carousel.default\">\n\t\t\t\t<div class=\"elementor-widget-container\">\n\t\t\t\t\t<div class=\"elementor-swiper\">\n\t\t\t<div class=\"elementor-main-swiper swiper\">\n\t\t\t\t<div class=\"swiper-wrapper\">\n\t\t\t\t\t\t\t\t\t\t\t<div class=\"swiper-slide\">\n\t\t\t\t\t\t\t<a href=\"https:\/\/sites.usp.br\/lnq\/wp-content\/uploads\/sites\/983\/2021\/08\/Celulas-MCH-ir-na-MPOA-PPD19.jpg\" data-elementor-open-lightbox=\"yes\" data-elementor-lightbox-slideshow=\"fe7cd33\" data-elementor-lightbox-title=\"C\u00e9lulas MCH-ir na MPOA PPD19 \" data-e-action-hash=\"#elementor-action%3Aaction%3Dlightbox%26settings%3DeyJpZCI6NTEzLCJ1cmwiOiJodHRwczpcL1wvc2l0ZXMudXNwLmJyXC9sbnFcL3dwLWNvbnRlbnRcL3VwbG9hZHNcL3NpdGVzXC85ODNcLzIwMjFcLzA4XC9DZWx1bGFzLU1DSC1pci1uYS1NUE9BLVBQRDE5LmpwZyIsInNsaWRlc2hvdyI6ImZlN2NkMzMifQ%3D%3D\">\t\t<div class=\"elementor-carousel-image\" role=\"img\" aria-label=\"C\u00e9lulas MCH-ir na MPOA PPD19 \" style=\"background-image: url(&#039;https:\/\/sites.usp.br\/lnq\/wp-content\/uploads\/sites\/983\/2021\/08\/Celulas-MCH-ir-na-MPOA-PPD19.jpg&#039;)\">\n\n\t\t\t\n\t\t\t\t\t<\/div>\n\t\t<\/a>\t\t\t\t\t\t<\/div>\n\t\t\t\t\t\t\t\t\t\t\t<div class=\"swiper-slide\">\n\t\t\t\t\t\t\t<a href=\"https:\/\/sites.usp.br\/lnq\/wp-content\/uploads\/sites\/983\/2021\/08\/Femea-LE-Lactante-PPD14.png\" data-elementor-open-lightbox=\"yes\" data-elementor-lightbox-slideshow=\"fe7cd33\" data-elementor-lightbox-title=\"F\u00eamea LE Lactante PPD14 \" data-e-action-hash=\"#elementor-action%3Aaction%3Dlightbox%26settings%3DeyJpZCI6NTE0LCJ1cmwiOiJodHRwczpcL1wvc2l0ZXMudXNwLmJyXC9sbnFcL3dwLWNvbnRlbnRcL3VwbG9hZHNcL3NpdGVzXC85ODNcLzIwMjFcLzA4XC9GZW1lYS1MRS1MYWN0YW50ZS1QUEQxNC1lMTYzNDY2ODk0MDU2My5wbmciLCJzbGlkZXNob3ciOiJmZTdjZDMzIn0%3D\">\t\t<div class=\"elementor-carousel-image\" role=\"img\" aria-label=\"F\u00eamea LE Lactante PPD14 \" style=\"background-image: url(&#039;https:\/\/sites.usp.br\/lnq\/wp-content\/uploads\/sites\/983\/2021\/08\/Femea-LE-Lactante-PPD14-e1634668940563.png&#039;)\">\n\n\t\t\t\n\t\t\t\t\t<\/div>\n\t\t<\/a>\t\t\t\t\t\t<\/div>\n\t\t\t\t\t\t\t\t\t\t\t<div class=\"swiper-slide\">\n\t\t\t\t\t\t\t<a href=\"https:\/\/sites.usp.br\/lnq\/wp-content\/uploads\/sites\/983\/2021\/08\/MCH-no-camundongo-scaled.jpg\" data-elementor-open-lightbox=\"yes\" data-elementor-lightbox-slideshow=\"fe7cd33\" data-elementor-lightbox-title=\"MCH no camundongo \" data-e-action-hash=\"#elementor-action%3Aaction%3Dlightbox%26settings%3DeyJpZCI6NTE1LCJ1cmwiOiJodHRwczpcL1wvc2l0ZXMudXNwLmJyXC9sbnFcL3dwLWNvbnRlbnRcL3VwbG9hZHNcL3NpdGVzXC85ODNcLzIwMjFcLzA4XC9NQ0gtbm8tY2FtdW5kb25nby1zY2FsZWQuanBnIiwic2xpZGVzaG93IjoiZmU3Y2QzMyJ9\">\t\t<div class=\"elementor-carousel-image\" role=\"img\" aria-label=\"MCH no camundongo \" style=\"background-image: url(&#039;https:\/\/sites.usp.br\/lnq\/wp-content\/uploads\/sites\/983\/2021\/08\/MCH-no-camundongo-scaled.jpg&#039;)\">\n\n\t\t\t\n\t\t\t\t\t<\/div>\n\t\t<\/a>\t\t\t\t\t\t<\/div>\n\t\t\t\t\t\t\t\t\t\t\t<div class=\"swiper-slide\">\n\t\t\t\t\t\t\t<a href=\"https:\/\/sites.usp.br\/lnq\/wp-content\/uploads\/sites\/983\/2021\/08\/MCHR1-TH-BO-63X-Confocal-MIP_c12.jpg\" data-elementor-open-lightbox=\"yes\" data-elementor-lightbox-slideshow=\"fe7cd33\" data-elementor-lightbox-title=\"MCHR1 TH BO 63X Confocal MIP_c1+2 \" data-e-action-hash=\"#elementor-action%3Aaction%3Dlightbox%26settings%3DeyJpZCI6NTE5LCJ1cmwiOiJodHRwczpcL1wvc2l0ZXMudXNwLmJyXC9sbnFcL3dwLWNvbnRlbnRcL3VwbG9hZHNcL3NpdGVzXC85ODNcLzIwMjFcLzA4XC9NQ0hSMS1USC1CTy02M1gtQ29uZm9jYWwtTUlQX2MxMi5qcGciLCJzbGlkZXNob3ciOiJmZTdjZDMzIn0%3D\">\t\t<div class=\"elementor-carousel-image\" role=\"img\" aria-label=\"MCHR1 TH BO 63X Confocal MIP_c1+2 \" style=\"background-image: url(&#039;https:\/\/sites.usp.br\/lnq\/wp-content\/uploads\/sites\/983\/2021\/08\/MCHR1-TH-BO-63X-Confocal-MIP_c12.jpg&#039;)\">\n\n\t\t\t\n\t\t\t\t\t<\/div>\n\t\t<\/a>\t\t\t\t\t\t<\/div>\n\t\t\t\t\t\t\t\t\t\t\t<div class=\"swiper-slide\">\n\t\t\t\t\t\t\t<a href=\"https:\/\/sites.usp.br\/lnq\/wp-content\/uploads\/sites\/983\/2021\/08\/Neuronios-MCH-ir-na-LHA-scaled.jpg\" data-elementor-open-lightbox=\"yes\" data-elementor-lightbox-slideshow=\"fe7cd33\" data-elementor-lightbox-title=\"Neur\u00f4nios MCH-ir na LHA \" data-e-action-hash=\"#elementor-action%3Aaction%3Dlightbox%26settings%3DeyJpZCI6NTE2LCJ1cmwiOiJodHRwczpcL1wvc2l0ZXMudXNwLmJyXC9sbnFcL3dwLWNvbnRlbnRcL3VwbG9hZHNcL3NpdGVzXC85ODNcLzIwMjFcLzA4XC9OZXVyb25pb3MtTUNILWlyLW5hLUxIQS1zY2FsZWQuanBnIiwic2xpZGVzaG93IjoiZmU3Y2QzMyJ9\">\t\t<div class=\"elementor-carousel-image\" role=\"img\" aria-label=\"Neur\u00f4nios MCH-ir na LHA \" style=\"background-image: url(&#039;https:\/\/sites.usp.br\/lnq\/wp-content\/uploads\/sites\/983\/2021\/08\/Neuronios-MCH-ir-na-LHA-scaled.jpg&#039;)\">\n\n\t\t\t\n\t\t\t\t\t<\/div>\n\t\t<\/a>\t\t\t\t\t\t<\/div>\n\t\t\t\t\t\t\t\t\t\t\t<div class=\"swiper-slide\">\n\t\t\t\t\t\t\t<a href=\"https:\/\/sites.usp.br\/lnq\/wp-content\/uploads\/sites\/983\/2021\/08\/Neuronios-MCH-ir-scaled.jpg\" data-elementor-open-lightbox=\"yes\" data-elementor-lightbox-slideshow=\"fe7cd33\" data-elementor-lightbox-title=\"Neur\u00f4nios MCH-ir \" data-e-action-hash=\"#elementor-action%3Aaction%3Dlightbox%26settings%3DeyJpZCI6NTE3LCJ1cmwiOiJodHRwczpcL1wvc2l0ZXMudXNwLmJyXC9sbnFcL3dwLWNvbnRlbnRcL3VwbG9hZHNcL3NpdGVzXC85ODNcLzIwMjFcLzA4XC9OZXVyb25pb3MtTUNILWlyLXNjYWxlZC5qcGciLCJzbGlkZXNob3ciOiJmZTdjZDMzIn0%3D\">\t\t<div class=\"elementor-carousel-image\" role=\"img\" aria-label=\"Neur\u00f4nios MCH-ir \" style=\"background-image: url(&#039;https:\/\/sites.usp.br\/lnq\/wp-content\/uploads\/sites\/983\/2021\/08\/Neuronios-MCH-ir-scaled.jpg&#039;)\">\n\n\t\t\t\n\t\t\t\t\t<\/div>\n\t\t<\/a>\t\t\t\t\t\t<\/div>\n\t\t\t\t\t\t\t\t\t\t\t<div class=\"swiper-slide\">\n\t\t\t\t\t\t\t<a href=\"https:\/\/sites.usp.br\/lnq\/wp-content\/uploads\/sites\/983\/2021\/08\/SliceH_c12.jpg\" data-elementor-open-lightbox=\"yes\" data-elementor-lightbox-slideshow=\"fe7cd33\" data-elementor-lightbox-title=\"SliceH_c1+2\" data-e-action-hash=\"#elementor-action%3Aaction%3Dlightbox%26settings%3DeyJpZCI6NTE4LCJ1cmwiOiJodHRwczpcL1wvc2l0ZXMudXNwLmJyXC9sbnFcL3dwLWNvbnRlbnRcL3VwbG9hZHNcL3NpdGVzXC85ODNcLzIwMjFcLzA4XC9TbGljZUhfYzEyLmpwZyIsInNsaWRlc2hvdyI6ImZlN2NkMzMifQ%3D%3D\">\t\t<div class=\"elementor-carousel-image\" role=\"img\" aria-label=\"SliceH_c1+2\" style=\"background-image: url(&#039;https:\/\/sites.usp.br\/lnq\/wp-content\/uploads\/sites\/983\/2021\/08\/SliceH_c12.jpg&#039;)\">\n\n\t\t\t\n\t\t\t\t\t<\/div>\n\t\t<\/a>\t\t\t\t\t\t<\/div>\n\t\t\t\t\t\t\t\t\t<\/div>\n\t\t\t\t\t\t\t\t\t\t\t\t\t\t\t\t\t\t\t\t<div class=\"elementor-swiper-button elementor-swiper-button-prev\" role=\"button\" tabindex=\"0\">\n\t\t\t\t\t\t\t<i aria-hidden=\"true\" class=\"eicon-chevron-left\"><\/i>\t\t\t\t\t\t\t<span class=\"elementor-screen-only\">Anterior<\/span>\n\t\t\t\t\t\t<\/div>\n\t\t\t\t\t\t<div class=\"elementor-swiper-button elementor-swiper-button-next\" role=\"button\" tabindex=\"0\">\n\t\t\t\t\t\t\t<i aria-hidden=\"true\" class=\"eicon-chevron-right\"><\/i>\t\t\t\t\t\t\t<span class=\"elementor-screen-only\">Pr\u00f3ximo<\/span>\n\t\t\t\t\t\t<\/div>\n\t\t\t\t\t\t\t\t\t\t\t\t<\/div>\n\t\t<\/div>\n\t\t\t\t<div class=\"elementor-swiper\">\n\t\t\t<div class=\"elementor-thumbnails-swiper swiper\">\n\t\t\t\t<div class=\"swiper-wrapper\">\n\t\t\t\t\t\t\t\t\t\t\t<div class=\"swiper-slide\">\n\t\t\t\t\t\t\t\t\t<div class=\"elementor-carousel-image\" role=\"img\" aria-label=\"C\u00e9lulas MCH-ir na MPOA PPD19 \" style=\"background-image: url(&#039;https:\/\/sites.usp.br\/lnq\/wp-content\/uploads\/sites\/983\/2021\/08\/Celulas-MCH-ir-na-MPOA-PPD19.jpg&#039;)\">\n\n\t\t\t\n\t\t\t\t\t<\/div>\n\t\t<\/a>\t\t\t\t\t\t<\/div>\n\t\t\t\t\t\t\t\t\t\t\t<div class=\"swiper-slide\">\n\t\t\t\t\t\t\t\t\t<div class=\"elementor-carousel-image\" role=\"img\" aria-label=\"F\u00eamea LE Lactante PPD14 \" style=\"background-image: url(&#039;https:\/\/sites.usp.br\/lnq\/wp-content\/uploads\/sites\/983\/2021\/08\/Femea-LE-Lactante-PPD14-e1634668940563.png&#039;)\">\n\n\t\t\t\n\t\t\t\t\t<\/div>\n\t\t<\/a>\t\t\t\t\t\t<\/div>\n\t\t\t\t\t\t\t\t\t\t\t<div class=\"swiper-slide\">\n\t\t\t\t\t\t\t\t\t<div class=\"elementor-carousel-image\" role=\"img\" aria-label=\"MCH no camundongo \" style=\"background-image: url(&#039;https:\/\/sites.usp.br\/lnq\/wp-content\/uploads\/sites\/983\/2021\/08\/MCH-no-camundongo-scaled.jpg&#039;)\">\n\n\t\t\t\n\t\t\t\t\t<\/div>\n\t\t<\/a>\t\t\t\t\t\t<\/div>\n\t\t\t\t\t\t\t\t\t\t\t<div class=\"swiper-slide\">\n\t\t\t\t\t\t\t\t\t<div class=\"elementor-carousel-image\" role=\"img\" aria-label=\"MCHR1 TH BO 63X Confocal MIP_c1+2 \" style=\"background-image: url(&#039;https:\/\/sites.usp.br\/lnq\/wp-content\/uploads\/sites\/983\/2021\/08\/MCHR1-TH-BO-63X-Confocal-MIP_c12.jpg&#039;)\">\n\n\t\t\t\n\t\t\t\t\t<\/div>\n\t\t<\/a>\t\t\t\t\t\t<\/div>\n\t\t\t\t\t\t\t\t\t\t\t<div class=\"swiper-slide\">\n\t\t\t\t\t\t\t\t\t<div class=\"elementor-carousel-image\" role=\"img\" aria-label=\"Neur\u00f4nios MCH-ir na LHA \" style=\"background-image: url(&#039;https:\/\/sites.usp.br\/lnq\/wp-content\/uploads\/sites\/983\/2021\/08\/Neuronios-MCH-ir-na-LHA-scaled.jpg&#039;)\">\n\n\t\t\t\n\t\t\t\t\t<\/div>\n\t\t<\/a>\t\t\t\t\t\t<\/div>\n\t\t\t\t\t\t\t\t\t\t\t<div class=\"swiper-slide\">\n\t\t\t\t\t\t\t\t\t<div class=\"elementor-carousel-image\" role=\"img\" aria-label=\"Neur\u00f4nios MCH-ir \" style=\"background-image: url(&#039;https:\/\/sites.usp.br\/lnq\/wp-content\/uploads\/sites\/983\/2021\/08\/Neuronios-MCH-ir-scaled.jpg&#039;)\">\n\n\t\t\t\n\t\t\t\t\t<\/div>\n\t\t<\/a>\t\t\t\t\t\t<\/div>\n\t\t\t\t\t\t\t\t\t\t\t<div class=\"swiper-slide\">\n\t\t\t\t\t\t\t\t\t<div class=\"elementor-carousel-image\" role=\"img\" aria-label=\"SliceH_c1+2\" style=\"background-image: url(&#039;https:\/\/sites.usp.br\/lnq\/wp-content\/uploads\/sites\/983\/2021\/08\/SliceH_c12.jpg&#039;)\">\n\n\t\t\t\n\t\t\t\t\t<\/div>\n\t\t<\/a>\t\t\t\t\t\t<\/div>\n\t\t\t\t\t\t\t\t\t<\/div>\n\t\t\t\t\t\t\t\t\t\t\t\t\t\t\t\t\t\t\t\t\t<\/div>\n\t\t<\/div>\n\t\t\t\t<\/div>\n\t\t\t\t<\/div>\n\t\t\t\t<div class=\"elementor-element elementor-element-cb4a82c elementor-widget elementor-widget-spacer\" data-id=\"cb4a82c\" data-element_type=\"widget\" data-widget_type=\"spacer.default\">\n\t\t\t\t<div class=\"elementor-widget-container\">\n\t\t\t\t\t<div class=\"elementor-spacer\">\n\t\t\t<div class=\"elementor-spacer-inner\"><\/div>\n\t\t<\/div>\n\t\t\t\t<\/div>\n\t\t\t\t<\/div>\n\t\t\t\t\t<\/div>\n\t\t<\/div>\n\t\t\t\t\t<\/div>\n\t\t<\/section>\n\t\t\t\t<section class=\"elementor-section elementor-top-section elementor-element elementor-element-0550d04 elementor-section-boxed elementor-section-height-default elementor-section-height-default\" data-id=\"0550d04\" data-element_type=\"section\">\n\t\t\t\t\t\t<div class=\"elementor-container elementor-column-gap-default\">\n\t\t\t\t\t<div class=\"elementor-column elementor-col-100 elementor-top-column elementor-element elementor-element-33cccb7\" data-id=\"33cccb7\" data-element_type=\"column\">\n\t\t\t<div class=\"elementor-widget-wrap elementor-element-populated\">\n\t\t\t\t\t\t<div class=\"elementor-element elementor-element-6ea158b elementor-widget elementor-widget-spacer\" data-id=\"6ea158b\" data-element_type=\"widget\" data-widget_type=\"spacer.default\">\n\t\t\t\t<div class=\"elementor-widget-container\">\n\t\t\t\t\t<div class=\"elementor-spacer\">\n\t\t\t<div class=\"elementor-spacer-inner\"><\/div>\n\t\t<\/div>\n\t\t\t\t<\/div>\n\t\t\t\t<\/div>\n\t\t\t\t\t<\/div>\n\t\t<\/div>\n\t\t\t\t\t<\/div>\n\t\t<\/section>\n\t\t\t\t<\/div>","protected":false},"excerpt":{"rendered":"<p>Linha de Pesquisa Descubra a linha de pesquisa do nosso laborat\u00f3rio aqui! O per\u00edodo de lacta\u00e7\u00e3o talvez seja incompar\u00e1vel em termos de extens\u00e3o e profundidade das demandas metab\u00f3licas impostas \u00e0 mulher durante um curto per\u00edodo. Isso torna a maternidade um campo de pesquisa muito atraente, pois fornece aos pesquisadores um modelo fisiol\u00f3gico de plasticidade cerebral [&hellip;]<\/p>\n","protected":false},"author":22497,"featured_media":0,"parent":0,"menu_order":0,"comment_status":"closed","ping_status":"closed","template":"elementor_header_footer","meta":{"footnotes":"","_links_to":"","_links_to_target":""},"class_list":["post-501","page","type-page","status-publish","hentry"],"_links":{"self":[{"href":"https:\/\/sites.usp.br\/lnq\/wp-json\/wp\/v2\/pages\/501","targetHints":{"allow":["GET"]}}],"collection":[{"href":"https:\/\/sites.usp.br\/lnq\/wp-json\/wp\/v2\/pages"}],"about":[{"href":"https:\/\/sites.usp.br\/lnq\/wp-json\/wp\/v2\/types\/page"}],"author":[{"embeddable":true,"href":"https:\/\/sites.usp.br\/lnq\/wp-json\/wp\/v2\/users\/22497"}],"replies":[{"embeddable":true,"href":"https:\/\/sites.usp.br\/lnq\/wp-json\/wp\/v2\/comments?post=501"}],"version-history":[{"count":4,"href":"https:\/\/sites.usp.br\/lnq\/wp-json\/wp\/v2\/pages\/501\/revisions"}],"predecessor-version":[{"id":1427,"href":"https:\/\/sites.usp.br\/lnq\/wp-json\/wp\/v2\/pages\/501\/revisions\/1427"}],"wp:attachment":[{"href":"https:\/\/sites.usp.br\/lnq\/wp-json\/wp\/v2\/media?parent=501"}],"curies":[{"name":"wp","href":"https:\/\/api.w.org\/{rel}","templated":true}]}}