{"id":2459,"date":"2023-04-20T11:02:24","date_gmt":"2023-04-20T14:02:24","guid":{"rendered":"https:\/\/sites.usp.br\/lot\/?page_id=2459"},"modified":"2023-04-20T11:02:24","modified_gmt":"2023-04-20T14:02:24","slug":"prof-flavio-teixeira","status":"publish","type":"page","link":"https:\/\/sites.usp.br\/lot\/en\/prof-flavio-teixeira\/","title":{"rendered":"Prof. Fl\u00e1vio Teixeira"},"content":{"rendered":"<p><\/p>\n<p style=\"text-align: justify;\">Degree in Chemistry from the State University of Campinas (1980), Bachelor\u2019s degree in Chemistry from the State University of Campinas (1979), Master\u2019s degree in Chemistry from the State University of Campinas (1987) and Doctorate\u2019s degree in Chemistry from the State University of Campinas (1995). Currently, is reviewer of the Revista Brasileira de Agroci\u00eancia, professor of the University of S\u00e3o Paulo, reviewer of the journal Qu\u00edmica Nova, reviewer of the Journal of Hazardous Materials, reviewer of the journal BioResources, reviewer of the Empresa Brasileira de Pesquisa Agropecu\u00e1ria, Member of advisory committee of the Prefeitura Municipal de Lorena, Member of advisory committee of the Ag\u00eancia da Bacia do Rio Para\u00edba do Sul, Reviewer of project for the Funda\u00e7\u00e3o de Amparo \u00e0 Pesquisa do Estado de S\u00e3o Paulo, Reviewer of project for the Conselho Nacional de Desenvolvimento Cient\u00edfico e Tecnol\u00f3gico and Reviewer of project for the Coordena\u00e7\u00e3o de Aperfei\u00e7oamento de Pessoal de N\u00edvel Superior. Has experience in the area of \u200b\u200bForest Resources and Forestry Engineering, with emphasis on Technology and Use of Forest Products. Acting mainly on the following themes: sugarcane bagasse, pre-treatment by steam explosion, delignification, cellulose, polioses and lignin.<\/p>\n<p><\/p>","protected":false},"excerpt":{"rendered":"<p>Degree in Chemistry from the State University of Campinas (1980), Bachelor\u2019s degree in Chemistry from [&hellip;]<\/p>\n","protected":false},"author":492,"featured_media":0,"parent":0,"menu_order":0,"comment_status":"closed","ping_status":"closed","template":"","meta":{"footnotes":"","_links_to":"","_links_to_target":""},"class_list":["post-2459","page","type-page","status-publish","hentry"],"_links":{"self":[{"href":"https:\/\/sites.usp.br\/lot\/en\/wp-json\/wp\/v2\/pages\/2459","targetHints":{"allow":["GET"]}}],"collection":[{"href":"https:\/\/sites.usp.br\/lot\/en\/wp-json\/wp\/v2\/pages"}],"about":[{"href":"https:\/\/sites.usp.br\/lot\/en\/wp-json\/wp\/v2\/types\/page"}],"author":[{"embeddable":true,"href":"https:\/\/sites.usp.br\/lot\/en\/wp-json\/wp\/v2\/users\/492"}],"replies":[{"embeddable":true,"href":"https:\/\/sites.usp.br\/lot\/en\/wp-json\/wp\/v2\/comments?post=2459"}],"version-history":[{"count":1,"href":"https:\/\/sites.usp.br\/lot\/en\/wp-json\/wp\/v2\/pages\/2459\/revisions"}],"predecessor-version":[{"id":2460,"href":"https:\/\/sites.usp.br\/lot\/en\/wp-json\/wp\/v2\/pages\/2459\/revisions\/2460"}],"wp:attachment":[{"href":"https:\/\/sites.usp.br\/lot\/en\/wp-json\/wp\/v2\/media?parent=2459"}],"curies":[{"name":"wp","href":"https:\/\/api.w.org\/{rel}","templated":true}]}}