{"id":2461,"date":"2023-04-20T11:03:21","date_gmt":"2023-04-20T14:03:21","guid":{"rendered":"https:\/\/sites.usp.br\/lot\/?page_id=2461"},"modified":"2023-04-20T11:03:21","modified_gmt":"2023-04-20T14:03:21","slug":"profa-ines-roberto","status":"publish","type":"page","link":"https:\/\/sites.usp.br\/lot\/en\/profa-ines-roberto\/","title":{"rendered":"Profa. In\u00eas Roberto"},"content":{"rendered":"<p><\/p>\n<p style=\"text-align: justify;\">Graduated in Chemical Engineering (1982) from the Faculty of Chemical Engineering of Lorena and Doctorate\u2019s degree in Biochemical-Pharmaceutical Technology (Fermentation Technology) from the University of S\u00e3o Paulo (1997). Currently, is a Professor at the Engineering College of Lorena of the University of S\u00e3o Paulo. Coordinated the Graduate Program in Industrial Biotechnology and was Vice-President of the CPG (Comiss\u00e3o de P\u00f3s-Gradua\u00e7\u00e3o) of EEL\/USP from 03\/2007 to 03\/2011. Was Member of the Central Commission of the Programa de Aperfei\u00e7oamento de Ensino (PAE) of USP from 2007 to 2014. Has experience in the area of Applied Microbiology and Biochemical Engineering, acting mainly on the following themes: fermentation of pentoses, with emphasis on the obtention of ethanol and xylitol, use of lignocellulosic biomass in biotechnological or chemical processes, extraction of biomolecules.<\/p>\n<p><\/p>","protected":false},"excerpt":{"rendered":"<p>Graduated in Chemical Engineering (1982) from the Faculty of Chemical Engineering of Lorena and Doctorate\u2019s [&hellip;]<\/p>\n","protected":false},"author":492,"featured_media":0,"parent":0,"menu_order":0,"comment_status":"closed","ping_status":"closed","template":"","meta":{"footnotes":"","_links_to":"","_links_to_target":""},"class_list":["post-2461","page","type-page","status-publish","hentry"],"_links":{"self":[{"href":"https:\/\/sites.usp.br\/lot\/en\/wp-json\/wp\/v2\/pages\/2461","targetHints":{"allow":["GET"]}}],"collection":[{"href":"https:\/\/sites.usp.br\/lot\/en\/wp-json\/wp\/v2\/pages"}],"about":[{"href":"https:\/\/sites.usp.br\/lot\/en\/wp-json\/wp\/v2\/types\/page"}],"author":[{"embeddable":true,"href":"https:\/\/sites.usp.br\/lot\/en\/wp-json\/wp\/v2\/users\/492"}],"replies":[{"embeddable":true,"href":"https:\/\/sites.usp.br\/lot\/en\/wp-json\/wp\/v2\/comments?post=2461"}],"version-history":[{"count":1,"href":"https:\/\/sites.usp.br\/lot\/en\/wp-json\/wp\/v2\/pages\/2461\/revisions"}],"predecessor-version":[{"id":2462,"href":"https:\/\/sites.usp.br\/lot\/en\/wp-json\/wp\/v2\/pages\/2461\/revisions\/2462"}],"wp:attachment":[{"href":"https:\/\/sites.usp.br\/lot\/en\/wp-json\/wp\/v2\/media?parent=2461"}],"curies":[{"name":"wp","href":"https:\/\/api.w.org\/{rel}","templated":true}]}}