{"id":2467,"date":"2023-04-28T10:32:14","date_gmt":"2023-04-28T13:32:14","guid":{"rendered":"https:\/\/sites.usp.br\/lot\/?page_id=2467"},"modified":"2023-04-28T10:32:14","modified_gmt":"2023-04-28T13:32:14","slug":"prof-julio-cesar","status":"publish","type":"page","link":"https:\/\/sites.usp.br\/lot\/en\/prof-julio-cesar\/","title":{"rendered":"Prof. J\u00falio C\u00e9sar"},"content":{"rendered":"<p><\/p>\n<p style=\"text-align: justify;\">Graduated in Industrial Chemical Engineering by the Faculty of Chemical Engineering of Lorena (1999) and Doctorate\u2019s degree in Industrial Biotechnology by the same institution (2005). Has experience in Chemical Engineering, with emphasis on Biochemical Processes, acting mainly in the following themes: bioreactors, lipase, modification of oils and fats, xylitol, sugarcane bagasse, enzymes and immobilized cells. Was head of the supply sector of the Divis\u00e3o de Apoio of the Grupamento de Infraestrutura e Apoio de S\u00e3o Jos\u00e9 dos Campos of the Departamento de Ci\u00eancia de Tecnologia Aeroespacial. Currently, is a professor of the Department of Biotechnology of the Engineering College of Lorena \u2013 University of S\u00e3o Paulo.<\/p>\n<p><\/p>","protected":false},"excerpt":{"rendered":"<p>Graduated in Industrial Chemical Engineering by the Faculty of Chemical Engineering of Lorena (1999) and [&hellip;]<\/p>\n","protected":false},"author":492,"featured_media":0,"parent":0,"menu_order":0,"comment_status":"closed","ping_status":"closed","template":"","meta":{"footnotes":"","_links_to":"","_links_to_target":""},"class_list":["post-2467","page","type-page","status-publish","hentry"],"_links":{"self":[{"href":"https:\/\/sites.usp.br\/lot\/en\/wp-json\/wp\/v2\/pages\/2467","targetHints":{"allow":["GET"]}}],"collection":[{"href":"https:\/\/sites.usp.br\/lot\/en\/wp-json\/wp\/v2\/pages"}],"about":[{"href":"https:\/\/sites.usp.br\/lot\/en\/wp-json\/wp\/v2\/types\/page"}],"author":[{"embeddable":true,"href":"https:\/\/sites.usp.br\/lot\/en\/wp-json\/wp\/v2\/users\/492"}],"replies":[{"embeddable":true,"href":"https:\/\/sites.usp.br\/lot\/en\/wp-json\/wp\/v2\/comments?post=2467"}],"version-history":[{"count":1,"href":"https:\/\/sites.usp.br\/lot\/en\/wp-json\/wp\/v2\/pages\/2467\/revisions"}],"predecessor-version":[{"id":2468,"href":"https:\/\/sites.usp.br\/lot\/en\/wp-json\/wp\/v2\/pages\/2467\/revisions\/2468"}],"wp:attachment":[{"href":"https:\/\/sites.usp.br\/lot\/en\/wp-json\/wp\/v2\/media?parent=2467"}],"curies":[{"name":"wp","href":"https:\/\/api.w.org\/{rel}","templated":true}]}}