{"id":2469,"date":"2023-04-28T10:33:09","date_gmt":"2023-04-28T13:33:09","guid":{"rendered":"https:\/\/sites.usp.br\/lot\/?page_id=2469"},"modified":"2023-04-28T10:33:09","modified_gmt":"2023-04-28T13:33:09","slug":"profa-maria-das-gracas","status":"publish","type":"page","link":"https:\/\/sites.usp.br\/lot\/en\/profa-maria-das-gracas\/","title":{"rendered":"Profa. Maria das Gra\u00e7as"},"content":{"rendered":"<p><\/p>\n<p style=\"text-align: justify;\">Graduated in Exact and Technological Sciences with Full Degree in Biology (1981) and Master\u2019s degree in Agricultural Microbiology in the Area of Food Microbiology (1988) from the Federal University of Vi\u00e7osa. Doctorate\u2019s degree in Biochemical-Pharmaceutical Technology in the Area of Fermentation Technology (1994) and Associate Professor in the Area of Applied Microbiology (2013) from the University of S\u00e3o Paulo. Professor at the Department of Biotechnology of the Engineering College of Lorena \u2013 EEL, University of S\u00e3o Paulo \u2013 USP, acting in Undergraduate and Graduate courses in the areas of Applied Microbiology and Biomass Conversion. For 28 years, has been developing research for the biotechnological utilization of different plant biomasses, with emphasis on the use of pentoses, such as xylose, from the hemicellulosic fraction of sugarcane bagasse and straw, for the production of bioproducts, particularly xylitol, ethanol and, currently, biosurfactant. More specifically, the focus is on the steps of fractionation of biomass, detoxification and nutritional supplementation of hydrolysates, and evaluation of bioprocess parameters. Recent scientific advances achieved with the scale up of xylitol production from sugarcane bagasse have led to the diversification of the investigation for the use of the sugarcane biomass in biorefinery, including sugar cane straw and molasses, in addition to the exploitation of Antarctic microbial biodiversity to obtain bioproducts from pentoses. Collaborates in interinstitutional and international projects. The scientific production publicized in the country and abroad is found in indexed periodics, book chapters, theses, patents, among others. Recently, has served as Chair of the Comiss\u00e3o de Pesquisa at EEL-USP and Member of the Conselho de Pesquisa of USP (2007-2013). Is founding member of the Ibero-American Society for the Development of Biorefineries \u2013 SIADEB, a cooperation project of CYTED Network 310RT0397 (2010-2013), and founding member of the Bioenergy Society (SBE), which was founded in November 2013. Currently, at EEL-USP, is member of the Comiss\u00e3o de Pesquisa, of the Conselho do Departamento de Biotecnologia and of the Comiss\u00e3o de Biosseguran\u00e7a.<\/p>\n<p><\/p>","protected":false},"excerpt":{"rendered":"<p>Graduated in Exact and Technological Sciences with Full Degree in Biology (1981) and Master\u2019s degree [&hellip;]<\/p>\n","protected":false},"author":492,"featured_media":0,"parent":0,"menu_order":0,"comment_status":"closed","ping_status":"closed","template":"","meta":{"footnotes":"","_links_to":"","_links_to_target":""},"class_list":["post-2469","page","type-page","status-publish","hentry"],"_links":{"self":[{"href":"https:\/\/sites.usp.br\/lot\/en\/wp-json\/wp\/v2\/pages\/2469","targetHints":{"allow":["GET"]}}],"collection":[{"href":"https:\/\/sites.usp.br\/lot\/en\/wp-json\/wp\/v2\/pages"}],"about":[{"href":"https:\/\/sites.usp.br\/lot\/en\/wp-json\/wp\/v2\/types\/page"}],"author":[{"embeddable":true,"href":"https:\/\/sites.usp.br\/lot\/en\/wp-json\/wp\/v2\/users\/492"}],"replies":[{"embeddable":true,"href":"https:\/\/sites.usp.br\/lot\/en\/wp-json\/wp\/v2\/comments?post=2469"}],"version-history":[{"count":1,"href":"https:\/\/sites.usp.br\/lot\/en\/wp-json\/wp\/v2\/pages\/2469\/revisions"}],"predecessor-version":[{"id":2470,"href":"https:\/\/sites.usp.br\/lot\/en\/wp-json\/wp\/v2\/pages\/2469\/revisions\/2470"}],"wp:attachment":[{"href":"https:\/\/sites.usp.br\/lot\/en\/wp-json\/wp\/v2\/media?parent=2469"}],"curies":[{"name":"wp","href":"https:\/\/api.w.org\/{rel}","templated":true}]}}