{"id":299,"date":"2017-05-16T09:38:46","date_gmt":"2017-05-16T12:38:46","guid":{"rendered":"http:\/\/sites.usp.br\/lot\/?page_id=299"},"modified":"2019-04-10T09:50:33","modified_gmt":"2019-04-10T12:50:33","slug":"historico","status":"publish","type":"page","link":"https:\/\/sites.usp.br\/lot\/en\/historico\/","title":{"rendered":"Hist\u00f3rico"},"content":{"rendered":"<p><\/p>\n<p style=\"text-align: justify;\"><a href=\"http:\/\/sites.usp.br\/lot\/wp-content\/uploads\/sites\/255\/2018\/12\/fachada-debiq_nova.jpg\"><img loading=\"lazy\" decoding=\"async\" class=\"size-full wp-image-995 aligncenter\" src=\"http:\/\/sites.usp.br\/lot\/wp-content\/uploads\/sites\/255\/2018\/12\/fachada-debiq_nova.jpg\" alt=\"\" width=\"581\" height=\"390\" srcset=\"https:\/\/sites.usp.br\/lot\/wp-content\/uploads\/sites\/255\/2018\/12\/fachada-debiq_nova.jpg 581w, https:\/\/sites.usp.br\/lot\/wp-content\/uploads\/sites\/255\/2018\/12\/fachada-debiq_nova-300x201.jpg 300w, https:\/\/sites.usp.br\/lot\/wp-content\/uploads\/sites\/255\/2018\/12\/fachada-debiq_nova-400x269.jpg 400w\" sizes=\"auto, (max-width: 581px) 100vw, 581px\" \/><\/a><\/p>\n<p style=\"text-align: justify;\">The Department of Biotechnology &#8211; LOT is one of the four research and education departments that integrate the Engineering College of Lorena of the University of S\u00e3o Paulo &#8211; EEL\/USP.<\/p>\n<p style=\"text-align: justify;\">The precursory activities of the department began in 1974, with the participation of a technical team of the Instituto Nacional de Tecnologia &#8211; INT. At that time, a study was carried out by several research institutions, under the coordination of the Secretaria de Tecnologia Industrial of the Minist\u00e9rio da Ind\u00fastria e Com\u00e9rcio, in order to find a national substitute for petroleum. Research has focused on the production of ethanol from non-conventional raw materials such as cassava, sorghum, wood and lignocellulosic residues, culminating with the installation of several pilot plants on what would come to be the campus of the Faculdade de Engenharia Qu\u00edmica de Lorena &#8211; Faenquil , in the city of Lorena, SP.<\/p>\n<p style=\"text-align: justify;\">From 1984, the then Divis\u00e3o de Biotecnologia of the Funda\u00e7\u00e3o de Tecnologia Industrial began to focus on the development of biotechnological processes prioritizing those related to the use of lignocellulosic biomass. With the financial support of the World Bank, in 1987 the Department of Biotechnology was created, with the construction of a building of laboratories near the pilot plants. Thus, in one place, the ideal conditions for the development of laboratory research and its transfer to the pilot scale were met.<\/p>\n<p style=\"text-align: justify;\">In 1991, the institution became a state institution, and the Center started to be formally called Department of Biotechnology.<\/p>\n<p style=\"text-align: justify;\">In 1994 the department began its activities in Graduate eduction, offering the course of Industrial Biotechnology at Masters level.<\/p>\n<p style=\"text-align: justify;\">In 1998, with own resources and funding from CAPES, FAPESP and FINEP, several annexes to the main building were built, including Graduate Laboratory, Library, Classrooms, Microbrewery, Laboratories of Chemistry of Lignocellulosic Materials and Treatment of Effluents, Laboratory of Probiotics and Laboratories of Fermentation.<\/p>\n<p style=\"text-align: justify;\">In 1999, the facilities of the department continued to be expanded, with the construction of several research laboratories and support rooms.<\/p>\n<p style=\"text-align: justify;\">With the objective of supplying the demand for a professional capable of managing industrial processes involving raw materials and catalysts of biological origin, the department proposed the creation of the undergraduate course in Biochemical Engineering. This course, first in Brazil, began to be offered in 1999, and was recognized by the Conselho Estadual de Educa\u00e7\u00e3o do Estado de S\u00e3o Paulo through the CEE feedback n\u00ba 410\/2003.<\/p>\n<p style=\"text-align: justify;\">In 2000, the Graduate Program in Industrial Biotechnology &#8211; GPIB received the recommendation of CAPES to offer the course at the Doctoral level, which occurred from the second semester of the same year, with the main objective of training highly qualified professionals capable of solving problems relevant to the development and improvement of processes and products in the areas of Biomass Conversion and Applied Microbiology. The quality of the activities developed in themes that deal with the biotechnological conversion of isolated fractions of the raw biomass into products of economic interest as well as in the area of environmental biotechnology related to the ecotoxicological monitoring of waters and the treatment of effluents is recognized nationally and internationally. More recently, the program has incorporated a relevant area that includes studies of functional plant genomics and genetic engineering of microorganisms.<\/p>\n<p><\/p>","protected":false},"excerpt":{"rendered":"<p>The Department of Biotechnology &#8211; LOT is one of the four research and education departments [&hellip;]<\/p>\n","protected":false},"author":492,"featured_media":0,"parent":0,"menu_order":0,"comment_status":"closed","ping_status":"closed","template":"","meta":{"footnotes":"","_links_to":"","_links_to_target":""},"class_list":["post-299","page","type-page","status-publish","hentry"],"_links":{"self":[{"href":"https:\/\/sites.usp.br\/lot\/en\/wp-json\/wp\/v2\/pages\/299","targetHints":{"allow":["GET"]}}],"collection":[{"href":"https:\/\/sites.usp.br\/lot\/en\/wp-json\/wp\/v2\/pages"}],"about":[{"href":"https:\/\/sites.usp.br\/lot\/en\/wp-json\/wp\/v2\/types\/page"}],"author":[{"embeddable":true,"href":"https:\/\/sites.usp.br\/lot\/en\/wp-json\/wp\/v2\/users\/492"}],"replies":[{"embeddable":true,"href":"https:\/\/sites.usp.br\/lot\/en\/wp-json\/wp\/v2\/comments?post=299"}],"version-history":[{"count":4,"href":"https:\/\/sites.usp.br\/lot\/en\/wp-json\/wp\/v2\/pages\/299\/revisions"}],"predecessor-version":[{"id":1031,"href":"https:\/\/sites.usp.br\/lot\/en\/wp-json\/wp\/v2\/pages\/299\/revisions\/1031"}],"wp:attachment":[{"href":"https:\/\/sites.usp.br\/lot\/en\/wp-json\/wp\/v2\/media?parent=299"}],"curies":[{"name":"wp","href":"https:\/\/api.w.org\/{rel}","templated":true}]}}