{"id":303,"date":"2017-05-16T09:40:46","date_gmt":"2017-05-16T12:40:46","guid":{"rendered":"http:\/\/sites.usp.br\/lot\/?page_id=303"},"modified":"2025-09-15T11:10:28","modified_gmt":"2025-09-15T14:10:28","slug":"docentes","status":"publish","type":"page","link":"https:\/\/sites.usp.br\/lot\/en\/docentes\/","title":{"rendered":"Professors"},"content":{"rendered":"<p><img loading=\"lazy\" decoding=\"async\" class=\"alignleft\" src=\"http:\/\/servicosweb.cnpq.br\/wspessoa\/servletrecuperafoto?tipo=1&amp;id=K4721467U7\" width=\"184\" height=\"207\" \/> <strong>PROFA. TITULAR <a href=\"https:\/\/sites.usp.br\/lot\/profa-adriane-milagres\/\" target=\"_blank\" rel=\"noopener\"><span style=\"color: #ff6600;\">ADRIANE MARIA FERREIRA MILAGRES<\/span><\/a><\/strong><\/p>\n<p><span style=\"font-weight: 400;\">Biochemistry of Lignocellulose<\/span><\/p>\n<p>Phone: +55 (12) 3159 5019\u00a0 \u00a0 \u00a0E-mail: adrianemilagres@usp.br<\/p>\n<p><a href=\"http:\/\/lattes.cnpq.br\/4550627569914128\">Curriculum Lattes<\/a><\/p>\n<p><a href=\"https:\/\/orcid.org\/0000-0003-1133-1254\" target=\"_blank\" rel=\"noopener\">https:\/\/orcid.org\/0000-0003-1133-1254<\/a><\/p>\n<p>&nbsp;<\/p>\n<p>&nbsp;<\/p>\n<p>&nbsp;<\/p>\n<hr \/>\n<p><img loading=\"lazy\" decoding=\"async\" class=\"alignleft\" src=\"http:\/\/servicosweb.cnpq.br\/wspessoa\/servletrecuperafoto?tipo=1&amp;id=K4784242T1\" width=\"202\" height=\"194\" \/> <strong>PROF. TITULAR\u00a0<a href=\"https:\/\/sites.usp.br\/lot\/prof-andre-ferraz\/\" target=\"_blank\" rel=\"noopener\"><span style=\"color: #ff6600;\">ANDR\u00c9 LUIS FERRAZ<\/span><\/a><\/strong><\/p>\n<p><span style=\"font-weight: 400;\">Chemistry of Lignocellulose<\/span><\/p>\n<p><a href=\"https:\/\/sites.usp.br\/ppgbi\/laboratorio-de-ciencias-da-madeira\/\" target=\"_blank\" rel=\"noopener\"><span style=\"font-weight: 400;\">https:\/\/sites.usp.br\/ppgbi\/laboratorio-de-ciencias-da-madeira\/<\/span><\/a><\/p>\n<p>Phone: +55 (12) 3159 5018\u00a0 \u00a0 E-mail: andreferraz@usp.br<\/p>\n<p><a href=\"http:\/\/lattes.cnpq.br\/6721441488482076\">Curriculum Lattes<\/a><\/p>\n<p><a href=\"https:\/\/orcid.org\/0000-0002-9968-7054\" target=\"_blank\" rel=\"noopener\">https:\/\/orcid.org\/0000-0002-9968-7054<\/a><\/p>\n<p>&nbsp;<\/p>\n<hr \/>\n<p><a href=\"https:\/\/sites.usp.br\/lot\/wp-content\/uploads\/sites\/255\/2023\/02\/pro-andre-lopes.jpg\"><img loading=\"lazy\" decoding=\"async\" class=\"wp-image-2360 alignleft\" src=\"https:\/\/sites.usp.br\/lot\/wp-content\/uploads\/sites\/255\/2023\/02\/pro-andre-lopes.jpg\" alt=\"\" width=\"183\" height=\"186\" srcset=\"https:\/\/sites.usp.br\/lot\/wp-content\/uploads\/sites\/255\/2023\/02\/pro-andre-lopes.jpg 1381w, https:\/\/sites.usp.br\/lot\/wp-content\/uploads\/sites\/255\/2023\/02\/pro-andre-lopes-295x300.jpg 295w, https:\/\/sites.usp.br\/lot\/wp-content\/uploads\/sites\/255\/2023\/02\/pro-andre-lopes-1007x1024.jpg 1007w, https:\/\/sites.usp.br\/lot\/wp-content\/uploads\/sites\/255\/2023\/02\/pro-andre-lopes-768x781.jpg 768w, https:\/\/sites.usp.br\/lot\/wp-content\/uploads\/sites\/255\/2023\/02\/pro-andre-lopes-45x45.jpg 45w, https:\/\/sites.usp.br\/lot\/wp-content\/uploads\/sites\/255\/2023\/02\/pro-andre-lopes-400x407.jpg 400w\" sizes=\"auto, (max-width: 183px) 100vw, 183px\" \/><\/a><\/p>\n<p><strong>PROF. DR. <a href=\"https:\/\/sites.usp.br\/lot\/prof-andre-lopes\/\" target=\"_blank\" rel=\"noopener\"><span style=\"color: #ff6600;\">ANDR\u00c9 MORENI LOPES<\/span><\/a><\/strong><\/p>\n<p><span style=\"font-weight: 400;\">Pharmaceutical Biotechnology and Nanotechnologies<\/span><\/p>\n<p>Phone: +55 (12) 3159 5009\u00a0\u00a0 \u00a0 E-mail: andreml@usp.br<\/p>\n<p><a href=\"http:\/\/lattes.cnpq.br\/6662751103634260\">Curriculum Lattes<\/a><\/p>\n<p><a href=\"https:\/\/orcid.org\/0000-0002-3570-2470\" target=\"_blank\" rel=\"noopener\">https:\/\/orcid.org\/0000-0002-3570-2470<\/a><\/p>\n<p>&nbsp;<\/p>\n<p>&nbsp;<\/p>\n<hr \/>\n<p><img loading=\"lazy\" decoding=\"async\" class=\"alignleft\" src=\"http:\/\/servicosweb.cnpq.br\/wspessoa\/servletrecuperafoto?tipo=1&amp;id=K4478856A9\" width=\"185\" height=\"185\" \/><\/p>\n<p><strong>PROF. DR.\u00a0<a href=\"https:\/\/sites.usp.br\/lot\/prof-anuj-kumar\/\" target=\"_blank\" rel=\"noopener\"><span style=\"color: #ff6600;\">ANUJ KUMAR<\/span><\/a><\/strong><\/p>\n<p><span style=\"font-weight: 400;\">Lignocellulose Biomass Biorefineries<\/span><\/p>\n<p>Phone: +55 (19)-998577443\u00a0 \u00a0 E-mail: anuj10@usp.br<\/p>\n<p><a href=\"http:\/\/lattes.cnpq.br\/9675081451925907\">Curriculum Lattes<\/a><\/p>\n<p><a href=\"https:\/\/orcid.org\/0000-0002-2136-2620\" target=\"_blank\" rel=\"noopener\">https:\/\/orcid.org\/0000-0002-2136-2620<\/a><\/p>\n<p>&nbsp;<\/p>\n<p>&nbsp;<\/p>\n<hr \/>\n<p><img loading=\"lazy\" decoding=\"async\" class=\"alignleft\" src=\"http:\/\/servicosweb.cnpq.br\/wspessoa\/servletrecuperafoto?tipo=1&amp;id=K4780116U4\" width=\"218\" height=\"178\" \/><\/p>\n<p><strong>PROF. DR.\u00a0<a href=\"https:\/\/sites.usp.br\/lot\/prof-arnaldo-marcio\/\" target=\"_blank\" rel=\"noopener\"><span style=\"color: #ff6600;\">ARNALDO M\u00c1RCIO RAMALHO PRATA<\/span><\/a><\/strong><\/p>\n<p><span style=\"font-weight: 400;\">Development of fermentation processes<\/span><\/p>\n<p>Phone: +55 (12) 3159 5023\u00a0 \u00a0 \u00a0E-mail :amrprata@usp.br<\/p>\n<p><a href=\"http:\/\/lattes.cnpq.br\/7366010626563508\">Curriculum Lattes<\/a><\/p>\n<p><a href=\"https:\/\/orcid.org\/0000-0001-7009-2148\" target=\"_blank\" rel=\"noopener\">https:\/\/orcid.org\/0000-0001-7009-2148<\/a><\/p>\n<p>&nbsp;<\/p>\n<p>&nbsp;<\/p>\n<hr \/>\n<p><img loading=\"lazy\" decoding=\"async\" class=\"alignleft\" src=\"http:\/\/servicosweb.cnpq.br\/wspessoa\/servletrecuperafoto?tipo=1&amp;id=K4774304P9\" width=\"155\" height=\"246\" \/><\/p>\n<p><strong>PROF. DR.\u00a0<a href=\"https:\/\/sites.usp.br\/lot\/prof-elisson-romanel\/\" target=\"_blank\" rel=\"noopener\"><span style=\"color: #ff6600;\">ELISSON ANT\u00d4NIO DA COSTA ROMANEL<\/span><\/a><\/strong><\/p>\n<p><span style=\"font-weight: 400;\">Functional Genomics, Plant Genetic Engineering and Bioinformatics<\/span><\/p>\n<p><a href=\"https:\/\/sites.usp.br\/pgembl\/\" target=\"_blank\" rel=\"noopener\"><span style=\"font-weight: 400;\">https:\/\/sites.usp.br\/pgembl\/<\/span><\/a><\/p>\n<p>Phone: +55 (12) 3159 5009\u00a0 \u00a0 \u00a0 \u00a0 \u00a0 \u00a0 E-mail : romanel@usp.br<\/p>\n<p><a href=\"http:\/\/lattes.cnpq.br\/5113298140543428\">Curriculum Lattes<\/a><\/p>\n<p><a href=\"https:\/\/orcid.org\/0000-0002-4794-4215\" target=\"_blank\" rel=\"noopener\">https:\/\/orcid.org\/0000-0002-4794-4215<\/a><\/p>\n<p>&nbsp;<\/p>\n<p>&nbsp;<\/p>\n<p>&nbsp;<\/p>\n<hr \/>\n<p><img loading=\"lazy\" decoding=\"async\" class=\"alignleft\" src=\"http:\/\/servicosweb.cnpq.br\/wspessoa\/servletrecuperafoto?tipo=1&amp;id=K4739826U8\" width=\"215\" height=\"188\" \/><\/p>\n<p><strong>PROF. ASSOCIADO\u00a0<a href=\"https:\/\/sites.usp.br\/lot\/prof-fernando-segato\/\" target=\"_blank\" rel=\"noopener\"><span style=\"color: #ff6600;\">FERNANDO SEGATO<\/span><\/a><\/strong><\/p>\n<p><span style=\"font-weight: 400;\">Genetics and Molecular Biology of Microorganisms<\/span><\/p>\n<p><a href=\"https:\/\/sites.usp.br\/symb\/\" target=\"_blank\" rel=\"noopener\"><span style=\"font-weight: 400;\">https:\/\/sites.usp.br\/symb\/<\/span><\/a><\/p>\n<p>Phone: +55 (12) 3159 5010\u00a0 \u00a0 \u00a0 \u00a0 \u00a0 \u00a0 \u00a0E-mail: segato@usp.br<\/p>\n<p><a href=\"http:\/\/lattes.cnpq.br\/4768305989343564\">Curriculum Lattes<\/a><\/p>\n<p><a href=\"https:\/\/orcid.org\/0000-0002-6715-9601\" target=\"_blank\" rel=\"noopener\">https:\/\/orcid.org\/0000-0002-6715-9601<\/a><\/p>\n<p>&nbsp;<\/p>\n<hr \/>\n<p><img loading=\"lazy\" decoding=\"async\" class=\"alignleft\" src=\"http:\/\/servicosweb.cnpq.br\/wspessoa\/servletrecuperafoto?tipo=1&amp;id=K4783937J5\" width=\"216\" height=\"185\" \/><\/p>\n<p><strong>PROF. ASSOCIADO\u00a0<a href=\"https:\/\/sites.usp.br\/lot\/prof-flavio-teixeira\/\" target=\"_blank\" rel=\"noopener\"><span style=\"color: #ff6600;\">FL\u00c1VIO TEIXEIRA DA SILVA<\/span><\/a><\/strong><\/p>\n<p><span style=\"font-weight: 400;\">Characterization and Treatment of Effluents<\/span><\/p>\n<p>Phone: +55 (12) 3159 5036\u00a0 \u00a0 \u00a0 \u00a0 \u00a0 \u00a0 \u00a0E-mail: flaviots@usp.br<\/p>\n<p><a href=\"http:\/\/lattes.cnpq.br\/7075252571504729\">Curriculum Lattes<\/a><\/p>\n<p>&nbsp;<\/p>\n<p>&nbsp;<\/p>\n<p>&nbsp;<\/p>\n<hr \/>\n<p><img loading=\"lazy\" decoding=\"async\" class=\"alignleft\" src=\"http:\/\/servicosweb.cnpq.br\/wspessoa\/servletrecuperafoto?tipo=1&amp;id=K4788119Y5\" width=\"151\" height=\"235\" \/><\/p>\n<p><strong>PROFA. DRA.\u00a0<a href=\"https:\/\/sites.usp.br\/lot\/profa-ines-roberto\/\" target=\"_blank\" rel=\"noopener\"><span style=\"color: #ff6600;\">IN\u00caS CONCEI\u00c7\u00c3O ROBERTO<\/span><\/a><\/strong><\/p>\n<p><span style=\"font-weight: 400;\">Applied Microbiology and Biochemical Engineering<\/span><\/p>\n<p>Phone: +55 (12) 3159 5026\u00a0 \u00a0 \u00a0 \u00a0 \u00a0 \u00a0E-mail: iroberto@usp.br<\/p>\n<p><a href=\"http:\/\/lattes.cnpq.br\/4616080650279561\">Curriculum Lattes<\/a><\/p>\n<p><a href=\"https:\/\/orcid.org\/0000-0002-4539-8783\" target=\"_blank\" rel=\"noopener\">https:\/\/orcid.org\/0000-0002-4539-8783<\/a><\/p>\n<p>&nbsp;<\/p>\n<p>&nbsp;<\/p>\n<p>&nbsp;<\/p>\n<hr \/>\n<p><img loading=\"lazy\" decoding=\"async\" class=\"alignleft\" src=\"https:\/\/sites.usp.br\/ppgbi\/wp-content\/uploads\/sites\/212\/2016\/08\/ismael.jpg\" width=\"113\" height=\"212\" \/><\/p>\n<p><strong>PROF. DR.\u00a0<a href=\"https:\/\/sites.usp.br\/lot\/prof-ismael-mancilha\/\" target=\"_blank\" rel=\"noopener\"><span style=\"color: #ff6600;\">ISMAEL MACIEL DE MANCILHA<\/span><\/a><\/strong><\/p>\n<p><span style=\"font-weight: 400;\">Characterization of microorganisms with probiotic properties and fermented beverages<\/span><\/p>\n<p>Phone: +55 (12) 3159 5031\u00a0 \u00a0 \u00a0 \u00a0 \u00a0 \u00a0E-mail: mancilha@usp.br<\/p>\n<p><a href=\"http:\/\/lattes.cnpq.br\/0340119224890306\">Curriculum Lattes<\/a><\/p>\n<p>&nbsp;<\/p>\n<p>&nbsp;<\/p>\n<p>&nbsp;<\/p>\n<hr \/>\n<p><img loading=\"lazy\" decoding=\"async\" class=\"alignleft\" src=\"https:\/\/sites.usp.br\/ppgbi\/wp-content\/uploads\/sites\/212\/2016\/08\/julio-150x150.jpg\" width=\"191\" height=\"191\" \/><\/p>\n<p><strong>PROF. ASSOCIADO\u00a0<a href=\"https:\/\/sites.usp.br\/lot\/prof-julio-cesar\/\" target=\"_blank\" rel=\"noopener\"><span style=\"color: #ff6600;\">J\u00daLIO C\u00c9SAR DOS SANTOS<\/span><\/a><\/strong><\/p>\n<p><span style=\"font-weight: 400;\">Chemistry and Biotransformation of Lignocellulose and Mathematical Modeling<\/span><\/p>\n<p>Phone: +55 (12) 3159 5043\u00a0 \u00a0 \u00a0 \u00a0 \u00a0 \u00a0E-mail: jsant200@usp.br<\/p>\n<p><a href=\"http:\/\/lattes.cnpq.br\/9646799989531481\">Curriculum Lattes<\/a><\/p>\n<p><a href=\"https:\/\/orcid.org\/0000-0001-6192-6155\" target=\"_blank\" rel=\"noopener\">https:\/\/orcid.org\/0000-0001-6192-6155<\/a><\/p>\n<p>&nbsp;<\/p>\n<hr \/>\n<p><img loading=\"lazy\" decoding=\"async\" class=\"alignleft\" src=\"http:\/\/servicosweb.cnpq.br\/wspessoa\/servletrecuperafoto?tipo=1&amp;id=K4780381U1\" width=\"125\" height=\"223\" \/><\/p>\n<p><strong>PROFA. TITULAR\u00a0<a href=\"https:\/\/sites.usp.br\/lot\/profa-maria-das-gracas\/\" target=\"_blank\" rel=\"noopener\"><span style=\"color: #ff6600;\">MARIA DAS GRA\u00c7AS DE ALMEIDA FELIPE<\/span><\/a><\/strong><\/p>\n<p><span style=\"font-weight: 400;\">Physiology and Biochemistry of Microorganisms, Biomass Conversion<\/span><\/p>\n<p>Phone: +55 (12) 3159 5046\u00a0 \u00a0 \u00a0 \u00a0 \u00a0 \u00a0E-mail: mgafelipe@usp.br<\/p>\n<p><a href=\"http:\/\/lattes.cnpq.br\/3986461691816820\">Curriculum Lattes<\/a><\/p>\n<p><a href=\"https:\/\/orcid.org\/0000-0002-2754-5866\" target=\"_blank\" rel=\"noopener\">https:\/\/orcid.org\/0000-0002-2754-5866<\/a><\/p>\n<p>&nbsp;<\/p>\n<p>&nbsp;<\/p>\n<p>&nbsp;<\/p>\n<hr \/>\n<p>&nbsp;<\/p>\n<p><img loading=\"lazy\" decoding=\"async\" class=\"alignleft\" src=\"http:\/\/servicosweb.cnpq.br\/wspessoa\/servletrecuperafoto?tipo=1&amp;id=K4707740D5\" width=\"180\" height=\"181\" \/><\/p>\n<p><strong>PROFA. DRA.\u00a0<a href=\"https:\/\/sites.usp.br\/lot\/profa-rita-de-cassia\/\" target=\"_blank\" rel=\"noopener\"><span style=\"color: #ff6600;\">RITA DE C\u00c1SSIA LACERDA BRAMBILLA RODRIGUES<\/span><\/a><\/strong><\/p>\n<p><span style=\"font-weight: 400;\">Biochemical Engineering and Industrial Microbiology and Fermentation<\/span><\/p>\n<p>Phone: +55 (12) 3159 5027\u00a0 \u00a0 \u00a0 \u00a0 \u00a0 \u00a0E-mail: ritaclb_rodrigues@usp.br<\/p>\n<p><a href=\"http:\/\/lattes.cnpq.br\/3714969029260758\">Curriculum Lattes<\/a><\/p>\n<p><a href=\"https:\/\/orcid.org\/0000-0003-0387-5083\" target=\"_blank\" rel=\"noopener\">https:\/\/orcid.org\/0000-0003-0387-5083<\/a><\/p>\n<p>&nbsp;<\/p>\n<p>&nbsp;<\/p>\n<hr \/>\n<p><img loading=\"lazy\" decoding=\"async\" class=\"alignleft\" src=\"http:\/\/servicosweb.cnpq.br\/wspessoa\/servletrecuperafoto?tipo=1&amp;id=K4727012D2\" width=\"185\" height=\"185\" \/><\/p>\n<p><strong>PROF. TITULAR\u00a0<a href=\"https:\/\/sites.usp.br\/lot\/prof-silvio-silverio\/\" target=\"_blank\" rel=\"noopener\"><span style=\"color: #ff6600;\">S\u00cdLVIO SILV\u00c9RIO DA SILVA<\/span><\/a><\/strong><\/p>\n<p><span style=\"font-weight: 400;\">Use of Agroindustrial Waste &#8211; Microbiology and Fermentation<\/span><\/p>\n<p>Phone: +55 (12) 3159 5146\u00a0 \u00a0 \u00a0 \u00a0 \u00a0 \u00a0E-mail: silviosilverio@usp.br, silvio.silverio@pesquisador.cnpq.br<\/p>\n<p><a href=\"http:\/\/lattes.cnpq.br\/9700302420274549\">Curriculum Lattes<\/a><\/p>\n<p><a href=\"https:\/\/orcid.org\/0000-0003-0669-2784\" target=\"_blank\" rel=\"noopener\">https:\/\/orcid.org\/0000-0003-0669-2784<\/a><\/p>\n<p>&nbsp;<\/p>\n<hr \/>\n<p>&nbsp;<\/p>\n<p><img loading=\"lazy\" decoding=\"async\" class=\"alignleft\" src=\"http:\/\/servicosweb.cnpq.br\/wspessoa\/servletrecuperafoto?tipo=1&amp;id=K4248929Z0\" width=\"172\" height=\"172\" \/><\/p>\n<p><strong>PROFA. DRA.\u00a0<a href=\"https:\/\/sites.usp.br\/lot\/profa-talita-lacerda\/\" target=\"_blank\" rel=\"noopener\"><span style=\"color: #ff6600;\">TALITA MARTINS LACERDA<\/span><\/a><\/strong><\/p>\n<p><span style=\"font-weight: 400;\">Polymers derived from renewable sources<\/span><\/p>\n<p>Phone: +55 (12) 3159 5043\u00a0 \u00a0 \u00a0 \u00a0 \u00a0 \u00a0E-mail: talitalacerda@usp.br<\/p>\n<p><a href=\"http:\/\/lattes.cnpq.br\/4599522608002707\">Curriculum Lattes<\/a><\/p>\n<p><a href=\"https:\/\/orcid.org\/0000-0003-4507-9181\" target=\"_blank\" rel=\"noopener\">https:\/\/orcid.org\/0000-0003-4507-9181<\/a><\/p>\n<p>&nbsp;<\/p>\n<p>&nbsp;<\/p>\n<hr \/>\n<p><img loading=\"lazy\" decoding=\"async\" class=\"alignleft\" src=\"http:\/\/servicosweb.cnpq.br\/wspessoa\/servletrecuperafoto?tipo=1&amp;id=K4732161A7\" width=\"161\" height=\"212\" \/><\/p>\n<p><strong>PROFA. DRA.\u00a0<a href=\"https:\/\/sites.usp.br\/lot\/profa-tatiane-da-franca-silva\/\" target=\"_blank\" rel=\"noopener\"><span style=\"color: #ff6600;\">TATIANE DA FRANCA SILVA<\/span><\/a><\/strong><\/p>\n<p><span style=\"font-weight: 400;\">Functional Genomics and Genetic Engineering of Plants and Microorganisms<\/span><\/p>\n<p><a href=\"https:\/\/sites.usp.br\/pgembl\/\" target=\"_blank\" rel=\"noopener\"><span style=\"font-weight: 400;\">https:\/\/sites.usp.br\/pgembl\/<\/span><\/a><\/p>\n<p>Phone: +55 (12) 3159 5033\u00a0 \u00a0 \u00a0 \u00a0 \u00a0 \u00a0E-mail: tatianedafranca@usp.br<\/p>\n<p><a href=\"http:\/\/lattes.cnpq.br\/8036994829920087\">Curriculum Lattes<\/a><\/p>\n<p><a href=\"https:\/\/orcid.org\/0000-0002-2829-6099\" target=\"_blank\" rel=\"noopener\">https:\/\/orcid.org\/0000-0002-2829-6099<\/a><\/p>\n<p>&nbsp;<\/p>\n<p>&nbsp;<\/p>\n<hr \/>\n<p><img loading=\"lazy\" decoding=\"async\" class=\"alignleft\" src=\"http:\/\/servicosweb.cnpq.br\/wspessoa\/servletrecuperafoto?tipo=1&amp;id=K4707197D2\" width=\"187\" height=\"187\" \/><\/p>\n<p><strong>PROF. ASSOCIADO\u00a0<a href=\"https:\/\/sites.usp.br\/lot\/prof-valdeir-arantes\/\" target=\"_blank\" rel=\"noopener\"><span style=\"color: #ff6600;\">VALDEIR ARANTES<\/span><\/a><\/strong><\/p>\n<p><span style=\"font-weight: 400;\">Nanobiotechnology and Bioproducts<\/span><\/p>\n<p><a href=\"https:\/\/sites.usp.br\/nanobiotech\/valdeir-arantes\/\" target=\"_blank\" rel=\"noopener\"><span style=\"font-weight: 400;\">https:\/\/sites.usp.br\/nanobiotech\/valdeir-arantes\/<\/span><\/a><\/p>\n<p>Phone: +55 (12) 3159 5009\u00a0 \u00a0 \u00a0 \u00a0 \u00a0 \u00a0E-mail: valdeir.arantes@usp.br<\/p>\n<p><a href=\"http:\/\/lattes.cnpq.br\/7055319552228541\">Curriculum Lattes<\/a><\/p>\n<p><a href=\"https:\/\/orcid.org\/0000-0001-9565-1006\" target=\"_blank\" rel=\"noopener\">https:\/\/orcid.org\/0000-0001-9565-1006<\/a><\/p>\n<p>&nbsp;<\/p>\n<hr \/>\n<p><img loading=\"lazy\" decoding=\"async\" class=\"alignleft\" src=\"http:\/\/servicosweb.cnpq.br\/wspessoa\/servletrecuperafoto?tipo=1&amp;id=K4705047Z1\" width=\"196\" height=\"149\" \/><\/p>\n<p><strong>PROF. DR.\u00a0<a href=\"https:\/\/sites.usp.br\/lot\/prof-walter-de-carvalho\/\" target=\"_blank\" rel=\"noopener\"><span style=\"color: #ff6600;\">WALTER DE CARVALHO<\/span><\/a><\/strong><\/p>\n<p><span style=\"font-weight: 400;\">Conversion of lignocellulosic materials<\/span><\/p>\n<p>Phone: +55 (12) 3159 5129\u00a0 \u00a0 \u00a0 \u00a0 \u00a0 \u00a0 E-mail: waltercarvalho@usp.br<\/p>\n<p><a href=\"http:\/\/lattes.cnpq.br\/5375806480595724\">Curriculum Lattes<\/a><\/p>\n<p><a href=\"https:\/\/orcid.org\/0000-0002-6362-7084\" target=\"_blank\" rel=\"noopener\">https:\/\/orcid.org\/0000-0002-6362-7084<\/a><\/p>\n<p>&nbsp;<\/p>\n<hr \/>\n<p>&nbsp;<\/p>","protected":false},"excerpt":{"rendered":"<p>PROFA. TITULAR ADRIANE MARIA FERREIRA MILAGRES Biochemistry of Lignocellulose Phone: +55 (12) 3159 5019\u00a0 \u00a0 [&hellip;]<\/p>\n","protected":false},"author":492,"featured_media":0,"parent":0,"menu_order":0,"comment_status":"closed","ping_status":"closed","template":"","meta":{"footnotes":"","_links_to":"","_links_to_target":""},"class_list":["post-303","page","type-page","status-publish","hentry"],"_links":{"self":[{"href":"https:\/\/sites.usp.br\/lot\/en\/wp-json\/wp\/v2\/pages\/303","targetHints":{"allow":["GET"]}}],"collection":[{"href":"https:\/\/sites.usp.br\/lot\/en\/wp-json\/wp\/v2\/pages"}],"about":[{"href":"https:\/\/sites.usp.br\/lot\/en\/wp-json\/wp\/v2\/types\/page"}],"author":[{"embeddable":true,"href":"https:\/\/sites.usp.br\/lot\/en\/wp-json\/wp\/v2\/users\/492"}],"replies":[{"embeddable":true,"href":"https:\/\/sites.usp.br\/lot\/en\/wp-json\/wp\/v2\/comments?post=303"}],"version-history":[{"count":5,"href":"https:\/\/sites.usp.br\/lot\/en\/wp-json\/wp\/v2\/pages\/303\/revisions"}],"predecessor-version":[{"id":2722,"href":"https:\/\/sites.usp.br\/lot\/en\/wp-json\/wp\/v2\/pages\/303\/revisions\/2722"}],"wp:attachment":[{"href":"https:\/\/sites.usp.br\/lot\/en\/wp-json\/wp\/v2\/media?parent=303"}],"curies":[{"name":"wp","href":"https:\/\/api.w.org\/{rel}","templated":true}]}}