{"id":426,"date":"2017-05-16T17:43:30","date_gmt":"2017-05-16T20:43:30","guid":{"rendered":"http:\/\/sites.usp.br\/lot\/?page_id=426"},"modified":"2022-11-21T11:06:45","modified_gmt":"2022-11-21T14:06:45","slug":"citacoes-isi","status":"publish","type":"page","link":"https:\/\/sites.usp.br\/lot\/en\/citacoes-isi\/","title":{"rendered":"Indicators"},"content":{"rendered":"<p><span style=\"color: #ff6600;\"><strong>Updated in may\/2019<\/strong><\/span><\/p>\n<p><a href=\"https:\/\/sites.usp.br\/lot\/wp-content\/uploads\/sites\/255\/2019\/06\/n\u00famero-de-cita\u00e7\u00f5es.png\"><img loading=\"lazy\" decoding=\"async\" class=\"wp-image-1208 alignnone\" src=\"https:\/\/sites.usp.br\/lot\/wp-content\/uploads\/sites\/255\/2019\/06\/n\u00famero-de-cita\u00e7\u00f5es.png\" alt=\"\" width=\"699\" height=\"420\" srcset=\"https:\/\/sites.usp.br\/lot\/wp-content\/uploads\/sites\/255\/2019\/06\/n\u00famero-de-cita\u00e7\u00f5es.png 1133w, https:\/\/sites.usp.br\/lot\/wp-content\/uploads\/sites\/255\/2019\/06\/n\u00famero-de-cita\u00e7\u00f5es-300x180.png 300w, https:\/\/sites.usp.br\/lot\/wp-content\/uploads\/sites\/255\/2019\/06\/n\u00famero-de-cita\u00e7\u00f5es-768x462.png 768w, https:\/\/sites.usp.br\/lot\/wp-content\/uploads\/sites\/255\/2019\/06\/n\u00famero-de-cita\u00e7\u00f5es-1024x615.png 1024w, https:\/\/sites.usp.br\/lot\/wp-content\/uploads\/sites\/255\/2019\/06\/n\u00famero-de-cita\u00e7\u00f5es-400x240.png 400w\" sizes=\"auto, (max-width: 699px) 100vw, 699px\" \/><\/a><\/p>\n<p><strong>Source: Web of Science<\/strong><\/p>\n<p>&nbsp;<\/p>\n<p><a href=\"https:\/\/sites.usp.br\/lot\/wp-content\/uploads\/sites\/255\/2019\/06\/principais-\u00e1reas-de-publica\u00e7\u00e3o.png\"><img loading=\"lazy\" decoding=\"async\" class=\"wp-image-1209 alignnone\" src=\"https:\/\/sites.usp.br\/lot\/wp-content\/uploads\/sites\/255\/2019\/06\/principais-\u00e1reas-de-publica\u00e7\u00e3o.png\" alt=\"\" width=\"690\" height=\"333\" srcset=\"https:\/\/sites.usp.br\/lot\/wp-content\/uploads\/sites\/255\/2019\/06\/principais-\u00e1reas-de-publica\u00e7\u00e3o.png 933w, https:\/\/sites.usp.br\/lot\/wp-content\/uploads\/sites\/255\/2019\/06\/principais-\u00e1reas-de-publica\u00e7\u00e3o-300x145.png 300w, https:\/\/sites.usp.br\/lot\/wp-content\/uploads\/sites\/255\/2019\/06\/principais-\u00e1reas-de-publica\u00e7\u00e3o-768x370.png 768w, https:\/\/sites.usp.br\/lot\/wp-content\/uploads\/sites\/255\/2019\/06\/principais-\u00e1reas-de-publica\u00e7\u00e3o-400x193.png 400w\" sizes=\"auto, (max-width: 690px) 100vw, 690px\" \/><\/a><\/p>\n<p><strong>Source: Web of Science<\/strong><\/p>","protected":false},"excerpt":{"rendered":"<p>Updated in may\/2019 Source: Web of Science &nbsp; Source: Web of Science<\/p>\n","protected":false},"author":492,"featured_media":0,"parent":0,"menu_order":0,"comment_status":"closed","ping_status":"closed","template":"","meta":{"footnotes":"","_links_to":"","_links_to_target":""},"class_list":["post-426","page","type-page","status-publish","hentry"],"_links":{"self":[{"href":"https:\/\/sites.usp.br\/lot\/en\/wp-json\/wp\/v2\/pages\/426","targetHints":{"allow":["GET"]}}],"collection":[{"href":"https:\/\/sites.usp.br\/lot\/en\/wp-json\/wp\/v2\/pages"}],"about":[{"href":"https:\/\/sites.usp.br\/lot\/en\/wp-json\/wp\/v2\/types\/page"}],"author":[{"embeddable":true,"href":"https:\/\/sites.usp.br\/lot\/en\/wp-json\/wp\/v2\/users\/492"}],"replies":[{"embeddable":true,"href":"https:\/\/sites.usp.br\/lot\/en\/wp-json\/wp\/v2\/comments?post=426"}],"version-history":[{"count":5,"href":"https:\/\/sites.usp.br\/lot\/en\/wp-json\/wp\/v2\/pages\/426\/revisions"}],"predecessor-version":[{"id":2318,"href":"https:\/\/sites.usp.br\/lot\/en\/wp-json\/wp\/v2\/pages\/426\/revisions\/2318"}],"wp:attachment":[{"href":"https:\/\/sites.usp.br\/lot\/en\/wp-json\/wp\/v2\/media?parent=426"}],"curies":[{"name":"wp","href":"https:\/\/api.w.org\/{rel}","templated":true}]}}