{"id":1344,"date":"2019-10-31T11:56:59","date_gmt":"2019-10-31T14:56:59","guid":{"rendered":"http:\/\/sites.usp.br\/lot\/?page_id=1344"},"modified":"2022-11-28T10:23:51","modified_gmt":"2022-11-28T13:23:51","slug":"dia-com-biotecnologia","status":"publish","type":"page","link":"https:\/\/sites.usp.br\/lot\/dia-com-biotecnologia\/","title":{"rendered":"Dia com Biotecnologia"},"content":{"rendered":"<p><span style=\"color: #ff6600;\"><strong>DIA COM BIOTECNOLOGIA (3\u00aa Edi\u00e7\u00e3o \u2013 2022)<\/strong><\/span><\/p>\n<h2 style=\"text-align: center;\"><span style=\"color: #800080;\"><strong>EVENTO CANCELADO<\/strong><\/span><\/h2>\n<p>O Dia com Biotecnologia, marcado para ocorrer dia\u00a0<strong>7 de dezembro de 2022, ser\u00e1 adiado<\/strong> para o in\u00edcio do pr\u00f3ximo ano (2023) devido as recomenda\u00e7\u00f5es sanit\u00e1rias para conten\u00e7\u00e3o da dissemina\u00e7\u00e3o do covid. Embora toda a comiss\u00e3o organizadora desde o in\u00edcio do ano tenha executado da melhor forma o planejamento do evento, para a execu\u00e7\u00e3o de um evento presencial, precau\u00e7\u00f5es devem ser tomadas para a melhor experi\u00eancia dos participantes e sendo assim, uma nova data ser\u00e1 elegida para a execu\u00e7\u00e3o de evento presencial.<\/p>\n<p>Atualiza\u00e7\u00f5es sobre a nova data e as atra\u00e7\u00f5es ser\u00e3o lan\u00e7adas nesta p\u00e1gina e nas redes sociais da comiss\u00e3o organizadora.<\/p>\n<p style=\"text-align: justify;\">Contamos com a compreens\u00e3o de voc\u00eas!<\/p>\n<p>&nbsp;<\/p>\n<p><strong>COMISS\u00c3O ORGANIZADORA<br \/>\n<\/strong><\/p>\n<p>Prof. Dr. Fernando Segato<\/p>\n<p>Profa. Dra. Talita Martins Lacerda<\/p>\n<p><span style=\"color: #ff6600;\"><em>Docentes do Programa de P\u00f3s-Gradua\u00e7\u00e3o em Biotecnologia Industrial &#8211; EEL\/USP<\/em><\/span><\/p>\n<p>&nbsp;<\/p>\n<p>Dra. Gabriela Leila Berto<\/p>\n<p><em><span style=\"color: #ff6600;\">P\u00f3s-Doutoranda do Programa de P\u00f3s-Gradua\u00e7\u00e3o em Biotecnologia Industrial &#8211; EEL\/USP<\/span><\/em><\/p>\n<p>&nbsp;<\/p>\n<p>J\u00falia Rodrigues Ortega<\/p>\n<p>Th\u00e9rcia Rocha Balbino<\/p>\n<p>Uiraj\u00e1 Cayowa Magalh\u00e3es Ruschoni<\/p>\n<p>William Vin\u00edcius de Mello Mira<\/p>\n<p><span style=\"color: #ff6600;\"><em>Doutorandos do Programa de P\u00f3s-Gradua\u00e7\u00e3o em Biotecnologia Industrial &#8211; EEL\/USP<\/em><\/span><\/p>\n<p>&nbsp;<\/p>\n<p>&nbsp;<\/p>\n<hr \/>\n<p><span style=\"color: #ff6600;\"><strong>II DIA COM BIOTECNOLOGIA (2021)<\/strong><\/span><\/p>\n<h4 style=\"text-align: justify;\">A segunda edi\u00e7\u00e3o do <span style=\"color: #ff6600;\">\u201c<strong>Dia com Biotecnologia<\/strong>\u201c<\/span> ocorreu no dia <span style=\"color: #ff6600;\"><strong>12 de agosto de 2021, das 8:00h \u00e0s 18:00h. <\/strong><\/span><\/h4>\n<h4 style=\"text-align: justify;\">O evento foi gratuito, aberto ao p\u00fablico para participa\u00e7\u00e3o como ouvinte e exclusivo para discentes e docentes do Programa de P\u00f3s-Gradua\u00e7\u00e3o em Biotecnologia Industrial \u2013 PPGBI apresentarem seus trabalhos no formato oral ou p\u00f4ster, <strong>de maneira totalmente on-line<\/strong>.<\/h4>\n<h4 style=\"text-align: justify;\">Al\u00e9m disso, este ano tivemos um bate papo com dois egressos do nosso programa que atuam no setor industrial e convidados que abordaram temas como empreendedorismo na ci\u00eancia, chamadas de projetos junto a Fapesp e sa\u00fade mental na era covid.<\/h4>\n<h4><\/h4>\n<h4><a href=\"https:\/\/sites.usp.br\/lot\/premiacao\/\" target=\"_blank\" rel=\"noopener\"><span style=\"color: #ff6600;\"><strong>PREMIA\u00c7\u00d5ES (APRESENTA\u00c7\u00c3O ORAL E POSTER)<\/strong><\/span><\/a><\/h4>\n<h4><a href=\"https:\/\/sites.usp.br\/lot\/certificados_dia_com_biotecnologia_2021\/\" rel=\"noopener\"><span style=\"color: #993300;\"><strong>CERTIFICADOS DIA COM BIOTECNOLOGIA 2021<\/strong><\/span><\/a><\/h4>\n<p>&nbsp;<\/p>\n<hr \/>\n<p><span style=\"color: #ff6600;\"><strong>I DIA COM BIOTECNOLOGIA (2019)<\/strong><\/span><\/p>\n<p style=\"text-align: justify;\">Em sua primeira edi\u00e7\u00e3o, o <span style=\"color: #ff6600;\">&#8220;<strong>Dia com Biotecnologia<\/strong>&#8220;<\/span> ocorreu no dia <span style=\"color: #ff6600;\"><strong>09 de dezembro de 2019, das 8:30h \u00e0s 18:00h<\/strong><\/span>, com apresenta\u00e7\u00f5es orais e de p\u00f4steres exclusivamente feitas por alunos de mestrado e doutorado do PPGBI\/EEL-USP. Os melhores trabalhos em cada categoria foram premiados ao final do evento.<\/p>\n<ul>\n<li><a href=\"https:\/\/sites.usp.br\/lot\/dia-com-biotecnologia-resumos-2019\/\" rel=\"noopener noreferrer\">RESUMOS (ORAL E P\u00d4STER)<\/a><\/li>\n<li><a href=\"http:\/\/sites.usp.br\/lot\/certificados-dia-com-biotecnologia-2019\/\">CERTIFICADOS<\/a><\/li>\n<\/ul>\n<p><\/p>","protected":false},"excerpt":{"rendered":"<p>DIA COM BIOTECNOLOGIA (3\u00aa Edi\u00e7\u00e3o \u2013 2022) EVENTO CANCELADO O Dia com Biotecnologia, marcado para [&hellip;]<\/p>\n","protected":false},"author":492,"featured_media":0,"parent":0,"menu_order":0,"comment_status":"closed","ping_status":"closed","template":"","meta":{"footnotes":"","_links_to":"","_links_to_target":""},"class_list":["post-1344","page","type-page","status-publish","hentry"],"_links":{"self":[{"href":"https:\/\/sites.usp.br\/lot\/wp-json\/wp\/v2\/pages\/1344","targetHints":{"allow":["GET"]}}],"collection":[{"href":"https:\/\/sites.usp.br\/lot\/wp-json\/wp\/v2\/pages"}],"about":[{"href":"https:\/\/sites.usp.br\/lot\/wp-json\/wp\/v2\/types\/page"}],"author":[{"embeddable":true,"href":"https:\/\/sites.usp.br\/lot\/wp-json\/wp\/v2\/users\/492"}],"replies":[{"embeddable":true,"href":"https:\/\/sites.usp.br\/lot\/wp-json\/wp\/v2\/comments?post=1344"}],"version-history":[{"count":4,"href":"https:\/\/sites.usp.br\/lot\/wp-json\/wp\/v2\/pages\/1344\/revisions"}],"predecessor-version":[{"id":2320,"href":"https:\/\/sites.usp.br\/lot\/wp-json\/wp\/v2\/pages\/1344\/revisions\/2320"}],"wp:attachment":[{"href":"https:\/\/sites.usp.br\/lot\/wp-json\/wp\/v2\/media?parent=1344"}],"curies":[{"name":"wp","href":"https:\/\/api.w.org\/{rel}","templated":true}]}}